{"id":99,"date":"2018-06-26T15:32:42","date_gmt":"2018-06-26T13:32:42","guid":{"rendered":"https:\/\/www.skinbooster.sk\/?page_id=99"},"modified":"2020-12-10T10:36:32","modified_gmt":"2020-12-10T09:36:32","slug":"vlasy","status":"publish","type":"page","link":"https:\/\/www.skinbooster.sk\/sk\/vlasy\/","title":{"rendered":"Vlasy"},"content":{"rendered":"<\/div><\/div><\/div><!-- close content main div --><\/div><\/div><div id='av_section_1' class='avia-section main_color avia-section-default avia-no-border-styling avia-bg-style-scroll   container_wrap sidebar_right' style = 'background-image: '  ><div class='container' ><div class='template-page content  av-content-small alpha units'><div class='post-entry post-entry-type-page post-entry-99'><div class='entry-content-wrapper clearfix'>\n<div style='padding-bottom:10px; ' class='av-special-heading av-special-heading-h3     '><h3 class='av-special-heading-tag '  itemprop=\"headline\"  >Vlasy<\/h3><div class='special-heading-border'><div class='special-heading-inner-border' ><\/div><\/div><\/div>\n<div class=\"flex_column av_two_third  flex_column_div av-zero-column-padding first  \" style='border-radius:0px; '><p><section class=\"av_textblock_section \"  itemscope=\"itemscope\" itemtype=\"https:\/\/schema.org\/CreativeWork\" ><div class='avia_textblock  '   itemprop=\"text\" ><p>K\u00a0\u00fapln\u00e9mu v\u00fdvinu vlasov doch\u00e1dza vtedy, ak dok\u00e1\u017eu prejs\u0165 troma hlavn\u00fdmi f\u00e1zami rastov\u00e9ho cyklu \u2013 <em>anag\u00e9nnou (rastovou) f\u00e1zou, katag\u00e9nnou (prechodnou) a\u00a0telog\u00e9nnou (pokojovou).<\/em> Ak d\u00f4jde k\u00a0naru\u0161eniu cyklu, vlasy sa nevyvin\u00fa do tak\u00e9ho \u0161t\u00e1dia, ako by mali a\u00a0t\u00fdm sa rast vlasov preru\u0161\u00ed, \u010do sp\u00f4sobuje ich l\u00e1mavos\u0165 a\u00a0vypad\u00e1vanie.<\/p>\n<p><strong>SkinBooster <\/strong>obsahuje vo svojom zlo\u017een\u00ed pr\u00edrodn\u00fa formu <strong>kerat\u00ednu <\/strong>v\u00a0peptidovej forme. Kerat\u00ednov\u00fd prote\u00edn je jeden z\u00a0najbohat\u0161\u00edch pr\u00edrodn\u00fdch foriem aminokyseliny <strong>cyste\u00ednu<\/strong>. Kerat\u00ednov\u00e9 peptidy dod\u00e1vaj\u00fa organizmu v\u0161etky <strong>S\u00cdROV\u00c9 aminokyseliny<\/strong> (cyste\u00edn, ser\u00edn, metion\u00edn i\u00a0kyselinu glut\u00e1mov\u00fa). Tie s\u00fa nevyhnutn\u00e9 pre zdrav\u00fd rast vlasov i\u00a0nechtov. Vitam\u00edn B7 (biot\u00edn) prispieva k\u00a0udr\u017eaniu zdrav\u00fdch vlasov a\u00a0zdravej poko\u017eky.<\/p>\n<h5><strong>\u00a0<\/strong><\/h5>\n<\/div><\/section><br \/>\n<section class=\"av_textblock_section \"  itemscope=\"itemscope\" itemtype=\"https:\/\/schema.org\/CreativeWork\" ><div class='avia_textblock  '   itemprop=\"text\" ><h4>SkinBooster a jeho p\u00f4sobenia na vlasy:<\/h4>\n<ul>\n<li>Zabra\u0148uje <strong>vypad\u00e1vaniu vlasov<\/strong><\/li>\n<li>Predl\u017euje <strong>\u017eivotnos\u0165 vlasov<\/strong><\/li>\n<li>Dod\u00e1va vlasom v\u0161etky potrebn\u00e9 aminokyseliny na tvorbu <strong>nov\u00fdch<\/strong> a\u00a0\u0161truktur\u00e1lne <strong>kvalitn\u00fdch vlasov<\/strong><\/li>\n<li>Zabra\u0148uje \u0161tiepeniu novo vyrasten\u00fdch vlasov<\/li>\n<li>Zlep\u0161uje <strong>silu vlasov<\/strong><\/li>\n<li>Skvalit\u0148uje ich <strong>vzh\u013ead a\u00a0lesk<\/strong><\/li>\n<\/ul>\n<h4><\/h4>\n<\/div><\/section><\/p><\/div><div class=\"flex_column av_one_third  flex_column_div av-zero-column-padding   \" style='border-radius:0px; '><div class='avia-image-container  av-styling-    avia-align-center '  itemprop=\"ImageObject\" itemscope=\"itemscope\" itemtype=\"https:\/\/schema.org\/ImageObject\"  ><div class='avia-image-container-inner'><div class='avia-image-overlay-wrap'><img class='avia_image ' src='https:\/\/www.skinbooster.sk\/wp-content\/uploads\/2018\/07\/020-1030x694.jpg' alt='SkinBooster - Vlasy' title='SkinBooster - Vlasy' height=\"694\"width=\"1030\"  itemprop=\"thumbnailUrl\"  \/><\/div><\/div><\/div><\/div><div class=\"flex_column av_one_half  flex_column_div av-zero-column-padding first  \" style='border-radius:0px; '><section class=\"av_textblock_section \"  itemscope=\"itemscope\" itemtype=\"https:\/\/schema.org\/CreativeWork\" ><div class='avia_textblock  '   itemprop=\"text\" ><p><strong>Vlasy<\/strong> s\u00fa vl\u00e1knov\u00e9 doplnky ko\u017ee, obsahuj\u00face obrovsk\u00fd po\u010det chemick\u00fdch l\u00e1tok, ktor\u00e9 robia ich zlo\u017eenie bohat\u0161\u00edm. Najviac zast\u00fapenou zlo\u017ekou je <strong>KERAT\u00cdN<\/strong>, ktor\u00fd tvor\u00ed a\u017e 88 % \u0161trukt\u00fary vlasu a\u00a0jeho hlavnou \u00falohou je doda\u0165 vlasom pevnos\u0165, lesk a\u00a0jemnos\u0165. Na <a href=\"\/zlozenie\">zlo\u017een\u00ed<\/a> sa podie\u013ea tie\u017e ve\u013ek\u00e9 mno\u017estvo <a href=\"https:\/\/www.kompava.sk\/aminokyseliny\">aminokysel\u00edn<\/a>, z\u00a0ktor\u00fdch najv\u00fdznamnej\u0161ou je <strong>cyste\u00edn<\/strong>.<\/p>\n<h5>Stavba vlasu<\/h5>\n<p>Vlas sa sklad\u00e1 z\u00a0troch z\u00e1kladn\u00fdch vrstiev:<\/p>\n<ol>\n<li><strong> Kutikula<\/strong> \u2013 vonkaj\u0161ia vrstva vlasu so \u0161upinat\u00fdm povrchom, ktor\u00e1 sp\u013a\u0148a ochrann\u00fa funkciu pred vonkaj\u0161\u00edm po\u0161koden\u00edm vlasu. Ak s\u00fa \u0161upinky ulo\u017een\u00e9 husto ved\u013ea seba a\u00a0neprekr\u00fdvaj\u00fa sa, vlasy s\u00fa leskl\u00e9 a\u00a0jemn\u00e9. Av\u0161ak ke\u010f sa bunky chemicky alebo fyzicky ni\u010dia, vlasy zost\u00e1vaj\u00fa tenk\u00e9 a\u00a0l\u00e1mu sa.<\/li>\n<li><strong> Kortex<\/strong> \u2013 vlasov\u00e1 vrstva, nach\u00e1dzaj\u00faca sa pod kutikulou. Zlo\u017een\u00e1 je z odumret\u00fdch buniek, formuj\u00facich sa z vl\u00e1kien<strong> kerat\u00ednu<\/strong>. Vl\u00e1kna kerat\u00ednu vytv\u00e1raj\u00fa najmen\u0161ie stavebn\u00e9 jednotky, tzv. mikrofibrily, ktor\u00e9 sa postupn\u00fdm rozrastan\u00edm modeluj\u00fa do makrofibrilu. <strong>Kerat\u00ednov\u00e9 vl\u00e1kna<\/strong> dod\u00e1vaj\u00fa vlasom trv\u00e1cnos\u0165 a\u00a0elasticitu. Kortex obsahuje taktie\u017e melan\u00edn, ktor\u00fd udr\u017euje prirodzen\u00fa farbu vlasov.<\/li>\n<li><strong>Medula (dre\u0148)<\/strong> \u2013 je centr\u00e1lna \u010das\u0165 vlasu, ktor\u00e1 sa v\u0161ak nenach\u00e1dza u\u00a0v\u0161etk\u00fdch typoch vlasov. Napr\u00edklad u dlh\u00fdch vlasov sa medula nach\u00e1dza iba v\u00a0korienkoch, no v\u00a0chlpoch je rozvinut\u00e1 nadmieru. Medula sa sklad\u00e1 z\u00a0m\u00e4kk\u00fdch <strong>kerat\u00ednov\u00fdch buniek<\/strong> a\u00a0vzduchov\u00fdch bubl\u00edn, ktor\u00e9 vykon\u00e1vaj\u00fa funkciu termoregul\u00e1cie.<\/li>\n<\/ol>\n<h4><\/h4>\n<\/div><\/section><\/div><div class=\"flex_column av_one_half  flex_column_div av-zero-column-padding   \" style='border-radius:0px; '><div class='avia-image-container  av-styling-    avia-align-center '  itemprop=\"ImageObject\" itemscope=\"itemscope\" itemtype=\"https:\/\/schema.org\/ImageObject\"  ><div class='avia-image-container-inner'><div class='avia-image-overlay-wrap'><a href='https:\/\/www.skinbooster.sk\/wp-content\/uploads\/2018\/07\/Vlasy-1.jpg' class='avia_image'  ><img class='avia_image ' src='https:\/\/www.skinbooster.sk\/wp-content\/uploads\/2018\/07\/Vlasy-1.jpg' alt='Vlasy' title='Vlasy'  itemprop=\"thumbnailUrl\"  \/><\/a><\/div><\/div><\/div><\/div><section class=\"av_textblock_section \"  itemscope=\"itemscope\" itemtype=\"https:\/\/schema.org\/CreativeWork\" ><div class='avia_textblock  '   itemprop=\"text\" ><h4>\u201eVLASY S\u00da PEVNEJ\u0160IE, LESKLEJ\u0160IE, KRAJ\u0160IE A\u00a0VY\u017dIVENEJ\u0160IE\u201c<\/h4>\n<h4>PROSTE DOKONAL\u00c9<\/h4>\n<\/div><\/section>\n<div class='avia-button-wrap avia-button-center '><a href='https:\/\/www.kompava.sk\/p\/skinbooster'  class='avia-button   avia-icon_select-yes-left-icon avia-color-theme-color avia-size-x-large avia-position-center '  target=\"_blank\"   ><span class='avia_button_icon avia_button_icon_left ' aria-hidden='true' data-av_icon='\ue859' data-av_iconfont='entypo-fontello'><\/span><span class='avia_iconbox_title' >Objedna\u0165<\/span><\/a><\/div>\n<\/div><\/div><\/div><!-- close content main div --><\/div><\/div><div id='after_section_1' class='main_color av_default_container_wrap container_wrap sidebar_right'   ><div class='container' ><div class='template-page content  av-content-small alpha units'><div class='post-entry post-entry-type-page post-entry-99'><div class='entry-content-wrapper clearfix'>\n","protected":false},"excerpt":{"rendered":"","protected":false},"author":2,"featured_media":693,"parent":0,"menu_order":0,"comment_status":"closed","ping_status":"closed","template":"","meta":{"footnotes":""},"class_list":["post-99","page","type-page","status-publish","has-post-thumbnail","hentry"],"yoast_head":"<!-- This site is optimized with the Yoast SEO plugin v26.0 - https:\/\/yoast.com\/wordpress\/plugins\/seo\/ -->\n<title>Vlasy - SkinBooster Anti Age Formula - Kompava spol. s r. o.<\/title>\n<meta name=\"description\" content=\"Vlasy maj\u00fa pre \u010dloveka d\u00f4le\u017eit\u00fa funkciu ako po zdravotnej, tak aj po vizu\u00e1lnej str\u00e1nke a pr\u00e1ve preto je ve\u013emi d\u00f4le\u017eit\u00e9 sa o ne dobre stara\u0165.\" \/>\n<meta name=\"robots\" content=\"index, follow, max-snippet:-1, max-image-preview:large, max-video-preview:-1\" \/>\n<link rel=\"canonical\" href=\"https:\/\/www.skinbooster.sk\/sk\/vlasy\/\" \/>\n<meta property=\"og:locale\" content=\"sk_SK\" \/>\n<meta property=\"og:type\" content=\"article\" \/>\n<meta property=\"og:title\" content=\"Vlasy - SkinBooster Anti Age Formula - Kompava spol. s r. o.\" \/>\n<meta property=\"og:description\" content=\"Vlasy maj\u00fa pre \u010dloveka d\u00f4le\u017eit\u00fa funkciu ako po zdravotnej, tak aj po vizu\u00e1lnej str\u00e1nke a pr\u00e1ve preto je ve\u013emi d\u00f4le\u017eit\u00e9 sa o ne dobre stara\u0165.\" \/>\n<meta property=\"og:url\" content=\"https:\/\/www.skinbooster.sk\/sk\/vlasy\/\" \/>\n<meta property=\"og:site_name\" content=\"SkinBooster\" \/>\n<meta property=\"article:publisher\" content=\"https:\/\/www.facebook.com\/Kompava\/\" \/>\n<meta property=\"article:modified_time\" content=\"2020-12-10T09:36:32+00:00\" \/>\n<meta property=\"og:image\" content=\"https:\/\/www.skinbooster.sk\/wp-content\/uploads\/2018\/07\/Vlasy-1.jpg\" \/>\n\t<meta property=\"og:image:width\" content=\"731\" \/>\n\t<meta property=\"og:image:height\" content=\"498\" \/>\n\t<meta property=\"og:image:type\" content=\"image\/jpeg\" \/>\n<meta name=\"twitter:card\" content=\"summary_large_image\" \/>\n<meta name=\"twitter:label1\" content=\"Predpokladan\u00fd \u010das \u010d\u00edtania\" \/>\n\t<meta name=\"twitter:data1\" content=\"6 min\u00fat\" \/>\n<script type=\"application\/ld+json\" class=\"yoast-schema-graph\">{\"@context\":\"https:\/\/schema.org\",\"@graph\":[{\"@type\":\"WebPage\",\"@id\":\"https:\/\/www.skinbooster.sk\/sk\/vlasy\/\",\"url\":\"https:\/\/www.skinbooster.sk\/sk\/vlasy\/\",\"name\":\"Vlasy - SkinBooster Anti Age Formula - Kompava spol. s r. o.\",\"isPartOf\":{\"@id\":\"https:\/\/www.skinbooster.sk\/#website\"},\"primaryImageOfPage\":{\"@id\":\"https:\/\/www.skinbooster.sk\/sk\/vlasy\/#primaryimage\"},\"image\":{\"@id\":\"https:\/\/www.skinbooster.sk\/sk\/vlasy\/#primaryimage\"},\"thumbnailUrl\":\"https:\/\/www.skinbooster.sk\/wp-content\/uploads\/2018\/07\/Vlasy-1.jpg\",\"datePublished\":\"2018-06-26T13:32:42+00:00\",\"dateModified\":\"2020-12-10T09:36:32+00:00\",\"description\":\"Vlasy maj\u00fa pre \u010dloveka d\u00f4le\u017eit\u00fa funkciu ako po zdravotnej, tak aj po vizu\u00e1lnej str\u00e1nke a pr\u00e1ve preto je ve\u013emi d\u00f4le\u017eit\u00e9 sa o ne dobre stara\u0165.\",\"breadcrumb\":{\"@id\":\"https:\/\/www.skinbooster.sk\/sk\/vlasy\/#breadcrumb\"},\"inLanguage\":\"sk-SK\",\"potentialAction\":[{\"@type\":\"ReadAction\",\"target\":[\"https:\/\/www.skinbooster.sk\/sk\/vlasy\/\"]}]},{\"@type\":\"ImageObject\",\"inLanguage\":\"sk-SK\",\"@id\":\"https:\/\/www.skinbooster.sk\/sk\/vlasy\/#primaryimage\",\"url\":\"https:\/\/www.skinbooster.sk\/wp-content\/uploads\/2018\/07\/Vlasy-1.jpg\",\"contentUrl\":\"https:\/\/www.skinbooster.sk\/wp-content\/uploads\/2018\/07\/Vlasy-1.jpg\",\"width\":731,\"height\":498,\"caption\":\"Vlasy\"},{\"@type\":\"BreadcrumbList\",\"@id\":\"https:\/\/www.skinbooster.sk\/sk\/vlasy\/#breadcrumb\",\"itemListElement\":[{\"@type\":\"ListItem\",\"position\":1,\"name\":\"Home\",\"item\":\"https:\/\/www.skinbooster.sk\/sk\/\"},{\"@type\":\"ListItem\",\"position\":2,\"name\":\"Vlasy\"}]},{\"@type\":\"WebSite\",\"@id\":\"https:\/\/www.skinbooster.sk\/#website\",\"url\":\"https:\/\/www.skinbooster.sk\/\",\"name\":\"SkinBooster\",\"description\":\"Anti Age Formula\",\"potentialAction\":[{\"@type\":\"SearchAction\",\"target\":{\"@type\":\"EntryPoint\",\"urlTemplate\":\"https:\/\/www.skinbooster.sk\/?s={search_term_string}\"},\"query-input\":{\"@type\":\"PropertyValueSpecification\",\"valueRequired\":true,\"valueName\":\"search_term_string\"}}],\"inLanguage\":\"sk-SK\"}]}<\/script>\n<!-- \/ Yoast SEO plugin. -->","yoast_head_json":{"title":"Vlasy - SkinBooster Anti Age Formula - Kompava spol. s r. o.","description":"Vlasy maj\u00fa pre \u010dloveka d\u00f4le\u017eit\u00fa funkciu ako po zdravotnej, tak aj po vizu\u00e1lnej str\u00e1nke a pr\u00e1ve preto je ve\u013emi d\u00f4le\u017eit\u00e9 sa o ne dobre stara\u0165.","robots":{"index":"index","follow":"follow","max-snippet":"max-snippet:-1","max-image-preview":"max-image-preview:large","max-video-preview":"max-video-preview:-1"},"canonical":"https:\/\/www.skinbooster.sk\/sk\/vlasy\/","og_locale":"sk_SK","og_type":"article","og_title":"Vlasy - SkinBooster Anti Age Formula - Kompava spol. s r. o.","og_description":"Vlasy maj\u00fa pre \u010dloveka d\u00f4le\u017eit\u00fa funkciu ako po zdravotnej, tak aj po vizu\u00e1lnej str\u00e1nke a pr\u00e1ve preto je ve\u013emi d\u00f4le\u017eit\u00e9 sa o ne dobre stara\u0165.","og_url":"https:\/\/www.skinbooster.sk\/sk\/vlasy\/","og_site_name":"SkinBooster","article_publisher":"https:\/\/www.facebook.com\/Kompava\/","article_modified_time":"2020-12-10T09:36:32+00:00","og_image":[{"width":731,"height":498,"url":"https:\/\/www.skinbooster.sk\/wp-content\/uploads\/2018\/07\/Vlasy-1.jpg","type":"image\/jpeg"}],"twitter_card":"summary_large_image","twitter_misc":{"Predpokladan\u00fd \u010das \u010d\u00edtania":"6 min\u00fat"},"schema":{"@context":"https:\/\/schema.org","@graph":[{"@type":"WebPage","@id":"https:\/\/www.skinbooster.sk\/sk\/vlasy\/","url":"https:\/\/www.skinbooster.sk\/sk\/vlasy\/","name":"Vlasy - SkinBooster Anti Age Formula - Kompava spol. s r. o.","isPartOf":{"@id":"https:\/\/www.skinbooster.sk\/#website"},"primaryImageOfPage":{"@id":"https:\/\/www.skinbooster.sk\/sk\/vlasy\/#primaryimage"},"image":{"@id":"https:\/\/www.skinbooster.sk\/sk\/vlasy\/#primaryimage"},"thumbnailUrl":"https:\/\/www.skinbooster.sk\/wp-content\/uploads\/2018\/07\/Vlasy-1.jpg","datePublished":"2018-06-26T13:32:42+00:00","dateModified":"2020-12-10T09:36:32+00:00","description":"Vlasy maj\u00fa pre \u010dloveka d\u00f4le\u017eit\u00fa funkciu ako po zdravotnej, tak aj po vizu\u00e1lnej str\u00e1nke a pr\u00e1ve preto je ve\u013emi d\u00f4le\u017eit\u00e9 sa o ne dobre stara\u0165.","breadcrumb":{"@id":"https:\/\/www.skinbooster.sk\/sk\/vlasy\/#breadcrumb"},"inLanguage":"sk-SK","potentialAction":[{"@type":"ReadAction","target":["https:\/\/www.skinbooster.sk\/sk\/vlasy\/"]}]},{"@type":"ImageObject","inLanguage":"sk-SK","@id":"https:\/\/www.skinbooster.sk\/sk\/vlasy\/#primaryimage","url":"https:\/\/www.skinbooster.sk\/wp-content\/uploads\/2018\/07\/Vlasy-1.jpg","contentUrl":"https:\/\/www.skinbooster.sk\/wp-content\/uploads\/2018\/07\/Vlasy-1.jpg","width":731,"height":498,"caption":"Vlasy"},{"@type":"BreadcrumbList","@id":"https:\/\/www.skinbooster.sk\/sk\/vlasy\/#breadcrumb","itemListElement":[{"@type":"ListItem","position":1,"name":"Home","item":"https:\/\/www.skinbooster.sk\/sk\/"},{"@type":"ListItem","position":2,"name":"Vlasy"}]},{"@type":"WebSite","@id":"https:\/\/www.skinbooster.sk\/#website","url":"https:\/\/www.skinbooster.sk\/","name":"SkinBooster","description":"Anti Age Formula","potentialAction":[{"@type":"SearchAction","target":{"@type":"EntryPoint","urlTemplate":"https:\/\/www.skinbooster.sk\/?s={search_term_string}"},"query-input":{"@type":"PropertyValueSpecification","valueRequired":true,"valueName":"search_term_string"}}],"inLanguage":"sk-SK"}]}},"_links":{"self":[{"href":"https:\/\/www.skinbooster.sk\/sk\/wp-json\/wp\/v2\/pages\/99","targetHints":{"allow":["GET"]}}],"collection":[{"href":"https:\/\/www.skinbooster.sk\/sk\/wp-json\/wp\/v2\/pages"}],"about":[{"href":"https:\/\/www.skinbooster.sk\/sk\/wp-json\/wp\/v2\/types\/page"}],"author":[{"embeddable":true,"href":"https:\/\/www.skinbooster.sk\/sk\/wp-json\/wp\/v2\/users\/2"}],"replies":[{"embeddable":true,"href":"https:\/\/www.skinbooster.sk\/sk\/wp-json\/wp\/v2\/comments?post=99"}],"version-history":[{"count":43,"href":"https:\/\/www.skinbooster.sk\/sk\/wp-json\/wp\/v2\/pages\/99\/revisions"}],"predecessor-version":[{"id":1799,"href":"https:\/\/www.skinbooster.sk\/sk\/wp-json\/wp\/v2\/pages\/99\/revisions\/1799"}],"wp:featuredmedia":[{"embeddable":true,"href":"https:\/\/www.skinbooster.sk\/sk\/wp-json\/wp\/v2\/media\/693"}],"wp:attachment":[{"href":"https:\/\/www.skinbooster.sk\/sk\/wp-json\/wp\/v2\/media?parent=99"}],"curies":[{"name":"wp","href":"https:\/\/api.w.org\/{rel}","templated":true}]}}