{"id":95,"date":"2018-06-26T15:31:02","date_gmt":"2018-06-26T13:31:02","guid":{"rendered":"https:\/\/www.skinbooster.sk\/?page_id=95"},"modified":"2018-07-25T08:31:44","modified_gmt":"2018-07-25T06:31:44","slug":"vlastnosti","status":"publish","type":"page","link":"https:\/\/www.skinbooster.sk\/sk\/vlastnosti\/","title":{"rendered":"Vlastnosti"},"content":{"rendered":"<\/div><\/div><\/div><!-- close content main div --><\/div><\/div><div id='av_section_1' class='avia-section main_color avia-section-default avia-no-border-styling avia-bg-style-scroll   container_wrap sidebar_right' style = 'background-image: '  ><div class='container' ><div class='template-page content  av-content-small alpha units'><div class='post-entry post-entry-type-page post-entry-95'><div class='entry-content-wrapper clearfix'>\n<div style='padding-bottom:10px; ' class='av-special-heading av-special-heading-h3     '><h3 class='av-special-heading-tag '  itemprop=\"headline\"  >Vlastnosti<\/h3><div class='special-heading-border'><div class='special-heading-inner-border' ><\/div><\/div><\/div>\n<section class=\"av_textblock_section \"  itemscope=\"itemscope\" itemtype=\"https:\/\/schema.org\/CreativeWork\" ><div class='avia_textblock  '   itemprop=\"text\" ><p><a href=\"https:\/\/www.kompava.sk\/p\/skinbooster\"><strong>SkinBooster\u00a0<\/strong><\/a>je v\u00fd\u017eivov\u00fd doplnok ur\u010den\u00fd na <strong>v\u00fd\u017eivu <a href=\"\/plet\">pleti<\/a>, <a href=\"\/vlasy\">vlasov<\/a> i\u00a0<a href=\"\/nechty\">nechtov<\/a><\/strong> z\u00a0vn\u00fatra, m\u00e1 unik\u00e1tne <strong>vlastnosti<\/strong> a\u00a0<strong>zlo\u017eenie<\/strong> pr\u00edrodn\u00e9ho charakteru, bez pridan\u00fdch chemick\u00fdch l\u00e1tok, ar\u00f3m \u010di farb\u00edv.\u00a0 Ka\u017ed\u00e1 jedna zlo\u017eka, ktor\u00fa Skinbooster obsahuje m\u00e1 svoje opodstatnenie v zlo\u017een\u00ed. Akt\u00edvne l\u00e1tky, ktor\u00e9 tvoria z\u00e1klad produktu maj\u00fa viacer\u00fdmi v\u00fdskumami\u00a0overen\u00fa\u00a0 svoju \u00fa\u010dinnos\u0165 a efekt na vlasy, nechty alebo poko\u017eku. Zlo\u017eky sa navz\u00e1jom podporuj\u00fa (vytv\u00e1raj\u00fa synergick\u00fd efekt) v\u00a0\u00fa\u010dinnosti a\u00a0v\u00a0zvy\u0161ovan\u00ed efekt\u00edvnosti celkov\u00e9ho produktu.<\/p>\n<\/div><\/section>\n<div class=\"flex_column av_one_third  flex_column_div av-zero-column-padding first  \" style='border-radius:0px; '><section class=\"av_textblock_section \"  itemscope=\"itemscope\" itemtype=\"https:\/\/schema.org\/CreativeWork\" ><div class='avia_textblock  '   itemprop=\"text\" ><h5><strong>Kolag\u00e9n<\/strong><\/h5>\n<ul>\n<li>Pr\u00edrodn\u00e1 forma kolag\u00e9nu v\u00a0peptidovej forme<\/li>\n<li><strong>Zvy\u0161uje produkciu vlastn\u00e9ho kolag\u00e9nu<\/strong> vo vn\u00fatri \u010dasti poko\u017eky &#8211; dermy<\/li>\n<li><strong>Zvy\u0161uje elasticitu poko\u017eky<\/strong> (podpora tvorby elast\u00ednu)<\/li>\n<li>Zabra\u0148uje prehlbovaniu a\u00a0tvorbe vr\u00e1sok (i mimick\u00fdch) \u2013 <strong>VR\u00c1SKY SA VYP\u00cdNAJ\u00da<\/strong><\/li>\n<li><strong>Zvy\u0161uje hydrat\u00e1ciu pleti <\/strong><\/li>\n<li>Ur\u00fdch\u013euje rast nechtov a zlep\u0161uje ich kvalitu \u2013 zamedz\u00ed \u0161tiepeniu nechtov<\/li>\n<\/ul>\n<h5><strong>Elast\u00edn<\/strong><\/h5>\n<ul>\n<li>Vo forme \u010dist\u00e9ho hydrolyzovan\u00e9ho morsk\u00e9ho elast\u00ednu (peptidy elast\u00ednu)<\/li>\n<li>Potl\u00e1\u010da rozklad enz\u00fdmu elast\u00e1za \u2013 rozklad\u00e1 elast\u00ednov\u00e9 vl\u00e1kna v\u00a0derme<\/li>\n<li><strong>Podporuje tvorbu elast\u00ednov\u00fdch vl\u00e1kien<\/strong> \u2013 vyskytuj\u00fa sa medzi kolag\u00e9nov\u00fdmi vl\u00e1knami<\/li>\n<li>Zabezpe\u010duje <strong>omladenie poko\u017eky<\/strong><\/li>\n<li>Zabezpe\u010duje <strong>pru\u017enos\u0165 pleti<\/strong><\/li>\n<\/ul>\n<h5><strong>Kerat\u00edn<\/strong><\/h5>\n<ul>\n<li>Pr\u00edrodn\u00e1 forma kerat\u00ednu v\u00a0peptidovej forme<\/li>\n<li><strong>Z\u00e1kladn\u00e1 a\u00a0hlavn\u00e1 zlo\u017eka vlasov, nechtov<\/strong> a\u00a0povrchovej \u010dasti <strong>pleti<\/strong><\/li>\n<li><strong>Zabra\u0148uje vypad\u00e1vaniu vlasov<\/strong>, zlep\u0161uje ich vzh\u013ead, lesklos\u0165 a\u00a0silu<\/li>\n<li><strong>Zmier\u0148uje<\/strong> tendenciu <strong>\u0161tiepenia a\u00a0l\u00e1mania nechtov<\/strong>, zlep\u0161uje ich kvalitu a\u00a0tvrdos\u0165<\/li>\n<li>Obsahuje s\u00edrne aminokyseliny\u00a0 (cyste\u00edn, metion\u00edn, ser\u00edn a\u00a0kys. glut\u00e1mov\u00fa) pre tvorbu vlastn\u00e9ho kerat\u00ednu<\/li>\n<li>Podporuje tvorbu zdrav\u00fdch keratinocytov (povrchov\u00e9 bunky poko\u017eky)<\/li>\n<\/ul>\n<h5><strong>Vitam\u00edn C<\/strong><\/h5>\n<ul>\n<li>Nevyhnutn\u00fd pre <strong>tvorbu kolag\u00e9nu<\/strong>, vychyt\u00e1va vo\u013en\u00e9 radik\u00e1ly a\u00a0stimuluje rast fibroblastov, ktor\u00e9 <strong>podporuj\u00fa tvorbu kolag\u00e9nu a\u00a0elast\u00ednu<\/strong><\/li>\n<\/ul>\n<\/div><\/section><\/div><div class=\"flex_column av_one_third  flex_column_div av-zero-column-padding   \" style='border-radius:0px; '><section class=\"av_textblock_section \"  itemscope=\"itemscope\" itemtype=\"https:\/\/schema.org\/CreativeWork\" ><div class='avia_textblock  '   itemprop=\"text\" ><h5><strong>Ceramidy<\/strong><\/h5>\n<ul>\n<li>Prirodzene sa nach\u00e1dzaj\u00fa v\u00a0epiderme ako \u201e<em>epiderm\u00e1lne lipidy<\/em>\u201c, kde <strong>zabra\u0148uj\u00fa strat\u00e1m vody<\/strong> z\u00a0pleti (ide d\u00f4le\u017eit\u00e9 vlastnosti v\u00a0zachovan\u00ed vodnej bari\u00e9ry ko\u017ee)<\/li>\n<li>Zabra\u0148uj\u00fa strat\u00e1m vody v\u00a0zimnom i\u00a0suchom po\u010das\u00ed<\/li>\n<li><strong>Zvy\u0161uj\u00fa hydrat\u00e1ciu pleti<\/strong> a\u00a0zni\u017euj\u00fa jej nap\u00e4tie<\/li>\n<li><strong>Zvy\u0161uj\u00fa elasticitu<\/strong> poko\u017eky, \u010d\u00edm zabra\u0148uj\u00fa vzniku vr\u00e1sok<\/li>\n<li>Dod\u00e1vaj\u00fa pleti jemn\u00fa a\u00a0hladk\u00fa \u0161trukt\u00faru<\/li>\n<\/ul>\n<h5><a href=\"\/kyselina-hyaluronova\"><strong>Kyselina hyal\u00faronov\u00e1<\/strong><\/a><\/h5>\n<ul>\n<li>Ozna\u010dovan\u00e1 ako <strong><em>\u201epr\u00edrodn\u00fd zvlh\u010dova\u010d\u201c<\/em><\/strong> , via\u017ee na seba a\u017e 1000 n\u00e1sobok svojej hmotnosti molekulami vody<\/li>\n<li>Vekom sa schopnos\u0165 ko\u017ee vytv\u00e1ra\u0165 HA zni\u017euje<\/li>\n<li><strong>Hydratuje elast\u00ednov\u00e9 a\u00a0kolag\u00e9nov\u00e9 vl\u00e1kna,<\/strong> aby nedo\u0161lo k\u00a0ich prepnutiu a\u00a0vysu\u0161eniu<\/li>\n<li>Vytv\u00e1ra visk\u00f3zny g\u00e9l, ktor\u00fd pren\u00e1\u0161a \u017eiviny a\u00a0odpad do a\u00a0z\u00a0bunkov\u00fdch \u0161trukt\u00far<\/li>\n<li><strong>Zvy\u0161uje hydrat\u00e1ciu pleti<\/strong>, podporuje tvorbu kolag\u00e9nu a\u00a0elast\u00ednu<\/li>\n<\/ul>\n<h5><strong>Citrul\u00edn<\/strong><\/h5>\n<ul>\n<li>V\u00a0organizme sa premie\u0148a na L-argin\u00edn a\u00a0n\u00e1sledne na NO (oxid dusnat\u00fd)<\/li>\n<li>NO roz\u0161iruje cievy, \u010d\u00edm zabezpe\u010duje vy\u0161\u0161\u00ed prietok krvi a <strong>nutri\u010dn\u00fdch l\u00e1tok<\/strong> do cie\u013eov\u00fdch tkan\u00edv (ple\u0165, korienky vlasov a\u00a0nechtov)<\/li>\n<\/ul>\n<h5><strong>Sel\u00e9n<\/strong><\/h5>\n<ul>\n<li>Prispieva k\u00a0ochrane buniek <strong>ko\u017ee pred oxida\u010dn\u00fdm stresom<\/strong><\/li>\n<\/ul>\n<h5><strong>Vitam\u00edny skupiny B<\/strong><\/h5>\n<ul>\n<li>B7 \u2013 <strong>zlep\u0161uje kvalitu (tvrdos\u0165) vlasov a\u00a0nechtov<\/strong>, prispieva k\u00a0udr\u017eaniu zdravej poko\u017eky<\/li>\n<li>B3 \u2013 priaznivo p\u00f4sob\u00ed na vyr\u00e1\u017eky na pleti a\u00a0<strong>udr\u017eaniu zdravej poko\u017eky<\/strong><\/li>\n<\/ul>\n<\/div><\/section><\/div><div class=\"flex_column av_one_third  flex_column_div av-zero-column-padding   \" style='border-radius:0px; '><p><div style=' margin-top:30px; margin-bottom:30px;'  class='hr hr-custom hr-center hr-icon-yes  '><span class='hr-inner   inner-border-av-border-thin' style=' width:50px; border-color:#ffffff;' ><span class='hr-inner-style'><\/span><\/span><span class='av-seperator-icon' style='color:#ffffff;' aria-hidden='true' data-av_icon='\ue808' data-av_iconfont='entypo-fontello'><\/span><span class='hr-inner   inner-border-av-border-thin' style=' width:50px; border-color:#ffffff;' ><span class='hr-inner-style'><\/span><\/span><\/div><br \/>\n<div class='avia-image-container  av-styling-    avia-align-center '  itemprop=\"ImageObject\" itemscope=\"itemscope\" itemtype=\"https:\/\/schema.org\/ImageObject\"  ><div class='avia-image-container-inner'><div class='avia-image-overlay-wrap'><img class='avia_image ' src='https:\/\/www.skinbooster.sk\/wp-content\/uploads\/2018\/07\/ceramidy1-300x300.png' alt='Vlastnosti - Odparovanie vlhkosti' title='Vlastnosti - Odparovanie vlhkosti' height=\"300\"width=\"300\"  itemprop=\"thumbnailUrl\"  \/><\/div><\/div><\/div><br \/>\n<section class=\"av_textblock_section \"  itemscope=\"itemscope\" itemtype=\"https:\/\/schema.org\/CreativeWork\" ><div class='avia_textblock  '   itemprop=\"text\" ><p style=\"text-align: center;\"><strong>Odparovanie vlhkosti z poko\u017eky<\/strong><\/p>\n<\/div><\/section><br \/>\n<div  class='hr hr-default  '><span class='hr-inner ' ><span class='hr-inner-style'><\/span><\/span><\/div><br \/>\n<div class='avia-image-container  av-styling-    avia-align-center '  itemprop=\"ImageObject\" itemscope=\"itemscope\" itemtype=\"https:\/\/schema.org\/ImageObject\"  ><div class='avia-image-container-inner'><div class='avia-image-overlay-wrap'><img class='avia_image ' src='https:\/\/www.skinbooster.sk\/wp-content\/uploads\/2018\/07\/ceramidy2-300x300.png' alt='Vlastnosti - Udr\u017eiavanie vlhkosti' title='Vlastnosti - Udr\u017eiavanie vlhkosti' height=\"300\"width=\"300\"  itemprop=\"thumbnailUrl\"  \/><\/div><\/div><\/div><br \/>\n<section class=\"av_textblock_section \"  itemscope=\"itemscope\" itemtype=\"https:\/\/schema.org\/CreativeWork\" ><div class='avia_textblock  '   itemprop=\"text\" ><p style=\"text-align: center;\"><strong>Ceramidy vytv\u00e1raj\u00fa bari\u00e9ru na udr\u017eanie vlhkosti<\/strong><\/p>\n<\/div><\/section><\/p><\/div>\n<\/div><\/div><\/div><!-- close content main div --><\/div><\/div><div id='after_section_1' class='main_color av_default_container_wrap container_wrap sidebar_right'   ><div class='container' ><div class='template-page content  av-content-small alpha units'><div class='post-entry post-entry-type-page post-entry-95'><div class='entry-content-wrapper clearfix'>\n<div class=\"flex_column av_one_full  flex_column_div av-zero-column-padding first  \" style='border-radius:0px; '><div class='avia-button-wrap avia-button-center '><a href='https:\/\/www.kompava.sk\/p\/skinbooster'  class='avia-button   avia-icon_select-yes-left-icon avia-color-theme-color avia-size-x-large avia-position-center '   ><span class='avia_button_icon avia_button_icon_left ' aria-hidden='true' data-av_icon='\ue859' data-av_iconfont='entypo-fontello'><\/span><span class='avia_iconbox_title' >K\u00fapi\u0165 SkinBooster<\/span><\/a><\/div><\/div>\n","protected":false},"excerpt":{"rendered":"","protected":false},"author":2,"featured_media":413,"parent":0,"menu_order":0,"comment_status":"closed","ping_status":"closed","template":"","meta":{"footnotes":""},"class_list":["post-95","page","type-page","status-publish","has-post-thumbnail","hentry"],"yoast_head":"<!-- This site is optimized with the Yoast SEO plugin v26.0 - https:\/\/yoast.com\/wordpress\/plugins\/seo\/ -->\n<title>Vlastnosti - SkinBooster Anti Age Formula - Kompava spol. s r. o.<\/title>\n<meta name=\"description\" content=\"Vlastnosti produkutu SkinBooster s\u00fa unik\u00e1tne v\u010fala jeho zlo\u017eeniu pr\u00edpodn\u00e9ho charakteru. Je v\u00fd\u017eivov\u00fd doplnok ur\u010den\u00fd na v\u00fd\u017eivu pleti, vlasov i\u00a0nechtov.\" \/>\n<meta name=\"robots\" content=\"index, follow, max-snippet:-1, max-image-preview:large, max-video-preview:-1\" \/>\n<link rel=\"canonical\" href=\"https:\/\/www.skinbooster.sk\/sk\/vlastnosti\/\" \/>\n<meta property=\"og:locale\" content=\"sk_SK\" \/>\n<meta property=\"og:type\" content=\"article\" \/>\n<meta property=\"og:title\" content=\"Vlastnosti - SkinBooster Anti Age Formula - Kompava spol. s r. o.\" \/>\n<meta property=\"og:description\" content=\"Vlastnosti produkutu SkinBooster s\u00fa unik\u00e1tne v\u010fala jeho zlo\u017eeniu pr\u00edpodn\u00e9ho charakteru. Je v\u00fd\u017eivov\u00fd doplnok ur\u010den\u00fd na v\u00fd\u017eivu pleti, vlasov i\u00a0nechtov.\" \/>\n<meta property=\"og:url\" content=\"https:\/\/www.skinbooster.sk\/sk\/vlastnosti\/\" \/>\n<meta property=\"og:site_name\" content=\"SkinBooster\" \/>\n<meta property=\"article:publisher\" content=\"https:\/\/www.facebook.com\/Kompava\/\" \/>\n<meta property=\"article:modified_time\" content=\"2018-07-25T06:31:44+00:00\" \/>\n<meta property=\"og:image\" content=\"https:\/\/www.skinbooster.sk\/wp-content\/uploads\/2018\/07\/ceramidy2.png\" \/>\n\t<meta property=\"og:image:width\" content=\"323\" \/>\n\t<meta property=\"og:image:height\" content=\"323\" \/>\n\t<meta property=\"og:image:type\" content=\"image\/png\" \/>\n<meta name=\"twitter:card\" content=\"summary_large_image\" \/>\n<meta name=\"twitter:label1\" content=\"Predpokladan\u00fd \u010das \u010d\u00edtania\" \/>\n\t<meta name=\"twitter:data1\" content=\"7 min\u00fat\" \/>\n<script type=\"application\/ld+json\" class=\"yoast-schema-graph\">{\"@context\":\"https:\/\/schema.org\",\"@graph\":[{\"@type\":\"WebPage\",\"@id\":\"https:\/\/www.skinbooster.sk\/sk\/vlastnosti\/\",\"url\":\"https:\/\/www.skinbooster.sk\/sk\/vlastnosti\/\",\"name\":\"Vlastnosti - SkinBooster Anti Age Formula - Kompava spol. s r. o.\",\"isPartOf\":{\"@id\":\"https:\/\/www.skinbooster.sk\/#website\"},\"primaryImageOfPage\":{\"@id\":\"https:\/\/www.skinbooster.sk\/sk\/vlastnosti\/#primaryimage\"},\"image\":{\"@id\":\"https:\/\/www.skinbooster.sk\/sk\/vlastnosti\/#primaryimage\"},\"thumbnailUrl\":\"https:\/\/www.skinbooster.sk\/wp-content\/uploads\/2018\/07\/ceramidy2.png\",\"datePublished\":\"2018-06-26T13:31:02+00:00\",\"dateModified\":\"2018-07-25T06:31:44+00:00\",\"description\":\"Vlastnosti produkutu SkinBooster s\u00fa unik\u00e1tne v\u010fala jeho zlo\u017eeniu pr\u00edpodn\u00e9ho charakteru. Je v\u00fd\u017eivov\u00fd doplnok ur\u010den\u00fd na v\u00fd\u017eivu pleti, vlasov i\u00a0nechtov.\",\"breadcrumb\":{\"@id\":\"https:\/\/www.skinbooster.sk\/sk\/vlastnosti\/#breadcrumb\"},\"inLanguage\":\"sk-SK\",\"potentialAction\":[{\"@type\":\"ReadAction\",\"target\":[\"https:\/\/www.skinbooster.sk\/sk\/vlastnosti\/\"]}]},{\"@type\":\"ImageObject\",\"inLanguage\":\"sk-SK\",\"@id\":\"https:\/\/www.skinbooster.sk\/sk\/vlastnosti\/#primaryimage\",\"url\":\"https:\/\/www.skinbooster.sk\/wp-content\/uploads\/2018\/07\/ceramidy2.png\",\"contentUrl\":\"https:\/\/www.skinbooster.sk\/wp-content\/uploads\/2018\/07\/ceramidy2.png\",\"width\":323,\"height\":323,\"caption\":\"Vlastnosti - Udr\u017eiavanie vlhkosti\"},{\"@type\":\"BreadcrumbList\",\"@id\":\"https:\/\/www.skinbooster.sk\/sk\/vlastnosti\/#breadcrumb\",\"itemListElement\":[{\"@type\":\"ListItem\",\"position\":1,\"name\":\"Home\",\"item\":\"https:\/\/www.skinbooster.sk\/sk\/\"},{\"@type\":\"ListItem\",\"position\":2,\"name\":\"Vlastnosti\"}]},{\"@type\":\"WebSite\",\"@id\":\"https:\/\/www.skinbooster.sk\/#website\",\"url\":\"https:\/\/www.skinbooster.sk\/\",\"name\":\"SkinBooster\",\"description\":\"Anti Age Formula\",\"potentialAction\":[{\"@type\":\"SearchAction\",\"target\":{\"@type\":\"EntryPoint\",\"urlTemplate\":\"https:\/\/www.skinbooster.sk\/?s={search_term_string}\"},\"query-input\":{\"@type\":\"PropertyValueSpecification\",\"valueRequired\":true,\"valueName\":\"search_term_string\"}}],\"inLanguage\":\"sk-SK\"}]}<\/script>\n<!-- \/ Yoast SEO plugin. -->","yoast_head_json":{"title":"Vlastnosti - SkinBooster Anti Age Formula - Kompava spol. s r. o.","description":"Vlastnosti produkutu SkinBooster s\u00fa unik\u00e1tne v\u010fala jeho zlo\u017eeniu pr\u00edpodn\u00e9ho charakteru. Je v\u00fd\u017eivov\u00fd doplnok ur\u010den\u00fd na v\u00fd\u017eivu pleti, vlasov i\u00a0nechtov.","robots":{"index":"index","follow":"follow","max-snippet":"max-snippet:-1","max-image-preview":"max-image-preview:large","max-video-preview":"max-video-preview:-1"},"canonical":"https:\/\/www.skinbooster.sk\/sk\/vlastnosti\/","og_locale":"sk_SK","og_type":"article","og_title":"Vlastnosti - SkinBooster Anti Age Formula - Kompava spol. s r. o.","og_description":"Vlastnosti produkutu SkinBooster s\u00fa unik\u00e1tne v\u010fala jeho zlo\u017eeniu pr\u00edpodn\u00e9ho charakteru. Je v\u00fd\u017eivov\u00fd doplnok ur\u010den\u00fd na v\u00fd\u017eivu pleti, vlasov i\u00a0nechtov.","og_url":"https:\/\/www.skinbooster.sk\/sk\/vlastnosti\/","og_site_name":"SkinBooster","article_publisher":"https:\/\/www.facebook.com\/Kompava\/","article_modified_time":"2018-07-25T06:31:44+00:00","og_image":[{"width":323,"height":323,"url":"https:\/\/www.skinbooster.sk\/wp-content\/uploads\/2018\/07\/ceramidy2.png","type":"image\/png"}],"twitter_card":"summary_large_image","twitter_misc":{"Predpokladan\u00fd \u010das \u010d\u00edtania":"7 min\u00fat"},"schema":{"@context":"https:\/\/schema.org","@graph":[{"@type":"WebPage","@id":"https:\/\/www.skinbooster.sk\/sk\/vlastnosti\/","url":"https:\/\/www.skinbooster.sk\/sk\/vlastnosti\/","name":"Vlastnosti - SkinBooster Anti Age Formula - Kompava spol. s r. o.","isPartOf":{"@id":"https:\/\/www.skinbooster.sk\/#website"},"primaryImageOfPage":{"@id":"https:\/\/www.skinbooster.sk\/sk\/vlastnosti\/#primaryimage"},"image":{"@id":"https:\/\/www.skinbooster.sk\/sk\/vlastnosti\/#primaryimage"},"thumbnailUrl":"https:\/\/www.skinbooster.sk\/wp-content\/uploads\/2018\/07\/ceramidy2.png","datePublished":"2018-06-26T13:31:02+00:00","dateModified":"2018-07-25T06:31:44+00:00","description":"Vlastnosti produkutu SkinBooster s\u00fa unik\u00e1tne v\u010fala jeho zlo\u017eeniu pr\u00edpodn\u00e9ho charakteru. Je v\u00fd\u017eivov\u00fd doplnok ur\u010den\u00fd na v\u00fd\u017eivu pleti, vlasov i\u00a0nechtov.","breadcrumb":{"@id":"https:\/\/www.skinbooster.sk\/sk\/vlastnosti\/#breadcrumb"},"inLanguage":"sk-SK","potentialAction":[{"@type":"ReadAction","target":["https:\/\/www.skinbooster.sk\/sk\/vlastnosti\/"]}]},{"@type":"ImageObject","inLanguage":"sk-SK","@id":"https:\/\/www.skinbooster.sk\/sk\/vlastnosti\/#primaryimage","url":"https:\/\/www.skinbooster.sk\/wp-content\/uploads\/2018\/07\/ceramidy2.png","contentUrl":"https:\/\/www.skinbooster.sk\/wp-content\/uploads\/2018\/07\/ceramidy2.png","width":323,"height":323,"caption":"Vlastnosti - Udr\u017eiavanie vlhkosti"},{"@type":"BreadcrumbList","@id":"https:\/\/www.skinbooster.sk\/sk\/vlastnosti\/#breadcrumb","itemListElement":[{"@type":"ListItem","position":1,"name":"Home","item":"https:\/\/www.skinbooster.sk\/sk\/"},{"@type":"ListItem","position":2,"name":"Vlastnosti"}]},{"@type":"WebSite","@id":"https:\/\/www.skinbooster.sk\/#website","url":"https:\/\/www.skinbooster.sk\/","name":"SkinBooster","description":"Anti Age Formula","potentialAction":[{"@type":"SearchAction","target":{"@type":"EntryPoint","urlTemplate":"https:\/\/www.skinbooster.sk\/?s={search_term_string}"},"query-input":{"@type":"PropertyValueSpecification","valueRequired":true,"valueName":"search_term_string"}}],"inLanguage":"sk-SK"}]}},"_links":{"self":[{"href":"https:\/\/www.skinbooster.sk\/sk\/wp-json\/wp\/v2\/pages\/95","targetHints":{"allow":["GET"]}}],"collection":[{"href":"https:\/\/www.skinbooster.sk\/sk\/wp-json\/wp\/v2\/pages"}],"about":[{"href":"https:\/\/www.skinbooster.sk\/sk\/wp-json\/wp\/v2\/types\/page"}],"author":[{"embeddable":true,"href":"https:\/\/www.skinbooster.sk\/sk\/wp-json\/wp\/v2\/users\/2"}],"replies":[{"embeddable":true,"href":"https:\/\/www.skinbooster.sk\/sk\/wp-json\/wp\/v2\/comments?post=95"}],"version-history":[{"count":51,"href":"https:\/\/www.skinbooster.sk\/sk\/wp-json\/wp\/v2\/pages\/95\/revisions"}],"predecessor-version":[{"id":1884,"href":"https:\/\/www.skinbooster.sk\/sk\/wp-json\/wp\/v2\/pages\/95\/revisions\/1884"}],"wp:featuredmedia":[{"embeddable":true,"href":"https:\/\/www.skinbooster.sk\/sk\/wp-json\/wp\/v2\/media\/413"}],"wp:attachment":[{"href":"https:\/\/www.skinbooster.sk\/sk\/wp-json\/wp\/v2\/media?parent=95"}],"curies":[{"name":"wp","href":"https:\/\/api.w.org\/{rel}","templated":true}]}}