{"id":92,"date":"2018-06-26T15:30:55","date_gmt":"2018-06-26T13:30:55","guid":{"rendered":"https:\/\/www.skinbooster.sk\/?page_id=92"},"modified":"2023-06-07T14:58:58","modified_gmt":"2023-06-07T12:58:58","slug":"uzivanie","status":"publish","type":"page","link":"https:\/\/www.skinbooster.sk\/sk\/uzivanie\/","title":{"rendered":"U\u017e\u00edvanie"},"content":{"rendered":"<\/div><\/div><\/div><!-- close content main div --><\/div><\/div><div id='av_section_1' class='avia-section main_color avia-section-default avia-no-border-styling avia-bg-style-scroll   container_wrap sidebar_right' style = 'background-image: '  ><div class='container' ><div class='template-page content  av-content-small alpha units'><div class='post-entry post-entry-type-page post-entry-92'><div class='entry-content-wrapper clearfix'>\n<div style='padding-bottom:10px; ' class='av-special-heading av-special-heading-h3     '><h3 class='av-special-heading-tag '  itemprop=\"headline\"  >U\u017e\u00edvanie<\/h3><div class='special-heading-border'><div class='special-heading-inner-border' ><\/div><\/div><\/div>\n<div class=\"flex_column av_one_third  flex_column_div av-zero-column-padding first  \" style='border-radius:0px; '><section class=\"av_textblock_section \"  itemscope=\"itemscope\" itemtype=\"https:\/\/schema.org\/CreativeWork\" ><div class='avia_textblock  '   itemprop=\"text\" ><p><strong>Odpor\u00fa\u010dan\u00e9 d\u00e1vkovanie: <\/strong><\/p>\n<p>U\u017e\u00edvanie vo forme pitn\u00e9ho re\u017eimu, ktor\u00fd je 100x lep\u0161\u00ed pre hydrat\u00e1ciu pleti ako tabletov\u00e1 \u010di kapsulov\u00e1 forma. <strong>1 &#8211; 2 kr\u00e1t denne medzi jedlami<\/strong>. Najefekt\u00edvnej\u0161ie p\u00f4sob\u00ed SkinBooster pokia\u013e sa u\u017e\u00edva na la\u010dn\u00fd \u017eal\u00fadok 2-kr\u00e1t denne.<\/p>\n<p>Zachova\u0165 pitn\u00fd re\u017eim v objeme 2l denne, \u010do je pre v\u00fd\u017eivu a hydrat\u00e1ciu poko\u017eky nevyhnutnos\u0165.<\/p>\n<p><strong>Pou\u017eitie:<\/strong> 10 g (2 odmerky alebo jeden s\u00e1\u010dok) pr\u00e1\u0161ku rozmie\u0161ajte v 200 \u2013 250 ml vody a vypite.<\/p>\n<\/div><\/section><\/div><div class=\"flex_column av_one_third  flex_column_div av-zero-column-padding   \" style='border-radius:0px; '><section class=\"av_textblock_section \"  itemscope=\"itemscope\" itemtype=\"https:\/\/schema.org\/CreativeWork\" ><div class='avia_textblock  '   itemprop=\"text\" ><p><strong>Vidite\u013en\u00fd efekt: <\/strong><\/p>\n<ul>\n<li><strong><em><a href=\"\/plet\">Ple\u0165<\/a> <\/em><\/strong>&#8211; pri pravidelnom dennom u\u017e\u00edvan\u00ed u\u017e po 15 d\u0148och<\/li>\n<li><a href=\"\/vlasy\"><strong><em>Vlasy<\/em><\/strong> <\/a>&#8211; pri pravidelnom dennom u\u017e\u00edvan\u00ed u\u017e po 60 d\u0148och<\/li>\n<li><a href=\"\/nechty\"><strong><em>Nechty<\/em><\/strong> <\/a>&#8211; pri pravidelnom dennom u\u017e\u00edvan\u00ed u\u017e po 60 d\u0148och<\/li>\n<\/ul>\n<p><strong>Obmedzenia: <\/strong><\/p>\n<ul>\n<li>Nevhodn\u00e9 pre \u013eud\u00ed, ktor\u00ed s\u00fa alergick\u00ed na ryby a v\u00fdrobky z nich (elast\u00edn sa z\u00edskava z r\u00fdb)<\/li>\n<\/ul>\n<\/div><\/section><\/div><div class=\"flex_column av_one_third  flex_column_div av-zero-column-padding   \" style='border-radius:0px; '><section class=\"av_textblock_section \"  itemscope=\"itemscope\" itemtype=\"https:\/\/schema.org\/CreativeWork\" ><div class='avia_textblock  '   itemprop=\"text\" ><p><strong>Upozornenie:<\/strong><\/p>\n<p>Nie je vhodn\u00fd pre osoby mlad\u0161ie ako 18 rokov, tehotn\u00e9 a doj\u010diace \u017eeny. Skladujte mimo dosahu mal\u00fdch det\u00ed, v suchom prostred\u00ed, pri teplote od 10 \u00b0C do 25 \u00b0C. Nevystavujte priamemu slne\u010dn\u00e9mu svetlu! Nepou\u017e\u00edvajte ako n\u00e1hradu pestrej a vyv\u00e1\u017eenej stravy a zdrav\u00e9ho \u017eivotn\u00e9ho \u0161t\u00fdlu. Stanoven\u00e1 odpor\u00fa\u010dan\u00e1 denn\u00e1 d\u00e1vka sa nesmie presiahnu\u0165.<\/p>\n<\/div><\/section><\/div><div class=\"flex_column av_one_third  flex_column_div av-zero-column-padding first  \" style='border-radius:0px; '><p><div class='avia-image-container  av-styling-    avia-align-center '  itemprop=\"ImageObject\" itemscope=\"itemscope\" itemtype=\"https:\/\/schema.org\/ImageObject\"  ><div class='avia-image-container-inner'><div class='avia-image-overlay-wrap'><a href='https:\/\/www.kompava.sk\/p\/skinbooster' class='avia_image'   target=\"_blank\" ><img class='avia_image ' src='https:\/\/www.skinbooster.sk\/wp-content\/uploads\/2023\/06\/Zuzka-fit-skinbooster-e1686048404531-198x300.jpg' alt='' title=''  itemprop=\"thumbnailUrl\"  \/><\/a><\/div><\/div><\/div><br \/>\n<div class='avia-image-container  av-styling-    avia-align-center '  itemprop=\"ImageObject\" itemscope=\"itemscope\" itemtype=\"https:\/\/schema.org\/ImageObject\"  ><div class='avia-image-container-inner'><div class='avia-image-overlay-wrap'><a href='https:\/\/www.kompava.sk\/p\/skinbooster' class='avia_image'   target=\"_blank\" ><img class='avia_image ' src='https:\/\/www.skinbooster.sk\/wp-content\/uploads\/2023\/06\/24F570EA-A1DE-484D-A8BD-25425D377D75-scaled-e1686048879334.jpeg' alt='' title='24F570EA-A1DE-484D-A8BD-25425D377D75'  itemprop=\"thumbnailUrl\"  \/><\/a><\/div><\/div><\/div><\/p><\/div><div class=\"flex_column av_one_third  flex_column_div av-zero-column-padding   \" style='border-radius:0px; '><div class='avia-image-container  av-styling-    avia-align-center '  itemprop=\"ImageObject\" itemscope=\"itemscope\" itemtype=\"https:\/\/schema.org\/ImageObject\"  ><div class='avia-image-container-inner'><div class='avia-image-overlay-wrap'><a href='https:\/\/www.kompava.sk\/p\/skinbooster' class='avia_image'   target=\"_blank\" ><img class='avia_image ' src='https:\/\/www.skinbooster.sk\/wp-content\/uploads\/2023\/06\/skinbooster_transparent.png' alt='skinbooster_' title='skinbooster_transparent'  itemprop=\"thumbnailUrl\"  \/><\/a><\/div><\/div><\/div><\/div><div class=\"flex_column av_one_third  flex_column_div av-zero-column-padding   \" style='border-radius:0px; '><div class='avia-image-container  av-styling-    avia-align-center '  itemprop=\"ImageObject\" itemscope=\"itemscope\" itemtype=\"https:\/\/schema.org\/ImageObject\"  ><div class='avia-image-container-inner'><div class='avia-image-overlay-wrap'><a href='https:\/\/www.kompava.sk\/p\/skinbooster' class='avia_image'   target=\"_blank\" ><img class='avia_image ' src='https:\/\/www.skinbooster.sk\/wp-content\/uploads\/2023\/06\/borgulov\u00e1-skinbooster-scaled-e1686048514635.jpg' alt='' title='borgulov\u00e1 skinbooster'  itemprop=\"thumbnailUrl\"  \/><\/a><\/div><\/div><\/div><\/div><div  class='hr hr-default  '><span class='hr-inner ' ><span class='hr-inner-style'><\/span><\/span><\/div>\n<div class='avia-button-wrap avia-button-center '><a href='https:\/\/www.kompava.sk\/p\/skinbooster'  class='avia-button   avia-icon_select-yes-left-icon avia-color-theme-color avia-size-x-large avia-position-center '  target=\"_blank\"   ><span class='avia_button_icon avia_button_icon_left ' aria-hidden='true' data-av_icon='\ue859' data-av_iconfont='entypo-fontello'><\/span><span class='avia_iconbox_title' >Objedna\u0165<\/span><\/a><\/div>\n<\/div><\/div><\/div><!-- close content main div --><\/div><\/div><div id='after_section_1' class='main_color av_default_container_wrap container_wrap sidebar_right'   ><div class='container' ><div class='template-page content  av-content-small alpha units'><div class='post-entry post-entry-type-page post-entry-92'><div class='entry-content-wrapper clearfix'>\n","protected":false},"excerpt":{"rendered":"","protected":false},"author":2,"featured_media":397,"parent":0,"menu_order":0,"comment_status":"closed","ping_status":"closed","template":"","meta":{"footnotes":""},"class_list":["post-92","page","type-page","status-publish","has-post-thumbnail","hentry"],"yoast_head":"<!-- This site is optimized with the Yoast SEO plugin v26.0 - https:\/\/yoast.com\/wordpress\/plugins\/seo\/ -->\n<title>U\u017e\u00edvanie - SkinBooster Anti Age Formula - Kompava spol. s r. o.<\/title>\n<meta name=\"description\" content=\"U\u017e\u00edvanie produktu SkinBooster je vo forme pitn\u00e9ho re\u017eimu 1x - 2x denne medzi jedlami. Pitn\u00fd re\u017eim je z\u00e1rove\u0148 d\u00f4le\u017eit\u00fd ore udr\u017eanie hydratovanej pko\u017eky\" \/>\n<meta name=\"robots\" content=\"index, follow, max-snippet:-1, max-image-preview:large, max-video-preview:-1\" \/>\n<link rel=\"canonical\" href=\"https:\/\/www.skinbooster.sk\/sk\/uzivanie\/\" \/>\n<meta property=\"og:locale\" content=\"sk_SK\" \/>\n<meta property=\"og:type\" content=\"article\" \/>\n<meta property=\"og:title\" content=\"U\u017e\u00edvanie - SkinBooster Anti Age Formula - Kompava spol. s r. o.\" \/>\n<meta property=\"og:description\" content=\"U\u017e\u00edvanie produktu SkinBooster je vo forme pitn\u00e9ho re\u017eimu 1x - 2x denne medzi jedlami. Pitn\u00fd re\u017eim je z\u00e1rove\u0148 d\u00f4le\u017eit\u00fd ore udr\u017eanie hydratovanej pko\u017eky\" \/>\n<meta property=\"og:url\" content=\"https:\/\/www.skinbooster.sk\/sk\/uzivanie\/\" \/>\n<meta property=\"og:site_name\" content=\"SkinBooster\" \/>\n<meta property=\"article:publisher\" content=\"https:\/\/www.facebook.com\/Kompava\/\" \/>\n<meta property=\"article:modified_time\" content=\"2023-06-07T12:58:58+00:00\" \/>\n<meta property=\"og:image\" content=\"https:\/\/www.skinbooster.sk\/wp-content\/uploads\/2018\/07\/skinbooster_box_doza-1030x721.png\" \/>\n\t<meta property=\"og:image:width\" content=\"1030\" \/>\n\t<meta property=\"og:image:height\" content=\"721\" \/>\n\t<meta property=\"og:image:type\" content=\"image\/png\" \/>\n<meta name=\"twitter:card\" content=\"summary_large_image\" \/>\n<meta name=\"twitter:label1\" content=\"Predpokladan\u00fd \u010das \u010d\u00edtania\" \/>\n\t<meta name=\"twitter:data1\" content=\"7 min\u00fat\" \/>\n<script type=\"application\/ld+json\" class=\"yoast-schema-graph\">{\"@context\":\"https:\/\/schema.org\",\"@graph\":[{\"@type\":\"WebPage\",\"@id\":\"https:\/\/www.skinbooster.sk\/sk\/uzivanie\/\",\"url\":\"https:\/\/www.skinbooster.sk\/sk\/uzivanie\/\",\"name\":\"U\u017e\u00edvanie - SkinBooster Anti Age Formula - Kompava spol. s r. o.\",\"isPartOf\":{\"@id\":\"https:\/\/www.skinbooster.sk\/#website\"},\"primaryImageOfPage\":{\"@id\":\"https:\/\/www.skinbooster.sk\/sk\/uzivanie\/#primaryimage\"},\"image\":{\"@id\":\"https:\/\/www.skinbooster.sk\/sk\/uzivanie\/#primaryimage\"},\"thumbnailUrl\":\"https:\/\/www.skinbooster.sk\/wp-content\/uploads\/2018\/07\/skinbooster_box_doza.png\",\"datePublished\":\"2018-06-26T13:30:55+00:00\",\"dateModified\":\"2023-06-07T12:58:58+00:00\",\"description\":\"U\u017e\u00edvanie produktu SkinBooster je vo forme pitn\u00e9ho re\u017eimu 1x - 2x denne medzi jedlami. Pitn\u00fd re\u017eim je z\u00e1rove\u0148 d\u00f4le\u017eit\u00fd ore udr\u017eanie hydratovanej pko\u017eky\",\"breadcrumb\":{\"@id\":\"https:\/\/www.skinbooster.sk\/sk\/uzivanie\/#breadcrumb\"},\"inLanguage\":\"sk-SK\",\"potentialAction\":[{\"@type\":\"ReadAction\",\"target\":[\"https:\/\/www.skinbooster.sk\/sk\/uzivanie\/\"]}]},{\"@type\":\"ImageObject\",\"inLanguage\":\"sk-SK\",\"@id\":\"https:\/\/www.skinbooster.sk\/sk\/uzivanie\/#primaryimage\",\"url\":\"https:\/\/www.skinbooster.sk\/wp-content\/uploads\/2018\/07\/skinbooster_box_doza.png\",\"contentUrl\":\"https:\/\/www.skinbooster.sk\/wp-content\/uploads\/2018\/07\/skinbooster_box_doza.png\",\"width\":3500,\"height\":2450,\"caption\":\"SkinBooster - Novinka 2018\"},{\"@type\":\"BreadcrumbList\",\"@id\":\"https:\/\/www.skinbooster.sk\/sk\/uzivanie\/#breadcrumb\",\"itemListElement\":[{\"@type\":\"ListItem\",\"position\":1,\"name\":\"Home\",\"item\":\"https:\/\/www.skinbooster.sk\/sk\/\"},{\"@type\":\"ListItem\",\"position\":2,\"name\":\"U\u017e\u00edvanie\"}]},{\"@type\":\"WebSite\",\"@id\":\"https:\/\/www.skinbooster.sk\/#website\",\"url\":\"https:\/\/www.skinbooster.sk\/\",\"name\":\"SkinBooster\",\"description\":\"Anti Age Formula\",\"potentialAction\":[{\"@type\":\"SearchAction\",\"target\":{\"@type\":\"EntryPoint\",\"urlTemplate\":\"https:\/\/www.skinbooster.sk\/?s={search_term_string}\"},\"query-input\":{\"@type\":\"PropertyValueSpecification\",\"valueRequired\":true,\"valueName\":\"search_term_string\"}}],\"inLanguage\":\"sk-SK\"}]}<\/script>\n<!-- \/ Yoast SEO plugin. -->","yoast_head_json":{"title":"U\u017e\u00edvanie - SkinBooster Anti Age Formula - Kompava spol. s r. o.","description":"U\u017e\u00edvanie produktu SkinBooster je vo forme pitn\u00e9ho re\u017eimu 1x - 2x denne medzi jedlami. Pitn\u00fd re\u017eim je z\u00e1rove\u0148 d\u00f4le\u017eit\u00fd ore udr\u017eanie hydratovanej pko\u017eky","robots":{"index":"index","follow":"follow","max-snippet":"max-snippet:-1","max-image-preview":"max-image-preview:large","max-video-preview":"max-video-preview:-1"},"canonical":"https:\/\/www.skinbooster.sk\/sk\/uzivanie\/","og_locale":"sk_SK","og_type":"article","og_title":"U\u017e\u00edvanie - SkinBooster Anti Age Formula - Kompava spol. s r. o.","og_description":"U\u017e\u00edvanie produktu SkinBooster je vo forme pitn\u00e9ho re\u017eimu 1x - 2x denne medzi jedlami. Pitn\u00fd re\u017eim je z\u00e1rove\u0148 d\u00f4le\u017eit\u00fd ore udr\u017eanie hydratovanej pko\u017eky","og_url":"https:\/\/www.skinbooster.sk\/sk\/uzivanie\/","og_site_name":"SkinBooster","article_publisher":"https:\/\/www.facebook.com\/Kompava\/","article_modified_time":"2023-06-07T12:58:58+00:00","og_image":[{"width":1030,"height":721,"url":"https:\/\/www.skinbooster.sk\/wp-content\/uploads\/2018\/07\/skinbooster_box_doza-1030x721.png","type":"image\/png"}],"twitter_card":"summary_large_image","twitter_misc":{"Predpokladan\u00fd \u010das \u010d\u00edtania":"7 min\u00fat"},"schema":{"@context":"https:\/\/schema.org","@graph":[{"@type":"WebPage","@id":"https:\/\/www.skinbooster.sk\/sk\/uzivanie\/","url":"https:\/\/www.skinbooster.sk\/sk\/uzivanie\/","name":"U\u017e\u00edvanie - SkinBooster Anti Age Formula - Kompava spol. s r. o.","isPartOf":{"@id":"https:\/\/www.skinbooster.sk\/#website"},"primaryImageOfPage":{"@id":"https:\/\/www.skinbooster.sk\/sk\/uzivanie\/#primaryimage"},"image":{"@id":"https:\/\/www.skinbooster.sk\/sk\/uzivanie\/#primaryimage"},"thumbnailUrl":"https:\/\/www.skinbooster.sk\/wp-content\/uploads\/2018\/07\/skinbooster_box_doza.png","datePublished":"2018-06-26T13:30:55+00:00","dateModified":"2023-06-07T12:58:58+00:00","description":"U\u017e\u00edvanie produktu SkinBooster je vo forme pitn\u00e9ho re\u017eimu 1x - 2x denne medzi jedlami. Pitn\u00fd re\u017eim je z\u00e1rove\u0148 d\u00f4le\u017eit\u00fd ore udr\u017eanie hydratovanej pko\u017eky","breadcrumb":{"@id":"https:\/\/www.skinbooster.sk\/sk\/uzivanie\/#breadcrumb"},"inLanguage":"sk-SK","potentialAction":[{"@type":"ReadAction","target":["https:\/\/www.skinbooster.sk\/sk\/uzivanie\/"]}]},{"@type":"ImageObject","inLanguage":"sk-SK","@id":"https:\/\/www.skinbooster.sk\/sk\/uzivanie\/#primaryimage","url":"https:\/\/www.skinbooster.sk\/wp-content\/uploads\/2018\/07\/skinbooster_box_doza.png","contentUrl":"https:\/\/www.skinbooster.sk\/wp-content\/uploads\/2018\/07\/skinbooster_box_doza.png","width":3500,"height":2450,"caption":"SkinBooster - Novinka 2018"},{"@type":"BreadcrumbList","@id":"https:\/\/www.skinbooster.sk\/sk\/uzivanie\/#breadcrumb","itemListElement":[{"@type":"ListItem","position":1,"name":"Home","item":"https:\/\/www.skinbooster.sk\/sk\/"},{"@type":"ListItem","position":2,"name":"U\u017e\u00edvanie"}]},{"@type":"WebSite","@id":"https:\/\/www.skinbooster.sk\/#website","url":"https:\/\/www.skinbooster.sk\/","name":"SkinBooster","description":"Anti Age Formula","potentialAction":[{"@type":"SearchAction","target":{"@type":"EntryPoint","urlTemplate":"https:\/\/www.skinbooster.sk\/?s={search_term_string}"},"query-input":{"@type":"PropertyValueSpecification","valueRequired":true,"valueName":"search_term_string"}}],"inLanguage":"sk-SK"}]}},"_links":{"self":[{"href":"https:\/\/www.skinbooster.sk\/sk\/wp-json\/wp\/v2\/pages\/92","targetHints":{"allow":["GET"]}}],"collection":[{"href":"https:\/\/www.skinbooster.sk\/sk\/wp-json\/wp\/v2\/pages"}],"about":[{"href":"https:\/\/www.skinbooster.sk\/sk\/wp-json\/wp\/v2\/types\/page"}],"author":[{"embeddable":true,"href":"https:\/\/www.skinbooster.sk\/sk\/wp-json\/wp\/v2\/users\/2"}],"replies":[{"embeddable":true,"href":"https:\/\/www.skinbooster.sk\/sk\/wp-json\/wp\/v2\/comments?post=92"}],"version-history":[{"count":29,"href":"https:\/\/www.skinbooster.sk\/sk\/wp-json\/wp\/v2\/pages\/92\/revisions"}],"predecessor-version":[{"id":1874,"href":"https:\/\/www.skinbooster.sk\/sk\/wp-json\/wp\/v2\/pages\/92\/revisions\/1874"}],"wp:featuredmedia":[{"embeddable":true,"href":"https:\/\/www.skinbooster.sk\/sk\/wp-json\/wp\/v2\/media\/397"}],"wp:attachment":[{"href":"https:\/\/www.skinbooster.sk\/sk\/wp-json\/wp\/v2\/media?parent=92"}],"curies":[{"name":"wp","href":"https:\/\/api.w.org\/{rel}","templated":true}]}}