{"id":89,"date":"2018-06-26T15:30:48","date_gmt":"2018-06-26T13:30:48","guid":{"rendered":"https:\/\/www.skinbooster.sk\/?page_id=89"},"modified":"2023-06-07T15:14:22","modified_gmt":"2023-06-07T13:14:22","slug":"zlozenie","status":"publish","type":"page","link":"https:\/\/www.skinbooster.sk\/sk\/zlozenie\/","title":{"rendered":"Zlo\u017eenie"},"content":{"rendered":"<div style='padding-bottom:10px; ' class='av-special-heading av-special-heading-h3     '><h3 class='av-special-heading-tag '  itemprop=\"headline\"  >Zlo\u017eenie<\/h3><div class='special-heading-border'><div class='special-heading-inner-border' ><\/div><\/div><\/div>\n<div class=\"flex_column av_one_half  flex_column_div av-zero-column-padding first  \" style='border-radius:0px; '><p><section class=\"av_textblock_section \"  itemscope=\"itemscope\" itemtype=\"https:\/\/schema.org\/CreativeWork\" ><div class='avia_textblock  '   itemprop=\"text\" ><p>Zlo\u017eenie novinky Skinbooster je zameran\u00e9 hlavne na\u00a0<strong>pr\u00edrodne zlo\u017eky<\/strong>. <a href=\"\/vlastnosti\">Kolag\u00e9nov\u00e9 peptidy<\/a> Verisol<sup>\u00ae<\/sup>, Fortigel<sup>\u00ae<\/sup>, beauty matrix (citrul\u00edn mal\u00e1t, <strong>elast\u00ednov\u00e9 peptidy Prolastin <\/strong>(<strong>ryby <\/strong>a\u00a0v\u00fdrobky z<strong>\u00a0r\u00fdb<\/strong>), kerat\u00ednov\u00e9 peptidy Cynatine<sup>\u00ae<\/sup> HNS, ceramidy Ceramoides<sup>TM<\/sup>),\u00a0<strong>vitam\u00edn C<\/strong> (kyselina L-askorbov\u00e1), sodn\u00e1 so\u013e kyseliny hyaluronovej, sladidlo: glykozidy steviolu, kvasni\u010dn\u00fd sel\u00e9n, protihrudkuj\u00faca l\u00e1tka: oxid kremi\u010dit\u00fd, vitam\u00edny: niac\u00edn (nikot\u00ednamid), <strong>E<\/strong> (DL-a-tokoferylacet\u00e1t), kyselina pantotenov\u00e1 (D-pantoten\u00e1t v\u00e1penat\u00fd), <strong>B2<\/strong> (riboflav\u00edn), <strong>B1<\/strong> (tiaminmononitr\u00e1t),\u00a0 <strong>B6<\/strong> pyridox\u00edn (pyridox\u00edn hydrochlorid), kyselina listov\u00e1 (kyselina pteroylmonoglut\u00e1mov\u00e1), biot\u00edn (D-biot\u00edn), <strong>B12<\/strong> (kyanokobalam\u00edn), \u00a0ar\u00f3my: tropical, limetka<u><\/u><\/p>\n<\/div><\/section><br \/>\n<div  class='hr hr-default  '><span class='hr-inner ' ><span class='hr-inner-style'><\/span><\/span><\/div><br \/>\n<div class='avia-image-container  av-styling-    avia-align-center '  itemprop=\"ImageObject\" itemscope=\"itemscope\" itemtype=\"https:\/\/schema.org\/ImageObject\"  ><div class='avia-image-container-inner'><div class='avia-image-overlay-wrap'><img class='avia_image ' src='https:\/\/www.skinbooster.sk\/wp-content\/uploads\/2023\/06\/skinbooster_web_doza-1.jpg' alt='' title='skinbooster_web_doza' height=\"842\"width=\"816\"  itemprop=\"thumbnailUrl\"  \/><\/div><\/div><\/div><br \/>\n<div class='avia-button-wrap avia-button-center '><a href='https:\/\/kompava.sk\/p\/skinbooster'  class='avia-button   avia-icon_select-yes-left-icon avia-color-theme-color avia-size-x-large avia-position-center '  target=\"_blank\"   ><span class='avia_button_icon avia_button_icon_left ' aria-hidden='true' data-av_icon='\ue859' data-av_iconfont='entypo-fontello'><\/span><span class='avia_iconbox_title' >Objedna\u0165<\/span><\/a><\/div><\/p><\/div><div class=\"flex_column av_one_half  flex_column_div av-zero-column-padding   \" style='border-radius:0px; '><section class=\"av_textblock_section \"  itemscope=\"itemscope\" itemtype=\"https:\/\/schema.org\/CreativeWork\" ><div class='avia_textblock  '   itemprop=\"text\" ><table width=\"0\">\n<tbody>\n<tr>\n<td width=\"203\">\n<h3>V\u00fd\u017eivov\u00e9 \u00fadaje<\/h3>\n<\/td>\n<td width=\"94\"><strong>100 g<\/strong><\/td>\n<td width=\"104\"><strong>10 g \/1<\/strong><strong style=\"font-family: inherit; font-size: inherit;\">\u00a0d\u00e1vka<\/strong><\/td>\n<td width=\"123\"><strong style=\"font-family: inherit; font-size: inherit;\">*RVH\/RHP %<\/strong><\/p>\n<p><strong>1 d\u00e1vka<\/strong><\/td>\n<\/tr>\n<tr>\n<td width=\"203\">Energetick\u00e1 hodnota<\/td>\n<td width=\"94\">1557 kJ<\/p>\n<p>366,4 kcal<\/td>\n<td width=\"104\">155,7 kJ<\/p>\n<p>36,64 kcal<\/td>\n<td width=\"123\">1,85 %<\/td>\n<\/tr>\n<tr>\n<td width=\"203\">Tuky<\/td>\n<td width=\"94\">0,23 g<\/td>\n<td width=\"104\">0,023 g<\/td>\n<td width=\"123\">0,03 %<\/td>\n<\/tr>\n<tr>\n<td width=\"203\">\u00a0\u00a0z\u00a0toho nas\u00fdten\u00e9\/nasycen\u00e9 mastn\u00e9 kyseliny<\/td>\n<td width=\"94\">0,10 g<\/td>\n<td width=\"104\">0,010 g<\/td>\n<td width=\"123\">0,05 %<\/td>\n<\/tr>\n<tr>\n<td width=\"203\">Sacharidy<\/td>\n<td width=\"94\">\u20391,00 g<\/td>\n<td width=\"104\">\u20390,1 g<\/td>\n<td width=\"123\">0,04 %<\/td>\n<\/tr>\n<tr>\n<td width=\"203\">\u00a0\u00a0z\u00a0toho cukry<\/td>\n<td width=\"94\">\u20391,00 g<\/td>\n<td width=\"104\">\u20390,1 g<\/td>\n<td width=\"123\">0,04 %<\/td>\n<\/tr>\n<tr>\n<td width=\"203\">Bielkoviny\/B\u00edlkoviny<\/td>\n<td width=\"94\">91,17 g<\/td>\n<td width=\"104\">9,12 g<\/td>\n<td width=\"123\">18,24 %<\/td>\n<\/tr>\n<tr>\n<td width=\"203\">So\u013e\/S\u016fl<\/td>\n<td width=\"94\">1,81 g<\/td>\n<td width=\"104\">0,18 g<\/td>\n<td width=\"123\">3 %<\/td>\n<\/tr>\n<tr>\n<td width=\"203\">\n<h5><strong>\u00da\u010dinn\u00e9 l\u00e1tky<\/strong><\/h5>\n<\/td>\n<td width=\"94\"><\/td>\n<td width=\"104\"><\/td>\n<td width=\"123\"><\/td>\n<\/tr>\n<tr>\n<td width=\"203\">Kolag\u00e9nov\u00e9 peptidy<\/td>\n<td width=\"94\">61,7 g<\/td>\n<td width=\"104\">6,17 g<\/td>\n<td width=\"123\"><strong>**<\/strong><\/td>\n<\/tr>\n<tr>\n<td width=\"203\">Beauty matrix<\/td>\n<td width=\"94\">28,3 g<\/td>\n<td width=\"104\">2,83 g<\/td>\n<td width=\"123\"><strong>**<\/strong><\/td>\n<\/tr>\n<tr>\n<td width=\"203\">Kyselina hyaluronov\u00e1<\/td>\n<td width=\"94\">1,5 g<\/td>\n<td width=\"104\">0,15 g<\/td>\n<td width=\"123\"><strong>**<\/strong><\/td>\n<\/tr>\n<tr>\n<td width=\"203\">\n<h5><strong>Viatm\u00edny a\u00a0miner\u00e1ly<\/strong><\/h5>\n<\/td>\n<td width=\"94\"><\/td>\n<td width=\"104\"><\/td>\n<td width=\"123\"><\/td>\n<\/tr>\n<tr>\n<td width=\"203\">Vitam\u00edn C<\/td>\n<td width=\"94\">3300 mg<\/td>\n<td width=\"104\">330 mg<\/td>\n<td width=\"123\">412,5 %<\/td>\n<\/tr>\n<tr>\n<td width=\"203\">Niac\u00edn\/Niacin<\/td>\n<td width=\"94\">\u00a090 mg<\/td>\n<td width=\"104\">9 mg<\/td>\n<td width=\"123\">56,25 %<\/td>\n<\/tr>\n<tr>\n<td width=\"203\">Vitam\u00edn E<\/td>\n<td width=\"94\">50 mg<\/td>\n<td width=\"104\">5 mg<\/td>\n<td width=\"123\">41,66 %<\/td>\n<\/tr>\n<tr>\n<td width=\"203\">Kyselina pantotenov\u00e1<\/td>\n<td width=\"94\">30 mg<\/td>\n<td width=\"104\">3 mg<\/td>\n<td width=\"123\">50 %<\/td>\n<\/tr>\n<tr>\n<td width=\"203\">Vitam\u00edn B6<\/td>\n<td width=\"94\">10 mg<\/td>\n<td width=\"104\">1 mg<\/td>\n<td width=\"123\">71,43 %<\/td>\n<\/tr>\n<tr>\n<td width=\"203\">Vitam\u00edn B2<\/td>\n<td width=\"94\">8 mg<\/td>\n<td width=\"104\">0,8 mg<\/td>\n<td width=\"123\">57,14 %<\/td>\n<\/tr>\n<tr>\n<td width=\"203\">Vitam\u00edn B1<\/td>\n<td width=\"94\">7 mg<\/td>\n<td width=\"104\">0,7 mg<\/td>\n<td width=\"123\">63,63 %<\/td>\n<\/tr>\n<tr>\n<td width=\"203\">Kyselina listov\u00e1<\/td>\n<td width=\"94\">1 mg<\/td>\n<td width=\"104\">100 mg<\/td>\n<td width=\"123\">50 %<\/td>\n<\/tr>\n<tr>\n<td width=\"203\">Biot\u00edn\/Biotin<\/td>\n<td width=\"94\">750 mg<\/td>\n<td width=\"104\">75 mg<\/td>\n<td width=\"123\">150 %<\/td>\n<\/tr>\n<tr>\n<td width=\"203\">Vitam\u00edn B12<\/td>\n<td width=\"94\">0,5mg<\/td>\n<td width=\"104\">0,05 mg<\/td>\n<td width=\"123\">2 %<\/td>\n<\/tr>\n<tr>\n<td width=\"203\">Sel\u00e9n\/Selen<\/td>\n<td width=\"94\">550 mg<\/td>\n<td width=\"104\">55 mg<\/td>\n<td width=\"123\">100 %<\/td>\n<\/tr>\n<\/tbody>\n<\/table>\n<p>*RVH % &#8211; \u00a0Referen\u010dn\u00e1 v\u00fd\u017eivov\u00e1 hodnota<\/p>\n<p>**RVH \u2013 nie je stanoven\u00e9<\/p>\n<p>Referen\u010dn\u00fd pr\u00edjem priemern\u00e9ho dospel\u00e9ho (<strong>8400 kJ\/2000 kcal<\/strong>).<\/p>\n<h3><b>Upozornenie:<\/b><\/h3>\n<p><strong>Nie je vhodn\u00fd<\/strong>\u00a0pre osoby\u00a0<strong>mlad\u0161ie ako 18 rokov, tehotn\u00e9 a\u00a0doj\u010diace \u017eeny<\/strong>. Skladujte mimo dosahu mal\u00fdch det\u00ed, v\u00a0suchom prostred\u00ed, pri teplote\u00a0<strong>od 10 \u00b0C do 25 \u00b0C<\/strong>. Nevystavujte priamemu slne\u010dn\u00e9mu svetlu! Nepou\u017e\u00edvajte ako n\u00e1hradu pestrej a vyv\u00e1\u017eenej stravy a\u00a0zdrav\u00e9ho \u017eivotn\u00e9ho \u0161t\u00fdlu. Stanoven\u00e1 odpor\u00fa\u010dan\u00e1 denn\u00e1 d\u00e1vka sa nesmie presiahnu\u0165.<\/p>\n<\/div><\/section><\/div><\/p>\n","protected":false},"excerpt":{"rendered":"","protected":false},"author":2,"featured_media":71,"parent":0,"menu_order":0,"comment_status":"closed","ping_status":"closed","template":"","meta":{"footnotes":""},"class_list":["post-89","page","type-page","status-publish","has-post-thumbnail","hentry"],"yoast_head":"<!-- This site is optimized with the Yoast SEO plugin v26.0 - https:\/\/yoast.com\/wordpress\/plugins\/seo\/ -->\n<title>Zlo\u017eenie - SkinBooster Anti Age Formula - Kompava spol. s r. o. - Vitam\u00edn<\/title>\n<meta name=\"description\" content=\"Zlo\u017eenie novinky SkinBooster, kolag\u00e9nov\u00e9 a elast\u00ednov\u00e9 a kerat\u00ednov\u00e9 peptidy, vitam\u00edny ako vitam\u00edn C, E, B6,B2, B12, miner\u00e1ly ako Niac\u00edn, Biot\u00edn, Sel\u00e9n a pod.\" \/>\n<meta name=\"robots\" content=\"index, follow, max-snippet:-1, max-image-preview:large, max-video-preview:-1\" \/>\n<link rel=\"canonical\" href=\"https:\/\/www.skinbooster.sk\/sk\/zlozenie\/\" \/>\n<meta property=\"og:locale\" content=\"sk_SK\" \/>\n<meta property=\"og:type\" content=\"article\" \/>\n<meta property=\"og:title\" content=\"Zlo\u017eenie - SkinBooster Anti Age Formula - Kompava spol. s r. o. - Vitam\u00edn\" \/>\n<meta property=\"og:description\" content=\"Zlo\u017eenie novinky SkinBooster, kolag\u00e9nov\u00e9 a elast\u00ednov\u00e9 a kerat\u00ednov\u00e9 peptidy, vitam\u00edny ako vitam\u00edn C, E, B6,B2, B12, miner\u00e1ly ako Niac\u00edn, Biot\u00edn, Sel\u00e9n a pod.\" \/>\n<meta property=\"og:url\" content=\"https:\/\/www.skinbooster.sk\/sk\/zlozenie\/\" \/>\n<meta property=\"og:site_name\" content=\"SkinBooster\" \/>\n<meta property=\"article:publisher\" content=\"https:\/\/www.facebook.com\/Kompava\/\" \/>\n<meta property=\"article:modified_time\" content=\"2023-06-07T13:14:22+00:00\" \/>\n<meta property=\"og:image\" content=\"https:\/\/www.skinbooster.sk\/wp-content\/uploads\/2018\/06\/main_banner3.jpg\" \/>\n\t<meta property=\"og:image:width\" content=\"906\" \/>\n\t<meta property=\"og:image:height\" content=\"870\" \/>\n\t<meta property=\"og:image:type\" content=\"image\/jpeg\" \/>\n<meta name=\"twitter:card\" content=\"summary_large_image\" \/>\n<meta name=\"twitter:label1\" content=\"Predpokladan\u00fd \u010das \u010d\u00edtania\" \/>\n\t<meta name=\"twitter:data1\" content=\"4 min\u00faty\" \/>\n<script type=\"application\/ld+json\" class=\"yoast-schema-graph\">{\"@context\":\"https:\/\/schema.org\",\"@graph\":[{\"@type\":\"WebPage\",\"@id\":\"https:\/\/www.skinbooster.sk\/sk\/zlozenie\/\",\"url\":\"https:\/\/www.skinbooster.sk\/sk\/zlozenie\/\",\"name\":\"Zlo\u017eenie - SkinBooster Anti Age Formula - Kompava spol. s r. o. - Vitam\u00edn\",\"isPartOf\":{\"@id\":\"https:\/\/www.skinbooster.sk\/#website\"},\"primaryImageOfPage\":{\"@id\":\"https:\/\/www.skinbooster.sk\/sk\/zlozenie\/#primaryimage\"},\"image\":{\"@id\":\"https:\/\/www.skinbooster.sk\/sk\/zlozenie\/#primaryimage\"},\"thumbnailUrl\":\"https:\/\/www.skinbooster.sk\/wp-content\/uploads\/2018\/06\/main_banner3.jpg\",\"datePublished\":\"2018-06-26T13:30:48+00:00\",\"dateModified\":\"2023-06-07T13:14:22+00:00\",\"description\":\"Zlo\u017eenie novinky SkinBooster, kolag\u00e9nov\u00e9 a elast\u00ednov\u00e9 a kerat\u00ednov\u00e9 peptidy, vitam\u00edny ako vitam\u00edn C, E, B6,B2, B12, miner\u00e1ly ako Niac\u00edn, Biot\u00edn, Sel\u00e9n a pod.\",\"breadcrumb\":{\"@id\":\"https:\/\/www.skinbooster.sk\/sk\/zlozenie\/#breadcrumb\"},\"inLanguage\":\"sk-SK\",\"potentialAction\":[{\"@type\":\"ReadAction\",\"target\":[\"https:\/\/www.skinbooster.sk\/sk\/zlozenie\/\"]}]},{\"@type\":\"ImageObject\",\"inLanguage\":\"sk-SK\",\"@id\":\"https:\/\/www.skinbooster.sk\/sk\/zlozenie\/#primaryimage\",\"url\":\"https:\/\/www.skinbooster.sk\/wp-content\/uploads\/2018\/06\/main_banner3.jpg\",\"contentUrl\":\"https:\/\/www.skinbooster.sk\/wp-content\/uploads\/2018\/06\/main_banner3.jpg\",\"width\":906,\"height\":870,\"caption\":\"Skinbooster - zlo\u017eenie\"},{\"@type\":\"BreadcrumbList\",\"@id\":\"https:\/\/www.skinbooster.sk\/sk\/zlozenie\/#breadcrumb\",\"itemListElement\":[{\"@type\":\"ListItem\",\"position\":1,\"name\":\"Home\",\"item\":\"https:\/\/www.skinbooster.sk\/sk\/\"},{\"@type\":\"ListItem\",\"position\":2,\"name\":\"Zlo\u017eenie\"}]},{\"@type\":\"WebSite\",\"@id\":\"https:\/\/www.skinbooster.sk\/#website\",\"url\":\"https:\/\/www.skinbooster.sk\/\",\"name\":\"SkinBooster\",\"description\":\"Anti Age Formula\",\"potentialAction\":[{\"@type\":\"SearchAction\",\"target\":{\"@type\":\"EntryPoint\",\"urlTemplate\":\"https:\/\/www.skinbooster.sk\/?s={search_term_string}\"},\"query-input\":{\"@type\":\"PropertyValueSpecification\",\"valueRequired\":true,\"valueName\":\"search_term_string\"}}],\"inLanguage\":\"sk-SK\"}]}<\/script>\n<!-- \/ Yoast SEO plugin. -->","yoast_head_json":{"title":"Zlo\u017eenie - SkinBooster Anti Age Formula - Kompava spol. s r. o. - Vitam\u00edn","description":"Zlo\u017eenie novinky SkinBooster, kolag\u00e9nov\u00e9 a elast\u00ednov\u00e9 a kerat\u00ednov\u00e9 peptidy, vitam\u00edny ako vitam\u00edn C, E, B6,B2, B12, miner\u00e1ly ako Niac\u00edn, Biot\u00edn, Sel\u00e9n a pod.","robots":{"index":"index","follow":"follow","max-snippet":"max-snippet:-1","max-image-preview":"max-image-preview:large","max-video-preview":"max-video-preview:-1"},"canonical":"https:\/\/www.skinbooster.sk\/sk\/zlozenie\/","og_locale":"sk_SK","og_type":"article","og_title":"Zlo\u017eenie - SkinBooster Anti Age Formula - Kompava spol. s r. o. - Vitam\u00edn","og_description":"Zlo\u017eenie novinky SkinBooster, kolag\u00e9nov\u00e9 a elast\u00ednov\u00e9 a kerat\u00ednov\u00e9 peptidy, vitam\u00edny ako vitam\u00edn C, E, B6,B2, B12, miner\u00e1ly ako Niac\u00edn, Biot\u00edn, Sel\u00e9n a pod.","og_url":"https:\/\/www.skinbooster.sk\/sk\/zlozenie\/","og_site_name":"SkinBooster","article_publisher":"https:\/\/www.facebook.com\/Kompava\/","article_modified_time":"2023-06-07T13:14:22+00:00","og_image":[{"width":906,"height":870,"url":"https:\/\/www.skinbooster.sk\/wp-content\/uploads\/2018\/06\/main_banner3.jpg","type":"image\/jpeg"}],"twitter_card":"summary_large_image","twitter_misc":{"Predpokladan\u00fd \u010das \u010d\u00edtania":"4 min\u00faty"},"schema":{"@context":"https:\/\/schema.org","@graph":[{"@type":"WebPage","@id":"https:\/\/www.skinbooster.sk\/sk\/zlozenie\/","url":"https:\/\/www.skinbooster.sk\/sk\/zlozenie\/","name":"Zlo\u017eenie - SkinBooster Anti Age Formula - Kompava spol. s r. o. - Vitam\u00edn","isPartOf":{"@id":"https:\/\/www.skinbooster.sk\/#website"},"primaryImageOfPage":{"@id":"https:\/\/www.skinbooster.sk\/sk\/zlozenie\/#primaryimage"},"image":{"@id":"https:\/\/www.skinbooster.sk\/sk\/zlozenie\/#primaryimage"},"thumbnailUrl":"https:\/\/www.skinbooster.sk\/wp-content\/uploads\/2018\/06\/main_banner3.jpg","datePublished":"2018-06-26T13:30:48+00:00","dateModified":"2023-06-07T13:14:22+00:00","description":"Zlo\u017eenie novinky SkinBooster, kolag\u00e9nov\u00e9 a elast\u00ednov\u00e9 a kerat\u00ednov\u00e9 peptidy, vitam\u00edny ako vitam\u00edn C, E, B6,B2, B12, miner\u00e1ly ako Niac\u00edn, Biot\u00edn, Sel\u00e9n a pod.","breadcrumb":{"@id":"https:\/\/www.skinbooster.sk\/sk\/zlozenie\/#breadcrumb"},"inLanguage":"sk-SK","potentialAction":[{"@type":"ReadAction","target":["https:\/\/www.skinbooster.sk\/sk\/zlozenie\/"]}]},{"@type":"ImageObject","inLanguage":"sk-SK","@id":"https:\/\/www.skinbooster.sk\/sk\/zlozenie\/#primaryimage","url":"https:\/\/www.skinbooster.sk\/wp-content\/uploads\/2018\/06\/main_banner3.jpg","contentUrl":"https:\/\/www.skinbooster.sk\/wp-content\/uploads\/2018\/06\/main_banner3.jpg","width":906,"height":870,"caption":"Skinbooster - zlo\u017eenie"},{"@type":"BreadcrumbList","@id":"https:\/\/www.skinbooster.sk\/sk\/zlozenie\/#breadcrumb","itemListElement":[{"@type":"ListItem","position":1,"name":"Home","item":"https:\/\/www.skinbooster.sk\/sk\/"},{"@type":"ListItem","position":2,"name":"Zlo\u017eenie"}]},{"@type":"WebSite","@id":"https:\/\/www.skinbooster.sk\/#website","url":"https:\/\/www.skinbooster.sk\/","name":"SkinBooster","description":"Anti Age Formula","potentialAction":[{"@type":"SearchAction","target":{"@type":"EntryPoint","urlTemplate":"https:\/\/www.skinbooster.sk\/?s={search_term_string}"},"query-input":{"@type":"PropertyValueSpecification","valueRequired":true,"valueName":"search_term_string"}}],"inLanguage":"sk-SK"}]}},"_links":{"self":[{"href":"https:\/\/www.skinbooster.sk\/sk\/wp-json\/wp\/v2\/pages\/89","targetHints":{"allow":["GET"]}}],"collection":[{"href":"https:\/\/www.skinbooster.sk\/sk\/wp-json\/wp\/v2\/pages"}],"about":[{"href":"https:\/\/www.skinbooster.sk\/sk\/wp-json\/wp\/v2\/types\/page"}],"author":[{"embeddable":true,"href":"https:\/\/www.skinbooster.sk\/sk\/wp-json\/wp\/v2\/users\/2"}],"replies":[{"embeddable":true,"href":"https:\/\/www.skinbooster.sk\/sk\/wp-json\/wp\/v2\/comments?post=89"}],"version-history":[{"count":26,"href":"https:\/\/www.skinbooster.sk\/sk\/wp-json\/wp\/v2\/pages\/89\/revisions"}],"predecessor-version":[{"id":1875,"href":"https:\/\/www.skinbooster.sk\/sk\/wp-json\/wp\/v2\/pages\/89\/revisions\/1875"}],"wp:featuredmedia":[{"embeddable":true,"href":"https:\/\/www.skinbooster.sk\/sk\/wp-json\/wp\/v2\/media\/71"}],"wp:attachment":[{"href":"https:\/\/www.skinbooster.sk\/sk\/wp-json\/wp\/v2\/media?parent=89"}],"curies":[{"name":"wp","href":"https:\/\/api.w.org\/{rel}","templated":true}]}}