{"id":240,"date":"2018-07-02T15:15:46","date_gmt":"2018-07-02T13:15:46","guid":{"rendered":"https:\/\/www.skinbooster.sk\/?page_id=240"},"modified":"2023-06-07T15:22:14","modified_gmt":"2023-06-07T13:22:14","slug":"o-produkte","status":"publish","type":"page","link":"https:\/\/www.skinbooster.sk\/sk\/o-produkte\/","title":{"rendered":"SkinBooster"},"content":{"rendered":"<\/div><\/div><\/div><!-- close content main div --><\/div><\/div><div id='av_section_1' class='avia-section main_color avia-section-default avia-no-border-styling avia-bg-style-scroll   container_wrap sidebar_right' style = 'background-image: '  ><div class='container' ><div class='template-page content  av-content-small alpha units'><div class='post-entry post-entry-type-page post-entry-240'><div class='entry-content-wrapper clearfix'>\n<div style='padding-bottom:10px; ' class='av-special-heading av-special-heading-h3     '><h3 class='av-special-heading-tag '  itemprop=\"headline\"  >O produkte SkinBooster<\/h3><div class='special-heading-border'><div class='special-heading-inner-border' ><\/div><\/div><\/div>\n<div class=\"flex_column av_two_third  flex_column_div av-zero-column-padding first  \" style='border-radius:0px; '><section class=\"av_textblock_section \"  itemscope=\"itemscope\" itemtype=\"https:\/\/schema.org\/CreativeWork\" ><div class='avia_textblock  '   itemprop=\"text\" ><p><strong>SkinBooster revolu\u010dn\u00e1 luxusn\u00e1 novinka<\/strong> v\u00a0starostlivosti o\u00a0<strong><a href=\"\/plet\">ple\u0165<\/a>, <a href=\"\/vlasy\">vlasy<\/a> a\u00a0<a href=\"\/nechty\">nechty<\/a> zvn\u00fatra<\/strong>. Bojuje s\u00a0ka\u017edou vr\u00e1skou, dehydrovanou poko\u017ekou, po\u0161koden\u00edm nechtov a\u00a0oslaben\u00edm vlasov bez lesku.<\/p>\n<p><strong>SkinBooster<\/strong> je v\u00fd\u017eivov\u00fd doplnok, ktor\u00fd obsahuje v\u0161etky zlo\u017eky <strong>\u010disto pr\u00edrodn\u00e9ho charakteru<\/strong>. Pozit\u00edvne p\u00f4sob\u00ed pri <strong>obnove bunkov\u00fdch \u0161trukt\u00far<\/strong> pleti a\u00a0zabezpe\u010duje potrebn\u00fa <strong>v\u00fd\u017eivu pre kr\u00e1sne a\u00a0leskl\u00e9 vlasy a\u00a0pevn\u00e9 nechty. <\/strong><\/p>\n<p>Ka\u017ed\u00e1 \u017eena vie, \u017ee ak si chce zachova\u0165 mlad\u00fa a\u00a0hydratovan\u00fa ple\u0165, mus\u00ed sa o\u00a0\u0148u pravidelne stara\u0165. To ist\u00e9 plat\u00ed pre vlasy a\u00a0nechty. Je nevyhnutn\u00e9 sa o\u00a0svoju poko\u017eku stara\u0165 nie len zvonku ale aj zvn\u00fatra aby boli v\u00fdsledky vidite\u013en\u00e9 a\u00a0boli ste spokojn\u00e1.<\/p>\n<p>SkinBooster je <strong>beauty koktejl<\/strong> vo forme n\u00e1poja, ktor\u00fd zabezpe\u010duje v\u0161etky potrebn\u00e9 nutri\u010dn\u00e9 l\u00e1tky, ktor\u00e9 <strong>ple\u0165, vlasy a\u00a0nechty potrebuj\u00fa k\u00a0dokonalosti.<\/strong><\/p>\n<ul>\n<li>Omladzuje ko\u017en\u00e9 bunky<\/li>\n<li>Zlep\u0161uje hydrat\u00e1ciu pleti<\/li>\n<li>Vyrovn\u00e1va jemn\u00e9 kont\u00fary i\u00a0hlb\u0161ie vr\u00e1sky<\/li>\n<li>Zjem\u0148uje poko\u017eku<\/li>\n<li>Dod\u00e1va vlasom pevnos\u0165, silu a\u00a0lesk<\/li>\n<li>Nechty sa spevnia a\u00a0z\u00edskaj\u00fa kraj\u0161\u00ed vzh\u013ead<\/li>\n<li>Chr\u00e1ni pred vonkaj\u0161\u00edmi negat\u00edvnymi vplyvmi prostredia<\/li>\n<\/ul>\n<p>Vo vrchnej \u010dasti ko\u017ee \u2013 <strong>epiderme<\/strong> zvy\u0161uje <strong>hydrat\u00e1ciu<\/strong> a\u00a0zabra\u0148uje trans epiderm\u00e1lnemu <strong>\u00faniku vody<\/strong>. T\u00fdm dod\u00e1va <strong>pleti hladkos\u0165 a\u00a0jemnos\u0165<\/strong>. Z\u00e1rove\u0148 v\u010faka antioxida\u010dn\u00e9mu \u00fa\u010dinku zabra\u0148uje tvorbe a\u00a0vplyvu vo\u013en\u00fdch radik\u00e1lov na povrchov\u00e9 bunky. Ochra\u0148uje ich pred negat\u00edvnymi vplyvmi vonkaj\u0161ieho prostredia a\u00a0predch\u00e1dza pigmentov\u00fdm \u0161kvrn\u00e1m sp\u00f4soben\u00fdmi pr\u00e1ve vo\u013en\u00fdmi radik\u00e1lmi.<\/p>\n<p>V\u00a0strednej \u010dasti ko\u017ee \u2013 <strong>derme<\/strong> podporuje SkinBooster <strong>tvorbu kolag\u00e9nov\u00fdch a\u00a0elast\u00ednov\u00fdch vl\u00e1kien<\/strong>, zabra\u0148uje ich de\u0161trukcii a\u00a0v\u010faka tomu <strong>predch\u00e1dza tvorbe vr\u00e1sok, vzniknut\u00e9 vr\u00e1sky vyrovn\u00e1va<\/strong>. Hydrat\u00e1ciu dermy zabezpe\u010duje <strong>kyselina hyal\u00faronov\u00e1<\/strong>, ktor\u00e1 spolu s\u00a0kolag\u00e9nov\u00fdmi a\u00a0elast\u00ednov\u00fdmi vl\u00e1knami tvor\u00ed extracelul\u00e1rny matrix, ktor\u00fd tvor\u00ed <strong>z\u00e1klad mladej a\u00a0hydratovanej poko\u017eky<\/strong>. Dostato\u010dn\u00e1 hydratovan\u00e1 derma prispieva k\u00a0lep\u0161iemu prenosu nutri\u010dn\u00fdch l\u00e1tok pre svoju potrebu ale i\u00a0potrebu epidermy.<\/p>\n<p>V\u00a0spodnej \u010dasti ko\u017ee \u2013 <strong>subcutis<\/strong> SkinBooster <strong>zmier\u0148uje <\/strong>tvorbou kolag\u00e9nov\u00fdch vl\u00e1kien <strong>celulit\u00eddu.<\/strong><\/p>\n<p>Vlasom dod\u00e1va nevyhnutn\u00e9 nutri\u010dn\u00e9 l\u00e1tky na <strong>rast siln\u00fdch a\u00a0pevn\u00fdch vlasov<\/strong> s\u00a0vysok\u00fdm leskom. Nov\u00e9 vy\u017eiven\u00e9 vlasy <strong>menej vypad\u00e1vaj\u00fa<\/strong>, s\u00fa silnej\u0161ie, pevnej\u0161ie a\u00a0kr\u00e1snej\u0161ie.<\/p>\n<p>Nechty Skinbooster vy\u017eivuje d\u00f4le\u017eit\u00fdmi nutri\u010dn\u00fdmi l\u00e1tkami, ktor\u00e9 ovplyv\u0148uj\u00fa <strong>rast siln\u00fdch a\u00a0pevn\u00fdch nechtov<\/strong> bez tendencie \u0161tiepenia. Eliminuje \u0161kvrny sp\u00f4soben\u00e9 nedostatkom potrebn\u00fdch nutri\u010dn\u00fdch l\u00e1tok pre necht.<\/p>\n<\/div><\/section><\/div><div class=\"flex_column av_one_third  flex_column_div av-zero-column-padding   \" style='border-radius:0px; '><p><div class='avia-image-container  av-styling-    avia-align-center '  itemprop=\"ImageObject\" itemscope=\"itemscope\" itemtype=\"https:\/\/schema.org\/ImageObject\"  ><div class='avia-image-container-inner'><div class='avia-image-overlay-wrap'><a href='https:\/\/www.kompava.sk\/p\/skinbooster' class='avia_image'   target=\"_blank\" ><img class='avia_image ' src='https:\/\/www.skinbooster.sk\/wp-content\/uploads\/2023\/06\/skinbooster_transparent.png' alt='skinbooster_' title='skinbooster_transparent'  itemprop=\"thumbnailUrl\"  \/><\/a><\/div><\/div><\/div><br \/>\n<div class='avia-button-wrap avia-button-center '><a href='https:\/\/www.kompava.sk\/p\/skinbooster'  class='avia-button   avia-icon_select-yes-left-icon avia-color-theme-color avia-size-x-large avia-position-center '  target=\"_blank\"   ><span class='avia_button_icon avia_button_icon_left ' aria-hidden='true' data-av_icon='\ue859' data-av_iconfont='entypo-fontello'><\/span><span class='avia_iconbox_title' >Objedna\u0165<\/span><\/a><\/div><\/p><\/div><\/div><\/div><\/div><!-- close content main div --><\/div><\/div><div id='after_section_1' class='main_color av_default_container_wrap container_wrap sidebar_right'   ><div class='container' ><div class='template-page content  av-content-small alpha units'><div class='post-entry post-entry-type-page post-entry-240'><div class='entry-content-wrapper clearfix'>\n","protected":false},"excerpt":{"rendered":"","protected":false},"author":2,"featured_media":761,"parent":0,"menu_order":0,"comment_status":"closed","ping_status":"closed","template":"","meta":{"footnotes":""},"class_list":["post-240","page","type-page","status-publish","has-post-thumbnail","hentry"],"yoast_head":"<!-- This site is optimized with the Yoast SEO plugin v26.0 - https:\/\/yoast.com\/wordpress\/plugins\/seo\/ -->\n<title>O produkte - SkinBooster - Anti Age Formula - Kompava spol. s r. o.<\/title>\n<meta name=\"description\" content=\"O produkte SkinBooster m\u00f4\u017eme tvrdi\u0165, \u017ee je to revol\u00fa\u010dna a luxusn\u00e1 novinka. Ide o v\u00fd\u017eivov\u00fd doplnok, ktor\u00fd obsahuje v\u0161etky zlo\u017eky \u010disto pr\u00edrodn\u00e9ho charakteru.\" \/>\n<meta name=\"robots\" content=\"index, follow, max-snippet:-1, max-image-preview:large, max-video-preview:-1\" \/>\n<link rel=\"canonical\" href=\"https:\/\/www.skinbooster.sk\/sk\/o-produkte\/\" \/>\n<meta property=\"og:locale\" content=\"sk_SK\" \/>\n<meta property=\"og:type\" content=\"article\" \/>\n<meta property=\"og:title\" content=\"O produkte - SkinBooster - Anti Age Formula - Kompava spol. s r. o.\" \/>\n<meta property=\"og:description\" content=\"O produkte SkinBooster m\u00f4\u017eme tvrdi\u0165, \u017ee je to revol\u00fa\u010dna a luxusn\u00e1 novinka. Ide o v\u00fd\u017eivov\u00fd doplnok, ktor\u00fd obsahuje v\u0161etky zlo\u017eky \u010disto pr\u00edrodn\u00e9ho charakteru.\" \/>\n<meta property=\"og:url\" content=\"https:\/\/www.skinbooster.sk\/sk\/o-produkte\/\" \/>\n<meta property=\"og:site_name\" content=\"SkinBooster\" \/>\n<meta property=\"article:publisher\" content=\"https:\/\/www.facebook.com\/Kompava\/\" \/>\n<meta property=\"article:modified_time\" content=\"2023-06-07T13:22:14+00:00\" \/>\n<meta property=\"og:image\" content=\"https:\/\/www.skinbooster.sk\/wp-content\/uploads\/2018\/07\/SkinBooster.png\" \/>\n\t<meta property=\"og:image:width\" content=\"1100\" \/>\n\t<meta property=\"og:image:height\" content=\"1412\" \/>\n\t<meta property=\"og:image:type\" content=\"image\/png\" \/>\n<meta name=\"twitter:card\" content=\"summary_large_image\" \/>\n<meta name=\"twitter:label1\" content=\"Predpokladan\u00fd \u010das \u010d\u00edtania\" \/>\n\t<meta name=\"twitter:data1\" content=\"5 min\u00fat\" \/>\n<script type=\"application\/ld+json\" class=\"yoast-schema-graph\">{\"@context\":\"https:\/\/schema.org\",\"@graph\":[{\"@type\":\"WebPage\",\"@id\":\"https:\/\/www.skinbooster.sk\/sk\/o-produkte\/\",\"url\":\"https:\/\/www.skinbooster.sk\/sk\/o-produkte\/\",\"name\":\"O produkte - SkinBooster - Anti Age Formula - Kompava spol. s r. o.\",\"isPartOf\":{\"@id\":\"https:\/\/www.skinbooster.sk\/#website\"},\"primaryImageOfPage\":{\"@id\":\"https:\/\/www.skinbooster.sk\/sk\/o-produkte\/#primaryimage\"},\"image\":{\"@id\":\"https:\/\/www.skinbooster.sk\/sk\/o-produkte\/#primaryimage\"},\"thumbnailUrl\":\"https:\/\/www.skinbooster.sk\/wp-content\/uploads\/2018\/07\/SkinBooster.png\",\"datePublished\":\"2018-07-02T13:15:46+00:00\",\"dateModified\":\"2023-06-07T13:22:14+00:00\",\"description\":\"O produkte SkinBooster m\u00f4\u017eme tvrdi\u0165, \u017ee je to revol\u00fa\u010dna a luxusn\u00e1 novinka. Ide o v\u00fd\u017eivov\u00fd doplnok, ktor\u00fd obsahuje v\u0161etky zlo\u017eky \u010disto pr\u00edrodn\u00e9ho charakteru.\",\"breadcrumb\":{\"@id\":\"https:\/\/www.skinbooster.sk\/sk\/o-produkte\/#breadcrumb\"},\"inLanguage\":\"sk-SK\",\"potentialAction\":[{\"@type\":\"ReadAction\",\"target\":[\"https:\/\/www.skinbooster.sk\/sk\/o-produkte\/\"]}]},{\"@type\":\"ImageObject\",\"inLanguage\":\"sk-SK\",\"@id\":\"https:\/\/www.skinbooster.sk\/sk\/o-produkte\/#primaryimage\",\"url\":\"https:\/\/www.skinbooster.sk\/wp-content\/uploads\/2018\/07\/SkinBooster.png\",\"contentUrl\":\"https:\/\/www.skinbooster.sk\/wp-content\/uploads\/2018\/07\/SkinBooster.png\",\"width\":1100,\"height\":1412,\"caption\":\"SkinBooster\"},{\"@type\":\"BreadcrumbList\",\"@id\":\"https:\/\/www.skinbooster.sk\/sk\/o-produkte\/#breadcrumb\",\"itemListElement\":[{\"@type\":\"ListItem\",\"position\":1,\"name\":\"Home\",\"item\":\"https:\/\/www.skinbooster.sk\/sk\/\"},{\"@type\":\"ListItem\",\"position\":2,\"name\":\"SkinBooster\"}]},{\"@type\":\"WebSite\",\"@id\":\"https:\/\/www.skinbooster.sk\/#website\",\"url\":\"https:\/\/www.skinbooster.sk\/\",\"name\":\"SkinBooster\",\"description\":\"Anti Age Formula\",\"potentialAction\":[{\"@type\":\"SearchAction\",\"target\":{\"@type\":\"EntryPoint\",\"urlTemplate\":\"https:\/\/www.skinbooster.sk\/?s={search_term_string}\"},\"query-input\":{\"@type\":\"PropertyValueSpecification\",\"valueRequired\":true,\"valueName\":\"search_term_string\"}}],\"inLanguage\":\"sk-SK\"}]}<\/script>\n<!-- \/ Yoast SEO plugin. -->","yoast_head_json":{"title":"O produkte - SkinBooster - Anti Age Formula - Kompava spol. s r. o.","description":"O produkte SkinBooster m\u00f4\u017eme tvrdi\u0165, \u017ee je to revol\u00fa\u010dna a luxusn\u00e1 novinka. Ide o v\u00fd\u017eivov\u00fd doplnok, ktor\u00fd obsahuje v\u0161etky zlo\u017eky \u010disto pr\u00edrodn\u00e9ho charakteru.","robots":{"index":"index","follow":"follow","max-snippet":"max-snippet:-1","max-image-preview":"max-image-preview:large","max-video-preview":"max-video-preview:-1"},"canonical":"https:\/\/www.skinbooster.sk\/sk\/o-produkte\/","og_locale":"sk_SK","og_type":"article","og_title":"O produkte - SkinBooster - Anti Age Formula - Kompava spol. s r. o.","og_description":"O produkte SkinBooster m\u00f4\u017eme tvrdi\u0165, \u017ee je to revol\u00fa\u010dna a luxusn\u00e1 novinka. Ide o v\u00fd\u017eivov\u00fd doplnok, ktor\u00fd obsahuje v\u0161etky zlo\u017eky \u010disto pr\u00edrodn\u00e9ho charakteru.","og_url":"https:\/\/www.skinbooster.sk\/sk\/o-produkte\/","og_site_name":"SkinBooster","article_publisher":"https:\/\/www.facebook.com\/Kompava\/","article_modified_time":"2023-06-07T13:22:14+00:00","og_image":[{"width":1100,"height":1412,"url":"https:\/\/www.skinbooster.sk\/wp-content\/uploads\/2018\/07\/SkinBooster.png","type":"image\/png"}],"twitter_card":"summary_large_image","twitter_misc":{"Predpokladan\u00fd \u010das \u010d\u00edtania":"5 min\u00fat"},"schema":{"@context":"https:\/\/schema.org","@graph":[{"@type":"WebPage","@id":"https:\/\/www.skinbooster.sk\/sk\/o-produkte\/","url":"https:\/\/www.skinbooster.sk\/sk\/o-produkte\/","name":"O produkte - SkinBooster - Anti Age Formula - Kompava spol. s r. o.","isPartOf":{"@id":"https:\/\/www.skinbooster.sk\/#website"},"primaryImageOfPage":{"@id":"https:\/\/www.skinbooster.sk\/sk\/o-produkte\/#primaryimage"},"image":{"@id":"https:\/\/www.skinbooster.sk\/sk\/o-produkte\/#primaryimage"},"thumbnailUrl":"https:\/\/www.skinbooster.sk\/wp-content\/uploads\/2018\/07\/SkinBooster.png","datePublished":"2018-07-02T13:15:46+00:00","dateModified":"2023-06-07T13:22:14+00:00","description":"O produkte SkinBooster m\u00f4\u017eme tvrdi\u0165, \u017ee je to revol\u00fa\u010dna a luxusn\u00e1 novinka. Ide o v\u00fd\u017eivov\u00fd doplnok, ktor\u00fd obsahuje v\u0161etky zlo\u017eky \u010disto pr\u00edrodn\u00e9ho charakteru.","breadcrumb":{"@id":"https:\/\/www.skinbooster.sk\/sk\/o-produkte\/#breadcrumb"},"inLanguage":"sk-SK","potentialAction":[{"@type":"ReadAction","target":["https:\/\/www.skinbooster.sk\/sk\/o-produkte\/"]}]},{"@type":"ImageObject","inLanguage":"sk-SK","@id":"https:\/\/www.skinbooster.sk\/sk\/o-produkte\/#primaryimage","url":"https:\/\/www.skinbooster.sk\/wp-content\/uploads\/2018\/07\/SkinBooster.png","contentUrl":"https:\/\/www.skinbooster.sk\/wp-content\/uploads\/2018\/07\/SkinBooster.png","width":1100,"height":1412,"caption":"SkinBooster"},{"@type":"BreadcrumbList","@id":"https:\/\/www.skinbooster.sk\/sk\/o-produkte\/#breadcrumb","itemListElement":[{"@type":"ListItem","position":1,"name":"Home","item":"https:\/\/www.skinbooster.sk\/sk\/"},{"@type":"ListItem","position":2,"name":"SkinBooster"}]},{"@type":"WebSite","@id":"https:\/\/www.skinbooster.sk\/#website","url":"https:\/\/www.skinbooster.sk\/","name":"SkinBooster","description":"Anti Age Formula","potentialAction":[{"@type":"SearchAction","target":{"@type":"EntryPoint","urlTemplate":"https:\/\/www.skinbooster.sk\/?s={search_term_string}"},"query-input":{"@type":"PropertyValueSpecification","valueRequired":true,"valueName":"search_term_string"}}],"inLanguage":"sk-SK"}]}},"_links":{"self":[{"href":"https:\/\/www.skinbooster.sk\/sk\/wp-json\/wp\/v2\/pages\/240","targetHints":{"allow":["GET"]}}],"collection":[{"href":"https:\/\/www.skinbooster.sk\/sk\/wp-json\/wp\/v2\/pages"}],"about":[{"href":"https:\/\/www.skinbooster.sk\/sk\/wp-json\/wp\/v2\/types\/page"}],"author":[{"embeddable":true,"href":"https:\/\/www.skinbooster.sk\/sk\/wp-json\/wp\/v2\/users\/2"}],"replies":[{"embeddable":true,"href":"https:\/\/www.skinbooster.sk\/sk\/wp-json\/wp\/v2\/comments?post=240"}],"version-history":[{"count":21,"href":"https:\/\/www.skinbooster.sk\/sk\/wp-json\/wp\/v2\/pages\/240\/revisions"}],"predecessor-version":[{"id":1881,"href":"https:\/\/www.skinbooster.sk\/sk\/wp-json\/wp\/v2\/pages\/240\/revisions\/1881"}],"wp:featuredmedia":[{"embeddable":true,"href":"https:\/\/www.skinbooster.sk\/sk\/wp-json\/wp\/v2\/media\/761"}],"wp:attachment":[{"href":"https:\/\/www.skinbooster.sk\/sk\/wp-json\/wp\/v2\/media?parent=240"}],"curies":[{"name":"wp","href":"https:\/\/api.w.org\/{rel}","templated":true}]}}