{"id":21,"date":"2018-06-10T15:01:21","date_gmt":"2018-06-10T13:01:21","guid":{"rendered":"https:\/\/www.skinbooster.sk\/?page_id=21"},"modified":"2025-10-01T12:36:32","modified_gmt":"2025-10-01T10:36:32","slug":"home","status":"publish","type":"page","link":"https:\/\/www.skinbooster.sk\/sk\/","title":{"rendered":"Home"},"content":{"rendered":"<\/div><\/div><\/div><!-- close content main div --><\/div><\/div><div id='av_section_1' class='avia-section main_color avia-section-default avia-no-border-styling av-section-color-overlay-active avia-bg-style-fixed   av-minimum-height av-minimum-height-100 container_wrap sidebar_right' style = 'background-repeat: no-repeat; background-image: url(https:\/\/www.skinbooster.sk\/wp-content\/uploads\/2023\/06\/main_banner-2023-1.jpg);background-attachment: fixed; background-position: center center; ' data-section-bg-repeat='no-repeat' ><div class='av-section-color-overlay-wrap'><div class='av-section-color-overlay' style='opacity: 0.7; background-color: #f8f8f8; '><\/div><a href='#next-section' title='' class='scroll-down-link  av-custom-scroll-down-color' style='color: #968a3a;' aria-hidden='true' data-av_icon='\ue877' data-av_iconfont='entypo-fontello'><\/a><div class='container' ><div class='template-page content  av-content-small alpha units'><div class='post-entry post-entry-type-page post-entry-21'><div class='entry-content-wrapper clearfix'>\n<div class='avia-image-container  av-styling-   av-desktop-hide  avia-align-center '  itemprop=\"ImageObject\" itemscope=\"itemscope\" itemtype=\"https:\/\/schema.org\/ImageObject\"  ><div class='avia-image-container-inner'><div class='avia-image-overlay-wrap'><img class='avia_image ' src='https:\/\/www.skinbooster.sk\/wp-content\/uploads\/2023\/06\/skinbooster_transparent-300x300.png' alt='skinbooster_' title='skinbooster_transparent' height=\"300\"width=\"300\"  itemprop=\"thumbnailUrl\"  \/><\/div><\/div><\/div>\n<div class=\"flex_column av_one_third  flex_column_div av-zero-column-padding first  \" style='border-radius:0px; '><p><div style='padding-bottom:10px; ' class='av-special-heading av-special-heading-h1  blockquote modern-quote   '><h1 class='av-special-heading-tag '  itemprop=\"headline\"  >Revol\u00facia v starostlivosti o ple\u0165, vlasy a nechty zvn\u00fatra<\/h1><div class='special-heading-border'><div class='special-heading-inner-border' ><\/div><\/div><\/div><br \/>\n<section class=\"av_textblock_section \"  itemscope=\"itemscope\" itemtype=\"https:\/\/schema.org\/CreativeWork\" ><div class='avia_textblock  '   itemprop=\"text\" ><p>Odha\u013ete tajomstvo <strong>pleti bez vr\u00e1sok<\/strong>, dokonale <strong>kr\u00e1snych nechtov<\/strong> a siln\u00fdch a <strong>\u017eiariv\u00fdch\u00a0vlasov<\/strong>. Porazte roky, ktor\u00e9 vidno na va\u0161ej pleti, zvn\u00fatra. Bu\u010fte spokojn\u00e1 pri poh\u013eade na svoj\u00a0obraz v zrkadle. <strong>Zosta\u0148te mlad\u00e1!<\/strong><\/p>\n<\/div><\/section><\/p><\/div><div class=\"flex_column av_one_third  flex_column_div av-zero-column-padding   \" style='border-radius:0px; '><\/div><div class=\"flex_column av_one_third  flex_column_div av-zero-column-padding   \" style='border-radius:0px; '><\/div><\/div><\/div><\/div><!-- close content main div --><\/div><div class='av-extra-border-element border-extra-diagonal  '><div class='av-extra-border-outer'><div class='av-extra-border-inner'  style='background-color:#ffffff;' ><\/div><\/div><\/div><\/div><\/div><div id='after_section_1' class='main_color av_default_container_wrap container_wrap sidebar_right'   ><div class='container' ><div class='template-page content  av-content-small alpha units'><div class='post-entry post-entry-type-page post-entry-21'><div class='entry-content-wrapper clearfix'><\/div><\/div><\/div><!-- close content main div --><\/div><\/div><div id='av_section_2' class='avia-section main_color avia-section-default avia-no-border-styling avia-bg-style-scroll   container_wrap sidebar_right' style = 'background-image: '  ><div class='container' ><div class='template-page content  av-content-small alpha units'><div class='post-entry post-entry-type-page post-entry-21'><div class='entry-content-wrapper clearfix'>\n<div class=\"flex_column av_one_full  flex_column_div av-zero-column-padding first  \" style='border-radius:0px; '><\/div><div class='flex_column_table av-equal-height-column-flextable -flextable' ><div class=\"flex_column av_one_third  av-animated-generic right-to-left  flex_column_table_cell av-equal-height-column av-align-top av-zero-column-padding first  \" style='border-radius:0px; '><div  class='av_promobox  avia-button-no '>\t\t<div class='avia-promocontent'><h3 style=\"text-align: center;\">Ple\u0165<\/h3>\n<p style=\"text-align: center;\">Hydratovan\u00e1 poko\u017eka, jemn\u00e1 a\u00a0hladk\u00e1 na dotyk. Pru\u017en\u00e1 ple\u0165 bez sklonu k tvorbe vr\u00e1sok sp\u00f4soben\u00fdch \u00fabytkom kolag\u00e9nov\u00fdch a\u00a0elast\u00ednov\u00fdch vl\u00e1kien.<\/p>\n<p>\n<\/div>\t<\/div><br \/>\n<div class='avia-button-wrap avia-button-center '><a href='\/plet'  class='avia-button   avia-icon_select-no avia-color-theme-color-subtle avia-size-small avia-position-center '   ><span class='avia_iconbox_title' >Viac<\/span><\/a><\/div><\/p><\/div><\/div><!--close column table wrapper. Autoclose: 1 --><div class='flex_column_table av-equal-height-column-flextable -flextable' ><div class='av-flex-placeholder'><\/div><div class=\"flex_column av_one_third  av-animated-generic right-to-left  flex_column_table_cell av-equal-height-column av-align-top av-zero-column-padding   \" style='border-radius:0px; '><div  class='av_promobox  avia-button-no '>\t\t<div class='avia-promocontent'><h3 style=\"text-align: center;\">Vlasy<\/h3>\n<p style=\"text-align: center;\">Siln\u00e9, hust\u00e9 a\u00a0pevn\u00e9 vlasy s\u00a0vysok\u00fdm leskom. Jedna z\u00a0najv\u00e4\u010d\u0161\u00edch \u017eensk\u00fdch zbran\u00ed. Vlasy nevypad\u00e1vaj\u00fa, s\u00fa siln\u00e9 na \u0165ah a z\u00e1rove\u0148 jemn\u00e9 na dotyk.<\/p>\n<p>\n<\/div>\t<\/div><br \/>\n<div class='avia-button-wrap avia-button-center '><a href='\/vlasy'  class='avia-button   avia-icon_select-no avia-color-theme-color-subtle avia-size-small avia-position-center '   ><span class='avia_iconbox_title' >Viac<\/span><\/a><\/div><\/p><\/div><\/div><!--close column table wrapper. Autoclose: 1 --><div class='flex_column_table av-equal-height-column-flextable -flextable' ><div class='av-flex-placeholder'><\/div><div class=\"flex_column av_one_third  av-animated-generic right-to-left  flex_column_table_cell av-equal-height-column av-align-top av-zero-column-padding   \" style='border-radius:0px; '><div  class='av_promobox  avia-button-no '>\t\t<div class='avia-promocontent'><h3 style=\"text-align: center;\">Nechty<\/h3>\n<p style=\"text-align: center;\">Kr\u00e1sne pevn\u00e9 a\u00a0siln\u00e9 nechty bez tendencie \u0161tiepenia sa. Odstr\u00e1nen\u00e9 \u0161kvrny a\u00a0ryhy z\u00a0nechtov. Kr\u00e1sne zdrav\u00e9 nechty o\u00a0ktor\u00fdch sn\u00edva ka\u017ed\u00e1 \u017eena.<\/p>\n<p>\n<\/div>\t<\/div><br \/>\n<div class='avia-button-wrap avia-button-center '><a href='\/nechty'  class='avia-button   avia-icon_select-no avia-color-theme-color-subtle avia-size-small avia-position-center '   ><span class='avia_iconbox_title' >Viac<\/span><\/a><\/div><\/p><\/div><\/div><!--close column table wrapper. Autoclose: 1 -->\n<\/div><\/div><\/div><!-- close content main div --><\/div><\/div><div id='after_section_2' class='main_color av_default_container_wrap container_wrap sidebar_right'   ><div class='container' ><div class='template-page content  av-content-small alpha units'><div class='post-entry post-entry-type-page post-entry-21'><div class='entry-content-wrapper clearfix'><\/p>\n<\/div><\/div><\/div><!-- close content main div --><\/div><\/div><div id='av_section_3' class='avia-section main_color avia-section-default avia-no-border-styling av-section-color-overlay-active avia-bg-style-fixed   av-minimum-height av-minimum-height-75 container_wrap sidebar_right' style = 'background-repeat: no-repeat; background-image: url(https:\/\/www.skinbooster.sk\/wp-content\/uploads\/2023\/06\/skinbooster_web_doza.jpg);background-attachment: fixed; background-position: center center; ' data-section-bg-repeat='no-repeat' ><div class='av-section-color-overlay-wrap'><div class='av-section-color-overlay' style='opacity: 0.7; background-color: #f8f8f8; '><\/div><div class='container' ><div class='template-page content  av-content-small alpha units'><div class='post-entry post-entry-type-page post-entry-21'><div class='entry-content-wrapper clearfix'>\n<div class=\"flex_column av_one_third  flex_column_div av-zero-column-padding first  \" style='border-radius:0px; '><p><div style='padding-bottom:10px; ' class='av-special-heading av-special-heading-h3  blockquote modern-quote   '><h3 class='av-special-heading-tag '  itemprop=\"headline\"  >Beautiful <span class='special_amp'>&amp;<\/span> young forever!<\/h3><div class='special-heading-border'><div class='special-heading-inner-border' ><\/div><\/div><\/div><br \/>\n<section class=\"av_textblock_section \"  itemscope=\"itemscope\" itemtype=\"https:\/\/schema.org\/CreativeWork\" ><div class='avia_textblock  '   itemprop=\"text\" ><p>Nie v\u017edy posta\u010d\u00ed sa stara\u0165 o\u00a0seba len zvonka, tak ako vyzer\u00e1te zvonka je zrkadlom toho, ako sa Va\u0161e telo c\u00edti vo vn\u00fatri.<\/p>\n<p><strong><em>Starajte sa o\u00a0svoju ple\u0165, vlasy i\u00a0nechty i\u00a0zvn\u00fatra. KR\u00c1SU A\u00a0MLADOS\u0164 m\u00e1te teraz na dosah.<\/em><\/strong><\/p>\n<\/div><\/section><\/p><\/div><div class=\"flex_column av_one_third  flex_column_div av-zero-column-padding   \" style='border-radius:0px; '><\/div><div class=\"flex_column av_one_third  flex_column_div av-zero-column-padding   \" style='border-radius:0px; '><p><div style='padding-bottom:10px; ' class='av-special-heading av-special-heading-h3  blockquote modern-quote   '><h3 class='av-special-heading-tag '  itemprop=\"headline\"  >SkinBooster beauty matrix<\/h3><div class='special-heading-border'><div class='special-heading-inner-border' ><\/div><\/div><\/div><br \/>\n<section class=\"av_textblock_section \"  itemscope=\"itemscope\" itemtype=\"https:\/\/schema.org\/CreativeWork\" ><div class='avia_textblock  '   itemprop=\"text\" ><p>Zabezpe\u010dte si potrebn\u00fa d\u00e1vku hydrat\u00e1cie ka\u017ed\u00fd de\u0148 vo forme pitn\u00e9ho re\u017eimu a sledujte, ako po tomto beauty koktejli jedine\u010dn\u00fdch zlo\u017eiek doslova <strong>o\u017e\u00edva va\u0161a ple\u0165<\/strong>, <strong>vyp\u00ednaj\u00fa<\/strong> sa v\u00e1m <strong>vr\u00e1sky<\/strong>, <strong>silnej\u00fa nechty<\/strong> a <strong>vlasy<\/strong> op\u00e4\u0165 <strong>\u017eiaria<\/strong><\/p>\n<\/div><\/section><\/p><\/div><div class=\"flex_column av_one_full  flex_column_div av-zero-column-padding first  \" style='border-radius:0px; '><div class='avia-button-wrap avia-button-center '><a href='https:\/\/www.kompava.sk\/skinbooster'  class='avia-button   avia-icon_select-yes-left-icon avia-color-theme-color avia-size-x-large avia-position-center '  target=\"_blank\"   ><span class='avia_button_icon avia_button_icon_left ' aria-hidden='true' data-av_icon='\ue859' data-av_iconfont='entypo-fontello'><\/span><span class='avia_iconbox_title' >K\u00fapi\u0165<\/span><\/a><\/div><\/div><div class=\"flex_column av_one_full  flex_column_div first  \" style='border-radius:0px; '><p><div style='height:200px' class='hr hr-invisible  '><span class='hr-inner ' ><span class='hr-inner-style'><\/span><\/span><\/div><br \/>\n<section class=\"av_textblock_section \"  itemscope=\"itemscope\" itemtype=\"https:\/\/schema.org\/CreativeWork\" ><div class='avia_textblock  '   itemprop=\"text\" ><p style=\"text-align: center;\">Nezabudnite\u00a0\u00a0 dodr\u017eiava\u0165\u00a0\u00a0 odpor\u00fa\u010dan\u00e9\u00a0\u00a0 d\u00e1vkovanie, ktor\u00e9\u00a0\u00a0 je\u00a0\u00a0 uveden\u00e9\u00a0\u00a0 na\u00a0\u00a0 obale n\u00e1\u0161ho produktu. Spr\u00e1vne d\u00e1vkovanie je k\u013e\u00fa\u010dom k optim\u00e1lnym v\u00fdsledkom. V pr\u00edpade, \u017ee\u00a0\u00a0 m\u00e1te\u00a0\u00a0 ak\u00e9ko\u013evek\u00a0\u00a0 ot\u00e1zky\u00a0\u00a0 oh\u013eadne\u00a0 spr\u00e1vneho\u00a0\u00a0 u\u017e\u00edvania\u00a0\u00a0 na\u0161ich produktov alebo potrebujete \u010fal\u0161ie inform\u00e1cie, nev\u00e1hajte n\u00e1s kontaktova\u0165. Va\u0161e zdravie je pre n\u00e1s na prvom mieste a sme tu, aby sme v\u00e1m poskytli podporu a potrebn\u00e9 inform\u00e1cie.<\/p>\n<\/div><\/section><\/p><\/div><\/div><\/div><\/div><!-- close content main div --><\/div><div class='av-extra-border-element border-extra-diagonal  '><div class='av-extra-border-outer'><div class='av-extra-border-inner'  style='background-color:#ffffff;' ><\/div><\/div><\/div><\/div><\/div><div id='after_section_3' class='main_color av_default_container_wrap container_wrap sidebar_right'   ><div class='container' ><div class='template-page content  av-content-small alpha units'><div class='post-entry post-entry-type-page post-entry-21'><div class='entry-content-wrapper clearfix'>\n","protected":false},"excerpt":{"rendered":"","protected":false},"author":1,"featured_media":220,"parent":0,"menu_order":0,"comment_status":"closed","ping_status":"closed","template":"","meta":{"footnotes":""},"class_list":["post-21","page","type-page","status-publish","has-post-thumbnail","hentry"],"yoast_head":"<!-- This site is optimized with the Yoast SEO plugin v26.0 - https:\/\/yoast.com\/wordpress\/plugins\/seo\/ -->\n<title>SkinBooster - Anti Aging Formula - Kompava spol. s r.o.<\/title>\n<meta name=\"description\" content=\"SkinBooster - Hovor\u00ed sa, \u017ee kr\u00e1sa vy\u017earuje zvn\u00fatra a t\u00fato m\u00fadros\u0165 v\u00e1m teraz navy\u0161e potvrd\u00ed aj luxusn\u00e1 t\u00e1to novinka v starostlivosti o ple\u0165, vlasy a nechty.\" \/>\n<meta name=\"robots\" content=\"index, follow, max-snippet:-1, max-image-preview:large, max-video-preview:-1\" \/>\n<link rel=\"canonical\" href=\"https:\/\/www.skinbooster.sk\/sk\/\" \/>\n<meta property=\"og:locale\" content=\"sk_SK\" \/>\n<meta property=\"og:type\" content=\"article\" \/>\n<meta property=\"og:title\" content=\"SkinBooster - Anti Aging Formula - Kompava spol. s r.o.\" \/>\n<meta property=\"og:description\" content=\"SkinBooster - Hovor\u00ed sa, \u017ee kr\u00e1sa vy\u017earuje zvn\u00fatra a t\u00fato m\u00fadros\u0165 v\u00e1m teraz navy\u0161e potvrd\u00ed aj luxusn\u00e1 t\u00e1to novinka v starostlivosti o ple\u0165, vlasy a nechty.\" \/>\n<meta property=\"og:url\" content=\"https:\/\/www.skinbooster.sk\/sk\/\" \/>\n<meta property=\"og:site_name\" content=\"SkinBooster\" \/>\n<meta property=\"article:publisher\" content=\"https:\/\/www.facebook.com\/Kompava\/\" \/>\n<meta property=\"article:modified_time\" content=\"2025-10-01T10:36:32+00:00\" \/>\n<meta property=\"og:image\" content=\"https:\/\/www.skinbooster.sk\/wp-content\/uploads\/2018\/06\/main_banner-1.jpg\" \/>\n\t<meta property=\"og:image:width\" content=\"1920\" \/>\n\t<meta property=\"og:image:height\" content=\"1080\" \/>\n\t<meta property=\"og:image:type\" content=\"image\/jpeg\" \/>\n<meta name=\"twitter:card\" content=\"summary_large_image\" \/>\n<meta name=\"twitter:label1\" content=\"Predpokladan\u00fd \u010das \u010d\u00edtania\" \/>\n\t<meta name=\"twitter:data1\" content=\"6 min\u00fat\" \/>\n<script type=\"application\/ld+json\" class=\"yoast-schema-graph\">{\"@context\":\"https:\/\/schema.org\",\"@graph\":[{\"@type\":\"WebPage\",\"@id\":\"https:\/\/www.skinbooster.sk\/sk\/\",\"url\":\"https:\/\/www.skinbooster.sk\/sk\/\",\"name\":\"SkinBooster - Anti Aging Formula - Kompava spol. s r.o.\",\"isPartOf\":{\"@id\":\"https:\/\/www.skinbooster.sk\/#website\"},\"primaryImageOfPage\":{\"@id\":\"https:\/\/www.skinbooster.sk\/sk\/#primaryimage\"},\"image\":{\"@id\":\"https:\/\/www.skinbooster.sk\/sk\/#primaryimage\"},\"thumbnailUrl\":\"https:\/\/www.skinbooster.sk\/wp-content\/uploads\/2018\/06\/main_banner-1.jpg\",\"datePublished\":\"2018-06-10T13:01:21+00:00\",\"dateModified\":\"2025-10-01T10:36:32+00:00\",\"description\":\"SkinBooster - Hovor\u00ed sa, \u017ee kr\u00e1sa vy\u017earuje zvn\u00fatra a t\u00fato m\u00fadros\u0165 v\u00e1m teraz navy\u0161e potvrd\u00ed aj luxusn\u00e1 t\u00e1to novinka v starostlivosti o ple\u0165, vlasy a nechty.\",\"breadcrumb\":{\"@id\":\"https:\/\/www.skinbooster.sk\/sk\/#breadcrumb\"},\"inLanguage\":\"sk-SK\",\"potentialAction\":[{\"@type\":\"ReadAction\",\"target\":[\"https:\/\/www.skinbooster.sk\/sk\/\"]}]},{\"@type\":\"ImageObject\",\"inLanguage\":\"sk-SK\",\"@id\":\"https:\/\/www.skinbooster.sk\/sk\/#primaryimage\",\"url\":\"https:\/\/www.skinbooster.sk\/wp-content\/uploads\/2018\/06\/main_banner-1.jpg\",\"contentUrl\":\"https:\/\/www.skinbooster.sk\/wp-content\/uploads\/2018\/06\/main_banner-1.jpg\",\"width\":1920,\"height\":1080,\"caption\":\"Skin Booster Kompava\"},{\"@type\":\"BreadcrumbList\",\"@id\":\"https:\/\/www.skinbooster.sk\/sk\/#breadcrumb\",\"itemListElement\":[{\"@type\":\"ListItem\",\"position\":1,\"name\":\"Home\",\"item\":\"https:\/\/www.skinbooster.sk\/sk\/\"},{\"@type\":\"ListItem\",\"position\":2,\"name\":\"Home\"}]},{\"@type\":\"WebSite\",\"@id\":\"https:\/\/www.skinbooster.sk\/#website\",\"url\":\"https:\/\/www.skinbooster.sk\/\",\"name\":\"SkinBooster\",\"description\":\"Anti Age Formula\",\"potentialAction\":[{\"@type\":\"SearchAction\",\"target\":{\"@type\":\"EntryPoint\",\"urlTemplate\":\"https:\/\/www.skinbooster.sk\/?s={search_term_string}\"},\"query-input\":{\"@type\":\"PropertyValueSpecification\",\"valueRequired\":true,\"valueName\":\"search_term_string\"}}],\"inLanguage\":\"sk-SK\"}]}<\/script>\n<!-- \/ Yoast SEO plugin. -->","yoast_head_json":{"title":"SkinBooster - Anti Aging Formula - Kompava spol. s r.o.","description":"SkinBooster - Hovor\u00ed sa, \u017ee kr\u00e1sa vy\u017earuje zvn\u00fatra a t\u00fato m\u00fadros\u0165 v\u00e1m teraz navy\u0161e potvrd\u00ed aj luxusn\u00e1 t\u00e1to novinka v starostlivosti o ple\u0165, vlasy a nechty.","robots":{"index":"index","follow":"follow","max-snippet":"max-snippet:-1","max-image-preview":"max-image-preview:large","max-video-preview":"max-video-preview:-1"},"canonical":"https:\/\/www.skinbooster.sk\/sk\/","og_locale":"sk_SK","og_type":"article","og_title":"SkinBooster - Anti Aging Formula - Kompava spol. s r.o.","og_description":"SkinBooster - Hovor\u00ed sa, \u017ee kr\u00e1sa vy\u017earuje zvn\u00fatra a t\u00fato m\u00fadros\u0165 v\u00e1m teraz navy\u0161e potvrd\u00ed aj luxusn\u00e1 t\u00e1to novinka v starostlivosti o ple\u0165, vlasy a nechty.","og_url":"https:\/\/www.skinbooster.sk\/sk\/","og_site_name":"SkinBooster","article_publisher":"https:\/\/www.facebook.com\/Kompava\/","article_modified_time":"2025-10-01T10:36:32+00:00","og_image":[{"width":1920,"height":1080,"url":"https:\/\/www.skinbooster.sk\/wp-content\/uploads\/2018\/06\/main_banner-1.jpg","type":"image\/jpeg"}],"twitter_card":"summary_large_image","twitter_misc":{"Predpokladan\u00fd \u010das \u010d\u00edtania":"6 min\u00fat"},"schema":{"@context":"https:\/\/schema.org","@graph":[{"@type":"WebPage","@id":"https:\/\/www.skinbooster.sk\/sk\/","url":"https:\/\/www.skinbooster.sk\/sk\/","name":"SkinBooster - Anti Aging Formula - Kompava spol. s r.o.","isPartOf":{"@id":"https:\/\/www.skinbooster.sk\/#website"},"primaryImageOfPage":{"@id":"https:\/\/www.skinbooster.sk\/sk\/#primaryimage"},"image":{"@id":"https:\/\/www.skinbooster.sk\/sk\/#primaryimage"},"thumbnailUrl":"https:\/\/www.skinbooster.sk\/wp-content\/uploads\/2018\/06\/main_banner-1.jpg","datePublished":"2018-06-10T13:01:21+00:00","dateModified":"2025-10-01T10:36:32+00:00","description":"SkinBooster - Hovor\u00ed sa, \u017ee kr\u00e1sa vy\u017earuje zvn\u00fatra a t\u00fato m\u00fadros\u0165 v\u00e1m teraz navy\u0161e potvrd\u00ed aj luxusn\u00e1 t\u00e1to novinka v starostlivosti o ple\u0165, vlasy a nechty.","breadcrumb":{"@id":"https:\/\/www.skinbooster.sk\/sk\/#breadcrumb"},"inLanguage":"sk-SK","potentialAction":[{"@type":"ReadAction","target":["https:\/\/www.skinbooster.sk\/sk\/"]}]},{"@type":"ImageObject","inLanguage":"sk-SK","@id":"https:\/\/www.skinbooster.sk\/sk\/#primaryimage","url":"https:\/\/www.skinbooster.sk\/wp-content\/uploads\/2018\/06\/main_banner-1.jpg","contentUrl":"https:\/\/www.skinbooster.sk\/wp-content\/uploads\/2018\/06\/main_banner-1.jpg","width":1920,"height":1080,"caption":"Skin Booster Kompava"},{"@type":"BreadcrumbList","@id":"https:\/\/www.skinbooster.sk\/sk\/#breadcrumb","itemListElement":[{"@type":"ListItem","position":1,"name":"Home","item":"https:\/\/www.skinbooster.sk\/sk\/"},{"@type":"ListItem","position":2,"name":"Home"}]},{"@type":"WebSite","@id":"https:\/\/www.skinbooster.sk\/#website","url":"https:\/\/www.skinbooster.sk\/","name":"SkinBooster","description":"Anti Age Formula","potentialAction":[{"@type":"SearchAction","target":{"@type":"EntryPoint","urlTemplate":"https:\/\/www.skinbooster.sk\/?s={search_term_string}"},"query-input":{"@type":"PropertyValueSpecification","valueRequired":true,"valueName":"search_term_string"}}],"inLanguage":"sk-SK"}]}},"_links":{"self":[{"href":"https:\/\/www.skinbooster.sk\/sk\/wp-json\/wp\/v2\/pages\/21","targetHints":{"allow":["GET"]}}],"collection":[{"href":"https:\/\/www.skinbooster.sk\/sk\/wp-json\/wp\/v2\/pages"}],"about":[{"href":"https:\/\/www.skinbooster.sk\/sk\/wp-json\/wp\/v2\/types\/page"}],"author":[{"embeddable":true,"href":"https:\/\/www.skinbooster.sk\/sk\/wp-json\/wp\/v2\/users\/1"}],"replies":[{"embeddable":true,"href":"https:\/\/www.skinbooster.sk\/sk\/wp-json\/wp\/v2\/comments?post=21"}],"version-history":[{"count":83,"href":"https:\/\/www.skinbooster.sk\/sk\/wp-json\/wp\/v2\/pages\/21\/revisions"}],"predecessor-version":[{"id":1911,"href":"https:\/\/www.skinbooster.sk\/sk\/wp-json\/wp\/v2\/pages\/21\/revisions\/1911"}],"wp:featuredmedia":[{"embeddable":true,"href":"https:\/\/www.skinbooster.sk\/sk\/wp-json\/wp\/v2\/media\/220"}],"wp:attachment":[{"href":"https:\/\/www.skinbooster.sk\/sk\/wp-json\/wp\/v2\/media?parent=21"}],"curies":[{"name":"wp","href":"https:\/\/api.w.org\/{rel}","templated":true}]}}