{"id":191,"date":"2018-06-27T09:58:04","date_gmt":"2018-06-27T07:58:04","guid":{"rendered":"https:\/\/www.skinbooster.sk\/?page_id=191"},"modified":"2019-11-19T13:21:47","modified_gmt":"2019-11-19T12:21:47","slug":"moja-plet","status":"publish","type":"page","link":"https:\/\/www.skinbooster.sk\/sk\/moja-plet\/","title":{"rendered":"Moja ple\u0165"},"content":{"rendered":"<div style='padding-bottom:10px; ' class='av-special-heading av-special-heading-h3     '><h3 class='av-special-heading-tag '  itemprop=\"headline\"  >Moja ple\u0165<\/h3><div class='special-heading-border'><div class='special-heading-inner-border' ><\/div><\/div><\/div>\n<div  data-autoplay=''  data-interval='5'  data-animation='fade'  data-show_slide_delay='90'  class='avia-content-slider avia-content-grid-active avia-content-slider1 avia-content-slider-even  '  itemscope=\"itemscope\" itemtype=\"https:\/\/schema.org\/Blog\" ><div class='avia-content-slider-inner'><div class='slide-entry-wrap'><article class='slide-entry flex_column  post-entry post-entry-791 slide-entry-overview slide-loop-1 slide-parity-odd  av_one_fourth first real-thumbnail'  itemscope=\"itemscope\" itemtype=\"https:\/\/schema.org\/BlogPosting\" itemprop=\"blogPost\" ><a href='https:\/\/www.skinbooster.sk\/sk\/kolagenove-peptidy\/' data-rel='slide-1' class='slide-image' title=''><img loading=\"lazy\" decoding=\"async\" width=\"450\" height=\"450\" src=\"https:\/\/www.skinbooster.sk\/wp-content\/uploads\/2018\/07\/skinbooster-kolagenove-peptidyx-450x450.jpg\" class=\"attachment-shop_catalog size-shop_catalog wp-post-image\" alt=\"skinbooster- kolagenov\u00e9 peptidyx\" srcset=\"https:\/\/www.skinbooster.sk\/wp-content\/uploads\/2018\/07\/skinbooster-kolagenove-peptidyx-450x450.jpg 450w, https:\/\/www.skinbooster.sk\/wp-content\/uploads\/2018\/07\/skinbooster-kolagenove-peptidyx-80x80.jpg 80w, https:\/\/www.skinbooster.sk\/wp-content\/uploads\/2018\/07\/skinbooster-kolagenove-peptidyx-36x36.jpg 36w, https:\/\/www.skinbooster.sk\/wp-content\/uploads\/2018\/07\/skinbooster-kolagenove-peptidyx-180x180.jpg 180w, https:\/\/www.skinbooster.sk\/wp-content\/uploads\/2018\/07\/skinbooster-kolagenove-peptidyx-120x120.jpg 120w\" sizes=\"auto, (max-width: 450px) 100vw, 450px\" \/><small class='avia-copyright'>skinbooster- kolagenov\u00e9 peptidyx<\/small><\/a><div class='slide-content'><header class=\"entry-content-header\"><h3 class='slide-entry-title entry-title'  itemprop=\"headline\" ><a href='https:\/\/www.skinbooster.sk\/sk\/kolagenove-peptidy\/' title='Kolag\u00e9nov\u00e9 peptidy'>Kolag\u00e9nov\u00e9 peptidy<\/a><\/h3><span class=\"av-vertical-delimiter\"><\/span><\/header><\/div><footer class=\"entry-footer\"><\/footer><span class='hidden'>\n\t\t\t<span class='av-structured-data'  itemprop=\"ImageObject\" itemscope=\"itemscope\" itemtype=\"https:\/\/schema.org\/ImageObject\"  itemprop='image'>\n\t\t\t\t\t   <span itemprop='url' >https:\/\/www.skinbooster.sk\/wp-content\/uploads\/2018\/07\/skinbooster-kolagenove-peptidyx.jpg<\/span>\n\t\t\t\t\t   <span itemprop='height' >789<\/span>\n\t\t\t\t\t   <span itemprop='width' >1410<\/span>\n\t\t\t\t  <\/span><span class='av-structured-data'  itemprop=\"publisher\" itemtype=\"https:\/\/schema.org\/Organization\" itemscope=\"itemscope\" >\n\t\t\t\t<span itemprop='name'>Kompava<\/span>\n\t\t\t\t<span itemprop='logo' itemscope itemtype='http:\/\/schema.org\/ImageObject'>\n\t\t\t\t   <span itemprop='url'>https:\/\/www.skinbooster.sk\/wp-content\/uploads\/2018\/06\/logo.png<\/span>\n\t\t\t\t <\/span>\n\t\t\t  <\/span><span class='av-structured-data'  itemprop=\"author\" itemscope=\"itemscope\" itemtype=\"https:\/\/schema.org\/Person\" ><span itemprop='name'>Kompava<\/span><\/span><span class='av-structured-data'  itemprop=\"datePublished\" datetime=\"2018-07-17T08:51:32+02:00\" >2018-07-17 11:34:33<\/span><span class='av-structured-data'  itemprop=\"dateModified\" itemtype=\"https:\/\/schema.org\/dateModified\" >2019-03-08 07:44:44<\/span><span class='av-structured-data'  itemprop=\"mainEntityOfPage\" itemtype=\"https:\/\/schema.org\/mainEntityOfPage\" ><span itemprop='name'>Kolag\u00e9nov\u00e9 peptidy<\/span><\/span><\/span><\/article><article class='slide-entry flex_column  post-entry post-entry-725 slide-entry-overview slide-loop-2 slide-parity-even  av_one_fourth  real-thumbnail'  itemscope=\"itemscope\" itemtype=\"https:\/\/schema.org\/BlogPosting\" itemprop=\"blogPost\" ><a href='https:\/\/www.skinbooster.sk\/sk\/pletova-maska\/' data-rel='slide-1' class='slide-image' title=''><img loading=\"lazy\" decoding=\"async\" width=\"450\" height=\"450\" src=\"https:\/\/www.skinbooster.sk\/wp-content\/uploads\/2018\/07\/026-450x450.jpg\" class=\"attachment-shop_catalog size-shop_catalog wp-post-image\" alt=\"Hrejiv\u00e1 jablkov\u00e1 maska\" srcset=\"https:\/\/www.skinbooster.sk\/wp-content\/uploads\/2018\/07\/026-450x450.jpg 450w, https:\/\/www.skinbooster.sk\/wp-content\/uploads\/2018\/07\/026-80x80.jpg 80w, https:\/\/www.skinbooster.sk\/wp-content\/uploads\/2018\/07\/026-36x36.jpg 36w, https:\/\/www.skinbooster.sk\/wp-content\/uploads\/2018\/07\/026-180x180.jpg 180w, https:\/\/www.skinbooster.sk\/wp-content\/uploads\/2018\/07\/026-120x120.jpg 120w\" sizes=\"auto, (max-width: 450px) 100vw, 450px\" \/><small class='avia-copyright'>Hrejiv\u00e1 jablkov\u00e1 maska<\/small><\/a><div class='slide-content'><header class=\"entry-content-header\"><h3 class='slide-entry-title entry-title'  itemprop=\"headline\" ><a href='https:\/\/www.skinbooster.sk\/sk\/pletova-maska\/' title='Ple\u0165ov\u00e1 Maska'>Ple\u0165ov\u00e1 Maska<\/a><\/h3><span class=\"av-vertical-delimiter\"><\/span><\/header><\/div><footer class=\"entry-footer\"><\/footer><span class='hidden'>\n\t\t\t<span class='av-structured-data'  itemprop=\"ImageObject\" itemscope=\"itemscope\" itemtype=\"https:\/\/schema.org\/ImageObject\"  itemprop='image'>\n\t\t\t\t\t   <span itemprop='url' >https:\/\/www.skinbooster.sk\/wp-content\/uploads\/2018\/07\/026.jpg<\/span>\n\t\t\t\t\t   <span itemprop='height' >3456<\/span>\n\t\t\t\t\t   <span itemprop='width' >5184<\/span>\n\t\t\t\t  <\/span><span class='av-structured-data'  itemprop=\"publisher\" itemtype=\"https:\/\/schema.org\/Organization\" itemscope=\"itemscope\" >\n\t\t\t\t<span itemprop='name'>Kompava<\/span>\n\t\t\t\t<span itemprop='logo' itemscope itemtype='http:\/\/schema.org\/ImageObject'>\n\t\t\t\t   <span itemprop='url'>https:\/\/www.skinbooster.sk\/wp-content\/uploads\/2018\/06\/logo.png<\/span>\n\t\t\t\t <\/span>\n\t\t\t  <\/span><span class='av-structured-data'  itemprop=\"author\" itemscope=\"itemscope\" itemtype=\"https:\/\/schema.org\/Person\" ><span itemprop='name'>Kompava<\/span><\/span><span class='av-structured-data'  itemprop=\"datePublished\" datetime=\"2018-07-17T08:51:32+02:00\" >2018-07-17 08:51:52<\/span><span class='av-structured-data'  itemprop=\"dateModified\" itemtype=\"https:\/\/schema.org\/dateModified\" >2019-03-08 07:44:53<\/span><span class='av-structured-data'  itemprop=\"mainEntityOfPage\" itemtype=\"https:\/\/schema.org\/mainEntityOfPage\" ><span itemprop='name'>Ple\u0165ov\u00e1 Maska<\/span><\/span><\/span><\/article><article class='slide-entry flex_column  post-entry post-entry-722 slide-entry-overview slide-loop-3 slide-parity-odd  post-entry-last  av_one_fourth  real-thumbnail'  itemscope=\"itemscope\" itemtype=\"https:\/\/schema.org\/BlogPosting\" itemprop=\"blogPost\" ><a href='https:\/\/www.skinbooster.sk\/sk\/koza\/' data-rel='slide-1' class='slide-image' title=''><img loading=\"lazy\" decoding=\"async\" width=\"450\" height=\"450\" src=\"https:\/\/www.skinbooster.sk\/wp-content\/uploads\/2018\/07\/koza2-450x450.png\" class=\"attachment-shop_catalog size-shop_catalog wp-post-image\" alt=\"SkinBooster - Ko\u017ea\" srcset=\"https:\/\/www.skinbooster.sk\/wp-content\/uploads\/2018\/07\/koza2-450x450.png 450w, https:\/\/www.skinbooster.sk\/wp-content\/uploads\/2018\/07\/koza2-80x80.png 80w, https:\/\/www.skinbooster.sk\/wp-content\/uploads\/2018\/07\/koza2-36x36.png 36w, https:\/\/www.skinbooster.sk\/wp-content\/uploads\/2018\/07\/koza2-180x180.png 180w, https:\/\/www.skinbooster.sk\/wp-content\/uploads\/2018\/07\/koza2-120x120.png 120w\" sizes=\"auto, (max-width: 450px) 100vw, 450px\" \/><small class='avia-copyright'>SkinBooster - Ko\u017ea<\/small><\/a><div class='slide-content'><header class=\"entry-content-header\"><h3 class='slide-entry-title entry-title'  itemprop=\"headline\" ><a href='https:\/\/www.skinbooster.sk\/sk\/koza\/' title='Ko\u017ea'>Ko\u017ea<\/a><\/h3><span class=\"av-vertical-delimiter\"><\/span><\/header><\/div><footer class=\"entry-footer\"><\/footer><span class='hidden'>\n\t\t\t<span class='av-structured-data'  itemprop=\"ImageObject\" itemscope=\"itemscope\" itemtype=\"https:\/\/schema.org\/ImageObject\"  itemprop='image'>\n\t\t\t\t\t   <span itemprop='url' >https:\/\/www.skinbooster.sk\/wp-content\/uploads\/2018\/07\/koza2.png<\/span>\n\t\t\t\t\t   <span itemprop='height' >1058<\/span>\n\t\t\t\t\t   <span itemprop='width' >1020<\/span>\n\t\t\t\t  <\/span><span class='av-structured-data'  itemprop=\"publisher\" itemtype=\"https:\/\/schema.org\/Organization\" itemscope=\"itemscope\" >\n\t\t\t\t<span itemprop='name'>Kompava<\/span>\n\t\t\t\t<span itemprop='logo' itemscope itemtype='http:\/\/schema.org\/ImageObject'>\n\t\t\t\t   <span itemprop='url'>https:\/\/www.skinbooster.sk\/wp-content\/uploads\/2018\/06\/logo.png<\/span>\n\t\t\t\t <\/span>\n\t\t\t  <\/span><span class='av-structured-data'  itemprop=\"author\" itemscope=\"itemscope\" itemtype=\"https:\/\/schema.org\/Person\" ><span itemprop='name'>Kompava<\/span><\/span><span class='av-structured-data'  itemprop=\"datePublished\" datetime=\"2018-07-17T08:51:32+02:00\" >2018-07-17 08:51:32<\/span><span class='av-structured-data'  itemprop=\"dateModified\" itemtype=\"https:\/\/schema.org\/dateModified\" >2019-03-08 07:44:59<\/span><span class='av-structured-data'  itemprop=\"mainEntityOfPage\" itemtype=\"https:\/\/schema.org\/mainEntityOfPage\" ><span itemprop='name'>Ko\u017ea<\/span><\/span><\/span><\/article><\/div><\/div><\/div>\n<div class='avia-button-wrap avia-button-center '><a href='https:\/\/www.kompava.sk\/p\/skinbooster'  class='avia-button   avia-icon_select-yes-left-icon avia-color-theme-color avia-size-x-large avia-position-center '  target=\"_blank\"   ><span class='avia_button_icon avia_button_icon_left ' aria-hidden='true' data-av_icon='\ue859' data-av_iconfont='entypo-fontello'><\/span><span class='avia_iconbox_title' >Objedna\u0165<\/span><\/a><\/div>\n","protected":false},"excerpt":{"rendered":"","protected":false},"author":2,"featured_media":56,"parent":0,"menu_order":0,"comment_status":"closed","ping_status":"closed","template":"","meta":{"footnotes":""},"class_list":["post-191","page","type-page","status-publish","has-post-thumbnail","hentry"],"yoast_head":"<!-- This site is optimized with the Yoast SEO plugin v26.0 - https:\/\/yoast.com\/wordpress\/plugins\/seo\/ -->\n<title>Moja ple\u0165 - SkinBooster Anti Age Formula - Kompava spol. s r. o.<\/title>\n<meta name=\"description\" content=\"Moja ple\u0165 - blogy a \u010dl\u00e1nky o rad\u00e1ch, ako sa stara\u0165 o svoju ple\u0165, zachov\u00e1va\u0165 spr\u00e1vnu starostlivos\u0165 o ko\u017eu \u010di vytvori\u0165 si spr\u00e1vnu ple\u0165ov\u00fa masku\" \/>\n<meta name=\"robots\" content=\"index, follow, max-snippet:-1, max-image-preview:large, max-video-preview:-1\" \/>\n<link rel=\"canonical\" href=\"https:\/\/www.skinbooster.sk\/sk\/moja-plet\/\" \/>\n<meta property=\"og:locale\" content=\"sk_SK\" \/>\n<meta property=\"og:type\" content=\"article\" \/>\n<meta property=\"og:title\" content=\"Moja ple\u0165 - SkinBooster Anti Age Formula - Kompava spol. s r. o.\" \/>\n<meta property=\"og:description\" content=\"Moja ple\u0165 - blogy a \u010dl\u00e1nky o rad\u00e1ch, ako sa stara\u0165 o svoju ple\u0165, zachov\u00e1va\u0165 spr\u00e1vnu starostlivos\u0165 o ko\u017eu \u010di vytvori\u0165 si spr\u00e1vnu ple\u0165ov\u00fa masku\" \/>\n<meta property=\"og:url\" content=\"https:\/\/www.skinbooster.sk\/sk\/moja-plet\/\" \/>\n<meta property=\"og:site_name\" content=\"SkinBooster\" \/>\n<meta property=\"article:publisher\" content=\"https:\/\/www.facebook.com\/Kompava\/\" \/>\n<meta property=\"article:modified_time\" content=\"2019-11-19T12:21:47+00:00\" \/>\n<meta property=\"og:image\" content=\"https:\/\/www.skinbooster.sk\/wp-content\/uploads\/2018\/06\/favicon.png\" \/>\n\t<meta property=\"og:image:width\" content=\"512\" \/>\n\t<meta property=\"og:image:height\" content=\"512\" \/>\n\t<meta property=\"og:image:type\" content=\"image\/png\" \/>\n<meta name=\"twitter:card\" content=\"summary_large_image\" \/>\n<meta name=\"twitter:label1\" content=\"Predpokladan\u00fd \u010das \u010d\u00edtania\" \/>\n\t<meta name=\"twitter:data1\" content=\"1 min\u00fata\" \/>\n<script type=\"application\/ld+json\" class=\"yoast-schema-graph\">{\"@context\":\"https:\/\/schema.org\",\"@graph\":[{\"@type\":\"WebPage\",\"@id\":\"https:\/\/www.skinbooster.sk\/moja-plet\/\",\"url\":\"https:\/\/www.skinbooster.sk\/moja-plet\/\",\"name\":\"Moja ple\u0165 - SkinBooster Anti Age Formula - Kompava spol. s r. o.\",\"isPartOf\":{\"@id\":\"https:\/\/www.skinbooster.sk\/#website\"},\"primaryImageOfPage\":{\"@id\":\"https:\/\/www.skinbooster.sk\/moja-plet\/#primaryimage\"},\"image\":{\"@id\":\"https:\/\/www.skinbooster.sk\/moja-plet\/#primaryimage\"},\"thumbnailUrl\":\"https:\/\/www.skinbooster.sk\/wp-content\/uploads\/2018\/06\/favicon.png\",\"datePublished\":\"2018-06-27T07:58:04+00:00\",\"dateModified\":\"2019-11-19T12:21:47+00:00\",\"description\":\"Moja ple\u0165 - blogy a \u010dl\u00e1nky o rad\u00e1ch, ako sa stara\u0165 o svoju ple\u0165, zachov\u00e1va\u0165 spr\u00e1vnu starostlivos\u0165 o ko\u017eu \u010di vytvori\u0165 si spr\u00e1vnu ple\u0165ov\u00fa masku\",\"breadcrumb\":{\"@id\":\"https:\/\/www.skinbooster.sk\/moja-plet\/#breadcrumb\"},\"inLanguage\":\"sk-SK\",\"potentialAction\":[{\"@type\":\"ReadAction\",\"target\":[\"https:\/\/www.skinbooster.sk\/moja-plet\/\"]}]},{\"@type\":\"ImageObject\",\"inLanguage\":\"sk-SK\",\"@id\":\"https:\/\/www.skinbooster.sk\/moja-plet\/#primaryimage\",\"url\":\"https:\/\/www.skinbooster.sk\/wp-content\/uploads\/2018\/06\/favicon.png\",\"contentUrl\":\"https:\/\/www.skinbooster.sk\/wp-content\/uploads\/2018\/06\/favicon.png\",\"width\":512,\"height\":512},{\"@type\":\"BreadcrumbList\",\"@id\":\"https:\/\/www.skinbooster.sk\/moja-plet\/#breadcrumb\",\"itemListElement\":[{\"@type\":\"ListItem\",\"position\":1,\"name\":\"Home\",\"item\":\"https:\/\/www.skinbooster.sk\/sk\/\"},{\"@type\":\"ListItem\",\"position\":2,\"name\":\"Moja ple\u0165\"}]},{\"@type\":\"WebSite\",\"@id\":\"https:\/\/www.skinbooster.sk\/#website\",\"url\":\"https:\/\/www.skinbooster.sk\/\",\"name\":\"SkinBooster\",\"description\":\"Anti Age Formula\",\"potentialAction\":[{\"@type\":\"SearchAction\",\"target\":{\"@type\":\"EntryPoint\",\"urlTemplate\":\"https:\/\/www.skinbooster.sk\/?s={search_term_string}\"},\"query-input\":{\"@type\":\"PropertyValueSpecification\",\"valueRequired\":true,\"valueName\":\"search_term_string\"}}],\"inLanguage\":\"sk-SK\"}]}<\/script>\n<!-- \/ Yoast SEO plugin. -->","yoast_head_json":{"title":"Moja ple\u0165 - SkinBooster Anti Age Formula - Kompava spol. s r. o.","description":"Moja ple\u0165 - blogy a \u010dl\u00e1nky o rad\u00e1ch, ako sa stara\u0165 o svoju ple\u0165, zachov\u00e1va\u0165 spr\u00e1vnu starostlivos\u0165 o ko\u017eu \u010di vytvori\u0165 si spr\u00e1vnu ple\u0165ov\u00fa masku","robots":{"index":"index","follow":"follow","max-snippet":"max-snippet:-1","max-image-preview":"max-image-preview:large","max-video-preview":"max-video-preview:-1"},"canonical":"https:\/\/www.skinbooster.sk\/sk\/moja-plet\/","og_locale":"sk_SK","og_type":"article","og_title":"Moja ple\u0165 - SkinBooster Anti Age Formula - Kompava spol. s r. o.","og_description":"Moja ple\u0165 - blogy a \u010dl\u00e1nky o rad\u00e1ch, ako sa stara\u0165 o svoju ple\u0165, zachov\u00e1va\u0165 spr\u00e1vnu starostlivos\u0165 o ko\u017eu \u010di vytvori\u0165 si spr\u00e1vnu ple\u0165ov\u00fa masku","og_url":"https:\/\/www.skinbooster.sk\/sk\/moja-plet\/","og_site_name":"SkinBooster","article_publisher":"https:\/\/www.facebook.com\/Kompava\/","article_modified_time":"2019-11-19T12:21:47+00:00","og_image":[{"width":512,"height":512,"url":"https:\/\/www.skinbooster.sk\/wp-content\/uploads\/2018\/06\/favicon.png","type":"image\/png"}],"twitter_card":"summary_large_image","twitter_misc":{"Predpokladan\u00fd \u010das \u010d\u00edtania":"1 min\u00fata"},"schema":{"@context":"https:\/\/schema.org","@graph":[{"@type":"WebPage","@id":"https:\/\/www.skinbooster.sk\/moja-plet\/","url":"https:\/\/www.skinbooster.sk\/moja-plet\/","name":"Moja ple\u0165 - SkinBooster Anti Age Formula - Kompava spol. s r. o.","isPartOf":{"@id":"https:\/\/www.skinbooster.sk\/#website"},"primaryImageOfPage":{"@id":"https:\/\/www.skinbooster.sk\/moja-plet\/#primaryimage"},"image":{"@id":"https:\/\/www.skinbooster.sk\/moja-plet\/#primaryimage"},"thumbnailUrl":"https:\/\/www.skinbooster.sk\/wp-content\/uploads\/2018\/06\/favicon.png","datePublished":"2018-06-27T07:58:04+00:00","dateModified":"2019-11-19T12:21:47+00:00","description":"Moja ple\u0165 - blogy a \u010dl\u00e1nky o rad\u00e1ch, ako sa stara\u0165 o svoju ple\u0165, zachov\u00e1va\u0165 spr\u00e1vnu starostlivos\u0165 o ko\u017eu \u010di vytvori\u0165 si spr\u00e1vnu ple\u0165ov\u00fa masku","breadcrumb":{"@id":"https:\/\/www.skinbooster.sk\/moja-plet\/#breadcrumb"},"inLanguage":"sk-SK","potentialAction":[{"@type":"ReadAction","target":["https:\/\/www.skinbooster.sk\/moja-plet\/"]}]},{"@type":"ImageObject","inLanguage":"sk-SK","@id":"https:\/\/www.skinbooster.sk\/moja-plet\/#primaryimage","url":"https:\/\/www.skinbooster.sk\/wp-content\/uploads\/2018\/06\/favicon.png","contentUrl":"https:\/\/www.skinbooster.sk\/wp-content\/uploads\/2018\/06\/favicon.png","width":512,"height":512},{"@type":"BreadcrumbList","@id":"https:\/\/www.skinbooster.sk\/moja-plet\/#breadcrumb","itemListElement":[{"@type":"ListItem","position":1,"name":"Home","item":"https:\/\/www.skinbooster.sk\/sk\/"},{"@type":"ListItem","position":2,"name":"Moja ple\u0165"}]},{"@type":"WebSite","@id":"https:\/\/www.skinbooster.sk\/#website","url":"https:\/\/www.skinbooster.sk\/","name":"SkinBooster","description":"Anti Age Formula","potentialAction":[{"@type":"SearchAction","target":{"@type":"EntryPoint","urlTemplate":"https:\/\/www.skinbooster.sk\/?s={search_term_string}"},"query-input":{"@type":"PropertyValueSpecification","valueRequired":true,"valueName":"search_term_string"}}],"inLanguage":"sk-SK"}]}},"_links":{"self":[{"href":"https:\/\/www.skinbooster.sk\/sk\/wp-json\/wp\/v2\/pages\/191","targetHints":{"allow":["GET"]}}],"collection":[{"href":"https:\/\/www.skinbooster.sk\/sk\/wp-json\/wp\/v2\/pages"}],"about":[{"href":"https:\/\/www.skinbooster.sk\/sk\/wp-json\/wp\/v2\/types\/page"}],"author":[{"embeddable":true,"href":"https:\/\/www.skinbooster.sk\/sk\/wp-json\/wp\/v2\/users\/2"}],"replies":[{"embeddable":true,"href":"https:\/\/www.skinbooster.sk\/sk\/wp-json\/wp\/v2\/comments?post=191"}],"version-history":[{"count":20,"href":"https:\/\/www.skinbooster.sk\/sk\/wp-json\/wp\/v2\/pages\/191\/revisions"}],"predecessor-version":[{"id":1737,"href":"https:\/\/www.skinbooster.sk\/sk\/wp-json\/wp\/v2\/pages\/191\/revisions\/1737"}],"wp:featuredmedia":[{"embeddable":true,"href":"https:\/\/www.skinbooster.sk\/sk\/wp-json\/wp\/v2\/media\/56"}],"wp:attachment":[{"href":"https:\/\/www.skinbooster.sk\/sk\/wp-json\/wp\/v2\/media?parent=191"}],"curies":[{"name":"wp","href":"https:\/\/api.w.org\/{rel}","templated":true}]}}