{"id":118,"date":"2018-06-26T15:35:51","date_gmt":"2018-06-26T13:35:51","guid":{"rendered":"https:\/\/www.skinbooster.sk\/?page_id=118"},"modified":"2020-12-10T10:38:35","modified_gmt":"2020-12-10T09:38:35","slug":"diagnostika-pleti","status":"publish","type":"page","link":"https:\/\/www.skinbooster.sk\/sk\/diagnostika-pleti\/","title":{"rendered":"Diagnostika pleti"},"content":{"rendered":"<\/div><\/div><\/div><!-- close content main div --><\/div><\/div><div id='av_section_1' class='avia-section main_color avia-section-default avia-no-border-styling avia-bg-style-scroll   container_wrap sidebar_right' style = 'background-image: '  ><div class='container' ><div class='template-page content  av-content-small alpha units'><div class='post-entry post-entry-type-page post-entry-118'><div class='entry-content-wrapper clearfix'>\n<div style='padding-bottom:10px; ' class='av-special-heading av-special-heading-h3     '><h3 class='av-special-heading-tag '  itemprop=\"headline\"  >Digit\u00e1lna diagnostika pleti<\/h3><div class='special-heading-border'><div class='special-heading-inner-border' ><\/div><\/div><\/div>\n<div class=\"flex_column av_two_third  flex_column_div av-zero-column-padding first  \" style='border-radius:0px; '><section class=\"av_textblock_section \"  itemscope=\"itemscope\" itemtype=\"https:\/\/schema.org\/CreativeWork\" ><div class='avia_textblock  '   itemprop=\"text\" ><p><a href=\"https:\/\/www.kompava.sk\">Spolo\u010dnos\u0165 Kompava<\/a> poskytuje mo\u017enos\u0165 <strong>pr\u00edstrojovej diagnostiky pleti<\/strong>. T\u00e1 umo\u017e\u0148uje spr\u00e1vne stanovi\u0165 optim\u00e1lny postup pri starostlivosti o\u00a0ple\u0165 zvn\u00fatra i\u00a0zvonku. Vy\u0161kolen\u00fd \u0161pecialista V\u00e1m pomocou sond diagnostick\u00e9ho pr\u00edstroja, ktor\u00e9 sa prikladaj\u00fa k\u00a0pleti, stanov\u00ed viacero parametrov, na z\u00e1klade ktor\u00fdch V\u00e1m ur\u010d\u00ed <strong>stav <a href=\"\/koza\">poko\u017eky<\/a> a <a href=\"\/vlasy\">vlasov<\/a><\/strong>.<\/p>\n<p>Diagnostick\u00fdm pr\u00edstrojom vieme ur\u010di\u0165:<\/p>\n<ul>\n<li><strong>Hydrat\u00e1ciu pleti<\/strong> \u2013 <a href=\"\/plet\">ple\u0165<\/a>, ktor\u00e1 je dobre z\u00e1soben\u00e1 vodou, sa dok\u00e1\u017ee najlep\u0161ie br\u00e1ni\u0165 negat\u00edvnym vplyvom prostredia a\u00a0predch\u00e1dza tvorbe vr\u00e1sok<\/li>\n<li><strong>Maz na pleti<\/strong> \u2013 ani ve\u013ea ani m\u00e1lo mazu nie je pre ple\u0165 pozit\u00edvna, optim\u00e1lne mno\u017estvo mazu v\u0161ak zabezpe\u010duje ochranu pred stratou vody a\u00a0jej vysychaniu<\/li>\n<li><strong>Elasticitu poko\u017eky<\/strong> \u2013 dostato\u010dn\u00e1 elasticita pleti zabezpe\u010d\u00ed aby sa nevytv\u00e1rali vr\u00e1sky a\u00a0v\u00a0pr\u00edpade v\u00fdskytu ich dok\u00e1\u017ee i vyrovn\u00e1va\u0165<\/li>\n<li><strong>P\u00f3ry<\/strong> \u2013 mno\u017estvo p\u00f3rov na pleti<\/li>\n<li><strong>\u0160kvrny<\/strong> \u2013 mno\u017estvo \u0161kv\u0155n (stareck\u00e9 \u0161kvrny)<\/li>\n<li><strong>Vr\u00e1sky<\/strong> \u2013 mno\u017estvo vr\u00e1sok, ich h\u013abku a\u00a0\u010di je tento stav primeran\u00fd\u00a0V\u00e1\u0161mu veku<\/li>\n<li><strong>Pevnos\u0165 vlasov<\/strong> \u2013 hr\u00fabka vlasu<\/li>\n<li><strong>\u0160trukt\u00faru vlasov<\/strong> \u2013 \u010di je vlas ucelen\u00fd, roz\u0161tiepen\u00fd alebo inak po\u0161koden\u00fd<\/li>\n<li><strong>Lupiny<\/strong> \u2013 mno\u017estvo lup\u00edn<\/li>\n<\/ul>\n<p>Na z\u00e1klade tejto anal\u00fdzy budete presne vedie\u0165, v akom \u0161t\u00e1diu sa ple\u0165 a vlasy nach\u00e1dzaj\u00fa. Pom\u00f4\u017eeme V\u00e1m pri nastaven\u00ed nutri\u010dn\u00e9ho pl\u00e1nu, ktor\u00fd zlep\u0161\u00ed stav pleti, vlasov i nechtov.<\/p>\n<\/div><\/section><\/div><div class=\"flex_column av_one_third  flex_column_div av-zero-column-padding   \" style='border-radius:0px; '><div class='avia-image-container  av-styling-    avia-align-center '  itemprop=\"ImageObject\" itemscope=\"itemscope\" itemtype=\"https:\/\/schema.org\/ImageObject\"  ><div class='avia-image-container-inner'><div class='avia-image-overlay-wrap'><img class='avia_image ' src='https:\/\/www.skinbooster.sk\/wp-content\/uploads\/2018\/07\/diagnosti-pleti-841x1030.jpg' alt='diagnostika pleti' title='diagnostika pleti' height=\"1030\"width=\"841\"  itemprop=\"thumbnailUrl\"  \/><\/div><\/div><\/div><\/div><div class='avia-button-wrap avia-button-center '><a href='https:\/\/www.kompava.sk\/p\/skinbooster'  class='avia-button   avia-icon_select-yes-left-icon avia-color-theme-color avia-size-x-large avia-position-center '  target=\"_blank\"   ><span class='avia_button_icon avia_button_icon_left ' aria-hidden='true' data-av_icon='\ue859' data-av_iconfont='entypo-fontello'><\/span><span class='avia_iconbox_title' >K\u00fapi\u0165 SkinBooster<\/span><\/a><\/div>\n<\/div><\/div><\/div><!-- close content main div --><\/div><\/div><div id='after_section_1' class='main_color av_default_container_wrap container_wrap sidebar_right'   ><div class='container' ><div class='template-page content  av-content-small alpha units'><div class='post-entry post-entry-type-page post-entry-118'><div class='entry-content-wrapper clearfix'>\n","protected":false},"excerpt":{"rendered":"","protected":false},"author":2,"featured_media":571,"parent":0,"menu_order":0,"comment_status":"closed","ping_status":"closed","template":"","meta":{"footnotes":""},"class_list":["post-118","page","type-page","status-publish","has-post-thumbnail","hentry"],"yoast_head":"<!-- This site is optimized with the Yoast SEO plugin v26.0 - https:\/\/yoast.com\/wordpress\/plugins\/seo\/ -->\n<title>Diagnostika pleti - SkinBooster Anti Age Formula - Kompava spol. s r. o.<\/title>\n<meta name=\"description\" content=\"Diagnostika pleti od spolo\u010dnosti Kompava, dok\u00e1\u017ee ur\u010di\u0165 Hydrat\u00e1ciu a maz na pleti, Elasticitu poko\u017eky, P\u00f3ry, \u0160kvrny, Vr\u00e1sky, Pevnos\u0165 a vlasov, Lupiny\" \/>\n<meta name=\"robots\" content=\"index, follow, max-snippet:-1, max-image-preview:large, max-video-preview:-1\" \/>\n<link rel=\"canonical\" href=\"https:\/\/www.skinbooster.sk\/sk\/diagnostika-pleti\/\" \/>\n<meta property=\"og:locale\" content=\"sk_SK\" \/>\n<meta property=\"og:type\" content=\"article\" \/>\n<meta property=\"og:title\" content=\"Diagnostika pleti - SkinBooster Anti Age Formula - Kompava spol. s r. o.\" \/>\n<meta property=\"og:description\" content=\"Diagnostika pleti od spolo\u010dnosti Kompava, dok\u00e1\u017ee ur\u010di\u0165 Hydrat\u00e1ciu a maz na pleti, Elasticitu poko\u017eky, P\u00f3ry, \u0160kvrny, Vr\u00e1sky, Pevnos\u0165 a vlasov, Lupiny\" \/>\n<meta property=\"og:url\" content=\"https:\/\/www.skinbooster.sk\/sk\/diagnostika-pleti\/\" \/>\n<meta property=\"og:site_name\" content=\"SkinBooster\" \/>\n<meta property=\"article:publisher\" content=\"https:\/\/www.facebook.com\/Kompava\/\" \/>\n<meta property=\"article:modified_time\" content=\"2020-12-10T09:38:35+00:00\" \/>\n<meta property=\"og:image\" content=\"https:\/\/www.skinbooster.sk\/wp-content\/uploads\/2018\/07\/diagnosti-pleti.jpg\" \/>\n\t<meta property=\"og:image:width\" content=\"1446\" \/>\n\t<meta property=\"og:image:height\" content=\"1772\" \/>\n\t<meta property=\"og:image:type\" content=\"image\/jpeg\" \/>\n<meta name=\"twitter:card\" content=\"summary_large_image\" \/>\n<meta name=\"twitter:label1\" content=\"Predpokladan\u00fd \u010das \u010d\u00edtania\" \/>\n\t<meta name=\"twitter:data1\" content=\"4 min\u00faty\" \/>\n<script type=\"application\/ld+json\" class=\"yoast-schema-graph\">{\"@context\":\"https:\/\/schema.org\",\"@graph\":[{\"@type\":\"WebPage\",\"@id\":\"https:\/\/www.skinbooster.sk\/diagnostika-pleti\/\",\"url\":\"https:\/\/www.skinbooster.sk\/diagnostika-pleti\/\",\"name\":\"Diagnostika pleti - SkinBooster Anti Age Formula - Kompava spol. s r. o.\",\"isPartOf\":{\"@id\":\"https:\/\/www.skinbooster.sk\/#website\"},\"primaryImageOfPage\":{\"@id\":\"https:\/\/www.skinbooster.sk\/diagnostika-pleti\/#primaryimage\"},\"image\":{\"@id\":\"https:\/\/www.skinbooster.sk\/diagnostika-pleti\/#primaryimage\"},\"thumbnailUrl\":\"https:\/\/www.skinbooster.sk\/wp-content\/uploads\/2018\/07\/diagnosti-pleti.jpg\",\"datePublished\":\"2018-06-26T13:35:51+00:00\",\"dateModified\":\"2020-12-10T09:38:35+00:00\",\"description\":\"Diagnostika pleti od spolo\u010dnosti Kompava, dok\u00e1\u017ee ur\u010di\u0165 Hydrat\u00e1ciu a maz na pleti, Elasticitu poko\u017eky, P\u00f3ry, \u0160kvrny, Vr\u00e1sky, Pevnos\u0165 a vlasov, Lupiny\",\"breadcrumb\":{\"@id\":\"https:\/\/www.skinbooster.sk\/diagnostika-pleti\/#breadcrumb\"},\"inLanguage\":\"sk-SK\",\"potentialAction\":[{\"@type\":\"ReadAction\",\"target\":[\"https:\/\/www.skinbooster.sk\/diagnostika-pleti\/\"]}]},{\"@type\":\"ImageObject\",\"inLanguage\":\"sk-SK\",\"@id\":\"https:\/\/www.skinbooster.sk\/diagnostika-pleti\/#primaryimage\",\"url\":\"https:\/\/www.skinbooster.sk\/wp-content\/uploads\/2018\/07\/diagnosti-pleti.jpg\",\"contentUrl\":\"https:\/\/www.skinbooster.sk\/wp-content\/uploads\/2018\/07\/diagnosti-pleti.jpg\",\"width\":1446,\"height\":1772,\"caption\":\"diagnostika pleti\"},{\"@type\":\"BreadcrumbList\",\"@id\":\"https:\/\/www.skinbooster.sk\/diagnostika-pleti\/#breadcrumb\",\"itemListElement\":[{\"@type\":\"ListItem\",\"position\":1,\"name\":\"Home\",\"item\":\"https:\/\/www.skinbooster.sk\/sk\/\"},{\"@type\":\"ListItem\",\"position\":2,\"name\":\"Diagnostika pleti\"}]},{\"@type\":\"WebSite\",\"@id\":\"https:\/\/www.skinbooster.sk\/#website\",\"url\":\"https:\/\/www.skinbooster.sk\/\",\"name\":\"SkinBooster\",\"description\":\"Anti Age Formula\",\"potentialAction\":[{\"@type\":\"SearchAction\",\"target\":{\"@type\":\"EntryPoint\",\"urlTemplate\":\"https:\/\/www.skinbooster.sk\/?s={search_term_string}\"},\"query-input\":{\"@type\":\"PropertyValueSpecification\",\"valueRequired\":true,\"valueName\":\"search_term_string\"}}],\"inLanguage\":\"sk-SK\"}]}<\/script>\n<!-- \/ Yoast SEO plugin. -->","yoast_head_json":{"title":"Diagnostika pleti - SkinBooster Anti Age Formula - Kompava spol. s r. o.","description":"Diagnostika pleti od spolo\u010dnosti Kompava, dok\u00e1\u017ee ur\u010di\u0165 Hydrat\u00e1ciu a maz na pleti, Elasticitu poko\u017eky, P\u00f3ry, \u0160kvrny, Vr\u00e1sky, Pevnos\u0165 a vlasov, Lupiny","robots":{"index":"index","follow":"follow","max-snippet":"max-snippet:-1","max-image-preview":"max-image-preview:large","max-video-preview":"max-video-preview:-1"},"canonical":"https:\/\/www.skinbooster.sk\/sk\/diagnostika-pleti\/","og_locale":"sk_SK","og_type":"article","og_title":"Diagnostika pleti - SkinBooster Anti Age Formula - Kompava spol. s r. o.","og_description":"Diagnostika pleti od spolo\u010dnosti Kompava, dok\u00e1\u017ee ur\u010di\u0165 Hydrat\u00e1ciu a maz na pleti, Elasticitu poko\u017eky, P\u00f3ry, \u0160kvrny, Vr\u00e1sky, Pevnos\u0165 a vlasov, Lupiny","og_url":"https:\/\/www.skinbooster.sk\/sk\/diagnostika-pleti\/","og_site_name":"SkinBooster","article_publisher":"https:\/\/www.facebook.com\/Kompava\/","article_modified_time":"2020-12-10T09:38:35+00:00","og_image":[{"width":1446,"height":1772,"url":"https:\/\/www.skinbooster.sk\/wp-content\/uploads\/2018\/07\/diagnosti-pleti.jpg","type":"image\/jpeg"}],"twitter_card":"summary_large_image","twitter_misc":{"Predpokladan\u00fd \u010das \u010d\u00edtania":"4 min\u00faty"},"schema":{"@context":"https:\/\/schema.org","@graph":[{"@type":"WebPage","@id":"https:\/\/www.skinbooster.sk\/diagnostika-pleti\/","url":"https:\/\/www.skinbooster.sk\/diagnostika-pleti\/","name":"Diagnostika pleti - SkinBooster Anti Age Formula - Kompava spol. s r. o.","isPartOf":{"@id":"https:\/\/www.skinbooster.sk\/#website"},"primaryImageOfPage":{"@id":"https:\/\/www.skinbooster.sk\/diagnostika-pleti\/#primaryimage"},"image":{"@id":"https:\/\/www.skinbooster.sk\/diagnostika-pleti\/#primaryimage"},"thumbnailUrl":"https:\/\/www.skinbooster.sk\/wp-content\/uploads\/2018\/07\/diagnosti-pleti.jpg","datePublished":"2018-06-26T13:35:51+00:00","dateModified":"2020-12-10T09:38:35+00:00","description":"Diagnostika pleti od spolo\u010dnosti Kompava, dok\u00e1\u017ee ur\u010di\u0165 Hydrat\u00e1ciu a maz na pleti, Elasticitu poko\u017eky, P\u00f3ry, \u0160kvrny, Vr\u00e1sky, Pevnos\u0165 a vlasov, Lupiny","breadcrumb":{"@id":"https:\/\/www.skinbooster.sk\/diagnostika-pleti\/#breadcrumb"},"inLanguage":"sk-SK","potentialAction":[{"@type":"ReadAction","target":["https:\/\/www.skinbooster.sk\/diagnostika-pleti\/"]}]},{"@type":"ImageObject","inLanguage":"sk-SK","@id":"https:\/\/www.skinbooster.sk\/diagnostika-pleti\/#primaryimage","url":"https:\/\/www.skinbooster.sk\/wp-content\/uploads\/2018\/07\/diagnosti-pleti.jpg","contentUrl":"https:\/\/www.skinbooster.sk\/wp-content\/uploads\/2018\/07\/diagnosti-pleti.jpg","width":1446,"height":1772,"caption":"diagnostika pleti"},{"@type":"BreadcrumbList","@id":"https:\/\/www.skinbooster.sk\/diagnostika-pleti\/#breadcrumb","itemListElement":[{"@type":"ListItem","position":1,"name":"Home","item":"https:\/\/www.skinbooster.sk\/sk\/"},{"@type":"ListItem","position":2,"name":"Diagnostika pleti"}]},{"@type":"WebSite","@id":"https:\/\/www.skinbooster.sk\/#website","url":"https:\/\/www.skinbooster.sk\/","name":"SkinBooster","description":"Anti Age Formula","potentialAction":[{"@type":"SearchAction","target":{"@type":"EntryPoint","urlTemplate":"https:\/\/www.skinbooster.sk\/?s={search_term_string}"},"query-input":{"@type":"PropertyValueSpecification","valueRequired":true,"valueName":"search_term_string"}}],"inLanguage":"sk-SK"}]}},"_links":{"self":[{"href":"https:\/\/www.skinbooster.sk\/sk\/wp-json\/wp\/v2\/pages\/118","targetHints":{"allow":["GET"]}}],"collection":[{"href":"https:\/\/www.skinbooster.sk\/sk\/wp-json\/wp\/v2\/pages"}],"about":[{"href":"https:\/\/www.skinbooster.sk\/sk\/wp-json\/wp\/v2\/types\/page"}],"author":[{"embeddable":true,"href":"https:\/\/www.skinbooster.sk\/sk\/wp-json\/wp\/v2\/users\/2"}],"replies":[{"embeddable":true,"href":"https:\/\/www.skinbooster.sk\/sk\/wp-json\/wp\/v2\/comments?post=118"}],"version-history":[{"count":19,"href":"https:\/\/www.skinbooster.sk\/sk\/wp-json\/wp\/v2\/pages\/118\/revisions"}],"predecessor-version":[{"id":1885,"href":"https:\/\/www.skinbooster.sk\/sk\/wp-json\/wp\/v2\/pages\/118\/revisions\/1885"}],"wp:featuredmedia":[{"embeddable":true,"href":"https:\/\/www.skinbooster.sk\/sk\/wp-json\/wp\/v2\/media\/571"}],"wp:attachment":[{"href":"https:\/\/www.skinbooster.sk\/sk\/wp-json\/wp\/v2\/media?parent=118"}],"curies":[{"name":"wp","href":"https:\/\/api.w.org\/{rel}","templated":true}]}}