{"id":105,"date":"2018-06-26T15:32:53","date_gmt":"2018-06-26T13:32:53","guid":{"rendered":"https:\/\/www.skinbooster.sk\/?page_id=105"},"modified":"2019-11-19T13:22:30","modified_gmt":"2019-11-19T12:22:30","slug":"plet","status":"publish","type":"page","link":"https:\/\/www.skinbooster.sk\/sk\/plet\/","title":{"rendered":"Ple\u0165"},"content":{"rendered":"<div style='padding-bottom:10px; ' class='av-special-heading av-special-heading-h3     '><h3 class='av-special-heading-tag '  itemprop=\"headline\"  >Ple\u0165<\/h3><div class='special-heading-border'><div class='special-heading-inner-border' ><\/div><\/div><\/div>\n<section class=\"av_textblock_section \"  itemscope=\"itemscope\" itemtype=\"https:\/\/schema.org\/CreativeWork\" ><div class='avia_textblock  '   itemprop=\"text\" ><p><strong>SkinBooster<\/strong> obsahuje dva druhy kolag\u00e9nov\u00fdch zna\u010dkov\u00fdch peptidov\u00a0 (Verisol, Fortigel) s\u00a0viacer\u00fdmi preuk\u00e1zate\u013en\u00fdmi \u0161t\u00fadiami na ple\u0165, vlasy a\u00a0nechty. Zabra\u0148uj\u00fa<strong> prehlbovaniu vr\u00e1sok<\/strong> a\u00a0vzniknut\u00e9 <strong>vr\u00e1sky vyp\u00edna<\/strong>. Predch\u00e1dza tvorbe vr\u00e1sok, \u010di u\u017e sp\u00f4soben\u00fdch starnut\u00edm alebo i\u00a0mimick\u00fdm vr\u00e1skam. Zvy\u0161uje <strong>elasticitu pleti<\/strong> u\u017e v\u00a0priebehu 4 t\u00fd\u017ed\u0148ov u\u017e\u00edvania. Zvy\u0161uje <strong>hydrat\u00e1ciu poko\u017eky<\/strong> v\u010faka elast\u00ednu tie\u017e zna\u010dkovej kvality, ktor\u00fd spolu s\u00a0kolag\u00e9nom na seba via\u017ee <strong>kyselinu hyal\u00faronov\u00fa<\/strong> a\u00a0t\u00e1 a\u017e 1000 n\u00e1sobn\u00e9 mno\u017estvo vody ako jej jej hmotnos\u0165.\u00a0 Jej \u00falohou je hydratova\u0165 elast\u00ednov\u00e9 a\u00a0kolag\u00e9nov\u00e9 vl\u00e1kna aby nedo\u0161lo k\u00a0prepnutie, vysu\u0161eniu a\u00a0po\u0161kodeniu. Spolu tieto tri \u010dasti vytv\u00e1raj\u00fa tzv. extracelul\u00e1rny matrix, ktor\u00fd tvor\u00ed z\u00e1klad pre vodu a\u00a0zabezpe\u010duje <strong>HYDRAT\u00c1CIU<\/strong>, <strong>ELASTICITU<\/strong> teda pru\u017enos\u0165 a\u00a0dokonale <strong>HLADK\u00da PLE\u0164 BEZ VR\u00c1SOK.<\/strong><\/p>\n<h4><\/h4>\n<\/div><\/section>\n<section class=\"av_textblock_section \"  itemscope=\"itemscope\" itemtype=\"https:\/\/schema.org\/CreativeWork\" ><div class='avia_textblock  '   itemprop=\"text\" ><h4>SkinBooster a jeho p\u00f4sobenie na ple\u0165 :<\/h4>\n<\/div><\/section>\n<div class=\"flex_column av_one_half  flex_column_div av-zero-column-padding first  \" style='border-radius:0px; '><section class=\"av_textblock_section \"  itemscope=\"itemscope\" itemtype=\"https:\/\/schema.org\/CreativeWork\" ><div class='avia_textblock  '   itemprop=\"text\" ><ul>\n<li><strong>Vyp\u00edna vr\u00e1sky<\/strong><\/li>\n<li>Zabra\u0148uje <strong>prehlbovaniu<\/strong> u\u017e vzniknut\u00fdch vr\u00e1sok<\/li>\n<li>Prevent\u00edvne <strong>zabra\u0148uje tvorbe nov\u00fdch vr\u00e1sok<\/strong> v\u00a0akomko\u013evek veku<\/li>\n<li>Dod\u00e1va pleti pru\u017enos\u0165, vyrovn\u00e1va i\u00a0jemn\u00e9 kont\u00fary<\/li>\n<li><strong>Omladzuje ko\u017en\u00e9 bunky<\/strong> a\u00a0vracia pleti mlad\u0161\u00ed vzh\u013ead<\/li>\n<\/ul>\n<\/div><\/section><\/div>\n<div class=\"flex_column av_one_half  flex_column_div av-zero-column-padding   \" style='border-radius:0px; '><section class=\"av_textblock_section \"  itemscope=\"itemscope\" itemtype=\"https:\/\/schema.org\/CreativeWork\" ><div class='avia_textblock  '   itemprop=\"text\" ><ul>\n<li>Zabezpe\u010duje <strong>hydrat\u00e1ciu pleti <\/strong>z\u00a0vn\u00fatra<\/li>\n<li><strong>Chr\u00e1ni poko\u017eku<\/strong> pred vonkaj\u0161\u00edmi i\u00a0vn\u00fatorn\u00fdmi negat\u00edvnymi vplyvmi vo\u013en\u00fdch radik\u00e1lov<\/li>\n<li>Zmier\u0148uje <strong>pr\u00edznaky starnutia<\/strong> vo forme pigmentov\u00fdch \u0161kv\u0155n<\/li>\n<li>Dod\u00e1va kr\u00e1sny, <strong>mladistv\u00fd vzh\u013ead pleti<\/strong><\/li>\n<li>V\u010faka sel\u00e9nu prispieva k\u00a0<strong>ochrane buniek<\/strong> pred oxida\u010dn\u00fdm stresom<\/li>\n<\/ul>\n<\/div><\/section><\/div>\n<div class=\"flex_column av_one_third  flex_column_div av-zero-column-padding first  \" style='border-radius:0px; '><div class='avia-image-container  av-styling-    avia-align-center '  itemprop=\"ImageObject\" itemscope=\"itemscope\" itemtype=\"https:\/\/schema.org\/ImageObject\"  ><div class='avia-image-container-inner'><div class='avia-image-overlay-wrap'><img class='avia_image ' src='https:\/\/www.skinbooster.sk\/wp-content\/uploads\/2018\/07\/027-300x300.png' alt='Ple\u0165' title='Ple\u0165' height=\"300\"width=\"300\"  itemprop=\"thumbnailUrl\"  \/><\/div><\/div><\/div><\/div>\n<div class=\"flex_column av_two_third  flex_column_div av-zero-column-padding   \" style='border-radius:0px; '><p><section class=\"av_textblock_section \"  itemscope=\"itemscope\" itemtype=\"https:\/\/schema.org\/CreativeWork\" ><div class='avia_textblock  '   itemprop=\"text\" ><p><strong>Ko\u017ea<\/strong> je najv\u00e4\u010d\u0161\u00ed org\u00e1n \u013eudsk\u00e9ho tela. Pokr\u00fdva cel\u00fd jeho vonkaj\u0161\u00ed povrch. Plo\u0161ne sa jedn\u00e1 o <strong>najv\u00e4\u010d\u0161\u00ed org\u00e1n tela<\/strong>. Jej plocha sa pohybuje v\u00a0z\u00e1vislosti od telesnej kon\u0161tit\u00facie a\u00a0veku okolo 1,5 \u2013 2 m<sup>2<\/sup> a\u00a0jej hmotnos\u0165 predstavuje 3,5 a\u017e 10 kg, resp. 14 % telesnej hmotnosti, (u novorodenca je to asi 0,25 m<sup>2<\/sup>). \u00a0<a href=\"\/koza\">Ko\u017ea<\/a> \u010dloveka je samostatn\u00fd org\u00e1n a s vn\u00fatorn\u00fdmi org\u00e1nmi je prepojen\u00e1 prostredn\u00edctvom nervov\u00fdch vl\u00e1kien, krvn\u00fdch a lymfatick\u00fdch ciev. Spolu s ostatn\u00fdmi ko\u017en\u00fdmi \u00fatvarmi ako s\u00fa vlasy, chlpy, nechty, potn\u00e9 a mazov\u00e9 \u017e\u013eazy, tvor\u00ed ko\u017ea geneticky podmienen\u00fd fenotyp \u010dloveka.<\/p>\n<h4><\/h4>\n<\/div><\/section><br \/>\n<section class=\"av_textblock_section \"  itemscope=\"itemscope\" itemtype=\"https:\/\/schema.org\/CreativeWork\" ><div class='avia_textblock  '   itemprop=\"text\" ><h5>Stavba ko\u017ee<\/h5>\n<p><strong>\u013dudsk\u00e1 ko\u017ea (cutis) sa sklad\u00e1 z 3 hlavn\u00fdch vrstiev: <\/strong><\/p>\n<ul>\n<li><strong>poko\u017eky<\/strong> (epidermis), ktor\u00e1 oba\u013euje telo zvonku a chr\u00e1ni ho pred \u0161kodliv\u00fdmi okolit\u00fdmi vplyvmi<\/li>\n<li><strong>zam\u0161e<\/strong> (dermis), ktorej v\u00e4zivov\u00e9 tkanivo prepo\u017ei\u010diava ko\u017ei pevnos\u0165 a tvar<\/li>\n<li><strong>podko\u017eia<\/strong> (subcutis), ktor\u00e9 sl\u00fa\u017ei telu ako ochrann\u00fd vank\u00fa\u0161 a ako z\u00e1sob\u00e1re\u0148 \u017eiv\u00edn pre l\u00e1tkov\u00fa v\u00fdmenu<\/li>\n<\/ul>\n<\/div><\/section><\/p><\/div>\n<div  class='hr hr-default  '><span class='hr-inner ' ><span class='hr-inner-style'><\/span><\/span><\/div>\n<section class=\"av_textblock_section \"  itemscope=\"itemscope\" itemtype=\"https:\/\/schema.org\/CreativeWork\" ><div class='avia_textblock  '   itemprop=\"text\" ><h3 style=\"text-align: center;\">SkinBooster p\u00f4sob\u00ed v\u00a0ka\u017edej jednej r\u00f4znym sp\u00f4sobom.<\/h3>\n<\/div><\/section>\n<div class=\"flex_column av_one_third  flex_column_div av-zero-column-padding first  \" style='border-radius:0px; '><article class=\"iconbox iconbox_top main_color    \"  itemscope=\"itemscope\" itemtype=\"https:\/\/schema.org\/CreativeWork\" ><div class=\"iconbox_content\"><header class=\"entry-content-header\"><div class=\"iconbox_icon heading-color \" aria-hidden='true' data-av_icon='\ue8bd' data-av_iconfont='entypo-fontello'  ><\/div><h3 class='iconbox_content_title '  itemprop=\"headline\"  >V najvrchnej\u0161ej vrstve ko\u017ee<\/h3><\/header><div class='iconbox_content_container  '  itemprop=\"text\"  ><p><strong>Poko\u017eke (epidermis)<\/strong> <strong>zvy\u0161uje hydrat\u00e1ciu<\/strong> a\u00a0zabra\u0148uje trans epiderm\u00e1lnemu \u00faniku vody. Tento efekt je zabezpe\u010den\u00fd dodan\u00edm l\u00e1tok, ktor\u00e9 p\u00f4sobia ako z\u00e1tky pre \u00fanik vody z\u00a0poko\u017eky najm\u00e4 v suchom alebo chladnom prostred\u00ed. Hydratovan\u00e1 ple\u0165 je z\u00e1kladom pre <strong>zastavenie tvorby vr\u00e1sok, vypnutiu poko\u017eky<\/strong> s\u00a0hladkou a\u00a0jemnou \u0161trukt\u00farou.<\/p>\n<\/div><\/div><footer class=\"entry-footer\"><\/footer><\/article><\/div>\n<div class=\"flex_column av_one_third  flex_column_div av-zero-column-padding   \" style='border-radius:0px; '><article class=\"iconbox iconbox_top main_color    \"  itemscope=\"itemscope\" itemtype=\"https:\/\/schema.org\/CreativeWork\" ><div class=\"iconbox_content\"><header class=\"entry-content-header\"><div class=\"iconbox_icon heading-color \" aria-hidden='true' data-av_icon='\ue8be' data-av_iconfont='entypo-fontello'  ><\/div><h3 class='iconbox_content_title '  itemprop=\"headline\"  >V strednej vrstve ko\u017ee<\/h3><\/header><div class='iconbox_content_container  '  itemprop=\"text\"  ><p><strong>Zam\u0161e (dermis)<\/strong> podporuje tvorbu <strong>kolag\u00e9nov\u00fdch<\/strong> a\u00a0<strong>elast\u00ednov\u00fdch vl\u00e1kien<\/strong> a\u00a0zabra\u0148uje ich de\u0161trukcii. Kolag\u00e9n a\u00a0elast\u00edn zais\u0165uj\u00fa pr\u00e1ve silu a\u00a0pru\u017enos\u0165 pre stredn\u00fa vrstvu dermu. Doplnen\u00edm t\u00fdchto l\u00e1tok zvn\u00fatra, SkinBooster podpor\u00ed prirodzen\u00fa tvorbu vlastn\u00fdch zlo\u017eiek ako je kolag\u00e9n a\u00a0elast\u00edn, \u010d\u00edm zvy\u0161uje ich p\u00f4sobenie na ple\u0165 zvn\u00fatra.<\/p>\n<\/div><\/div><footer class=\"entry-footer\"><\/footer><\/article><\/div>\n<div class=\"flex_column av_one_third  flex_column_div av-zero-column-padding   \" style='border-radius:0px; '><article class=\"iconbox iconbox_top main_color    \"  itemscope=\"itemscope\" itemtype=\"https:\/\/schema.org\/CreativeWork\" ><div class=\"iconbox_content\"><header class=\"entry-content-header\"><div class=\"iconbox_icon heading-color \" aria-hidden='true' data-av_icon='\ue8bf' data-av_iconfont='entypo-fontello'  ><\/div><h3 class='iconbox_content_title '  itemprop=\"headline\"  >V najspodnej\u0161ej vrstve<\/h3><\/header><div class='iconbox_content_container  '  itemprop=\"text\"  ><p><strong>Podko\u017e\u00ed (subcutis),<\/strong> ktor\u00e1 uchov\u00e1va energiu, p\u00f4sob\u00ed ako tlmi\u010d n\u00e1razov a\u00a0tvor\u00ed izol\u00e1ciu tela, p\u00f4sob\u00ed <strong>SkinBooster<\/strong> na <strong>kolag\u00e9nov\u00e9 vl\u00e1kna<\/strong>. Tie dr\u017eia pokope tukov\u00e9 bunky. Ak je \u0161trukt\u00fara kolag\u00e9nov\u00fdch vl\u00e1kien poru\u0161en\u00e1 nedostatkom kolag\u00e9nov\u00fdch peptidov, tukov\u00e9 bunky nie s\u00fa dr\u017ean\u00e9 pokope a\u00a0p\u00f4sobia tlakom na stredn\u00fa vrstvu ko\u017ee. T\u00e1 sa sa za\u010dne vlni\u0165, \u010do m\u00f4\u017eeme pozorova\u0165 ako <strong>celulit\u00eddu.<\/strong><\/p>\n<\/div><\/div><footer class=\"entry-footer\"><\/footer><\/article><\/div>\n<div class=\"flex_column av_one_half  flex_column_div av-zero-column-padding first  \" style='border-radius:0px; '><section class=\"av_textblock_section \"  itemscope=\"itemscope\" itemtype=\"https:\/\/schema.org\/CreativeWork\" ><div class='avia_textblock  '   itemprop=\"text\" ><h4>Mlad\u00e1 ko\u017ea<\/h4>\n<\/div><\/section><br \/>\n<div class='avia-image-container  av-styling-    avia-align-center '  itemprop=\"ImageObject\" itemscope=\"itemscope\" itemtype=\"https:\/\/schema.org\/ImageObject\"  ><div class='avia-image-container-inner'><div class='avia-image-overlay-wrap'><a href='https:\/\/www.skinbooster.sk\/wp-content\/uploads\/2018\/07\/mlada_koza2.png' class='avia_image'   target=\"_blank\" ><img class='avia_image ' src='https:\/\/www.skinbooster.sk\/wp-content\/uploads\/2018\/07\/mlada_koza2.png' alt='Mlad\u00e1 ko\u017ea - Ple\u0165' title='Mlad\u00e1 ko\u017ea - Ple\u0165'  itemprop=\"thumbnailUrl\"  \/><\/a><\/div><\/div><\/div><\/p><\/div>\n<div class=\"flex_column av_one_half  flex_column_div av-zero-column-padding   \" style='border-radius:0px; '><section class=\"av_textblock_section \"  itemscope=\"itemscope\" itemtype=\"https:\/\/schema.org\/CreativeWork\" ><div class='avia_textblock  '   itemprop=\"text\" ><h4>Star\u00e1 ko\u017ea<\/h4>\n<\/div><\/section><br \/>\n<div class='avia-image-container  av-styling-    avia-align-center '  itemprop=\"ImageObject\" itemscope=\"itemscope\" itemtype=\"https:\/\/schema.org\/ImageObject\"  ><div class='avia-image-container-inner'><div class='avia-image-overlay-wrap'><a href='https:\/\/www.skinbooster.sk\/wp-content\/uploads\/2018\/07\/stara-koza.png' class='avia_image'  ><img class='avia_image ' src='https:\/\/www.skinbooster.sk\/wp-content\/uploads\/2018\/07\/stara-koza.png' alt='Star\u00e1 ko\u017ea - Ple\u0165' title='Star\u00e1 ko\u017ea - Ple\u0165'  itemprop=\"thumbnailUrl\"  \/><\/a><\/div><\/div><\/div><\/p><\/div>\n<div  class='hr hr-default  '><span class='hr-inner ' ><span class='hr-inner-style'><\/span><\/span><\/div>\n<div class='avia-button-wrap avia-button-center '><a href='https:\/\/www.kompava.sk\/p\/skinbooster'  class='avia-button   avia-icon_select-yes-left-icon avia-color-theme-color avia-size-x-large avia-position-center '   ><span class='avia_button_icon avia_button_icon_left ' aria-hidden='true' data-av_icon='\ue859' data-av_iconfont='entypo-fontello'><\/span><span class='avia_iconbox_title' >Objedna\u0165<\/span><\/a><\/div>\n<div  class='hr hr-default  '><span class='hr-inner ' ><span class='hr-inner-style'><\/span><\/span><\/div>\n<section class=\"av_textblock_section \"  itemscope=\"itemscope\" itemtype=\"https:\/\/schema.org\/CreativeWork\" ><div class='avia_textblock  '   itemprop=\"text\" ><h4>\u201ePLE\u0164 JE MLAD\u0160IA, HYDRATOVAN\u00c1, BEZ VR\u00c1SOK\u201c<\/h4>\n<h4>PROSTE \u00da\u017dASN\u00c9<\/h4>\n<\/div><\/section>\n","protected":false},"excerpt":{"rendered":"","protected":false},"author":2,"featured_media":632,"parent":0,"menu_order":0,"comment_status":"closed","ping_status":"closed","template":"","meta":{"footnotes":""},"class_list":["post-105","page","type-page","status-publish","has-post-thumbnail","hentry"],"yoast_head":"<!-- This site is optimized with the Yoast SEO plugin v26.0 - https:\/\/yoast.com\/wordpress\/plugins\/seo\/ -->\n<title>Ple\u0165 - SkinBooster Anti Age Formula - Kompava spol. s r. o.<\/title>\n<meta name=\"description\" content=\"Viete \u010di je d\u00f4le\u017eite pre Va\u0161u ple\u0165? Pozrite sa, z \u010doho sa sklad\u00e1 ko\u017ea \u013eudsk\u00e9ho tela a ako p\u00f4sob\u00ed na jej jednotliv\u00e9 \u010dasti SkinBooster\" \/>\n<meta name=\"robots\" content=\"index, follow, max-snippet:-1, max-image-preview:large, max-video-preview:-1\" \/>\n<link rel=\"canonical\" href=\"https:\/\/www.skinbooster.sk\/sk\/plet\/\" \/>\n<meta property=\"og:locale\" content=\"sk_SK\" \/>\n<meta property=\"og:type\" content=\"article\" \/>\n<meta property=\"og:title\" content=\"Ple\u0165 - SkinBooster Anti Age Formula - Kompava spol. s r. o.\" \/>\n<meta property=\"og:description\" content=\"Viete \u010di je d\u00f4le\u017eite pre Va\u0161u ple\u0165? Pozrite sa, z \u010doho sa sklad\u00e1 ko\u017ea \u013eudsk\u00e9ho tela a ako p\u00f4sob\u00ed na jej jednotliv\u00e9 \u010dasti SkinBooster\" \/>\n<meta property=\"og:url\" content=\"https:\/\/www.skinbooster.sk\/sk\/plet\/\" \/>\n<meta property=\"og:site_name\" content=\"SkinBooster\" \/>\n<meta property=\"article:publisher\" content=\"https:\/\/www.facebook.com\/Kompava\/\" \/>\n<meta property=\"article:modified_time\" content=\"2019-11-19T12:22:30+00:00\" \/>\n<meta property=\"og:image\" content=\"https:\/\/www.skinbooster.sk\/wp-content\/uploads\/2018\/07\/stara-koza.png\" \/>\n\t<meta property=\"og:image:width\" content=\"734\" \/>\n\t<meta property=\"og:image:height\" content=\"514\" \/>\n\t<meta property=\"og:image:type\" content=\"image\/png\" \/>\n<meta name=\"twitter:card\" content=\"summary_large_image\" \/>\n<meta name=\"twitter:label1\" content=\"Predpokladan\u00fd \u010das \u010d\u00edtania\" \/>\n\t<meta name=\"twitter:data1\" content=\"12 min\u00fat\" \/>\n<script type=\"application\/ld+json\" class=\"yoast-schema-graph\">{\"@context\":\"https:\/\/schema.org\",\"@graph\":[{\"@type\":\"WebPage\",\"@id\":\"https:\/\/www.skinbooster.sk\/sk\/plet\/\",\"url\":\"https:\/\/www.skinbooster.sk\/sk\/plet\/\",\"name\":\"Ple\u0165 - SkinBooster Anti Age Formula - Kompava spol. s r. o.\",\"isPartOf\":{\"@id\":\"https:\/\/www.skinbooster.sk\/#website\"},\"primaryImageOfPage\":{\"@id\":\"https:\/\/www.skinbooster.sk\/sk\/plet\/#primaryimage\"},\"image\":{\"@id\":\"https:\/\/www.skinbooster.sk\/sk\/plet\/#primaryimage\"},\"thumbnailUrl\":\"https:\/\/www.skinbooster.sk\/wp-content\/uploads\/2018\/07\/stara-koza.png\",\"datePublished\":\"2018-06-26T13:32:53+00:00\",\"dateModified\":\"2019-11-19T12:22:30+00:00\",\"description\":\"Viete \u010di je d\u00f4le\u017eite pre Va\u0161u ple\u0165? Pozrite sa, z \u010doho sa sklad\u00e1 ko\u017ea \u013eudsk\u00e9ho tela a ako p\u00f4sob\u00ed na jej jednotliv\u00e9 \u010dasti SkinBooster\",\"breadcrumb\":{\"@id\":\"https:\/\/www.skinbooster.sk\/sk\/plet\/#breadcrumb\"},\"inLanguage\":\"sk-SK\",\"potentialAction\":[{\"@type\":\"ReadAction\",\"target\":[\"https:\/\/www.skinbooster.sk\/sk\/plet\/\"]}]},{\"@type\":\"ImageObject\",\"inLanguage\":\"sk-SK\",\"@id\":\"https:\/\/www.skinbooster.sk\/sk\/plet\/#primaryimage\",\"url\":\"https:\/\/www.skinbooster.sk\/wp-content\/uploads\/2018\/07\/stara-koza.png\",\"contentUrl\":\"https:\/\/www.skinbooster.sk\/wp-content\/uploads\/2018\/07\/stara-koza.png\",\"width\":734,\"height\":514,\"caption\":\"Star\u00e1 ko\u017ea - Ple\u0165\"},{\"@type\":\"BreadcrumbList\",\"@id\":\"https:\/\/www.skinbooster.sk\/sk\/plet\/#breadcrumb\",\"itemListElement\":[{\"@type\":\"ListItem\",\"position\":1,\"name\":\"Home\",\"item\":\"https:\/\/www.skinbooster.sk\/sk\/\"},{\"@type\":\"ListItem\",\"position\":2,\"name\":\"Ple\u0165\"}]},{\"@type\":\"WebSite\",\"@id\":\"https:\/\/www.skinbooster.sk\/#website\",\"url\":\"https:\/\/www.skinbooster.sk\/\",\"name\":\"SkinBooster\",\"description\":\"Anti Age Formula\",\"potentialAction\":[{\"@type\":\"SearchAction\",\"target\":{\"@type\":\"EntryPoint\",\"urlTemplate\":\"https:\/\/www.skinbooster.sk\/?s={search_term_string}\"},\"query-input\":{\"@type\":\"PropertyValueSpecification\",\"valueRequired\":true,\"valueName\":\"search_term_string\"}}],\"inLanguage\":\"sk-SK\"}]}<\/script>\n<!-- \/ Yoast SEO plugin. -->","yoast_head_json":{"title":"Ple\u0165 - SkinBooster Anti Age Formula - Kompava spol. s r. o.","description":"Viete \u010di je d\u00f4le\u017eite pre Va\u0161u ple\u0165? Pozrite sa, z \u010doho sa sklad\u00e1 ko\u017ea \u013eudsk\u00e9ho tela a ako p\u00f4sob\u00ed na jej jednotliv\u00e9 \u010dasti SkinBooster","robots":{"index":"index","follow":"follow","max-snippet":"max-snippet:-1","max-image-preview":"max-image-preview:large","max-video-preview":"max-video-preview:-1"},"canonical":"https:\/\/www.skinbooster.sk\/sk\/plet\/","og_locale":"sk_SK","og_type":"article","og_title":"Ple\u0165 - SkinBooster Anti Age Formula - Kompava spol. s r. o.","og_description":"Viete \u010di je d\u00f4le\u017eite pre Va\u0161u ple\u0165? Pozrite sa, z \u010doho sa sklad\u00e1 ko\u017ea \u013eudsk\u00e9ho tela a ako p\u00f4sob\u00ed na jej jednotliv\u00e9 \u010dasti SkinBooster","og_url":"https:\/\/www.skinbooster.sk\/sk\/plet\/","og_site_name":"SkinBooster","article_publisher":"https:\/\/www.facebook.com\/Kompava\/","article_modified_time":"2019-11-19T12:22:30+00:00","og_image":[{"width":734,"height":514,"url":"https:\/\/www.skinbooster.sk\/wp-content\/uploads\/2018\/07\/stara-koza.png","type":"image\/png"}],"twitter_card":"summary_large_image","twitter_misc":{"Predpokladan\u00fd \u010das \u010d\u00edtania":"12 min\u00fat"},"schema":{"@context":"https:\/\/schema.org","@graph":[{"@type":"WebPage","@id":"https:\/\/www.skinbooster.sk\/sk\/plet\/","url":"https:\/\/www.skinbooster.sk\/sk\/plet\/","name":"Ple\u0165 - SkinBooster Anti Age Formula - Kompava spol. s r. o.","isPartOf":{"@id":"https:\/\/www.skinbooster.sk\/#website"},"primaryImageOfPage":{"@id":"https:\/\/www.skinbooster.sk\/sk\/plet\/#primaryimage"},"image":{"@id":"https:\/\/www.skinbooster.sk\/sk\/plet\/#primaryimage"},"thumbnailUrl":"https:\/\/www.skinbooster.sk\/wp-content\/uploads\/2018\/07\/stara-koza.png","datePublished":"2018-06-26T13:32:53+00:00","dateModified":"2019-11-19T12:22:30+00:00","description":"Viete \u010di je d\u00f4le\u017eite pre Va\u0161u ple\u0165? Pozrite sa, z \u010doho sa sklad\u00e1 ko\u017ea \u013eudsk\u00e9ho tela a ako p\u00f4sob\u00ed na jej jednotliv\u00e9 \u010dasti SkinBooster","breadcrumb":{"@id":"https:\/\/www.skinbooster.sk\/sk\/plet\/#breadcrumb"},"inLanguage":"sk-SK","potentialAction":[{"@type":"ReadAction","target":["https:\/\/www.skinbooster.sk\/sk\/plet\/"]}]},{"@type":"ImageObject","inLanguage":"sk-SK","@id":"https:\/\/www.skinbooster.sk\/sk\/plet\/#primaryimage","url":"https:\/\/www.skinbooster.sk\/wp-content\/uploads\/2018\/07\/stara-koza.png","contentUrl":"https:\/\/www.skinbooster.sk\/wp-content\/uploads\/2018\/07\/stara-koza.png","width":734,"height":514,"caption":"Star\u00e1 ko\u017ea - Ple\u0165"},{"@type":"BreadcrumbList","@id":"https:\/\/www.skinbooster.sk\/sk\/plet\/#breadcrumb","itemListElement":[{"@type":"ListItem","position":1,"name":"Home","item":"https:\/\/www.skinbooster.sk\/sk\/"},{"@type":"ListItem","position":2,"name":"Ple\u0165"}]},{"@type":"WebSite","@id":"https:\/\/www.skinbooster.sk\/#website","url":"https:\/\/www.skinbooster.sk\/","name":"SkinBooster","description":"Anti Age Formula","potentialAction":[{"@type":"SearchAction","target":{"@type":"EntryPoint","urlTemplate":"https:\/\/www.skinbooster.sk\/?s={search_term_string}"},"query-input":{"@type":"PropertyValueSpecification","valueRequired":true,"valueName":"search_term_string"}}],"inLanguage":"sk-SK"}]}},"_links":{"self":[{"href":"https:\/\/www.skinbooster.sk\/sk\/wp-json\/wp\/v2\/pages\/105","targetHints":{"allow":["GET"]}}],"collection":[{"href":"https:\/\/www.skinbooster.sk\/sk\/wp-json\/wp\/v2\/pages"}],"about":[{"href":"https:\/\/www.skinbooster.sk\/sk\/wp-json\/wp\/v2\/types\/page"}],"author":[{"embeddable":true,"href":"https:\/\/www.skinbooster.sk\/sk\/wp-json\/wp\/v2\/users\/2"}],"replies":[{"embeddable":true,"href":"https:\/\/www.skinbooster.sk\/sk\/wp-json\/wp\/v2\/comments?post=105"}],"version-history":[{"count":107,"href":"https:\/\/www.skinbooster.sk\/sk\/wp-json\/wp\/v2\/pages\/105\/revisions"}],"predecessor-version":[{"id":1741,"href":"https:\/\/www.skinbooster.sk\/sk\/wp-json\/wp\/v2\/pages\/105\/revisions\/1741"}],"wp:featuredmedia":[{"embeddable":true,"href":"https:\/\/www.skinbooster.sk\/sk\/wp-json\/wp\/v2\/media\/632"}],"wp:attachment":[{"href":"https:\/\/www.skinbooster.sk\/sk\/wp-json\/wp\/v2\/media?parent=105"}],"curies":[{"name":"wp","href":"https:\/\/api.w.org\/{rel}","templated":true}]}}