{"id":102,"date":"2018-06-26T15:32:48","date_gmt":"2018-06-26T13:32:48","guid":{"rendered":"https:\/\/www.skinbooster.sk\/?page_id=102"},"modified":"2019-11-19T13:22:10","modified_gmt":"2019-11-19T12:22:10","slug":"nechty","status":"publish","type":"page","link":"https:\/\/www.skinbooster.sk\/sk\/nechty\/","title":{"rendered":"Nechty"},"content":{"rendered":"<\/div><\/div><\/div><!-- close content main div --><\/div><\/div><div id='av_section_1' class='avia-section main_color avia-section-default avia-no-border-styling avia-bg-style-scroll   container_wrap sidebar_right' style = 'background-image: '  ><div class='container' ><div class='template-page content  av-content-small alpha units'><div class='post-entry post-entry-type-page post-entry-102'><div class='entry-content-wrapper clearfix'>\n<div style='padding-bottom:10px; ' class='av-special-heading av-special-heading-h3     '><h3 class='av-special-heading-tag '  itemprop=\"headline\"  >Nechty<\/h3><div class='special-heading-border'><div class='special-heading-inner-border' ><\/div><\/div><\/div>\n<div class=\"flex_column av_two_third  flex_column_div av-zero-column-padding first  \" style='border-radius:0px; '><section class=\"av_textblock_section \"  itemscope=\"itemscope\" itemtype=\"https:\/\/schema.org\/CreativeWork\" ><div class='avia_textblock  '   itemprop=\"text\" ><h6><\/h6>\n<p><strong>Necht<\/strong> (lat. unguis) je ploch\u00e1 zrohovaten\u00e1 \u010das\u0165, ktor\u00e1 pokr\u00fdva posledn\u00fd \u010dl\u00e1nok prsta na ruk\u00e1ch a\u00a0noh\u00e1ch. <strong>Nechty<\/strong>, tak ako aj <a href=\"\/vlasy\">vlasy<\/a> s\u00fa obohaten\u00e9 o\u00a0zlo\u017eku <strong>kerat\u00ednu<\/strong>, ktor\u00fd im dod\u00e1va <strong>pevnos\u0165 a\u00a0hladkos\u0165<\/strong> a chr\u00e1ni ich pred l\u00e1mavos\u0165ou a\u00a0krehkos\u0165ou. V\u00a0z\u00e1vislosti od spr\u00e1vnej starostlivosti, necht dok\u00e1\u017ee nar\u00e1s\u0165 za 10-15 dn\u00ed pribli\u017ene jeden milimeter, no ak sa starostlivos\u0165 zanedb\u00e1, necht prestane r\u00e1s\u0165.<\/p>\n<p><strong><em>Nechtov\u00e9 l\u00f4\u017eko<\/em><\/strong>, je \u010das\u0165, z\u00a0ktorej za\u010d\u00edna necht vyrasta\u0165. Toto miesto je pokryt\u00e9 za\u010diato\u010dnou vrstvou nechtu, z\u00a0ktorej sa vytv\u00e1raj\u00fa nov\u00e9 tzv. <strong><em>zrohovaten\u00e9 do\u0161ti\u010dky<\/em><\/strong>, pom\u00e1haj\u00face nechtom r\u00e1s\u0165 do d\u013a\u017eky a\u00a0hr\u00fabky. Hornou \u010das\u0165ou nechta je <em>kore\u0148<\/em>, ktor\u00fa pokr\u00fdva <strong><em>nechtov\u00fd val.<\/em><\/strong> Pri koreni sa nach\u00e1dza <strong><em>mesia\u010dik (lunula),<\/em><\/strong> obsahuj\u00faci vzduchov\u00e9 bubliny a\u00a0jeho zafarbenie je bledoru\u017eov\u00e9. Ve\u013emi citlivou \u010das\u0165ou nechta je<em> <strong>podnechtie,<\/strong> ktor\u00e9 <\/em>sa nach\u00e1dza medzi ko\u017eou bru\u0161ka nechta a\u00a0nechtom.<\/p>\n<p><strong>Pr\u00edrodn\u00e1 forma kerat\u00ednu<\/strong> obsiahnut\u00e1 v\u00a0revolu\u010dnom beauty koktejli <strong>SkinBooster <\/strong>zabezpe\u010duje pr\u00edjem v\u0161etk\u00fdch d\u00f4le\u017eit\u00fdch aminokysel\u00edn s\u00a0obsahom <strong>s\u00edry<\/strong>, ktor\u00e1 je nevyhnutn\u00e1 pre rast <strong>zdrav\u00fdch a\u00a0pevn\u00fdch nechtov<\/strong>.<\/p>\n<p><strong>\u00a0<\/strong><\/p>\n<h5>SkinBooster a jeho p\u00f4sobenie na nechty:<\/h5>\n<ul>\n<li>Zmier\u0148uje tendenciu <strong>\u0161tiepenia a\u00a0l\u00e1mania nechtov<\/strong><\/li>\n<li>Dod\u00e1va nechtom d\u00f4le\u017eit\u00e9 aminokyseliny na tvorbu <strong>kvalitn\u00fdch a\u00a0tvrd\u00fdch nechtov<\/strong><\/li>\n<li>Zlep\u0161uje <strong>kvalitu nechtov<\/strong> (vr\u00fabkovanie nechtov zmizne)<\/li>\n<li>Bieli nechty od \u017elt\u00fdch \u0161kv\u0155n<\/li>\n<li>Dod\u00e1va nechtom <strong>prirodzen\u00fd lesk<\/strong> a\u00a0<strong>kraj\u0161\u00ed vzh\u013ead<\/strong> bez po\u0161koden\u00ed<\/li>\n<\/ul>\n<p><strong>\u00a0<\/strong><\/p>\n<h4>\u201eNECHTY S\u00da PEVNEJ\u0160IE, TVRD\u0160IE A\u00a0LESKLEJ\u0160IE\u201c<\/h4>\n<h4><\/h4>\n<h4>PROSTE SEXI<\/h4>\n<\/div><\/section><\/div><div class=\"flex_column av_one_third  flex_column_div av-zero-column-padding   \" style='border-radius:0px; '><p><div class='avia-image-container  av-styling-    avia-align-center '  itemprop=\"ImageObject\" itemscope=\"itemscope\" itemtype=\"https:\/\/schema.org\/ImageObject\"  ><div class='avia-image-container-inner'><div class='avia-image-overlay-wrap'><a href='https:\/\/www.skinbooster.sk\/wp-content\/uploads\/2018\/07\/necht.jpg' class='avia_image'   target=\"_blank\" ><img class='avia_image ' src='https:\/\/www.skinbooster.sk\/wp-content\/uploads\/2018\/07\/necht.jpg' alt='Nechty' title='Nechty'  itemprop=\"thumbnailUrl\"  \/><\/a><\/div><\/div><\/div><br \/>\n<div class='avia-button-wrap avia-button-center '><a href='http:\/\/kompava.sk\/p\/skinbooster'  class='avia-button   avia-icon_select-yes-left-icon avia-color-theme-color avia-size-large avia-position-center '  target=\"_blank\"   ><span class='avia_button_icon avia_button_icon_left ' aria-hidden='true' data-av_icon='\ue859' data-av_iconfont='entypo-fontello'><\/span><span class='avia_iconbox_title' >Objedna\u0165<\/span><\/a><\/div><\/p><\/div><\/div><\/div><\/div><!-- close content main div --><\/div><\/div><div id='after_section_1' class='main_color av_default_container_wrap container_wrap sidebar_right'   ><div class='container' ><div class='template-page content  av-content-small alpha units'><div class='post-entry post-entry-type-page post-entry-102'><div class='entry-content-wrapper clearfix'>\n","protected":false},"excerpt":{"rendered":"","protected":false},"author":2,"featured_media":696,"parent":0,"menu_order":0,"comment_status":"closed","ping_status":"closed","template":"","meta":{"footnotes":""},"class_list":["post-102","page","type-page","status-publish","has-post-thumbnail","hentry"],"yoast_head":"<!-- This site is optimized with the Yoast SEO plugin v26.0 - https:\/\/yoast.com\/wordpress\/plugins\/seo\/ -->\n<title>Nechty - SkinBooster Anti Age Formula - Kompava spol. s r. o.<\/title>\n<meta name=\"description\" content=\"Nechty o V\u00e1s prezradia viac, ako by ste si mysleli, a to na z\u00e1klade diagnostiky nechta, z ktorej mo\u017eno zisti\u0165 V\u00e1\u0161 aktu\u00e1lny zdravotn\u00fd stav.\" \/>\n<meta name=\"robots\" content=\"index, follow, max-snippet:-1, max-image-preview:large, max-video-preview:-1\" \/>\n<link rel=\"canonical\" href=\"https:\/\/www.skinbooster.sk\/sk\/nechty\/\" \/>\n<meta property=\"og:locale\" content=\"sk_SK\" \/>\n<meta property=\"og:type\" content=\"article\" \/>\n<meta property=\"og:title\" content=\"Nechty - SkinBooster Anti Age Formula - Kompava spol. s r. o.\" \/>\n<meta property=\"og:description\" content=\"Nechty o V\u00e1s prezradia viac, ako by ste si mysleli, a to na z\u00e1klade diagnostiky nechta, z ktorej mo\u017eno zisti\u0165 V\u00e1\u0161 aktu\u00e1lny zdravotn\u00fd stav.\" \/>\n<meta property=\"og:url\" content=\"https:\/\/www.skinbooster.sk\/sk\/nechty\/\" \/>\n<meta property=\"og:site_name\" content=\"SkinBooster\" \/>\n<meta property=\"article:publisher\" content=\"https:\/\/www.facebook.com\/Kompava\/\" \/>\n<meta property=\"article:modified_time\" content=\"2019-11-19T12:22:10+00:00\" \/>\n<meta property=\"og:image\" content=\"https:\/\/www.skinbooster.sk\/wp-content\/uploads\/2018\/07\/necht.jpg\" \/>\n\t<meta property=\"og:image:width\" content=\"614\" \/>\n\t<meta property=\"og:image:height\" content=\"614\" \/>\n\t<meta property=\"og:image:type\" content=\"image\/jpeg\" \/>\n<meta name=\"twitter:card\" content=\"summary_large_image\" \/>\n<meta name=\"twitter:label1\" content=\"Predpokladan\u00fd \u010das \u010d\u00edtania\" \/>\n\t<meta name=\"twitter:data1\" content=\"4 min\u00faty\" \/>\n<script type=\"application\/ld+json\" class=\"yoast-schema-graph\">{\"@context\":\"https:\/\/schema.org\",\"@graph\":[{\"@type\":\"WebPage\",\"@id\":\"https:\/\/www.skinbooster.sk\/nechty\/\",\"url\":\"https:\/\/www.skinbooster.sk\/nechty\/\",\"name\":\"Nechty - SkinBooster Anti Age Formula - Kompava spol. s r. o.\",\"isPartOf\":{\"@id\":\"https:\/\/www.skinbooster.sk\/#website\"},\"primaryImageOfPage\":{\"@id\":\"https:\/\/www.skinbooster.sk\/nechty\/#primaryimage\"},\"image\":{\"@id\":\"https:\/\/www.skinbooster.sk\/nechty\/#primaryimage\"},\"thumbnailUrl\":\"https:\/\/www.skinbooster.sk\/wp-content\/uploads\/2018\/07\/necht.jpg\",\"datePublished\":\"2018-06-26T13:32:48+00:00\",\"dateModified\":\"2019-11-19T12:22:10+00:00\",\"description\":\"Nechty o V\u00e1s prezradia viac, ako by ste si mysleli, a to na z\u00e1klade diagnostiky nechta, z ktorej mo\u017eno zisti\u0165 V\u00e1\u0161 aktu\u00e1lny zdravotn\u00fd stav.\",\"breadcrumb\":{\"@id\":\"https:\/\/www.skinbooster.sk\/nechty\/#breadcrumb\"},\"inLanguage\":\"sk-SK\",\"potentialAction\":[{\"@type\":\"ReadAction\",\"target\":[\"https:\/\/www.skinbooster.sk\/nechty\/\"]}]},{\"@type\":\"ImageObject\",\"inLanguage\":\"sk-SK\",\"@id\":\"https:\/\/www.skinbooster.sk\/nechty\/#primaryimage\",\"url\":\"https:\/\/www.skinbooster.sk\/wp-content\/uploads\/2018\/07\/necht.jpg\",\"contentUrl\":\"https:\/\/www.skinbooster.sk\/wp-content\/uploads\/2018\/07\/necht.jpg\",\"width\":614,\"height\":614,\"caption\":\"Nechty\"},{\"@type\":\"BreadcrumbList\",\"@id\":\"https:\/\/www.skinbooster.sk\/nechty\/#breadcrumb\",\"itemListElement\":[{\"@type\":\"ListItem\",\"position\":1,\"name\":\"Home\",\"item\":\"https:\/\/www.skinbooster.sk\/sk\/\"},{\"@type\":\"ListItem\",\"position\":2,\"name\":\"Nechty\"}]},{\"@type\":\"WebSite\",\"@id\":\"https:\/\/www.skinbooster.sk\/#website\",\"url\":\"https:\/\/www.skinbooster.sk\/\",\"name\":\"SkinBooster\",\"description\":\"Anti Age Formula\",\"potentialAction\":[{\"@type\":\"SearchAction\",\"target\":{\"@type\":\"EntryPoint\",\"urlTemplate\":\"https:\/\/www.skinbooster.sk\/?s={search_term_string}\"},\"query-input\":{\"@type\":\"PropertyValueSpecification\",\"valueRequired\":true,\"valueName\":\"search_term_string\"}}],\"inLanguage\":\"sk-SK\"}]}<\/script>\n<!-- \/ Yoast SEO plugin. -->","yoast_head_json":{"title":"Nechty - SkinBooster Anti Age Formula - Kompava spol. s r. o.","description":"Nechty o V\u00e1s prezradia viac, ako by ste si mysleli, a to na z\u00e1klade diagnostiky nechta, z ktorej mo\u017eno zisti\u0165 V\u00e1\u0161 aktu\u00e1lny zdravotn\u00fd stav.","robots":{"index":"index","follow":"follow","max-snippet":"max-snippet:-1","max-image-preview":"max-image-preview:large","max-video-preview":"max-video-preview:-1"},"canonical":"https:\/\/www.skinbooster.sk\/sk\/nechty\/","og_locale":"sk_SK","og_type":"article","og_title":"Nechty - SkinBooster Anti Age Formula - Kompava spol. s r. o.","og_description":"Nechty o V\u00e1s prezradia viac, ako by ste si mysleli, a to na z\u00e1klade diagnostiky nechta, z ktorej mo\u017eno zisti\u0165 V\u00e1\u0161 aktu\u00e1lny zdravotn\u00fd stav.","og_url":"https:\/\/www.skinbooster.sk\/sk\/nechty\/","og_site_name":"SkinBooster","article_publisher":"https:\/\/www.facebook.com\/Kompava\/","article_modified_time":"2019-11-19T12:22:10+00:00","og_image":[{"width":614,"height":614,"url":"https:\/\/www.skinbooster.sk\/wp-content\/uploads\/2018\/07\/necht.jpg","type":"image\/jpeg"}],"twitter_card":"summary_large_image","twitter_misc":{"Predpokladan\u00fd \u010das \u010d\u00edtania":"4 min\u00faty"},"schema":{"@context":"https:\/\/schema.org","@graph":[{"@type":"WebPage","@id":"https:\/\/www.skinbooster.sk\/nechty\/","url":"https:\/\/www.skinbooster.sk\/nechty\/","name":"Nechty - SkinBooster Anti Age Formula - Kompava spol. s r. o.","isPartOf":{"@id":"https:\/\/www.skinbooster.sk\/#website"},"primaryImageOfPage":{"@id":"https:\/\/www.skinbooster.sk\/nechty\/#primaryimage"},"image":{"@id":"https:\/\/www.skinbooster.sk\/nechty\/#primaryimage"},"thumbnailUrl":"https:\/\/www.skinbooster.sk\/wp-content\/uploads\/2018\/07\/necht.jpg","datePublished":"2018-06-26T13:32:48+00:00","dateModified":"2019-11-19T12:22:10+00:00","description":"Nechty o V\u00e1s prezradia viac, ako by ste si mysleli, a to na z\u00e1klade diagnostiky nechta, z ktorej mo\u017eno zisti\u0165 V\u00e1\u0161 aktu\u00e1lny zdravotn\u00fd stav.","breadcrumb":{"@id":"https:\/\/www.skinbooster.sk\/nechty\/#breadcrumb"},"inLanguage":"sk-SK","potentialAction":[{"@type":"ReadAction","target":["https:\/\/www.skinbooster.sk\/nechty\/"]}]},{"@type":"ImageObject","inLanguage":"sk-SK","@id":"https:\/\/www.skinbooster.sk\/nechty\/#primaryimage","url":"https:\/\/www.skinbooster.sk\/wp-content\/uploads\/2018\/07\/necht.jpg","contentUrl":"https:\/\/www.skinbooster.sk\/wp-content\/uploads\/2018\/07\/necht.jpg","width":614,"height":614,"caption":"Nechty"},{"@type":"BreadcrumbList","@id":"https:\/\/www.skinbooster.sk\/nechty\/#breadcrumb","itemListElement":[{"@type":"ListItem","position":1,"name":"Home","item":"https:\/\/www.skinbooster.sk\/sk\/"},{"@type":"ListItem","position":2,"name":"Nechty"}]},{"@type":"WebSite","@id":"https:\/\/www.skinbooster.sk\/#website","url":"https:\/\/www.skinbooster.sk\/","name":"SkinBooster","description":"Anti Age Formula","potentialAction":[{"@type":"SearchAction","target":{"@type":"EntryPoint","urlTemplate":"https:\/\/www.skinbooster.sk\/?s={search_term_string}"},"query-input":{"@type":"PropertyValueSpecification","valueRequired":true,"valueName":"search_term_string"}}],"inLanguage":"sk-SK"}]}},"_links":{"self":[{"href":"https:\/\/www.skinbooster.sk\/sk\/wp-json\/wp\/v2\/pages\/102","targetHints":{"allow":["GET"]}}],"collection":[{"href":"https:\/\/www.skinbooster.sk\/sk\/wp-json\/wp\/v2\/pages"}],"about":[{"href":"https:\/\/www.skinbooster.sk\/sk\/wp-json\/wp\/v2\/types\/page"}],"author":[{"embeddable":true,"href":"https:\/\/www.skinbooster.sk\/sk\/wp-json\/wp\/v2\/users\/2"}],"replies":[{"embeddable":true,"href":"https:\/\/www.skinbooster.sk\/sk\/wp-json\/wp\/v2\/comments?post=102"}],"version-history":[{"count":23,"href":"https:\/\/www.skinbooster.sk\/sk\/wp-json\/wp\/v2\/pages\/102\/revisions"}],"predecessor-version":[{"id":1739,"href":"https:\/\/www.skinbooster.sk\/sk\/wp-json\/wp\/v2\/pages\/102\/revisions\/1739"}],"wp:featuredmedia":[{"embeddable":true,"href":"https:\/\/www.skinbooster.sk\/sk\/wp-json\/wp\/v2\/media\/696"}],"wp:attachment":[{"href":"https:\/\/www.skinbooster.sk\/sk\/wp-json\/wp\/v2\/media?parent=102"}],"curies":[{"name":"wp","href":"https:\/\/api.w.org\/{rel}","templated":true}]}}