{"id":99,"date":"2018-06-26T15:32:42","date_gmt":"2018-06-26T13:32:42","guid":{"rendered":"https:\/\/www.skinbooster.sk\/?page_id=99"},"modified":"2020-12-10T10:36:32","modified_gmt":"2020-12-10T09:36:32","slug":"vlasy","status":"publish","type":"page","link":"https:\/\/www.skinbooster.sk\/pl\/vlasy\/","title":{"rendered":"W\u0142osy"},"content":{"rendered":"<\/div><\/div><\/div><!-- close content main div --><\/div><\/div><div id='av_section_1' class='avia-section main_color avia-section-default avia-no-border-styling avia-bg-style-scroll   container_wrap sidebar_right' style = 'background-image: '  ><div class='container' ><div class='template-page content  av-content-small alpha units'><div class='post-entry post-entry-type-page post-entry-99'><div class='entry-content-wrapper clearfix'>\n<div style='padding-bottom:10px; ' class='av-special-heading av-special-heading-h3'><h3 class='av-special-heading-tag'  itemprop=\"headline\"  >W\u0142osy<\/h3><div class='special-heading-border'><div class='special-heading-inner-border' ><\/div><\/div><\/div>\n<div class=\"flex_column av_two_third  flex_column_div av-zero-column-padding first\" style='border-radius:0px; '><p><section class=\"av_textblock_section\"  itemscope=\"itemscope\" itemtype=\"https:\/\/schema.org\/CreativeWork\" ><div class='avia_textblock'   itemprop=\"text\" ><p>W\u0142osy podlegaj\u0105 r\u00f3\u017cnym stadium rozwoju. W ka\u017cdym mieszku nast\u0119puj\u0105 po sobie trzy kolejne fazy - <em>faza anagenowa (wzrostu), katagenowa (przej\u015bciowa) i telogenowa (spoczynkowa).<\/em> Je\u015bli cykl zostanie zak\u0142\u00f3cony, wzrost w\u0142os\u00f3w zostaje przerwany, co powoduje ich \u0142amliwo\u015b\u0107 i wypadanie.<\/p>\n<p><strong>SkinBooster <\/strong>zawiera w swoim sk\u0142adzie naturaln\u0105 posta\u0107 <strong>keratyn\u0105 <\/strong>w postaci peptyd\u00f3w. Bia\u0142ko keratyny jest jedn\u0105 z najbogatszych naturalnych form aminokwasu <strong>cysteiny<\/strong>. Peptydy keratynowe zaopatruj\u0105 organizm we wszystkie <strong>aminokwasy SIARKI<\/strong> (cystein\u0119, seryn\u0119, metionin\u0119 i kwas glutaminowy). S\u0105 one niezb\u0119dne dla zdrowego wzrostu w\u0142os\u00f3w i paznokci. Witamina B7 (biotyna) przyczynia si\u0119 do utrzymania zdrowych w\u0142os\u00f3w i sk\u00f3ry.<\/p>\n<h5><strong>\u00a0<\/strong><\/h5>\n<\/div><\/section><br \/>\n<section class=\"av_textblock_section\"  itemscope=\"itemscope\" itemtype=\"https:\/\/schema.org\/CreativeWork\" ><div class='avia_textblock'   itemprop=\"text\" ><h4>SkinBooster i jego wp\u0142yw na w\u0142osy:<\/h4>\n<ul>\n<li>Zapobiega <strong>wypadaniu w\u0142os\u00f3w<\/strong><\/li>\n<li>Przed\u0142u\u017ca <strong>trwa\u0142o\u015b\u0107 koloru na w\u0142osach<\/strong><\/li>\n<li>Dostarcza w\u0142osom wszystkich niezb\u0119dnych aminokwas\u00f3w <strong>dla prawid\u0142owego<\/strong> wzrostu <strong>w\u0142os\u00f3w<\/strong><\/li>\n<li>Zapobiega rozdwajaniu si\u0119 w\u0142os\u00f3w<\/li>\n<li>Poprawia <strong>kondycj\u0119 w\u0142os\u00f3w<\/strong><\/li>\n<li>Poprawia ich <strong>wygl\u0105d i po\u0142ysk<\/strong><\/li>\n<\/ul>\n<h4><\/h4>\n<\/div><\/section><\/p><\/div><div class=\"flex_column av_one_third  flex_column_div av-zero-column-padding\" style='border-radius:0px; '><div class='avia-image-container  av-styling-    avia-align-center'  itemprop=\"ImageObject\" itemscope=\"itemscope\" itemtype=\"https:\/\/schema.org\/ImageObject\"  ><div class='avia-image-container-inner'><div class='avia-image-overlay-wrap'><img class='avia_image' src='https:\/\/www.skinbooster.sk\/wp-content\/uploads\/2018\/07\/020-1030x694.jpg' alt='SkinBooster - Vlasy' title='SkinBooster - Vlasy' height=\"694\"width=\"1030\"  itemprop=\"thumbnailUrl\"  \/><\/div><\/div><\/div><\/div><div class=\"flex_column av_one_half  flex_column_div av-zero-column-padding first\" style='border-radius:0px; '><section class=\"av_textblock_section\"  itemscope=\"itemscope\" itemtype=\"https:\/\/schema.org\/CreativeWork\" ><div class='avia_textblock'   itemprop=\"text\" ><p><strong>W\u0142osy<\/strong> s\u0105 zrogowacia\u0142ym wytworem nask\u00f3rka.  Pod k\u0105tem sk\u0142adu chemicznego w\u0142os sk\u0142ada si\u0119 z protein, wody, oraz minera\u0142\u00f3w, ale g\u0142\u00f3wnym sk\u0142adnikiem jest <strong>KERATYNA<\/strong>, kt\u00f3ra stanowi a\u017c 88% struktury w\u0142osa, a jej g\u0142\u00f3wnym zadaniem jest nadanie w\u0142osom si\u0142y, blasku i mi\u0119kko\u015bci. W <a href=\"\/pl\/zlozenie\/\">sk\u0142ad<\/a> wchodzi r\u00f3wnie\u017c du\u017ca liczba <a href=\"https:\/\/www.kompava.sk\/aminokyseliny\">aminokwas\u00f3w<\/a>, z kt\u00f3rych najwa\u017cniejszym jest <strong>cysteina<\/strong>.<\/p>\n<h5>Budowa w\u0142os\u00f3w<\/h5>\n<p>W\u0142osy sk\u0142adaj\u0105 si\u0119 z trzech podstawowych warstw:<\/p>\n<ol>\n<li><strong> Kutykula<\/strong> \u2013 zewn\u0119trzna warstwa w\u0142osa o \u0142uskowatej powierzchni, kt\u00f3ra pe\u0142ni funkcj\u0119 ochronn\u0105 przed zewn\u0119trznymi uszkodzeniami w\u0142osa. Je\u015bli \u0142uski s\u0105 u\u0142o\u017cone g\u0119sto obok siebie, w\u0142osy s\u0105 l\u015bni\u0105ce i mi\u0119kkie. Jednak\u017ce, gdy kom\u00f3rki s\u0105 niszczone chemicznie lub fizycznie, w\u0142osy staj\u0105 si\u0119 cienkie i \u0142ami\u0105 si\u0119.<\/li>\n<li><strong> Kora<\/strong> \u2013 warstwa w\u0142osa, znajduj\u0105ca si\u0119 pod nask\u00f3rkiem. Sk\u0142ada si\u0119 z martwych kom\u00f3rek utworzonych z w\u0142\u00f3kien<strong> keratyn\u0105<\/strong>. W\u0142\u00f3kna keratynowe tworz\u0105 najmniejsze jednostki strukturalne, tzw mikrofibryle, kt\u00f3re stopniowo przekszta\u0142caj\u0105 si\u0119 w makrofibryle. <strong>W\u0142\u00f3kna keratynowe<\/strong> nadaj\u0105 w\u0142osom trwa\u0142o\u015b\u0107 i elastyczno\u015b\u0107. Kora zawiera r\u00f3wnie\u017c melanin\u0119, kt\u00f3ra utrzymuje naturalny kolor w\u0142os\u00f3w.<\/li>\n<li><strong>Medulla-rdze\u0144<\/strong> jest centraln\u0105 cz\u0119\u015bci\u0105 w\u0142os\u00f3w, ale nie wyst\u0119puje we wszystkich typach w\u0142os\u00f3w. Rdze\u0144 sk\u0142ada si\u0119 z mi\u0119kkich <strong>kom\u00f3rek keratynowych<\/strong> i p\u0119cherzyk\u00f3w powietrza, kt\u00f3re pe\u0142ni\u0105 funkcj\u0119 termoregulacji.<\/li>\n<\/ol>\n<h4><\/h4>\n<\/div><\/section><\/div><div class=\"flex_column av_one_half  flex_column_div av-zero-column-padding\" style='border-radius:0px; '><div class='avia-image-container  av-styling-    avia-align-center'  itemprop=\"ImageObject\" itemscope=\"itemscope\" itemtype=\"https:\/\/schema.org\/ImageObject\"  ><div class='avia-image-container-inner'><div class='avia-image-overlay-wrap'><a href='https:\/\/www.skinbooster.sk\/wp-content\/uploads\/2018\/07\/Vlasy-1.jpg' class='avia_image'  ><img class='avia_image' src='https:\/\/www.skinbooster.sk\/wp-content\/uploads\/2018\/07\/Vlasy-1.jpg' alt='Vlasy' title='W\u0142osy'  itemprop=\"thumbnailUrl\"  \/><\/a><\/div><\/div><\/div><\/div><section class=\"av_textblock_section\"  itemscope=\"itemscope\" itemtype=\"https:\/\/schema.org\/CreativeWork\" ><div class='avia_textblock'   itemprop=\"text\" ><h4>\"W\u0141OSY S\u0104 MOCNIEJSZE, L\u015aNI\u0104CE, PI\u0118KNE I BARDZIEJ OD\u017bYWIONE\"<\/h4>\n<h4>PO PROSTU IDEALNE<\/h4>\n<\/div><\/section>\n<div class='avia-button-wrap avia-button-center'><a href='https:\/\/www.kompava.pl\/skinboosterr'  class='avia-button   avia-icon_select-yes-left-icon avia-color-theme-color avia-size-x-large avia-position-center'  target=\"_blank\"   ><span class='avia_button_icon avia_button_icon_left' aria-hidden='true' data-av_icon='\ue859' data-av_iconfont='entypo-fontello'><\/span><span class='avia_iconbox_title' >Zam\u00f3wi\u0107<\/span><\/a><\/div>\n<\/div><\/div><\/div><!-- close content main div --><\/div><\/div><div id='after_section_1' class='main_color av_default_container_wrap container_wrap sidebar_right'   ><div class='container' ><div class='template-page content  av-content-small alpha units'><div class='post-entry post-entry-type-page post-entry-99'><div class='entry-content-wrapper clearfix'>","protected":false},"excerpt":{"rendered":"","protected":false},"author":2,"featured_media":693,"parent":0,"menu_order":0,"comment_status":"closed","ping_status":"closed","template":"","meta":{"footnotes":""},"class_list":["post-99","page","type-page","status-publish","has-post-thumbnail","hentry"],"yoast_head":"<!-- This site is optimized with the Yoast SEO plugin v26.0 - https:\/\/yoast.com\/wordpress\/plugins\/seo\/ -->\n<title>Vlasy - SkinBooster Anti Age Formula - Kompava spol. s r. o.<\/title>\n<meta name=\"description\" content=\"Vlasy maj\u00fa pre \u010dloveka d\u00f4le\u017eit\u00fa funkciu ako po zdravotnej, tak aj po vizu\u00e1lnej str\u00e1nke a pr\u00e1ve preto je ve\u013emi d\u00f4le\u017eit\u00e9 sa o ne dobre stara\u0165.\" \/>\n<meta name=\"robots\" content=\"index, follow, max-snippet:-1, max-image-preview:large, max-video-preview:-1\" \/>\n<link rel=\"canonical\" href=\"https:\/\/www.skinbooster.sk\/pl\/vlasy\/\" \/>\n<meta property=\"og:locale\" content=\"pl_PL\" \/>\n<meta property=\"og:type\" content=\"article\" \/>\n<meta property=\"og:title\" content=\"Vlasy - SkinBooster Anti Age Formula - Kompava spol. s r. o.\" \/>\n<meta property=\"og:description\" content=\"Vlasy maj\u00fa pre \u010dloveka d\u00f4le\u017eit\u00fa funkciu ako po zdravotnej, tak aj po vizu\u00e1lnej str\u00e1nke a pr\u00e1ve preto je ve\u013emi d\u00f4le\u017eit\u00e9 sa o ne dobre stara\u0165.\" \/>\n<meta property=\"og:url\" content=\"https:\/\/www.skinbooster.sk\/pl\/vlasy\/\" \/>\n<meta property=\"og:site_name\" content=\"SkinBooster\" \/>\n<meta property=\"article:publisher\" content=\"https:\/\/www.facebook.com\/Kompava\/\" \/>\n<meta property=\"article:modified_time\" content=\"2020-12-10T09:36:32+00:00\" \/>\n<meta property=\"og:image\" content=\"https:\/\/www.skinbooster.sk\/wp-content\/uploads\/2018\/07\/Vlasy-1.jpg\" \/>\n\t<meta property=\"og:image:width\" content=\"731\" \/>\n\t<meta property=\"og:image:height\" content=\"498\" \/>\n\t<meta property=\"og:image:type\" content=\"image\/jpeg\" \/>\n<meta name=\"twitter:card\" content=\"summary_large_image\" \/>\n<meta name=\"twitter:label1\" content=\"Szacowany czas czytania\" \/>\n\t<meta name=\"twitter:data1\" content=\"6 minut\" \/>\n<script type=\"application\/ld+json\" class=\"yoast-schema-graph\">{\"@context\":\"https:\/\/schema.org\",\"@graph\":[{\"@type\":\"WebPage\",\"@id\":\"https:\/\/www.skinbooster.sk\/sk\/vlasy\/\",\"url\":\"https:\/\/www.skinbooster.sk\/sk\/vlasy\/\",\"name\":\"Vlasy - SkinBooster Anti Age Formula - Kompava spol. s r. o.\",\"isPartOf\":{\"@id\":\"https:\/\/www.skinbooster.sk\/#website\"},\"primaryImageOfPage\":{\"@id\":\"https:\/\/www.skinbooster.sk\/sk\/vlasy\/#primaryimage\"},\"image\":{\"@id\":\"https:\/\/www.skinbooster.sk\/sk\/vlasy\/#primaryimage\"},\"thumbnailUrl\":\"https:\/\/www.skinbooster.sk\/wp-content\/uploads\/2018\/07\/Vlasy-1.jpg\",\"datePublished\":\"2018-06-26T13:32:42+00:00\",\"dateModified\":\"2020-12-10T09:36:32+00:00\",\"description\":\"Vlasy maj\u00fa pre \u010dloveka d\u00f4le\u017eit\u00fa funkciu ako po zdravotnej, tak aj po vizu\u00e1lnej str\u00e1nke a pr\u00e1ve preto je ve\u013emi d\u00f4le\u017eit\u00e9 sa o ne dobre stara\u0165.\",\"breadcrumb\":{\"@id\":\"https:\/\/www.skinbooster.sk\/sk\/vlasy\/#breadcrumb\"},\"inLanguage\":\"pl-PL\",\"potentialAction\":[{\"@type\":\"ReadAction\",\"target\":[\"https:\/\/www.skinbooster.sk\/sk\/vlasy\/\"]}]},{\"@type\":\"ImageObject\",\"inLanguage\":\"pl-PL\",\"@id\":\"https:\/\/www.skinbooster.sk\/sk\/vlasy\/#primaryimage\",\"url\":\"https:\/\/www.skinbooster.sk\/wp-content\/uploads\/2018\/07\/Vlasy-1.jpg\",\"contentUrl\":\"https:\/\/www.skinbooster.sk\/wp-content\/uploads\/2018\/07\/Vlasy-1.jpg\",\"width\":731,\"height\":498,\"caption\":\"Vlasy\"},{\"@type\":\"BreadcrumbList\",\"@id\":\"https:\/\/www.skinbooster.sk\/sk\/vlasy\/#breadcrumb\",\"itemListElement\":[{\"@type\":\"ListItem\",\"position\":1,\"name\":\"Home\",\"item\":\"https:\/\/www.skinbooster.sk\/sk\/\"},{\"@type\":\"ListItem\",\"position\":2,\"name\":\"Vlasy\"}]},{\"@type\":\"WebSite\",\"@id\":\"https:\/\/www.skinbooster.sk\/#website\",\"url\":\"https:\/\/www.skinbooster.sk\/\",\"name\":\"SkinBooster\",\"description\":\"Anti Age Formula\",\"potentialAction\":[{\"@type\":\"SearchAction\",\"target\":{\"@type\":\"EntryPoint\",\"urlTemplate\":\"https:\/\/www.skinbooster.sk\/?s={search_term_string}\"},\"query-input\":{\"@type\":\"PropertyValueSpecification\",\"valueRequired\":true,\"valueName\":\"search_term_string\"}}],\"inLanguage\":\"pl-PL\"}]}<\/script>\n<!-- \/ Yoast SEO plugin. -->","yoast_head_json":{"title":"Vlasy - SkinBooster Anti Age Formula - Kompava spol. s r. o.","description":"Vlasy maj\u00fa pre \u010dloveka d\u00f4le\u017eit\u00fa funkciu ako po zdravotnej, tak aj po vizu\u00e1lnej str\u00e1nke a pr\u00e1ve preto je ve\u013emi d\u00f4le\u017eit\u00e9 sa o ne dobre stara\u0165.","robots":{"index":"index","follow":"follow","max-snippet":"max-snippet:-1","max-image-preview":"max-image-preview:large","max-video-preview":"max-video-preview:-1"},"canonical":"https:\/\/www.skinbooster.sk\/pl\/vlasy\/","og_locale":"pl_PL","og_type":"article","og_title":"Vlasy - SkinBooster Anti Age Formula - Kompava spol. s r. o.","og_description":"Vlasy maj\u00fa pre \u010dloveka d\u00f4le\u017eit\u00fa funkciu ako po zdravotnej, tak aj po vizu\u00e1lnej str\u00e1nke a pr\u00e1ve preto je ve\u013emi d\u00f4le\u017eit\u00e9 sa o ne dobre stara\u0165.","og_url":"https:\/\/www.skinbooster.sk\/pl\/vlasy\/","og_site_name":"SkinBooster","article_publisher":"https:\/\/www.facebook.com\/Kompava\/","article_modified_time":"2020-12-10T09:36:32+00:00","og_image":[{"width":731,"height":498,"url":"https:\/\/www.skinbooster.sk\/wp-content\/uploads\/2018\/07\/Vlasy-1.jpg","type":"image\/jpeg"}],"twitter_card":"summary_large_image","twitter_misc":{"Szacowany czas czytania":"6 minut"},"schema":{"@context":"https:\/\/schema.org","@graph":[{"@type":"WebPage","@id":"https:\/\/www.skinbooster.sk\/sk\/vlasy\/","url":"https:\/\/www.skinbooster.sk\/sk\/vlasy\/","name":"Vlasy - SkinBooster Anti Age Formula - Kompava spol. s r. o.","isPartOf":{"@id":"https:\/\/www.skinbooster.sk\/#website"},"primaryImageOfPage":{"@id":"https:\/\/www.skinbooster.sk\/sk\/vlasy\/#primaryimage"},"image":{"@id":"https:\/\/www.skinbooster.sk\/sk\/vlasy\/#primaryimage"},"thumbnailUrl":"https:\/\/www.skinbooster.sk\/wp-content\/uploads\/2018\/07\/Vlasy-1.jpg","datePublished":"2018-06-26T13:32:42+00:00","dateModified":"2020-12-10T09:36:32+00:00","description":"Vlasy maj\u00fa pre \u010dloveka d\u00f4le\u017eit\u00fa funkciu ako po zdravotnej, tak aj po vizu\u00e1lnej str\u00e1nke a pr\u00e1ve preto je ve\u013emi d\u00f4le\u017eit\u00e9 sa o ne dobre stara\u0165.","breadcrumb":{"@id":"https:\/\/www.skinbooster.sk\/sk\/vlasy\/#breadcrumb"},"inLanguage":"pl-PL","potentialAction":[{"@type":"ReadAction","target":["https:\/\/www.skinbooster.sk\/sk\/vlasy\/"]}]},{"@type":"ImageObject","inLanguage":"pl-PL","@id":"https:\/\/www.skinbooster.sk\/sk\/vlasy\/#primaryimage","url":"https:\/\/www.skinbooster.sk\/wp-content\/uploads\/2018\/07\/Vlasy-1.jpg","contentUrl":"https:\/\/www.skinbooster.sk\/wp-content\/uploads\/2018\/07\/Vlasy-1.jpg","width":731,"height":498,"caption":"Vlasy"},{"@type":"BreadcrumbList","@id":"https:\/\/www.skinbooster.sk\/sk\/vlasy\/#breadcrumb","itemListElement":[{"@type":"ListItem","position":1,"name":"Home","item":"https:\/\/www.skinbooster.sk\/sk\/"},{"@type":"ListItem","position":2,"name":"Vlasy"}]},{"@type":"WebSite","@id":"https:\/\/www.skinbooster.sk\/#website","url":"https:\/\/www.skinbooster.sk\/","name":"SkinBooster","description":"Anti Age Formula","potentialAction":[{"@type":"SearchAction","target":{"@type":"EntryPoint","urlTemplate":"https:\/\/www.skinbooster.sk\/?s={search_term_string}"},"query-input":{"@type":"PropertyValueSpecification","valueRequired":true,"valueName":"search_term_string"}}],"inLanguage":"pl-PL"}]}},"_links":{"self":[{"href":"https:\/\/www.skinbooster.sk\/pl\/wp-json\/wp\/v2\/pages\/99","targetHints":{"allow":["GET"]}}],"collection":[{"href":"https:\/\/www.skinbooster.sk\/pl\/wp-json\/wp\/v2\/pages"}],"about":[{"href":"https:\/\/www.skinbooster.sk\/pl\/wp-json\/wp\/v2\/types\/page"}],"author":[{"embeddable":true,"href":"https:\/\/www.skinbooster.sk\/pl\/wp-json\/wp\/v2\/users\/2"}],"replies":[{"embeddable":true,"href":"https:\/\/www.skinbooster.sk\/pl\/wp-json\/wp\/v2\/comments?post=99"}],"version-history":[{"count":43,"href":"https:\/\/www.skinbooster.sk\/pl\/wp-json\/wp\/v2\/pages\/99\/revisions"}],"predecessor-version":[{"id":1799,"href":"https:\/\/www.skinbooster.sk\/pl\/wp-json\/wp\/v2\/pages\/99\/revisions\/1799"}],"wp:featuredmedia":[{"embeddable":true,"href":"https:\/\/www.skinbooster.sk\/pl\/wp-json\/wp\/v2\/media\/693"}],"wp:attachment":[{"href":"https:\/\/www.skinbooster.sk\/pl\/wp-json\/wp\/v2\/media?parent=99"}],"curies":[{"name":"wp","href":"https:\/\/api.w.org\/{rel}","templated":true}]}}