{"id":95,"date":"2018-06-26T15:31:02","date_gmt":"2018-06-26T13:31:02","guid":{"rendered":"https:\/\/www.skinbooster.sk\/?page_id=95"},"modified":"2018-07-25T08:31:44","modified_gmt":"2018-07-25T06:31:44","slug":"vlastnosti","status":"publish","type":"page","link":"https:\/\/www.skinbooster.sk\/pl\/vlastnosti\/","title":{"rendered":"W\u0142a\u015bciwo\u015bci"},"content":{"rendered":"<\/div><\/div><\/div><!-- close content main div --><\/div><\/div><div id='av_section_1' class='avia-section main_color avia-section-default avia-no-border-styling avia-bg-style-scroll   container_wrap sidebar_right' style = 'background-image: '  ><div class='container' ><div class='template-page content  av-content-small alpha units'><div class='post-entry post-entry-type-page post-entry-95'><div class='entry-content-wrapper clearfix'>\n<div style='padding-bottom:10px; ' class='av-special-heading av-special-heading-h3'><h3 class='av-special-heading-tag'  itemprop=\"headline\"  >W\u0142a\u015bciwo\u015bci<\/h3><div class='special-heading-border'><div class='special-heading-inner-border' ><\/div><\/div><\/div>\n<section class=\"av_textblock_section\"  itemscope=\"itemscope\" itemtype=\"https:\/\/schema.org\/CreativeWork\" ><div class='avia_textblock'   itemprop=\"text\" ><p><a href=\"https:\/\/www.kompava.pl\/skinboosterr\"><strong>SkinBooster\u00a0<\/strong><\/a>jest suplementem diety, kt\u00f3ry jest przeznaczony <strong>do piel\u0119gnacji <a href=\"\/pl\/plet\/\">sk\u00f3ry<\/a>, <a href=\"\/pl\/vlasy\/\">w\u0142os\u00f3w<\/a> i\u00a0<a href=\"\/pl\/nechty\/\">paznokci<\/a><\/strong> od wewn\u0105trz, ma wyj\u0105tkowe <strong>w\u0142a\u015bciwo\u015bci<\/strong> i\u00a0<strong>sk\u0142adniki<\/strong> naturalnego pochodzenia, bez dodatku substancji chemicznych, aromat\u00f3w i barwnik\u00f3w. Ka\u017cdy sk\u0142adnik zawarty w Skinbooster ma swoje uzasadnienie. Skuteczno\u015b\u0107 substancji aktywnych, zawartych w od\u017cywce zosta\u0142a potwierdzona licznymi testami i badaniami. Innowacyjna formu\u0142a zawiera kompleks sk\u0142adnik\u00f3w dzia\u0142aj\u0105cych synergicznie.<\/p>\n<\/div><\/section>\n<div class=\"flex_column av_one_third  flex_column_div av-zero-column-padding first\" style='border-radius:0px; '><section class=\"av_textblock_section\"  itemscope=\"itemscope\" itemtype=\"https:\/\/schema.org\/CreativeWork\" ><div class='avia_textblock'   itemprop=\"text\" ><h5><strong>Kolagen<\/strong><\/h5>\n<ul>\n<li>Naturalna forma kolagenu w postaci peptyd\u00f3w<\/li>\n<li><strong>Zwi\u0119ksza produkcj\u0119 w\u0142asnego kolagenu<\/strong> wewn\u0105trz cz\u0119\u015bci sk\u00f3ry - w sk\u00f3rze w\u0142a\u015bciwej<\/li>\n<li><strong>Zwi\u0119ksza elastyczno\u015b\u0107 sk\u00f3ry<\/strong> (pobudza produkcj\u0119 elastyny)<\/li>\n<li>Zapobiega pog\u0142\u0119bianiu si\u0119 i powstawaniu zmarszczek (r\u00f3wnie\u017c mimicznych) - <strong>ZMARSZCZKI ZNIKN\u0104<\/strong><\/li>\n<li><strong>Zwi\u0119ksza nawil\u017cenie sk\u00f3ry <\/strong><\/li>\n<li>Przyspiesza wzrost paznokci i poprawia ich jako\u015b\u0107 - zapobiega rozdwajaniu si\u0119 paznokci<\/li>\n<\/ul>\n<h5><strong>Elastyna<\/strong><\/h5>\n<ul>\n<li>W postaci czystej hydrolizowanej elastyny \u200b\u200bmorskiej (peptydy elastyny)<\/li>\n<li>Hamuje rozk\u0142ad enzymu elastazy - rozk\u0142ada w\u0142\u00f3kna elastyny \u200b\u200bw sk\u00f3rze w\u0142a\u015bciwej<\/li>\n<li><strong>Stymuluje tworzenie nowych w\u0142\u00f3kien elastyny<\/strong> \u2013 wyst\u0119puj\u0105 mi\u0119dzy w\u0142\u00f3knami kolagenowymi<\/li>\n<li>Zapewnia <strong>odm\u0142odzenie sk\u00f3ry<\/strong><\/li>\n<li>Zapewnia <strong>rozja\u015bnienie sk\u00f3ry<\/strong><\/li>\n<\/ul>\n<h5><strong>Kreatyna<\/strong><\/h5>\n<ul>\n<li>Naturalna forma keratyny w postaci peptyd\u00f3w<\/li>\n<li><strong>Podstawowy sk\u0142adnik w\u0142os\u00f3w, paznokci<\/strong> i <strong>sk\u00f3ry<\/strong><\/li>\n<li><strong>Zapobiega wypadaniu w\u0142os\u00f3w<\/strong>, poprawia ich wygl\u0105d, po\u0142ysk i si\u0142\u0119<\/li>\n<li><strong>Redukuje<\/strong> tendencj\u0119 <strong>rozdwajania si\u0119 i \u0142amania paznokci<\/strong>, poprawia ich jako\u015b\u0107 i twardo\u015b\u0107<\/li>\n<li>Zawiera aminokwasy siarkowe (cystein\u0119, metionin\u0119, seryn\u0119 i kwas glutaminowy) do tworzenia w\u0142asnej keratyny<\/li>\n<li>Wspomaga odbudow\u0119 keratynocyt\u00f3w (w sk\u00f3rze w\u0142a\u015bciwej)<\/li>\n<\/ul>\n<h5><strong>Witamina C<\/strong><\/h5>\n<ul>\n<li>Niezb\u0119dny do <strong>tworzenia kolagenu<\/strong>, poch\u0142ania wolne rodniki i stymuluje wzrost fibroblast\u00f3w, kt\u00f3re <strong>wspieraj\u0105 tworzenie kolagenu i elastyny<\/strong><\/li>\n<\/ul>\n<\/div><\/section><\/div><div class=\"flex_column av_one_third  flex_column_div av-zero-column-padding\" style='border-radius:0px; '><section class=\"av_textblock_section\"  itemscope=\"itemscope\" itemtype=\"https:\/\/schema.org\/CreativeWork\" ><div class='avia_textblock'   itemprop=\"text\" ><h5><strong>Ceramidy<\/strong><\/h5>\n<ul>\n<li>Wyst\u0119puj\u0105 naturalnie w nask\u00f3rku jako \u201e<em>lipidy nask\u00f3rka<\/em>\u201d, gdzie <strong>zapobiegaj\u0105 utracie wody<\/strong> ze sk\u00f3ry (chroni\u0105 przed odparowywaniem wilgoci z nask\u00f3rka)<\/li>\n<li>Chroni\u0105 sk\u00f3r\u0119 przed czynnikami zewn\u0119trznymi i zapobiegaj\u0105 utracie wody.<\/li>\n<li><strong>Zwi\u0119kszaj\u0105 nawil\u017cenie sk\u00f3ry<\/strong> i poprawiaj\u0105 napi\u0119cie sk\u00f3ry<\/li>\n<li><strong>Zwi\u0119kszaj\u0105 elastyczno\u015b\u0107<\/strong> sk\u00f3ry, zapobiegaj\u0105c w ten spos\u00f3b powstawaniu zmarszczek<\/li>\n<li>Nadaj\u0105 sk\u00f3rze mi\u0119kk\u0105 i g\u0142adk\u0105 tekstur\u0119<\/li>\n<\/ul>\n<h5><a href=\"\/pl\/kyselina-hyaluronova\/\"><strong>Kwas hialuronowy<\/strong><\/a><\/h5>\n<ul>\n<li>Dzia\u0142a jak <strong><em>\u201enaturalny \u015brodek utrzymuj\u0105cy wilgo\u0107\u201c<\/em><\/strong> a ka\u017cda cz\u0105steczka zatrzymuje do 1000 razy wi\u0119cej wody, ni\u017c sama wa\u017cy<\/li>\n<li>Wraz z wiekiem zmniejsza si\u0119 zdolno\u015b\u0107 sk\u00f3ry do produkcji kwasu hialuronowego<\/li>\n<li><strong>Nawil\u017ca w\u0142\u00f3kna elastyny \u200b\u200bi kolagenu,<\/strong> aby zapobiec ich wysychaniu<\/li>\n<li>Ma w\u0142a\u015bciwo\u015bci \u017celu,  kt\u00f3ry transportuje sk\u0142adniki od\u017cywcze i substancje aktywne w g\u0142\u0105b sk\u00f3ry<\/li>\n<li><strong>Zwi\u0119ksza nawil\u017cenie sk\u00f3ry<\/strong>, wspomaga produkcj\u0119 kolagenu i elastyny<\/li>\n<\/ul>\n<h5><strong>Cytrulina<\/strong><\/h5>\n<ul>\n<li>Bierze udzia\u0142 w tworzeniu argininy, kt\u00f3ra przyczynia si\u0119 do powstawania tlenku azotu (NO)<\/li>\n<li>Tlenek azotu (NO) rozszerza naczynia krwiono\u015bne, zapewniaj\u0105c w ten spos\u00f3b wi\u0119kszy przep\u0142yw krwi i <strong>substancji od\u017cywczych<\/strong> do tkanek docelowych (sk\u00f3ra, cebulki w\u0142os\u00f3w i paznokcie)<\/li>\n<\/ul>\n<h5><strong>Selen<\/strong><\/h5>\n<ul>\n<li>Przyczynia si\u0119 do ochrony kom\u00f3rek <strong>sk\u00f3ry przed stresem oksydacyjnym<\/strong><\/li>\n<\/ul>\n<h5><strong>Witaminy grupy B<\/strong><\/h5>\n<ul>\n<li>B7 \u2013 <strong>poprawia jako\u015b\u0107 w\u0142os\u00f3w i paznokci<\/strong>, przyczynia si\u0119 do utrzymania zdrowej sk\u00f3ry<\/li>\n<li>B3 \u2013 ma korzystny wp\u0142yw na stan sk\u00f3ry,\u00a0<strong>wyr\u00f3wnuj\u0105c jej koloryt i ukrwienie<\/strong><\/li>\n<\/ul>\n<\/div><\/section><\/div><div class=\"flex_column av_one_third  flex_column_div av-zero-column-padding\" style='border-radius:0px; '><p><div style=' margin-top:30px; margin-bottom:30px;'  class='hr hr-custom hr-center hr-icon-yes'><span class='hr-inner   inner-border-av-border-thin' style=' width:50px; border-color:#ffffff;' ><span class='hr-inner-style'><\/span><\/span><span class='av-seperator-icon' style='color:#ffffff;' aria-hidden='true' data-av_icon='\ue808' data-av_iconfont='entypo-fontello'><\/span><span class='hr-inner   inner-border-av-border-thin' style=' width:50px; border-color:#ffffff;' ><span class='hr-inner-style'><\/span><\/span><\/div><br \/>\n<div class='avia-image-container  av-styling-    avia-align-center'  itemprop=\"ImageObject\" itemscope=\"itemscope\" itemtype=\"https:\/\/schema.org\/ImageObject\"  ><div class='avia-image-container-inner'><div class='avia-image-overlay-wrap'><img class='avia_image' src='https:\/\/www.skinbooster.sk\/wp-content\/uploads\/2018\/07\/ceramidy1-300x300.png' alt='Vlastnosti - Odparovanie vlhkosti' title='Odparowanie wilgoci ze sk\u00f3ry.' height=\"300\"width=\"300\"  itemprop=\"thumbnailUrl\"  \/><\/div><\/div><\/div><br \/>\n<section class=\"av_textblock_section\"  itemscope=\"itemscope\" itemtype=\"https:\/\/schema.org\/CreativeWork\" ><div class='avia_textblock'   itemprop=\"text\" ><p style=\"text-align: center;\"><strong>Odparowanie wilgoci ze sk\u00f3ry<\/strong><\/p>\n<\/div><\/section><br \/>\n<div  class='hr hr-default'><span class='hr-inner' ><span class='hr-inner-style'><\/span><\/span><\/div><br \/>\n<div class='avia-image-container  av-styling-    avia-align-center'  itemprop=\"ImageObject\" itemscope=\"itemscope\" itemtype=\"https:\/\/schema.org\/ImageObject\"  ><div class='avia-image-container-inner'><div class='avia-image-overlay-wrap'><img class='avia_image' src='https:\/\/www.skinbooster.sk\/wp-content\/uploads\/2018\/07\/ceramidy2-300x300.png' alt='Vlastnosti - Udr\u017eiavanie vlhkosti' title='Zatrzymywanie wilgoci w sk\u00f3rze' height=\"300\"width=\"300\"  itemprop=\"thumbnailUrl\"  \/><\/div><\/div><\/div><br \/>\n<section class=\"av_textblock_section\"  itemscope=\"itemscope\" itemtype=\"https:\/\/schema.org\/CreativeWork\" ><div class='avia_textblock'   itemprop=\"text\" ><p style=\"text-align: center;\"><strong>Ceramidy tworz\u0105 barier\u0119 zatrzymuj\u0105c\u0105 wilgo\u0107<\/strong><\/p>\n<\/div><\/section><\/p><\/div>\n<\/div><\/div><\/div><!-- close content main div --><\/div><\/div><div id='after_section_1' class='main_color av_default_container_wrap container_wrap sidebar_right'   ><div class='container' ><div class='template-page content  av-content-small alpha units'><div class='post-entry post-entry-type-page post-entry-95'><div class='entry-content-wrapper clearfix'>\n<div class=\"flex_column av_one_full  flex_column_div av-zero-column-padding first\" style='border-radius:0px; '><div class='avia-button-wrap avia-button-center'><a href='https:\/\/www.kompava.pl\/skinboosterr'  class='avia-button   avia-icon_select-yes-left-icon avia-color-theme-color avia-size-x-large avia-position-center'   ><span class='avia_button_icon avia_button_icon_left' aria-hidden='true' data-av_icon='\ue859' data-av_iconfont='entypo-fontello'><\/span><span class='avia_iconbox_title' >Kupi\u0107 SkinBooster<\/span><\/a><\/div><\/div>","protected":false},"excerpt":{"rendered":"","protected":false},"author":2,"featured_media":413,"parent":0,"menu_order":0,"comment_status":"closed","ping_status":"closed","template":"","meta":{"footnotes":""},"class_list":["post-95","page","type-page","status-publish","has-post-thumbnail","hentry"],"yoast_head":"<!-- This site is optimized with the Yoast SEO plugin v26.0 - https:\/\/yoast.com\/wordpress\/plugins\/seo\/ -->\n<title>Vlastnosti - SkinBooster Anti Age Formula - Kompava spol. s r. o.<\/title>\n<meta name=\"description\" content=\"Vlastnosti produkutu SkinBooster s\u00fa unik\u00e1tne v\u010fala jeho zlo\u017eeniu pr\u00edpodn\u00e9ho charakteru. Je v\u00fd\u017eivov\u00fd doplnok ur\u010den\u00fd na v\u00fd\u017eivu pleti, vlasov i\u00a0nechtov.\" \/>\n<meta name=\"robots\" content=\"index, follow, max-snippet:-1, max-image-preview:large, max-video-preview:-1\" \/>\n<link rel=\"canonical\" href=\"https:\/\/www.skinbooster.sk\/pl\/vlastnosti\/\" \/>\n<meta property=\"og:locale\" content=\"pl_PL\" \/>\n<meta property=\"og:type\" content=\"article\" \/>\n<meta property=\"og:title\" content=\"Vlastnosti - SkinBooster Anti Age Formula - Kompava spol. s r. o.\" \/>\n<meta property=\"og:description\" content=\"Vlastnosti produkutu SkinBooster s\u00fa unik\u00e1tne v\u010fala jeho zlo\u017eeniu pr\u00edpodn\u00e9ho charakteru. Je v\u00fd\u017eivov\u00fd doplnok ur\u010den\u00fd na v\u00fd\u017eivu pleti, vlasov i\u00a0nechtov.\" \/>\n<meta property=\"og:url\" content=\"https:\/\/www.skinbooster.sk\/pl\/vlastnosti\/\" \/>\n<meta property=\"og:site_name\" content=\"SkinBooster\" \/>\n<meta property=\"article:publisher\" content=\"https:\/\/www.facebook.com\/Kompava\/\" \/>\n<meta property=\"article:modified_time\" content=\"2018-07-25T06:31:44+00:00\" \/>\n<meta property=\"og:image\" content=\"https:\/\/www.skinbooster.sk\/wp-content\/uploads\/2018\/07\/ceramidy2.png\" \/>\n\t<meta property=\"og:image:width\" content=\"323\" \/>\n\t<meta property=\"og:image:height\" content=\"323\" \/>\n\t<meta property=\"og:image:type\" content=\"image\/png\" \/>\n<meta name=\"twitter:card\" content=\"summary_large_image\" \/>\n<meta name=\"twitter:label1\" content=\"Szacowany czas czytania\" \/>\n\t<meta name=\"twitter:data1\" content=\"7 minut\" \/>\n<script type=\"application\/ld+json\" class=\"yoast-schema-graph\">{\"@context\":\"https:\/\/schema.org\",\"@graph\":[{\"@type\":\"WebPage\",\"@id\":\"https:\/\/www.skinbooster.sk\/sk\/vlastnosti\/\",\"url\":\"https:\/\/www.skinbooster.sk\/sk\/vlastnosti\/\",\"name\":\"Vlastnosti - SkinBooster Anti Age Formula - Kompava spol. s r. o.\",\"isPartOf\":{\"@id\":\"https:\/\/www.skinbooster.sk\/#website\"},\"primaryImageOfPage\":{\"@id\":\"https:\/\/www.skinbooster.sk\/sk\/vlastnosti\/#primaryimage\"},\"image\":{\"@id\":\"https:\/\/www.skinbooster.sk\/sk\/vlastnosti\/#primaryimage\"},\"thumbnailUrl\":\"https:\/\/www.skinbooster.sk\/wp-content\/uploads\/2018\/07\/ceramidy2.png\",\"datePublished\":\"2018-06-26T13:31:02+00:00\",\"dateModified\":\"2018-07-25T06:31:44+00:00\",\"description\":\"Vlastnosti produkutu SkinBooster s\u00fa unik\u00e1tne v\u010fala jeho zlo\u017eeniu pr\u00edpodn\u00e9ho charakteru. Je v\u00fd\u017eivov\u00fd doplnok ur\u010den\u00fd na v\u00fd\u017eivu pleti, vlasov i\u00a0nechtov.\",\"breadcrumb\":{\"@id\":\"https:\/\/www.skinbooster.sk\/sk\/vlastnosti\/#breadcrumb\"},\"inLanguage\":\"pl-PL\",\"potentialAction\":[{\"@type\":\"ReadAction\",\"target\":[\"https:\/\/www.skinbooster.sk\/sk\/vlastnosti\/\"]}]},{\"@type\":\"ImageObject\",\"inLanguage\":\"pl-PL\",\"@id\":\"https:\/\/www.skinbooster.sk\/sk\/vlastnosti\/#primaryimage\",\"url\":\"https:\/\/www.skinbooster.sk\/wp-content\/uploads\/2018\/07\/ceramidy2.png\",\"contentUrl\":\"https:\/\/www.skinbooster.sk\/wp-content\/uploads\/2018\/07\/ceramidy2.png\",\"width\":323,\"height\":323,\"caption\":\"Vlastnosti - Udr\u017eiavanie vlhkosti\"},{\"@type\":\"BreadcrumbList\",\"@id\":\"https:\/\/www.skinbooster.sk\/sk\/vlastnosti\/#breadcrumb\",\"itemListElement\":[{\"@type\":\"ListItem\",\"position\":1,\"name\":\"Home\",\"item\":\"https:\/\/www.skinbooster.sk\/sk\/\"},{\"@type\":\"ListItem\",\"position\":2,\"name\":\"Vlastnosti\"}]},{\"@type\":\"WebSite\",\"@id\":\"https:\/\/www.skinbooster.sk\/#website\",\"url\":\"https:\/\/www.skinbooster.sk\/\",\"name\":\"SkinBooster\",\"description\":\"Anti Age Formula\",\"potentialAction\":[{\"@type\":\"SearchAction\",\"target\":{\"@type\":\"EntryPoint\",\"urlTemplate\":\"https:\/\/www.skinbooster.sk\/?s={search_term_string}\"},\"query-input\":{\"@type\":\"PropertyValueSpecification\",\"valueRequired\":true,\"valueName\":\"search_term_string\"}}],\"inLanguage\":\"pl-PL\"}]}<\/script>\n<!-- \/ Yoast SEO plugin. -->","yoast_head_json":{"title":"Vlastnosti - SkinBooster Anti Age Formula - Kompava spol. s r. o.","description":"Vlastnosti produkutu SkinBooster s\u00fa unik\u00e1tne v\u010fala jeho zlo\u017eeniu pr\u00edpodn\u00e9ho charakteru. Je v\u00fd\u017eivov\u00fd doplnok ur\u010den\u00fd na v\u00fd\u017eivu pleti, vlasov i\u00a0nechtov.","robots":{"index":"index","follow":"follow","max-snippet":"max-snippet:-1","max-image-preview":"max-image-preview:large","max-video-preview":"max-video-preview:-1"},"canonical":"https:\/\/www.skinbooster.sk\/pl\/vlastnosti\/","og_locale":"pl_PL","og_type":"article","og_title":"Vlastnosti - SkinBooster Anti Age Formula - Kompava spol. s r. o.","og_description":"Vlastnosti produkutu SkinBooster s\u00fa unik\u00e1tne v\u010fala jeho zlo\u017eeniu pr\u00edpodn\u00e9ho charakteru. Je v\u00fd\u017eivov\u00fd doplnok ur\u010den\u00fd na v\u00fd\u017eivu pleti, vlasov i\u00a0nechtov.","og_url":"https:\/\/www.skinbooster.sk\/pl\/vlastnosti\/","og_site_name":"SkinBooster","article_publisher":"https:\/\/www.facebook.com\/Kompava\/","article_modified_time":"2018-07-25T06:31:44+00:00","og_image":[{"width":323,"height":323,"url":"https:\/\/www.skinbooster.sk\/wp-content\/uploads\/2018\/07\/ceramidy2.png","type":"image\/png"}],"twitter_card":"summary_large_image","twitter_misc":{"Szacowany czas czytania":"7 minut"},"schema":{"@context":"https:\/\/schema.org","@graph":[{"@type":"WebPage","@id":"https:\/\/www.skinbooster.sk\/sk\/vlastnosti\/","url":"https:\/\/www.skinbooster.sk\/sk\/vlastnosti\/","name":"Vlastnosti - SkinBooster Anti Age Formula - Kompava spol. s r. o.","isPartOf":{"@id":"https:\/\/www.skinbooster.sk\/#website"},"primaryImageOfPage":{"@id":"https:\/\/www.skinbooster.sk\/sk\/vlastnosti\/#primaryimage"},"image":{"@id":"https:\/\/www.skinbooster.sk\/sk\/vlastnosti\/#primaryimage"},"thumbnailUrl":"https:\/\/www.skinbooster.sk\/wp-content\/uploads\/2018\/07\/ceramidy2.png","datePublished":"2018-06-26T13:31:02+00:00","dateModified":"2018-07-25T06:31:44+00:00","description":"Vlastnosti produkutu SkinBooster s\u00fa unik\u00e1tne v\u010fala jeho zlo\u017eeniu pr\u00edpodn\u00e9ho charakteru. Je v\u00fd\u017eivov\u00fd doplnok ur\u010den\u00fd na v\u00fd\u017eivu pleti, vlasov i\u00a0nechtov.","breadcrumb":{"@id":"https:\/\/www.skinbooster.sk\/sk\/vlastnosti\/#breadcrumb"},"inLanguage":"pl-PL","potentialAction":[{"@type":"ReadAction","target":["https:\/\/www.skinbooster.sk\/sk\/vlastnosti\/"]}]},{"@type":"ImageObject","inLanguage":"pl-PL","@id":"https:\/\/www.skinbooster.sk\/sk\/vlastnosti\/#primaryimage","url":"https:\/\/www.skinbooster.sk\/wp-content\/uploads\/2018\/07\/ceramidy2.png","contentUrl":"https:\/\/www.skinbooster.sk\/wp-content\/uploads\/2018\/07\/ceramidy2.png","width":323,"height":323,"caption":"Vlastnosti - Udr\u017eiavanie vlhkosti"},{"@type":"BreadcrumbList","@id":"https:\/\/www.skinbooster.sk\/sk\/vlastnosti\/#breadcrumb","itemListElement":[{"@type":"ListItem","position":1,"name":"Home","item":"https:\/\/www.skinbooster.sk\/sk\/"},{"@type":"ListItem","position":2,"name":"Vlastnosti"}]},{"@type":"WebSite","@id":"https:\/\/www.skinbooster.sk\/#website","url":"https:\/\/www.skinbooster.sk\/","name":"SkinBooster","description":"Anti Age Formula","potentialAction":[{"@type":"SearchAction","target":{"@type":"EntryPoint","urlTemplate":"https:\/\/www.skinbooster.sk\/?s={search_term_string}"},"query-input":{"@type":"PropertyValueSpecification","valueRequired":true,"valueName":"search_term_string"}}],"inLanguage":"pl-PL"}]}},"_links":{"self":[{"href":"https:\/\/www.skinbooster.sk\/pl\/wp-json\/wp\/v2\/pages\/95","targetHints":{"allow":["GET"]}}],"collection":[{"href":"https:\/\/www.skinbooster.sk\/pl\/wp-json\/wp\/v2\/pages"}],"about":[{"href":"https:\/\/www.skinbooster.sk\/pl\/wp-json\/wp\/v2\/types\/page"}],"author":[{"embeddable":true,"href":"https:\/\/www.skinbooster.sk\/pl\/wp-json\/wp\/v2\/users\/2"}],"replies":[{"embeddable":true,"href":"https:\/\/www.skinbooster.sk\/pl\/wp-json\/wp\/v2\/comments?post=95"}],"version-history":[{"count":51,"href":"https:\/\/www.skinbooster.sk\/pl\/wp-json\/wp\/v2\/pages\/95\/revisions"}],"predecessor-version":[{"id":1884,"href":"https:\/\/www.skinbooster.sk\/pl\/wp-json\/wp\/v2\/pages\/95\/revisions\/1884"}],"wp:featuredmedia":[{"embeddable":true,"href":"https:\/\/www.skinbooster.sk\/pl\/wp-json\/wp\/v2\/media\/413"}],"wp:attachment":[{"href":"https:\/\/www.skinbooster.sk\/pl\/wp-json\/wp\/v2\/media?parent=95"}],"curies":[{"name":"wp","href":"https:\/\/api.w.org\/{rel}","templated":true}]}}