{"id":89,"date":"2018-06-26T15:30:48","date_gmt":"2018-06-26T13:30:48","guid":{"rendered":"https:\/\/www.skinbooster.sk\/?page_id=89"},"modified":"2023-06-07T15:14:22","modified_gmt":"2023-06-07T13:14:22","slug":"zlozenie","status":"publish","type":"page","link":"https:\/\/www.skinbooster.sk\/pl\/zlozenie\/","title":{"rendered":"Sk\u0142ad"},"content":{"rendered":"<div style='padding-bottom:10px; ' class='av-special-heading av-special-heading-h3'><h3 class='av-special-heading-tag'  itemprop=\"headline\"  >Sk\u0142ad<\/h3><div class='special-heading-border'><div class='special-heading-inner-border' ><\/div><\/div><\/div>\n<div class=\"flex_column av_one_half  flex_column_div av-zero-column-padding first\" style='border-radius:0px; '><p><section class=\"av_textblock_section\"  itemscope=\"itemscope\" itemtype=\"https:\/\/schema.org\/CreativeWork\" ><div class='avia_textblock'   itemprop=\"text\" ><p>Sk\u0142ad produktu Skinbooster jest oparty na\u00a0<strong>naturalnych sk\u0142adnikach<\/strong>. <a href=\"\/pl\/vlastnosti\/\">Peptydy kolagenowe<\/a> Verisol<sup>\u00ae<\/sup>, Fortigel<sup>\u00ae<\/sup>, beauty matrix (jab\u0142czan cytruliny, <strong>peptydy elastyny \u200b\u200bProlastyna <\/strong>(<strong>ryby <\/strong>i sk\u0142adniki pochodz\u0105ce<strong>\u00a0z ryb<\/strong>), peptydy keratynowe Cynatyna<sup>\u00ae<\/sup> HNS, ceramidy Ceramoides<sup>TM<\/sup>),\u00a0<strong>witamina C<\/strong> (kwas L-askorbinowy), kwas hialuronowy, substancja s\u0142odz\u0105ca: glikozydy stewiolowe, selen dro\u017cd\u017cowy, substancja przeciwzbrylaj\u0105ca: dwutlenek krzemu, witaminy: niacyna (nikotynamid), <strong>E<\/strong> (octan DL-\u03b1-tokoferylu), kwas pantotenowy (D-pantotenian wapnia), <strong>B2<\/strong> (ryboflawina), <strong>B1<\/strong> (monoazotan tiaminy),\u00a0 <strong>B6<\/strong> pirydoksyna (chlorowodorek pirydoksyny), kwas foliowy (kwas pteroilomonoglutaminowy), biotyna (D-biotyna), <strong>B12<\/strong> (cyjanokobalamina), aromaty: tropikalny, limonka<u><\/u><\/p>\n<\/div><\/section><br \/>\n<div  class='hr hr-default'><span class='hr-inner' ><span class='hr-inner-style'><\/span><\/span><\/div><br \/>\n<div class='avia-image-container  av-styling-    avia-align-center'  itemprop=\"ImageObject\" itemscope=\"itemscope\" itemtype=\"https:\/\/schema.org\/ImageObject\"  ><div class='avia-image-container-inner'><div class='avia-image-overlay-wrap'><img class='avia_image' src='https:\/\/www.skinbooster.sk\/wp-content\/uploads\/2023\/06\/skinbooster_web_doza-1.jpg' alt='' title='skinbooster_web_doza' height=\"842\"width=\"816\"  itemprop=\"thumbnailUrl\"  \/><\/div><\/div><\/div><br \/>\n<div class='avia-button-wrap avia-button-center'><a href='https:\/\/kompava.sk\/p\/skinbooster'  class='avia-button   avia-icon_select-yes-left-icon avia-color-theme-color avia-size-x-large avia-position-center'  target=\"_blank\"   ><span class='avia_button_icon avia_button_icon_left' aria-hidden='true' data-av_icon='\ue859' data-av_iconfont='entypo-fontello'><\/span><span class='avia_iconbox_title' >Zam\u00f3wi\u0107<\/span><\/a><\/div><\/p><\/div><div class=\"flex_column av_one_half  flex_column_div av-zero-column-padding\" style='border-radius:0px; '><section class=\"av_textblock_section\"  itemscope=\"itemscope\" itemtype=\"https:\/\/schema.org\/CreativeWork\" ><div class='avia_textblock'   itemprop=\"text\" ><table width=\"0\">\n<tbody>\n<tr>\n<td width=\"203\">\n<h3>Warto\u015bci od\u017cywcze<\/h3>\n<\/td>\n<td width=\"94\"><strong>100 g<\/strong><\/td>\n<td width=\"104\"><strong>10 g \/1<\/strong><strong style=\"font-family: inherit; font-size: inherit;\">\u00a0porcja<\/strong><\/td>\n<td width=\"123\"><strong style=\"font-family: inherit; font-size: inherit;\">*RWS%<\/strong><\/p>\n<p><strong>1 porcja<\/strong><\/td>\n<\/tr>\n<tr>\n<td width=\"203\">Warto\u015b\u0107 energetyczna<\/td>\n<td width=\"94\">1557 kJ<\/p>\n<p>366,4 kcal<\/td>\n<td width=\"104\">155,7 kJ<\/p>\n<p>36,64 kcal<\/td>\n<td width=\"123\">1,85 %<\/td>\n<\/tr>\n<tr>\n<td width=\"203\">T\u0142uszcze<\/td>\n<td width=\"94\">0,23 g<\/td>\n<td width=\"104\">0,023 g<\/td>\n<td width=\"123\">0,03 %<\/td>\n<\/tr>\n<tr>\n<td width=\"203\">\u00a0\u00a0w tym nasycone kwasy t\u0142uszczowe<\/td>\n<td width=\"94\">0,10 g<\/td>\n<td width=\"104\">0,010 g<\/td>\n<td width=\"123\">0,05 %<\/td>\n<\/tr>\n<tr>\n<td width=\"203\">W\u0119glowodany<\/td>\n<td width=\"94\">\u20391,00 g<\/td>\n<td width=\"104\">\u20390,1 g<\/td>\n<td width=\"123\">0,04 %<\/td>\n<\/tr>\n<tr>\n<td width=\"203\">\u00a0\u00a0w tym cukry<\/td>\n<td width=\"94\">\u20391,00 g<\/td>\n<td width=\"104\">\u20390,1 g<\/td>\n<td width=\"123\">0,04 %<\/td>\n<\/tr>\n<tr>\n<td width=\"203\">Bia\u0142ka<\/td>\n<td width=\"94\">91,17 g<\/td>\n<td width=\"104\">9,12 g<\/td>\n<td width=\"123\">18,24 %<\/td>\n<\/tr>\n<tr>\n<td width=\"203\">S\u00f3l<\/td>\n<td width=\"94\">1,81 g<\/td>\n<td width=\"104\">0,18 g<\/td>\n<td width=\"123\">3 %<\/td>\n<\/tr>\n<tr>\n<td width=\"203\">\n<h5><strong>Substancje aktywne:<\/strong><\/h5>\n<\/td>\n<td width=\"94\"><\/td>\n<td width=\"104\"><\/td>\n<td width=\"123\"><\/td>\n<\/tr>\n<tr>\n<td width=\"203\">Peptydy kolagenowe<\/td>\n<td width=\"94\">61,7 g<\/td>\n<td width=\"104\">6,17 g<\/td>\n<td width=\"123\"><strong>**<\/strong><\/td>\n<\/tr>\n<tr>\n<td width=\"203\">Beauty matrix<\/td>\n<td width=\"94\">28,3 g<\/td>\n<td width=\"104\">2,83 g<\/td>\n<td width=\"123\"><strong>**<\/strong><\/td>\n<\/tr>\n<tr>\n<td width=\"203\">Kwas hialuronowy<\/td>\n<td width=\"94\">1,5 g<\/td>\n<td width=\"104\">0,15 g<\/td>\n<td width=\"123\"><strong>**<\/strong><\/td>\n<\/tr>\n<tr>\n<td width=\"203\">\n<h5><strong>Witaminy i minera\u0142y<\/strong><\/h5>\n<\/td>\n<td width=\"94\"><\/td>\n<td width=\"104\"><\/td>\n<td width=\"123\"><\/td>\n<\/tr>\n<tr>\n<td width=\"203\">Witamina C<\/td>\n<td width=\"94\">3300 mg<\/td>\n<td width=\"104\">330 mg<\/td>\n<td width=\"123\">412,5 %<\/td>\n<\/tr>\n<tr>\n<td width=\"203\">Niacyna<\/td>\n<td width=\"94\">\u00a090 mg<\/td>\n<td width=\"104\">9 mg<\/td>\n<td width=\"123\">56,25 %<\/td>\n<\/tr>\n<tr>\n<td width=\"203\">Witamina E<\/td>\n<td width=\"94\">50 mg<\/td>\n<td width=\"104\">5 mg<\/td>\n<td width=\"123\">41,66 %<\/td>\n<\/tr>\n<tr>\n<td width=\"203\">Kwas pantotenowy<\/td>\n<td width=\"94\">30 mg<\/td>\n<td width=\"104\">3 mg<\/td>\n<td width=\"123\">50 %<\/td>\n<\/tr>\n<tr>\n<td width=\"203\">Witamina B6<\/td>\n<td width=\"94\">10 mg<\/td>\n<td width=\"104\">1 mg<\/td>\n<td width=\"123\">71,43 %<\/td>\n<\/tr>\n<tr>\n<td width=\"203\">Witamina B2<\/td>\n<td width=\"94\">8 mg<\/td>\n<td width=\"104\">0,8 mg<\/td>\n<td width=\"123\">57,14 %<\/td>\n<\/tr>\n<tr>\n<td width=\"203\">Witamina B1<\/td>\n<td width=\"94\">7 mg<\/td>\n<td width=\"104\">0,7 mg<\/td>\n<td width=\"123\">63,63 %<\/td>\n<\/tr>\n<tr>\n<td width=\"203\">Kwas foliowy<\/td>\n<td width=\"94\">1 mg<\/td>\n<td width=\"104\">100 mg<\/td>\n<td width=\"123\">50 %<\/td>\n<\/tr>\n<tr>\n<td width=\"203\">Biotyna<\/td>\n<td width=\"94\">750 mg<\/td>\n<td width=\"104\">75 mg<\/td>\n<td width=\"123\">150 %<\/td>\n<\/tr>\n<tr>\n<td width=\"203\">Witamina B12<\/td>\n<td width=\"94\">0,5mg<\/td>\n<td width=\"104\">0,05 mg<\/td>\n<td width=\"123\">2 %<\/td>\n<\/tr>\n<tr>\n<td width=\"203\">Selen<\/td>\n<td width=\"94\">550 mg<\/td>\n<td width=\"104\">55 mg<\/td>\n<td width=\"123\">100 %<\/td>\n<\/tr>\n<\/tbody>\n<\/table>\n<p>*RWS % \u2013 Referencyjna warto\u015b\u0107 spo\u017cycia<\/p>\n<p>**Nie okre\u015blono warto\u015bci RVH<\/p>\n<p>Referencyjna warto\u015b\u0107 spo\u017cycia dla przeci\u0119tnej osoby doros\u0142ej (<strong>8400 kJ\/2000 kcal<\/strong>).<\/p>\n<h3><b>Ostrze\u017cenie:<\/b><\/h3>\n<p><strong>Nie nadaje si\u0119<\/strong>\u00a0dla os\u00f3b\u00a0<strong>poni\u017cej 18 roku \u017cycia, kobiet w ci\u0105\u017cy i karmi\u0105cych piersi\u0105<\/strong>. Przechowywa\u0107 w miejscu niedost\u0119pnym dla ma\u0142ych dzieci, w suchym miejscu, w temperaturze\u00a0<strong>od 10 \u00b0C do 25 \u00b0C<\/strong>. Nie wystawia\u0107 na bezpo\u015brednie dzia\u0142anie promieni s\u0142onecznych! Nie stosowa\u0107 jako substytut zr\u00f3\u017cnicowanej i zbilansowanej diety oraz zdrowego trybu \u017cycia. Nie wolno przekracza\u0107 okre\u015blonej zalecanej dawki dziennej.<\/p>\n<\/div><\/section><\/div><\/p>","protected":false},"excerpt":{"rendered":"","protected":false},"author":2,"featured_media":71,"parent":0,"menu_order":0,"comment_status":"closed","ping_status":"closed","template":"","meta":{"footnotes":""},"class_list":["post-89","page","type-page","status-publish","has-post-thumbnail","hentry"],"yoast_head":"<!-- This site is optimized with the Yoast SEO plugin v26.0 - https:\/\/yoast.com\/wordpress\/plugins\/seo\/ -->\n<title>Zlo\u017eenie - SkinBooster Anti Age Formula - Kompava spol. s r. o. - Vitam\u00edn<\/title>\n<meta name=\"description\" content=\"Zlo\u017eenie novinky SkinBooster, kolag\u00e9nov\u00e9 a elast\u00ednov\u00e9 a kerat\u00ednov\u00e9 peptidy, vitam\u00edny ako vitam\u00edn C, E, B6,B2, B12, miner\u00e1ly ako Niac\u00edn, Biot\u00edn, Sel\u00e9n a pod.\" \/>\n<meta name=\"robots\" content=\"index, follow, max-snippet:-1, max-image-preview:large, max-video-preview:-1\" \/>\n<link rel=\"canonical\" href=\"https:\/\/www.skinbooster.sk\/pl\/zlozenie\/\" \/>\n<meta property=\"og:locale\" content=\"pl_PL\" \/>\n<meta property=\"og:type\" content=\"article\" \/>\n<meta property=\"og:title\" content=\"Zlo\u017eenie - SkinBooster Anti Age Formula - Kompava spol. s r. o. - Vitam\u00edn\" \/>\n<meta property=\"og:description\" content=\"Zlo\u017eenie novinky SkinBooster, kolag\u00e9nov\u00e9 a elast\u00ednov\u00e9 a kerat\u00ednov\u00e9 peptidy, vitam\u00edny ako vitam\u00edn C, E, B6,B2, B12, miner\u00e1ly ako Niac\u00edn, Biot\u00edn, Sel\u00e9n a pod.\" \/>\n<meta property=\"og:url\" content=\"https:\/\/www.skinbooster.sk\/pl\/zlozenie\/\" \/>\n<meta property=\"og:site_name\" content=\"SkinBooster\" \/>\n<meta property=\"article:publisher\" content=\"https:\/\/www.facebook.com\/Kompava\/\" \/>\n<meta property=\"article:modified_time\" content=\"2023-06-07T13:14:22+00:00\" \/>\n<meta property=\"og:image\" content=\"https:\/\/www.skinbooster.sk\/wp-content\/uploads\/2018\/06\/main_banner3.jpg\" \/>\n\t<meta property=\"og:image:width\" content=\"906\" \/>\n\t<meta property=\"og:image:height\" content=\"870\" \/>\n\t<meta property=\"og:image:type\" content=\"image\/jpeg\" \/>\n<meta name=\"twitter:card\" content=\"summary_large_image\" \/>\n<meta name=\"twitter:label1\" content=\"Szacowany czas czytania\" \/>\n\t<meta name=\"twitter:data1\" content=\"4 minuty\" \/>\n<script type=\"application\/ld+json\" class=\"yoast-schema-graph\">{\"@context\":\"https:\/\/schema.org\",\"@graph\":[{\"@type\":\"WebPage\",\"@id\":\"https:\/\/www.skinbooster.sk\/sk\/zlozenie\/\",\"url\":\"https:\/\/www.skinbooster.sk\/sk\/zlozenie\/\",\"name\":\"Zlo\u017eenie - SkinBooster Anti Age Formula - Kompava spol. s r. o. - Vitam\u00edn\",\"isPartOf\":{\"@id\":\"https:\/\/www.skinbooster.sk\/#website\"},\"primaryImageOfPage\":{\"@id\":\"https:\/\/www.skinbooster.sk\/sk\/zlozenie\/#primaryimage\"},\"image\":{\"@id\":\"https:\/\/www.skinbooster.sk\/sk\/zlozenie\/#primaryimage\"},\"thumbnailUrl\":\"https:\/\/www.skinbooster.sk\/wp-content\/uploads\/2018\/06\/main_banner3.jpg\",\"datePublished\":\"2018-06-26T13:30:48+00:00\",\"dateModified\":\"2023-06-07T13:14:22+00:00\",\"description\":\"Zlo\u017eenie novinky SkinBooster, kolag\u00e9nov\u00e9 a elast\u00ednov\u00e9 a kerat\u00ednov\u00e9 peptidy, vitam\u00edny ako vitam\u00edn C, E, B6,B2, B12, miner\u00e1ly ako Niac\u00edn, Biot\u00edn, Sel\u00e9n a pod.\",\"breadcrumb\":{\"@id\":\"https:\/\/www.skinbooster.sk\/sk\/zlozenie\/#breadcrumb\"},\"inLanguage\":\"pl-PL\",\"potentialAction\":[{\"@type\":\"ReadAction\",\"target\":[\"https:\/\/www.skinbooster.sk\/sk\/zlozenie\/\"]}]},{\"@type\":\"ImageObject\",\"inLanguage\":\"pl-PL\",\"@id\":\"https:\/\/www.skinbooster.sk\/sk\/zlozenie\/#primaryimage\",\"url\":\"https:\/\/www.skinbooster.sk\/wp-content\/uploads\/2018\/06\/main_banner3.jpg\",\"contentUrl\":\"https:\/\/www.skinbooster.sk\/wp-content\/uploads\/2018\/06\/main_banner3.jpg\",\"width\":906,\"height\":870,\"caption\":\"Skinbooster - zlo\u017eenie\"},{\"@type\":\"BreadcrumbList\",\"@id\":\"https:\/\/www.skinbooster.sk\/sk\/zlozenie\/#breadcrumb\",\"itemListElement\":[{\"@type\":\"ListItem\",\"position\":1,\"name\":\"Home\",\"item\":\"https:\/\/www.skinbooster.sk\/sk\/\"},{\"@type\":\"ListItem\",\"position\":2,\"name\":\"Zlo\u017eenie\"}]},{\"@type\":\"WebSite\",\"@id\":\"https:\/\/www.skinbooster.sk\/#website\",\"url\":\"https:\/\/www.skinbooster.sk\/\",\"name\":\"SkinBooster\",\"description\":\"Anti Age Formula\",\"potentialAction\":[{\"@type\":\"SearchAction\",\"target\":{\"@type\":\"EntryPoint\",\"urlTemplate\":\"https:\/\/www.skinbooster.sk\/?s={search_term_string}\"},\"query-input\":{\"@type\":\"PropertyValueSpecification\",\"valueRequired\":true,\"valueName\":\"search_term_string\"}}],\"inLanguage\":\"pl-PL\"}]}<\/script>\n<!-- \/ Yoast SEO plugin. -->","yoast_head_json":{"title":"Zlo\u017eenie - SkinBooster Anti Age Formula - Kompava spol. s r. o. - Vitam\u00edn","description":"Zlo\u017eenie novinky SkinBooster, kolag\u00e9nov\u00e9 a elast\u00ednov\u00e9 a kerat\u00ednov\u00e9 peptidy, vitam\u00edny ako vitam\u00edn C, E, B6,B2, B12, miner\u00e1ly ako Niac\u00edn, Biot\u00edn, Sel\u00e9n a pod.","robots":{"index":"index","follow":"follow","max-snippet":"max-snippet:-1","max-image-preview":"max-image-preview:large","max-video-preview":"max-video-preview:-1"},"canonical":"https:\/\/www.skinbooster.sk\/pl\/zlozenie\/","og_locale":"pl_PL","og_type":"article","og_title":"Zlo\u017eenie - SkinBooster Anti Age Formula - Kompava spol. s r. o. - Vitam\u00edn","og_description":"Zlo\u017eenie novinky SkinBooster, kolag\u00e9nov\u00e9 a elast\u00ednov\u00e9 a kerat\u00ednov\u00e9 peptidy, vitam\u00edny ako vitam\u00edn C, E, B6,B2, B12, miner\u00e1ly ako Niac\u00edn, Biot\u00edn, Sel\u00e9n a pod.","og_url":"https:\/\/www.skinbooster.sk\/pl\/zlozenie\/","og_site_name":"SkinBooster","article_publisher":"https:\/\/www.facebook.com\/Kompava\/","article_modified_time":"2023-06-07T13:14:22+00:00","og_image":[{"width":906,"height":870,"url":"https:\/\/www.skinbooster.sk\/wp-content\/uploads\/2018\/06\/main_banner3.jpg","type":"image\/jpeg"}],"twitter_card":"summary_large_image","twitter_misc":{"Szacowany czas czytania":"4 minuty"},"schema":{"@context":"https:\/\/schema.org","@graph":[{"@type":"WebPage","@id":"https:\/\/www.skinbooster.sk\/sk\/zlozenie\/","url":"https:\/\/www.skinbooster.sk\/sk\/zlozenie\/","name":"Zlo\u017eenie - SkinBooster Anti Age Formula - Kompava spol. s r. o. - Vitam\u00edn","isPartOf":{"@id":"https:\/\/www.skinbooster.sk\/#website"},"primaryImageOfPage":{"@id":"https:\/\/www.skinbooster.sk\/sk\/zlozenie\/#primaryimage"},"image":{"@id":"https:\/\/www.skinbooster.sk\/sk\/zlozenie\/#primaryimage"},"thumbnailUrl":"https:\/\/www.skinbooster.sk\/wp-content\/uploads\/2018\/06\/main_banner3.jpg","datePublished":"2018-06-26T13:30:48+00:00","dateModified":"2023-06-07T13:14:22+00:00","description":"Zlo\u017eenie novinky SkinBooster, kolag\u00e9nov\u00e9 a elast\u00ednov\u00e9 a kerat\u00ednov\u00e9 peptidy, vitam\u00edny ako vitam\u00edn C, E, B6,B2, B12, miner\u00e1ly ako Niac\u00edn, Biot\u00edn, Sel\u00e9n a pod.","breadcrumb":{"@id":"https:\/\/www.skinbooster.sk\/sk\/zlozenie\/#breadcrumb"},"inLanguage":"pl-PL","potentialAction":[{"@type":"ReadAction","target":["https:\/\/www.skinbooster.sk\/sk\/zlozenie\/"]}]},{"@type":"ImageObject","inLanguage":"pl-PL","@id":"https:\/\/www.skinbooster.sk\/sk\/zlozenie\/#primaryimage","url":"https:\/\/www.skinbooster.sk\/wp-content\/uploads\/2018\/06\/main_banner3.jpg","contentUrl":"https:\/\/www.skinbooster.sk\/wp-content\/uploads\/2018\/06\/main_banner3.jpg","width":906,"height":870,"caption":"Skinbooster - zlo\u017eenie"},{"@type":"BreadcrumbList","@id":"https:\/\/www.skinbooster.sk\/sk\/zlozenie\/#breadcrumb","itemListElement":[{"@type":"ListItem","position":1,"name":"Home","item":"https:\/\/www.skinbooster.sk\/sk\/"},{"@type":"ListItem","position":2,"name":"Zlo\u017eenie"}]},{"@type":"WebSite","@id":"https:\/\/www.skinbooster.sk\/#website","url":"https:\/\/www.skinbooster.sk\/","name":"SkinBooster","description":"Anti Age Formula","potentialAction":[{"@type":"SearchAction","target":{"@type":"EntryPoint","urlTemplate":"https:\/\/www.skinbooster.sk\/?s={search_term_string}"},"query-input":{"@type":"PropertyValueSpecification","valueRequired":true,"valueName":"search_term_string"}}],"inLanguage":"pl-PL"}]}},"_links":{"self":[{"href":"https:\/\/www.skinbooster.sk\/pl\/wp-json\/wp\/v2\/pages\/89","targetHints":{"allow":["GET"]}}],"collection":[{"href":"https:\/\/www.skinbooster.sk\/pl\/wp-json\/wp\/v2\/pages"}],"about":[{"href":"https:\/\/www.skinbooster.sk\/pl\/wp-json\/wp\/v2\/types\/page"}],"author":[{"embeddable":true,"href":"https:\/\/www.skinbooster.sk\/pl\/wp-json\/wp\/v2\/users\/2"}],"replies":[{"embeddable":true,"href":"https:\/\/www.skinbooster.sk\/pl\/wp-json\/wp\/v2\/comments?post=89"}],"version-history":[{"count":26,"href":"https:\/\/www.skinbooster.sk\/pl\/wp-json\/wp\/v2\/pages\/89\/revisions"}],"predecessor-version":[{"id":1875,"href":"https:\/\/www.skinbooster.sk\/pl\/wp-json\/wp\/v2\/pages\/89\/revisions\/1875"}],"wp:featuredmedia":[{"embeddable":true,"href":"https:\/\/www.skinbooster.sk\/pl\/wp-json\/wp\/v2\/media\/71"}],"wp:attachment":[{"href":"https:\/\/www.skinbooster.sk\/pl\/wp-json\/wp\/v2\/media?parent=89"}],"curies":[{"name":"wp","href":"https:\/\/api.w.org\/{rel}","templated":true}]}}