{"id":58,"date":"2018-06-10T18:25:07","date_gmt":"2018-06-10T16:25:07","guid":{"rendered":"https:\/\/www.skinbooster.sk\/?page_id=58"},"modified":"2018-07-02T15:23:54","modified_gmt":"2018-07-02T13:23:54","slug":"zasady-ochrany-osobnych-udajov","status":"publish","type":"page","link":"https:\/\/www.skinbooster.sk\/pl\/zasady-ochrany-osobnych-udajov\/","title":{"rendered":"Polityka ochrony danych osobowych"},"content":{"rendered":"<div class=\"flex_column av_one_fourth  flex_column_div av-zero-column-padding first\" style='border-radius:0px; '><\/div>\n<div class=\"flex_column av_one_half  flex_column_div av-zero-column-padding\" style='border-radius:0px; '><section class=\"av_textblock_section\"  itemscope=\"itemscope\" itemtype=\"https:\/\/schema.org\/CreativeWork\" ><div class='avia_textblock'   itemprop=\"text\" ><p>Zgodnie z dostarczaniem naszych produkt\u00f3w i us\u0142ug pracujemy z niekt\u00f3rymi Twoimi danymi osobowymi. Jeste\u015bmy \u015bwiadomi ich ochrony, dlatego przetwarzamy je odpowiedzialnie i wy\u0142\u0105cznie zgodnie z obowi\u0105zuj\u0105cymi przepisami prawa.<\/p>\n<p>V s\u00falade so V\u0161eobecn\u00fdm nariaden\u00edm o ochrane osobn\u00fdch \u00fadajov (nariadenie Eur\u00f3pskeho parlamentu a Rady (EU) 2016\/679, \u010falej len &#8222;Nariadenie&#8220;) by sme v\u00e1s radi informovali o tom,<\/p>\n<ul>\n<li>do jakich cel\u00f3w wykorzystujemy dane osobowe,<\/li>\n<li>czy i komu je udost\u0119pniamy,<\/li>\n<li>jakie masz prawa w zwi\u0105zku z przetwarzaniem Twoich danych osobowych,<\/li>\n<li>jak mo\u017cesz skorzysta\u0107 z tych praw u nas.<\/li>\n<li>jakie prawa przys\u0142uguj\u0105 Ci w zwi\u0105zku z przetwarzaniem Twoich danych osobowych,<\/li>\n<\/ul>\n<p><b>1. Nasze dane kontaktowe w sprawie ochrony danych osobowych<\/b><\/p>\n<p>1.1 Nasza firma (Kompava sp. z o.o. NIP: 36293296) dzia\u0142a jako tzw. administrator danych osobowych. Dlatego jeste\u015bmy zobowi\u0105zani do udzielenia Ci szerokiego zakresu informacji o tym, jak post\u0119pujemy z Twoimi danymi. Je\u015bli jednak nadal masz pytania lub chcesz skorzysta\u0107 ze swoich praw w sprawie przetwarzania danych osobowych, skontaktuj si\u0119 z naszym Inspektorem Ochrony Danych:<\/p>\n<p><b>Kontakt elektroniczny:<\/b><br \/>\ninfo@kompava.pl<\/p>\n<p><b>Kontakt pisemny:<\/b><br \/>\nKOMPAVA POLAND sp. z o.o.<br \/>\nDPO<br \/>\n\u015aMI\u0141OWO 75\n64-125 PONIEC\nWojew\u00f3dztwo:\nWIELKOPOLSKIE<\/p>\n<p><b>2. Jakie dane osobowe otrzymujemy?<\/b><\/p>\n<p><b>2.1. Osoby, kt\u00f3re zarejestrowa\u0142y si\u0119 na stronie kompava.pl<\/b><\/p>\n<p><b>2.1.1<\/b>\u00a0Je\u015bli dokona\u0142e\u015b zakupu za po\u015brednictwem sklepu internetowego lub zarejestrowa\u0142e\u015b si\u0119 na stronie kompava.pl\/kompava.sk\/kompavacz.cz, bo kupujesz nasze produkty, przetwarzamy nast\u0119puj\u0105ce kategorie danych osobowych:<\/p>\n<p>a) dane identyfikacyjne (imi\u0119 i nazwisko lub firma, NIP, REGON, numer Klienta utworzony przez nas podczas rejestracji),<br \/>\nb) dane adresowe (adres sta\u0142ego zamieszkania lub miejsca prowadzenia dzia\u0142alno\u015bci, region, kraj, Tw\u00f3j adres e-mail, numer telefonu),<br \/>\nc) inne dane (np. stopie\u0144 naukowy wyst\u0119puj\u0105cy przy imieniu i nazwisku).<\/p>\n<p><b>2.2. U\u017cytkownicy naszych produkt\u00f3w<\/b><\/p>\n<p><b>2.2.1<\/b>\u00a0Je\u015bli jeste\u015b u\u017cytkownikiem kt\u00f3regokolwiek z naszych produkt\u00f3w, przetwarzamy nast\u0119puj\u0105ce kategorie danych osobowych, kt\u00f3re nam przekaza\u0142e\u015b:<\/p>\n<p>a) dane identyfikacyjne (imi\u0119 i nazwisko lub firma, numer identyfikacyjny, numer NIP, REGON),<br \/>\nb) dane adresowe (adres sta\u0142ego zamieszkania lub miejsca prowadzenia dzia\u0142alno\u015bci, region, kraj, Tw\u00f3j adres e-mail, numer telefonu),<br \/>\nb) dane adresowe (adres sta\u0142ego zamieszkania lub miejsca prowadzenia dzia\u0142alno\u015bci, region, kraj, Tw\u00f3j adres e-mail, numer telefonu),<\/p>\n<p><b>2.3. \u0179r\u00f3d\u0142o danych osobowych<\/b><\/p>\n<p><b>2.3.1<\/b>\u00a0Dane osobowe otrzemujemy bezpo\u015brednio od Ciebie, je\u015bli jeste\u015b osob\u0105, kt\u00f3ra zarejestrowa\u0142a si\u0119 w naszym sklepie interentowym.<\/p>\n<p><b>2.3.2<\/b>\u00a0\u0179r\u00f3d\u0142em danych osobowych mog\u0105 by\u0107:<\/p>\n<p>a) u\u017cytkownicy<\/p>\n<p>b) nasi partnerzy biznesowi, kt\u00f3rzy podjeli wsp\u00f3\u0142prac\u0119 biznesow\u0105 z Tob\u0105 lub Twoim pracodawc\u0105 i w razie potrzeby pomogli w rejestracji w celu dokonania zakupu.<\/p>\n<p><b>3. Podstawa prawna przetwarzania danych osobowych, spos\u00f3b i cel przetwarzania<\/b><\/p>\n<p>Jeste\u015bmy upowa\u017cnieni do przetwarzania Twoich danych osobowych\u00a0<b>bez<\/b>\u00a0Twojej zgody:<\/p>\n<ul>\n<li>w zakresie niezb\u0119dnym do wype\u0142nienia obowi\u0105zku prawnego ci\u0105\u017c\u0105cego na nas przepisami prawa,<\/li>\n<li>w zakresie niezb\u0119dnym do komunikacji z naszymi u\u017cytkownikami,<\/li>\n<li>w zakresie niezb\u0119dnym do ochrony naszych prawnie uzasadnionych interes\u00f3w - np. marketing.<\/li>\n<\/ul>\n<p>Poni\u017cej podajemy bardziej szczeg\u00f3\u0142owe informacje o poszczeg\u00f3lnych podstawach prawnych przetwarzania danych osobowych:<\/p>\n<p><b>3.1. Przetwarzanie w celu wype\u0142nienia obowi\u0105zku prawnego na\u0142o\u017conego na nas przez prawo<\/b><\/p>\n<p><b>3.1.1<\/b>\u00a0Wystawiamy dokumenty potrzebne do ksi\u0119gowo\u015bci i dokumenty podatkowe, kt\u00f3re jeste\u015bmy zobowi\u0105zani przechowywa\u0107 i archiwizowa\u0107 przez okres okre\u015blony przepisami prawa, w szczeg\u00f3lno\u015bci ustawy o podatku dochodowym oraz ustawy o podatku od towar\u00f3w i us\u0142ug.<\/p>\n<p><b>3.1.2<\/b>\u00a0Przetwarzanie opisanych danych osobowych mamy\u00a0<b>w celu<\/b>\u00a0wype\u0142nienia ci\u0105\u017c\u0105cych na nas obowi\u0105zk\u00f3w prawnych,  b) przetwarzanie jest niezb\u0119dne do wykonania umowy, kt\u00f3rej stron\u0105 jest osoba zainteresowana; c) regulamin<\/p>\n<p><b>3.2. Nasze uzasadnione interesy w celu komunikacji z naszymi u\u017cytkownikami (klientami)<\/b><\/p>\n<p><b>3.3.1<\/b>\u00a0Je\u015bli jeste\u015b u\u017cytkownikiem ko\u0144cowym, przetwarzamy Twoje dane osobowe\u00a0<b>w celu<\/b>\u00a0w celu komunikacji, og\u00f3lnie dotycz\u0105cej dostawy towar\u00f3w, wype\u0142nienia naszych zobowi\u0105za\u0144 umownych oraz spraw zwi\u0105zanych z obs\u0142ug\u0105 klienta, zw\u0142aszcza rozpatrywaniem wszelkich skarg lub wniosk\u00f3w. Takie przetwarzanie danych osobowych jest niezb\u0119dne do realizacji naszych prawnie uzasadnionych interes\u00f3w oraz regulaminu, poniewa\u017c w przeciwnym razie nie byliby\u015bmy w stanie wywi\u0105za\u0107 si\u0119 z naszych zobowi\u0105za\u0144 umownych wobec klient\u00f3w.<\/p>\n<p><b>3.3. Nasze uzasadnione interesy w marketingu<\/b><\/p>\n<p><b>3.3.1<\/b>\u00a0Mo\u017cemy wysy\u0142a\u0107 informacje biznesowe na adres e-mail, kt\u00f3ry nam poda\u0142e\u015b w zwi\u0105zku z rejestracj\u0105 w celu zakupu produktu, ale tylko z ofert\u0105 naszych powi\u0105zanych produkt\u00f3w i us\u0142ug. Zgod\u0119 tak\u0105 mo\u017cesz w ka\u017cdej chwili odwo\u0142a\u0107 za pomoc\u0105 przycisku w przes\u0142anej wiadomo\u015bci e-mail lub za po\u015brednictwem interfejsu administracyjnego swojego konta u\u017cytkownika, bezp\u0142atnie i bez \u017cadnych sankcji. Uwa\u017camy to za konieczne do cel\u00f3w naszych uzasadnionych interes\u00f3w. Masz r\u00f3wnie\u017c mo\u017cliwo\u015b\u0107 odmowy wys\u0142ania informacji biznesowych podczas pierwszej rejestracji.<\/p>\n<p><b>3.4. Zgoda na przetwarzanie danych osobowych<\/b><\/p>\n<p><b>3.4.1<\/b>\u00a0Na podstawie Twojej zgody jeste\u015bmy uprawnieni do przetwarzania danych osobowych w zakresie w jakim przekaza\u0142e\u015b nam je za po\u015brednictwem pisemnego formularza lub formularza umieszczonego na stronie KOMPAVA.<\/p>\n<p><b>3.4.2<\/b>\u00a0<b>Celem przetwarzania<\/b>\u00a0jest mo\u017cliwo\u015b\u0107 informowania Ci\u0119 drog\u0105 elektroniczn\u0105 lub telefoniczn\u0105 o nowo\u015bciach ze \u015bwiata KOMPAVA oraz naszych nowych wydarzeniach lub us\u0142ugach.<\/p>\n<p><b>Pliki cookies i dane dotycz\u0105ce wizyt na stronach internetowych Kompava sp. z o.o.<\/b><\/p>\n<p><b>3.5.1<\/b>\u00a0Serwis KOMPAVA i zwi\u0105zane z nim us\u0142ugi internetowe mog\u0105 korzysta\u0107 z tzw. plik\u00f3w cookies.<\/p>\n<p><b>3.5.2<\/b>\u00a0Pliki Cookies to ma\u0142y plik sk\u0142adaj\u0105cy si\u0119 zwykle z liter i cyfr, kt\u00f3ry operator wysy\u0142a za po\u015brednictwem serwera WWW do pliku cookies przegl\u0105darki na dysku twardym komputera osoby odwiedzaj\u0105cej stron\u0119. Na tej podstawie urz\u0105dzenie odwiedzaj\u0105cego witryn\u0119 zostanie rozpoznane przy ponownym wej\u015bciu na stron\u0119, z chwil\u0105 nawi\u0105zania po\u0142\u0105czenia mi\u0119dzy serwerem internetowym operatora witryny a przegl\u0105dark\u0105 internetow\u0105.<\/p>\n<p><b>3.5.3<\/b>\u00a0U\u017cywamy plik\u00f3w cookies,\u00a0<b>w celu<\/b>\u00a0aby zaoszcz\u0119dzi\u0107 Tw\u00f3j czas. Pliki cookies przechowuj\u0105 Twoje preferencje podczas przegl\u0105dania stron internetowych lub dostosowania serwisu do Twoich indywidualnych potrzeb. Podczas kolejnych wizyt b\u0119d\u0105 przypomina\u0107 o Twojej witrynie, daj\u0105c Ci \u015brodowisko, do kt\u00f3rego by\u0142e\u015b przyzwyczajony od ostatniej wizyty; mo\u017cna r\u00f3wnie\u017c pobra\u0107 wcze\u015bniej wprowadzone informacje, m.in. automatycznie wst\u0119pnie wype\u0142ni\u0107 dane logowania. Wszystko to znacznie upro\u015bci proces wy\u015bwietlania odpowiednich tre\u015bci, u\u0142atwi poruszanie si\u0119 po sieci i nie tylko. Je\u015bli usuniesz wszystkie pliki cookies, b\u0119dziesz musia\u0142 ponownie ustawi\u0107 preferencje witryny. Je\u015bli prze\u0142\u0105czysz si\u0119 na inne urz\u0105dzenie lub przegl\u0105dark\u0119, nadal b\u0119dziesz musia\u0142 ponownie poinformowa\u0107 nas o swoich preferencjach.<\/p>\n<p><b>3.5.4<\/b>\u00a0Wykorzystujemy te dane r\u00f3wnie\u017c\u00a0<b>w celach marketingowych<\/b>\u00a0przetwarzaj\u0105c je w Google AdWords, Google Analytics, Hotjar, i Facebook. Te pliki cookie s\u0142u\u017c\u0105 do zbierania informacji o tym, w jaki spos\u00f3b odwiedzaj\u0105cy korzysta z naszej witryny.<\/p>\n<p><b>3.5.5<\/b>\u00a0Dane s\u0105 zbierane anonimowo i generuj\u0105 raporty w szczeg\u00f3lno\u015bci: (i) data i godzina Twojego dost\u0119pu do naszej witryny; (ii) ile i jakie strony odwiedzi\u0142e\u015b i ile czasu na nich sp\u0119dzi\u0142e\u015b; (iii) nazw\u0119 Twojej domeny internetowej i adres IP, kt\u00f3re umo\u017cliwi\u0105 Ci dost\u0119p do naszej strony internetowej; (iv) u\u017cywana przegl\u0105darka internetowa i system operacyjny komputera; (v) strona internetowa, z kt\u00f3rej zosta\u0142e\u015b przekierowany do Witryny.<\/p>\n<p><b>3.5.6<\/b>\u00a0KOMPAVA obs\u0142uguje tylko podstawowe pliki cookies na stronie internetowej, kt\u00f3re s\u0105 niezb\u0119dne do funkcjonowania strony internetowej, s\u0105 wy\u0142\u0105czone z dyrektywy 2002\/58\/WE Parlamentu Europejskiego i Rady i nie musz\u0105 by\u0107 dezaktywowane. Mo\u017cesz jednak odrzuci\u0107 te pliki cookies. Mo\u017cesz dostosowa\u0107 ustawienia przegl\u0105darki, aby w razie potrzeby odrzuca\u0107 pliki cookie. Je\u015bli to zrobisz, mo\u017cesz nie by\u0107 w stanie w pe\u0142ni wykorzysta\u0107 interaktywnych funkcji strony internetowej KOMPAVA.<\/p>\n<p><b>\u00a0<\/b><\/p>\n<p><b>4. Czas przechowywania danych osobowych<\/b><\/p>\n<p><b>4.1.<\/b>\u00a0Przechowujemy Twoje dane osobowe tylko przez niezb\u0119dny czas i archiwizujemy je w terminie wymaganym przez prawo.<\/p>\n<p><b>4.2.<\/b>\u00a0Przetwarzamy Twoje dane osobowe przez czas trwania umowy lub innego tytu\u0142u prawnego, kt\u00f3ry pozwala nam przetwarza\u0107 Twoje dane osobowe. Oznacza to, \u017ce mamy przepisy wewn\u0119trzne, kt\u00f3re weryfikuj\u0105 zgodno\u015b\u0107 z prawem przechowywania danych osobowych i nie przechowujemy danych osobowych d\u0142u\u017cej, ni\u017c jeste\u015bmy do tego uprawnieni. Po utracie przyczyny prawnej usuwamy odpowiednie dane osobowe, pod warunkiem, \u017ce nie mamy innego powodu prawnego do ich przetwarzania lub zgody na przetwarzanie.<\/p>\n<p><b>4.3.<\/b>\u00a0Okres przechowywania danych osobowych, kt\u00f3re przetwarzamy za Twoj\u0105 zgod\u0105, jest podany bezpo\u015brednio w tre\u015bci zapytania o zgod\u0119, o czym zawsze informujemy Ci\u0119 z wyprzedzeniem.<\/p>\n<p><b>5. Komu przekazujemy Twoje dane osobowe<\/b><\/p>\n<p><b>5.1.<\/b>\u00a0O ile poni\u017cej nie okre\u015blono inaczej, nie przekazujemy ani nie ujawniamy nikomu Twoich danych osobowych, ani nie korzystamy z us\u0142ug zewn\u0119trznych dostawc\u00f3w danych osobowych, kt\u00f3re przechowujemy na naszych serwerach przez czas \u015bci\u015ble niezb\u0119dny.<\/p>\n<p><b>5.2.<\/b>\u00a0Dane osobowe, kt\u00f3re wprowadzasz poprzez formularze rejestracyjne znajduj\u0105ce si\u0119 na naszej stronie internetowej s\u0105 przechowywane w centrum hostingowym firmy Vibration s.r.o., z kt\u00f3r\u0105 mamy podpisan\u0105 umow\u0119.<\/p>\n<p><b>6. Przekazywanie danych osobowych do pa\u0144stw trzecich<br \/>\n6.1.<\/b>\u00a0Przetwarzamy dane osobowe wy\u0142\u0105cznie w Polsce lub w pa\u0144stwach cz\u0142onkowskich UE. Nie przekazujemy danych osobowych do pa\u0144stw trzecich poza UE.<\/p>\n<p><b>7. Twoje prawa w zwi\u0105zku z przetwarzaniem Twoich danych osobowych<br \/>\n7.1.<\/b>\u00a0Przetwarzamy Twoje dane osobowe w spos\u00f3b rzetelny i przejrzysty, zgodnie z prawem. Opisujemy r\u00f3wnie\u017c Twoje prawa, kt\u00f3re powsta\u0142y w zwi\u0105zku z przetwarzaniem Twoich danych osobowych.<br \/>\n<b>7.2.<\/b>\u00a0Prawo dost\u0119pu do danych osobowych<br \/>\n<b>7.2.1<\/b>\u00a0Masz prawo dost\u0119pu do danych osobowych dotycz\u0105cych Ciebie. Masz r\u00f3wnie\u017c prawo uzyska\u0107 od nas potwierdzenie, czy przetwarzane s\u0105 Twoje dane osobowe, a je\u015bli tak, masz prawo za\u017c\u0105da\u0107 kopii tych danych osobowych.<br \/>\n<b>7.2.2<\/b>\u00a0Ewentualne kopie danych osobowych mog\u0105 zosta\u0107 Pa\u0144stwu przekazane drog\u0105 elektroniczn\u0105 w powszechnie stosowanej formie.<br \/>\n<b>7.3<\/b>. Prawo do poprawienia danych osobowych.<br \/>\n<b>7.3.1<\/b>\u00a0Je\u015bli uwa\u017casz, \u017ce przetwarzane przez nas dane osobowe na Tw\u00f3j temat s\u0105 niedok\u0142adne lub niekompletne, masz prawo poprosi\u0107 nas o ich poprawienie lub uzupe\u0142nienie.<br \/>\n<b>7.4.<\/b>\u00a0Pr\u00e1vo na v\u00fdmaz ( &#8222;pr\u00e1vo by\u0165 zabudnut\u00fd&#8220;)<br \/>\n<b>7.4.1<\/b>\u00a0Masz prawo \u017c\u0105da\u0107, aby\u015bmy usun\u0119li dotycz\u0105ce Ciebie dane osobowe bez zb\u0119dnej zw\u0142oki, ale tylko wtedy, gdy z kt\u00f3regokolwiek z poni\u017cszych powod\u00f3w:<br \/>\n\u2022 dane osobowe nie s\u0105 ju\u017c potrzebne do cel\u00f3w, dla kt\u00f3rych zosta\u0142y zebrane lub przetwarzane<br \/>\n\u2022 cofn\u0105\u0142e\u015b zgod\u0119, na podstawie kt\u00f3rej dane osobowe by\u0142y przetwarzane, a jednocze\u015bnie nie ma innej podstawy prawnej przetwarzania (np. nasz obowi\u0105zek przetwarzania tych danych osobowych w spos\u00f3b wymagany przepisami prawa),<br \/>\n\u2022 wnios\u0142e\u015b sprzeciw wobec przetwarzania na podstawie art. 7.6 i sta\u0142o si\u0119 jasne, \u017ce nie ma z naszej strony wystarczaj\u0105cych prawnie uzasadnionych interes\u00f3w, dla kt\u00f3rych mamy prawo przetwarza\u0107 te dane osobowe,<br \/>\n\u2022 dane osobowe przetwarzane niezgodnie z prawem,<br \/>\n\u2022 dane osobowe musz\u0105 zosta\u0107 usuni\u0119te w celu wywi\u0105zania si\u0119 z obowi\u0105zku prawnego, kt\u00f3ry dotyczy nas,<br \/>\n\u2022 dane osobowe zosta\u0142y zebrane w zwi\u0105zku z oferowaniem us\u0142ug.<br \/>\n<b>7.4.2<\/b>\u00a0Jeste\u015bmy nast\u0119pnie zobowi\u0105zani do faktycznego usuni\u0119cia danych osobowych o Tobie, ale istniej\u0105 wyj\u0105tki od prawa. Je\u017celi taki wyj\u0105tek dotyczy r\u00f3wnie\u017c Twojego \u017c\u0105dania usuni\u0119cia danych osobowych, poinformujemy Ci\u0119 o tym w spos\u00f3b elektroniczny lub pisemny.<br \/>\n<b>7.5.<\/b>\u00a0Prawo do ograniczenia przetwarzania<br \/>\n<b>7.5.1<\/b>\u00a0Masz prawo do ograniczenia przetwarzania danych w ka\u017cdym z nast\u0119puj\u0105cych przypadk\u00f3w:<br \/>\n\u2022 je\u017celi wykazujesz prawid\u0142owo\u015b\u0107 danych osobowych,<br \/>\n\u2022 przetwarzanie danych osobowych jest niezgodne z prawem, ale odmawiasz usuni\u0119cia tych danych osobowych,<br \/>\n\u2022 wnios\u0142e\u015b sprzeciw do przetwarzania, przy czym nie jest jasne, czy nasz interes przewa\u017ca nad Twoimi uzasadnionymi interesami.<br \/>\n\u2022 wnios\u0142e\u015b sprzeciw do przetwarzania, przy czym nie jest jasne, czy nasz interes przewa\u017ca nad Twoimi uzasadnionymi interesami.<br \/>\n<b>7.6.<\/b>\u00a0Prawo do wniesienia sprzeciwu wobec przetwarzania dotycz\u0105cych Ciebie danych osobowych.<br \/>\n<b>7.6.1<\/b>\u00a0Przys\u0142uguje Ci prawo do wniesienia sprzeciwu wobec przetwarzania dotycz\u0105cych Ciebie danych osobowych, je\u017celi przetwarzamy dane osobowe oraz regulacji, tj. ze wzgl\u0119du na nasze prawnie uzasadnione interesy. Upowa\u017cnia to do przetwarzania Twoich danych osobowych w zwi\u0105zku z komunikacj\u0105 i marketingiem.<\/p>\n<p><b>7.6.2<\/b>\u00a0W praktyce sprzeciw wobec przetwarzania w celach marketingowych oznacza, \u017ce mo\u017cesz sprzeciwi\u0107 si\u0119 przesy\u0142aniu informacji handlowych, a my nie b\u0119dziemy ich ju\u017c do Ciebie wysy\u0142a\u0107. Mo\u017cesz to jednak zrobi\u0107 \u0142atwiej, po prostu anuluj\u0105c subskrypcj\u0119 swojego konta firmowego lub przycisku w przychodz\u0105cym powiadomieniu biznesowym.<br \/>\n<b>7.7.<\/b>\u00a0Prawo do przenoszenia danych osobowych<br \/>\n<b>7.7.1<\/b>\u00a0Masz prawo do uzyskania dotycz\u0105cych Ciebie danych osobowych w ustrukturyzowanym, powszechnie u\u017cywanym formacie nadaj\u0105cym si\u0119 do odczytu maszynowego oraz, w stosownych przypadkach, prawo do przeniesienia tych danych do innego podmiotu bez naszej przeszkody.<\/p>\n<p><b>7.7.2<\/b>\u00a0Masz r\u00f3wnie\u017c prawo poprosi\u0107 nas o przeniesienie Twoich danych osobowych do innego podmiotu pe\u0142ni\u0105cego rol\u0119 tzw. Administrator danych osobowych, o ile jest to technicznie mo\u017cliwe.<br \/>\n<b>7.8.<\/b>\u00a0Prawo do cofni\u0119cia zgody na przetwarzanie danych osobowych.<br \/>\n<b>7.8.1<\/b>\u00a0Je\u017celi udzieli\u0142e\u015b nam zgody na przetwarzanie danych osobowych w celach, kt\u00f3re wymagaj\u0105 takiej zgody, masz prawo do cofni\u0119cia takiej zgody w dowolnym momencie.<br \/>\n<b>7.9<\/b>Prawo do wniesienia skargi do organu nadzorczego.<br \/>\n<b>7.9.1<\/b>\u00a0Przys\u0142uguje Ci prawo wniesienia skargi do organu nadzorczego, je\u017celi uznasz, \u017ce przetwarzanie danych osobowych narusza przepisy prawa. Odpowiedzialny za to jest Urz\u0105d ochrony konkurencji i konsument\u00f3w z siedzib\u0105:<\/p>\n<p>Plac Powsta\u0144c\u00f3w Warszawy 1, 00-950 Warszawa, adres internetowy: https:\/\/www.uokik.gov.pl\/.<\/p>\n<\/div><\/section><\/div><div class=\"flex_column av_one_fourth  flex_column_div av-zero-column-padding\" style='border-radius:0px; '><\/div><\/p>","protected":false},"excerpt":{"rendered":"","protected":false},"author":1,"featured_media":0,"parent":0,"menu_order":0,"comment_status":"closed","ping_status":"closed","template":"","meta":{"footnotes":""},"class_list":["post-58","page","type-page","status-publish","hentry"],"yoast_head":"<!-- This site is optimized with the Yoast SEO plugin v26.0 - https:\/\/yoast.com\/wordpress\/plugins\/seo\/ -->\n<title>Z\u00e1sady ochrany osobn\u00fdch \u00fadajov - SkinBooster Anti Age Formula - Kompava spol. s r. o.<\/title>\n<meta name=\"description\" content=\"Revol\u00facia v starostlivosti o ple\u0165 zvn\u00fatra.\" \/>\n<meta name=\"robots\" content=\"index, follow, max-snippet:-1, max-image-preview:large, max-video-preview:-1\" \/>\n<link rel=\"canonical\" href=\"https:\/\/www.skinbooster.sk\/pl\/zasady-ochrany-osobnych-udajov\/\" \/>\n<meta property=\"og:locale\" content=\"pl_PL\" \/>\n<meta property=\"og:type\" content=\"article\" \/>\n<meta property=\"og:title\" content=\"Z\u00e1sady ochrany osobn\u00fdch \u00fadajov - SkinBooster Anti Age Formula - Kompava spol. s r. o.\" \/>\n<meta property=\"og:description\" content=\"Revol\u00facia v starostlivosti o ple\u0165 zvn\u00fatra.\" \/>\n<meta property=\"og:url\" content=\"https:\/\/www.skinbooster.sk\/pl\/zasady-ochrany-osobnych-udajov\/\" \/>\n<meta property=\"og:site_name\" content=\"SkinBooster\" \/>\n<meta property=\"article:publisher\" content=\"https:\/\/www.facebook.com\/Kompava\/\" \/>\n<meta property=\"article:modified_time\" content=\"2018-07-02T13:23:54+00:00\" \/>\n<meta property=\"og:image\" content=\"https:\/\/www.skinbooster.sk\/wp-content\/uploads\/2018\/07\/Scene-1-uprava.png\" \/>\n\t<meta property=\"og:image:width\" content=\"3500\" \/>\n\t<meta property=\"og:image:height\" content=\"2450\" \/>\n\t<meta property=\"og:image:type\" content=\"image\/png\" \/>\n<meta name=\"twitter:card\" content=\"summary_large_image\" \/>\n<meta name=\"twitter:label1\" content=\"Szacowany czas czytania\" \/>\n\t<meta name=\"twitter:data1\" content=\"15 minut\" \/>\n<script type=\"application\/ld+json\" class=\"yoast-schema-graph\">{\"@context\":\"https:\/\/schema.org\",\"@graph\":[{\"@type\":\"WebPage\",\"@id\":\"https:\/\/www.skinbooster.sk\/zasady-ochrany-osobnych-udajov\/\",\"url\":\"https:\/\/www.skinbooster.sk\/zasady-ochrany-osobnych-udajov\/\",\"name\":\"Z\u00e1sady ochrany osobn\u00fdch \u00fadajov - SkinBooster Anti Age Formula - Kompava spol. s r. o.\",\"isPartOf\":{\"@id\":\"https:\/\/www.skinbooster.sk\/#website\"},\"datePublished\":\"2018-06-10T16:25:07+00:00\",\"dateModified\":\"2018-07-02T13:23:54+00:00\",\"description\":\"Revol\u00facia v starostlivosti o ple\u0165 zvn\u00fatra.\",\"breadcrumb\":{\"@id\":\"https:\/\/www.skinbooster.sk\/zasady-ochrany-osobnych-udajov\/#breadcrumb\"},\"inLanguage\":\"pl-PL\",\"potentialAction\":[{\"@type\":\"ReadAction\",\"target\":[\"https:\/\/www.skinbooster.sk\/zasady-ochrany-osobnych-udajov\/\"]}]},{\"@type\":\"BreadcrumbList\",\"@id\":\"https:\/\/www.skinbooster.sk\/zasady-ochrany-osobnych-udajov\/#breadcrumb\",\"itemListElement\":[{\"@type\":\"ListItem\",\"position\":1,\"name\":\"Home\",\"item\":\"https:\/\/www.skinbooster.sk\/sk\/\"},{\"@type\":\"ListItem\",\"position\":2,\"name\":\"Z\u00e1sady ochrany osobn\u00fdch \u00fadajov\"}]},{\"@type\":\"WebSite\",\"@id\":\"https:\/\/www.skinbooster.sk\/#website\",\"url\":\"https:\/\/www.skinbooster.sk\/\",\"name\":\"SkinBooster\",\"description\":\"Anti Age Formula\",\"potentialAction\":[{\"@type\":\"SearchAction\",\"target\":{\"@type\":\"EntryPoint\",\"urlTemplate\":\"https:\/\/www.skinbooster.sk\/?s={search_term_string}\"},\"query-input\":{\"@type\":\"PropertyValueSpecification\",\"valueRequired\":true,\"valueName\":\"search_term_string\"}}],\"inLanguage\":\"pl-PL\"}]}<\/script>\n<!-- \/ Yoast SEO plugin. -->","yoast_head_json":{"title":"Z\u00e1sady ochrany osobn\u00fdch \u00fadajov - SkinBooster Anti Age Formula - Kompava spol. s r. o.","description":"Revol\u00facia v starostlivosti o ple\u0165 zvn\u00fatra.","robots":{"index":"index","follow":"follow","max-snippet":"max-snippet:-1","max-image-preview":"max-image-preview:large","max-video-preview":"max-video-preview:-1"},"canonical":"https:\/\/www.skinbooster.sk\/pl\/zasady-ochrany-osobnych-udajov\/","og_locale":"pl_PL","og_type":"article","og_title":"Z\u00e1sady ochrany osobn\u00fdch \u00fadajov - SkinBooster Anti Age Formula - Kompava spol. s r. o.","og_description":"Revol\u00facia v starostlivosti o ple\u0165 zvn\u00fatra.","og_url":"https:\/\/www.skinbooster.sk\/pl\/zasady-ochrany-osobnych-udajov\/","og_site_name":"SkinBooster","article_publisher":"https:\/\/www.facebook.com\/Kompava\/","article_modified_time":"2018-07-02T13:23:54+00:00","og_image":[{"width":3500,"height":2450,"url":"https:\/\/www.skinbooster.sk\/wp-content\/uploads\/2018\/07\/Scene-1-uprava.png","type":"image\/png"}],"twitter_card":"summary_large_image","twitter_misc":{"Szacowany czas czytania":"15 minut"},"schema":{"@context":"https:\/\/schema.org","@graph":[{"@type":"WebPage","@id":"https:\/\/www.skinbooster.sk\/zasady-ochrany-osobnych-udajov\/","url":"https:\/\/www.skinbooster.sk\/zasady-ochrany-osobnych-udajov\/","name":"Z\u00e1sady ochrany osobn\u00fdch \u00fadajov - SkinBooster Anti Age Formula - Kompava spol. s r. o.","isPartOf":{"@id":"https:\/\/www.skinbooster.sk\/#website"},"datePublished":"2018-06-10T16:25:07+00:00","dateModified":"2018-07-02T13:23:54+00:00","description":"Revol\u00facia v starostlivosti o ple\u0165 zvn\u00fatra.","breadcrumb":{"@id":"https:\/\/www.skinbooster.sk\/zasady-ochrany-osobnych-udajov\/#breadcrumb"},"inLanguage":"pl-PL","potentialAction":[{"@type":"ReadAction","target":["https:\/\/www.skinbooster.sk\/zasady-ochrany-osobnych-udajov\/"]}]},{"@type":"BreadcrumbList","@id":"https:\/\/www.skinbooster.sk\/zasady-ochrany-osobnych-udajov\/#breadcrumb","itemListElement":[{"@type":"ListItem","position":1,"name":"Home","item":"https:\/\/www.skinbooster.sk\/sk\/"},{"@type":"ListItem","position":2,"name":"Z\u00e1sady ochrany osobn\u00fdch \u00fadajov"}]},{"@type":"WebSite","@id":"https:\/\/www.skinbooster.sk\/#website","url":"https:\/\/www.skinbooster.sk\/","name":"SkinBooster","description":"Anti Age Formula","potentialAction":[{"@type":"SearchAction","target":{"@type":"EntryPoint","urlTemplate":"https:\/\/www.skinbooster.sk\/?s={search_term_string}"},"query-input":{"@type":"PropertyValueSpecification","valueRequired":true,"valueName":"search_term_string"}}],"inLanguage":"pl-PL"}]}},"_links":{"self":[{"href":"https:\/\/www.skinbooster.sk\/pl\/wp-json\/wp\/v2\/pages\/58","targetHints":{"allow":["GET"]}}],"collection":[{"href":"https:\/\/www.skinbooster.sk\/pl\/wp-json\/wp\/v2\/pages"}],"about":[{"href":"https:\/\/www.skinbooster.sk\/pl\/wp-json\/wp\/v2\/types\/page"}],"author":[{"embeddable":true,"href":"https:\/\/www.skinbooster.sk\/pl\/wp-json\/wp\/v2\/users\/1"}],"replies":[{"embeddable":true,"href":"https:\/\/www.skinbooster.sk\/pl\/wp-json\/wp\/v2\/comments?post=58"}],"version-history":[{"count":5,"href":"https:\/\/www.skinbooster.sk\/pl\/wp-json\/wp\/v2\/pages\/58\/revisions"}],"predecessor-version":[{"id":216,"href":"https:\/\/www.skinbooster.sk\/pl\/wp-json\/wp\/v2\/pages\/58\/revisions\/216"}],"wp:attachment":[{"href":"https:\/\/www.skinbooster.sk\/pl\/wp-json\/wp\/v2\/media?parent=58"}],"curies":[{"name":"wp","href":"https:\/\/api.w.org\/{rel}","templated":true}]}}