{"id":240,"date":"2018-07-02T15:15:46","date_gmt":"2018-07-02T13:15:46","guid":{"rendered":"https:\/\/www.skinbooster.sk\/?page_id=240"},"modified":"2023-06-07T15:22:14","modified_gmt":"2023-06-07T13:22:14","slug":"o-produkte","status":"publish","type":"page","link":"https:\/\/www.skinbooster.sk\/pl\/o-produkte\/","title":{"rendered":"SkinBooster"},"content":{"rendered":"<\/div><\/div><\/div><!-- close content main div --><\/div><\/div><div id='av_section_1' class='avia-section main_color avia-section-default avia-no-border-styling avia-bg-style-scroll   container_wrap sidebar_right' style = 'background-image: '  ><div class='container' ><div class='template-page content  av-content-small alpha units'><div class='post-entry post-entry-type-page post-entry-240'><div class='entry-content-wrapper clearfix'>\n<div style='padding-bottom:10px; ' class='av-special-heading av-special-heading-h3'><h3 class='av-special-heading-tag'  itemprop=\"headline\"  >O produkte SkinBooster<\/h3><div class='special-heading-border'><div class='special-heading-inner-border' ><\/div><\/div><\/div>\n<div class=\"flex_column av_two_third  flex_column_div av-zero-column-padding first\" style='border-radius:0px; '><section class=\"av_textblock_section\"  itemscope=\"itemscope\" itemtype=\"https:\/\/schema.org\/CreativeWork\" ><div class='avia_textblock'   itemprop=\"text\" ><p><strong>SkinBooster to rewolucyjna, luksusowa nowo\u015b\u0107<\/strong> w piel\u0119gnacji\u00a0<strong><a href=\"\/pl\/plet\/\">sk\u00f3ry<\/a>, <a href=\"\/pl\/vlasy\/\">w\u0142os\u00f3w<\/a> i\u00a0<a href=\"\/pl\/nechty\/\">paznokci<\/a> od wewn\u0105trz<\/strong>. Zapobiega przedwczesnemu starzeniu si\u0119 sk\u00f3ry, zniszczeniu w\u0142os\u00f3w przez czynniki \u015brodowiskowe oraz \u0142amaniu i rozdwajaniu si\u0119 paznokci.<\/p>\n<p><strong>SkinBooster<\/strong> to suplement diety, kt\u00f3ry zawiera wszystkie sk\u0142adniki <strong>pochodzenia naturalnego<\/strong>. Korzystnie wp\u0142ywa na <strong>odbudow\u0119 struktur kom\u00f3rkowych<\/strong> sk\u00f3ry oraz zapewnia od\u017cywienie <strong>dla zdrowych i l\u015bni\u0105cych w\u0142os\u00f3w oraz mocnych paznokci. <\/strong><\/p>\n<p>Ka\u017cda kobieta wie, \u017ce je\u015bli chce zachowa\u0107 m\u0142odo\u015b\u0107 i nawil\u017cenie sk\u00f3ry, musi o ni\u0105 regularnie dba\u0107. To samo dotyczy w\u0142os\u00f3w i paznokci. Aby efekty by\u0142y widoczne o sk\u00f3r\u0119 nale\u017cy dba\u0107 nie tylko od zewn\u0105trz ale tak\u017ce od wewn\u0105trz.<\/p>\n<p>SkinBooster to <strong>beauty koktejl<\/strong> w postaci napoju, kt\u00f3ry dostarcza wszystkich niezb\u0119dnych sk\u0142adnik\u00f3w od\u017cywczych, kt\u00f3rych <strong>sk\u00f3ra, w\u0142osy i paznokcie potrzebuj\u0105.<\/strong><\/p>\n<ul>\n<li>Odm\u0142adza kom\u00f3rki sk\u00f3ry<\/li>\n<li>Poprawia nawil\u017cenie sk\u00f3ry<\/li>\n<li>Wyr\u00f3wnuje drobne zmarszczki<\/li>\n<li>Zapobiega utracie wilgoci<\/li>\n<li>Nadaje w\u0142osom si\u0142\u0119 i po\u0142ysk<\/li>\n<li>Paznokcie staj\u0105 si\u0119 mocniejsze<\/li>\n<li>Chroni przed zewn\u0119trznymi negatywnymi wp\u0142ywami \u015brodowiska<\/li>\n<\/ul>\n<p>W zewn\u0119trznej warstwie sk\u00f3ry \u2013 <strong>nask\u00f3rku<\/strong> zwi\u0119ksza <strong>nawil\u017cenie<\/strong> i zapobiega przeznask\u00f3rkowej <strong>utracie wody<\/strong>. Daje to sk\u00f3rze <strong>g\u0142adko\u015b\u0107 i mi\u0119kko\u015b\u0107.<\/strong>Jednocze\u015bnie dzi\u0119ki dzia\u0142aniu antyoksydacyjnemu zapobiega powstawaniu i oddzia\u0142ywaniu wolnych rodnik\u00f3w na kom\u00f3rki powierzchniowe. Chroni je przed negatywnym wp\u0142ywem \u015brodowiska zewn\u0119trznego i zapobiega plamom pigmentacyjnym powodowanym przez wolne rodniki.<\/p>\n<p>W \u015brodkowej warstwie sk\u00f3ry \u2013 <strong>sk\u00f3rze w\u0142a\u015bciwej<\/strong> SkinBooster <strong>wspomaga powstawanie w\u0142\u00f3kien kolagenu i elastyny<\/strong>, zapobiega ich niszczeniu, a tym <strong>samym zapobiega powstawaniu zmarszczek<\/strong>. Nawil\u017cenie sk\u00f3ry w\u0142a\u015bciwej zapewnia <strong>kwas hialuronowy<\/strong>, kt\u00f3ry wraz z w\u0142\u00f3knami kolagenu i elastyny \u200b\u200btworzy macierz zewn\u0105trzkom\u00f3rkow\u0105 stanowi\u0105c\u0105 <strong>podstaw\u0119 m\u0142odej i nawil\u017conej sk\u00f3ry<\/strong>. Odpowiednio nawil\u017cona sk\u00f3ra w\u0142a\u015bciwa przyczynia si\u0119 do lepszego transportu sk\u0142adnik\u00f3w od\u017cywczych dla potrzeb w\u0142asnych jak i nask\u00f3rka.<\/p>\n<p>W tkance podsk\u00f3rnej \u2013 <strong>subcutis<\/strong> SkinBooster <strong>redukuje <\/strong>cellulit poprzez <strong>tworzenie w\u0142\u00f3kien kolagenowych.<\/strong><\/p>\n<p>W\u0142osom dostarcza niezb\u0119dnych sk\u0142adnik\u00f3w od\u017cywczych do <strong>wzrostu mocnych i zdrowych w\u0142os\u00f3w<\/strong> o wysokim po\u0142ysku. Od\u017cywione w\u0142osy mniej <strong>wypadaj\u0105<\/strong>, s\u0105 mocne, zdrowe i pi\u0119kne.<\/p>\n<p>Skinbooster od\u017cywia paznokcie wa\u017cnymi substancjami od\u017cywczymi, kt\u00f3re wp\u0142ywaj\u0105 na <strong>wzrost mocnych i zdrowych paznokci<\/strong> bez tendencji do rozdwajania. Likwiduje plamy spowodowane brakiem niezb\u0119dnych dla paznokci sk\u0142adnik\u00f3w od\u017cywczych.<\/p>\n<\/div><\/section><\/div><div class=\"flex_column av_one_third  flex_column_div av-zero-column-padding\" style='border-radius:0px; '><p><div class='avia-image-container  av-styling-    avia-align-center'  itemprop=\"ImageObject\" itemscope=\"itemscope\" itemtype=\"https:\/\/schema.org\/ImageObject\"  ><div class='avia-image-container-inner'><div class='avia-image-overlay-wrap'><a href='https:\/\/www.kompava.pl\/skinboosterr' class='avia_image'   target=\"_blank\" ><img class='avia_image' src='https:\/\/www.skinbooster.sk\/wp-content\/uploads\/2023\/06\/skinbooster_transparent.png' alt='skinbooster_' title='skinbooster_transparent'  itemprop=\"thumbnailUrl\"  \/><\/a><\/div><\/div><\/div><br \/>\n<div class='avia-button-wrap avia-button-center'><a href='https:\/\/www.kompava.pl\/skinboosterr'  class='avia-button   avia-icon_select-yes-left-icon avia-color-theme-color avia-size-x-large avia-position-center'  target=\"_blank\"   ><span class='avia_button_icon avia_button_icon_left' aria-hidden='true' data-av_icon='\ue859' data-av_iconfont='entypo-fontello'><\/span><span class='avia_iconbox_title' >Zam\u00f3wi\u0107<\/span><\/a><\/div><\/p><\/div><\/div><\/div><\/div><!-- close content main div --><\/div><\/div><div id='after_section_1' class='main_color av_default_container_wrap container_wrap sidebar_right'   ><div class='container' ><div class='template-page content  av-content-small alpha units'><div class='post-entry post-entry-type-page post-entry-240'><div class='entry-content-wrapper clearfix'>","protected":false},"excerpt":{"rendered":"","protected":false},"author":2,"featured_media":761,"parent":0,"menu_order":0,"comment_status":"closed","ping_status":"closed","template":"","meta":{"footnotes":""},"class_list":["post-240","page","type-page","status-publish","has-post-thumbnail","hentry"],"yoast_head":"<!-- This site is optimized with the Yoast SEO plugin v26.0 - https:\/\/yoast.com\/wordpress\/plugins\/seo\/ -->\n<title>O produkte - SkinBooster - Anti Age Formula - Kompava spol. s r. o.<\/title>\n<meta name=\"description\" content=\"O produkte SkinBooster m\u00f4\u017eme tvrdi\u0165, \u017ee je to revol\u00fa\u010dna a luxusn\u00e1 novinka. Ide o v\u00fd\u017eivov\u00fd doplnok, ktor\u00fd obsahuje v\u0161etky zlo\u017eky \u010disto pr\u00edrodn\u00e9ho charakteru.\" \/>\n<meta name=\"robots\" content=\"index, follow, max-snippet:-1, max-image-preview:large, max-video-preview:-1\" \/>\n<link rel=\"canonical\" href=\"https:\/\/www.skinbooster.sk\/pl\/o-produkte\/\" \/>\n<meta property=\"og:locale\" content=\"pl_PL\" \/>\n<meta property=\"og:type\" content=\"article\" \/>\n<meta property=\"og:title\" content=\"O produkte - SkinBooster - Anti Age Formula - Kompava spol. s r. o.\" \/>\n<meta property=\"og:description\" content=\"O produkte SkinBooster m\u00f4\u017eme tvrdi\u0165, \u017ee je to revol\u00fa\u010dna a luxusn\u00e1 novinka. Ide o v\u00fd\u017eivov\u00fd doplnok, ktor\u00fd obsahuje v\u0161etky zlo\u017eky \u010disto pr\u00edrodn\u00e9ho charakteru.\" \/>\n<meta property=\"og:url\" content=\"https:\/\/www.skinbooster.sk\/pl\/o-produkte\/\" \/>\n<meta property=\"og:site_name\" content=\"SkinBooster\" \/>\n<meta property=\"article:publisher\" content=\"https:\/\/www.facebook.com\/Kompava\/\" \/>\n<meta property=\"article:modified_time\" content=\"2023-06-07T13:22:14+00:00\" \/>\n<meta property=\"og:image\" content=\"https:\/\/www.skinbooster.sk\/wp-content\/uploads\/2018\/07\/SkinBooster.png\" \/>\n\t<meta property=\"og:image:width\" content=\"1100\" \/>\n\t<meta property=\"og:image:height\" content=\"1412\" \/>\n\t<meta property=\"og:image:type\" content=\"image\/png\" \/>\n<meta name=\"twitter:card\" content=\"summary_large_image\" \/>\n<meta name=\"twitter:label1\" content=\"Szacowany czas czytania\" \/>\n\t<meta name=\"twitter:data1\" content=\"5 minut\" \/>\n<script type=\"application\/ld+json\" class=\"yoast-schema-graph\">{\"@context\":\"https:\/\/schema.org\",\"@graph\":[{\"@type\":\"WebPage\",\"@id\":\"https:\/\/www.skinbooster.sk\/sk\/o-produkte\/\",\"url\":\"https:\/\/www.skinbooster.sk\/sk\/o-produkte\/\",\"name\":\"O produkte - SkinBooster - Anti Age Formula - Kompava spol. s r. o.\",\"isPartOf\":{\"@id\":\"https:\/\/www.skinbooster.sk\/#website\"},\"primaryImageOfPage\":{\"@id\":\"https:\/\/www.skinbooster.sk\/sk\/o-produkte\/#primaryimage\"},\"image\":{\"@id\":\"https:\/\/www.skinbooster.sk\/sk\/o-produkte\/#primaryimage\"},\"thumbnailUrl\":\"https:\/\/www.skinbooster.sk\/wp-content\/uploads\/2018\/07\/SkinBooster.png\",\"datePublished\":\"2018-07-02T13:15:46+00:00\",\"dateModified\":\"2023-06-07T13:22:14+00:00\",\"description\":\"O produkte SkinBooster m\u00f4\u017eme tvrdi\u0165, \u017ee je to revol\u00fa\u010dna a luxusn\u00e1 novinka. Ide o v\u00fd\u017eivov\u00fd doplnok, ktor\u00fd obsahuje v\u0161etky zlo\u017eky \u010disto pr\u00edrodn\u00e9ho charakteru.\",\"breadcrumb\":{\"@id\":\"https:\/\/www.skinbooster.sk\/sk\/o-produkte\/#breadcrumb\"},\"inLanguage\":\"pl-PL\",\"potentialAction\":[{\"@type\":\"ReadAction\",\"target\":[\"https:\/\/www.skinbooster.sk\/sk\/o-produkte\/\"]}]},{\"@type\":\"ImageObject\",\"inLanguage\":\"pl-PL\",\"@id\":\"https:\/\/www.skinbooster.sk\/sk\/o-produkte\/#primaryimage\",\"url\":\"https:\/\/www.skinbooster.sk\/wp-content\/uploads\/2018\/07\/SkinBooster.png\",\"contentUrl\":\"https:\/\/www.skinbooster.sk\/wp-content\/uploads\/2018\/07\/SkinBooster.png\",\"width\":1100,\"height\":1412,\"caption\":\"SkinBooster\"},{\"@type\":\"BreadcrumbList\",\"@id\":\"https:\/\/www.skinbooster.sk\/sk\/o-produkte\/#breadcrumb\",\"itemListElement\":[{\"@type\":\"ListItem\",\"position\":1,\"name\":\"Home\",\"item\":\"https:\/\/www.skinbooster.sk\/sk\/\"},{\"@type\":\"ListItem\",\"position\":2,\"name\":\"SkinBooster\"}]},{\"@type\":\"WebSite\",\"@id\":\"https:\/\/www.skinbooster.sk\/#website\",\"url\":\"https:\/\/www.skinbooster.sk\/\",\"name\":\"SkinBooster\",\"description\":\"Anti Age Formula\",\"potentialAction\":[{\"@type\":\"SearchAction\",\"target\":{\"@type\":\"EntryPoint\",\"urlTemplate\":\"https:\/\/www.skinbooster.sk\/?s={search_term_string}\"},\"query-input\":{\"@type\":\"PropertyValueSpecification\",\"valueRequired\":true,\"valueName\":\"search_term_string\"}}],\"inLanguage\":\"pl-PL\"}]}<\/script>\n<!-- \/ Yoast SEO plugin. -->","yoast_head_json":{"title":"O produkte - SkinBooster - Anti Age Formula - Kompava spol. s r. o.","description":"O produkte SkinBooster m\u00f4\u017eme tvrdi\u0165, \u017ee je to revol\u00fa\u010dna a luxusn\u00e1 novinka. Ide o v\u00fd\u017eivov\u00fd doplnok, ktor\u00fd obsahuje v\u0161etky zlo\u017eky \u010disto pr\u00edrodn\u00e9ho charakteru.","robots":{"index":"index","follow":"follow","max-snippet":"max-snippet:-1","max-image-preview":"max-image-preview:large","max-video-preview":"max-video-preview:-1"},"canonical":"https:\/\/www.skinbooster.sk\/pl\/o-produkte\/","og_locale":"pl_PL","og_type":"article","og_title":"O produkte - SkinBooster - Anti Age Formula - Kompava spol. s r. o.","og_description":"O produkte SkinBooster m\u00f4\u017eme tvrdi\u0165, \u017ee je to revol\u00fa\u010dna a luxusn\u00e1 novinka. Ide o v\u00fd\u017eivov\u00fd doplnok, ktor\u00fd obsahuje v\u0161etky zlo\u017eky \u010disto pr\u00edrodn\u00e9ho charakteru.","og_url":"https:\/\/www.skinbooster.sk\/pl\/o-produkte\/","og_site_name":"SkinBooster","article_publisher":"https:\/\/www.facebook.com\/Kompava\/","article_modified_time":"2023-06-07T13:22:14+00:00","og_image":[{"width":1100,"height":1412,"url":"https:\/\/www.skinbooster.sk\/wp-content\/uploads\/2018\/07\/SkinBooster.png","type":"image\/png"}],"twitter_card":"summary_large_image","twitter_misc":{"Szacowany czas czytania":"5 minut"},"schema":{"@context":"https:\/\/schema.org","@graph":[{"@type":"WebPage","@id":"https:\/\/www.skinbooster.sk\/sk\/o-produkte\/","url":"https:\/\/www.skinbooster.sk\/sk\/o-produkte\/","name":"O produkte - SkinBooster - Anti Age Formula - Kompava spol. s r. o.","isPartOf":{"@id":"https:\/\/www.skinbooster.sk\/#website"},"primaryImageOfPage":{"@id":"https:\/\/www.skinbooster.sk\/sk\/o-produkte\/#primaryimage"},"image":{"@id":"https:\/\/www.skinbooster.sk\/sk\/o-produkte\/#primaryimage"},"thumbnailUrl":"https:\/\/www.skinbooster.sk\/wp-content\/uploads\/2018\/07\/SkinBooster.png","datePublished":"2018-07-02T13:15:46+00:00","dateModified":"2023-06-07T13:22:14+00:00","description":"O produkte SkinBooster m\u00f4\u017eme tvrdi\u0165, \u017ee je to revol\u00fa\u010dna a luxusn\u00e1 novinka. Ide o v\u00fd\u017eivov\u00fd doplnok, ktor\u00fd obsahuje v\u0161etky zlo\u017eky \u010disto pr\u00edrodn\u00e9ho charakteru.","breadcrumb":{"@id":"https:\/\/www.skinbooster.sk\/sk\/o-produkte\/#breadcrumb"},"inLanguage":"pl-PL","potentialAction":[{"@type":"ReadAction","target":["https:\/\/www.skinbooster.sk\/sk\/o-produkte\/"]}]},{"@type":"ImageObject","inLanguage":"pl-PL","@id":"https:\/\/www.skinbooster.sk\/sk\/o-produkte\/#primaryimage","url":"https:\/\/www.skinbooster.sk\/wp-content\/uploads\/2018\/07\/SkinBooster.png","contentUrl":"https:\/\/www.skinbooster.sk\/wp-content\/uploads\/2018\/07\/SkinBooster.png","width":1100,"height":1412,"caption":"SkinBooster"},{"@type":"BreadcrumbList","@id":"https:\/\/www.skinbooster.sk\/sk\/o-produkte\/#breadcrumb","itemListElement":[{"@type":"ListItem","position":1,"name":"Home","item":"https:\/\/www.skinbooster.sk\/sk\/"},{"@type":"ListItem","position":2,"name":"SkinBooster"}]},{"@type":"WebSite","@id":"https:\/\/www.skinbooster.sk\/#website","url":"https:\/\/www.skinbooster.sk\/","name":"SkinBooster","description":"Anti Age Formula","potentialAction":[{"@type":"SearchAction","target":{"@type":"EntryPoint","urlTemplate":"https:\/\/www.skinbooster.sk\/?s={search_term_string}"},"query-input":{"@type":"PropertyValueSpecification","valueRequired":true,"valueName":"search_term_string"}}],"inLanguage":"pl-PL"}]}},"_links":{"self":[{"href":"https:\/\/www.skinbooster.sk\/pl\/wp-json\/wp\/v2\/pages\/240","targetHints":{"allow":["GET"]}}],"collection":[{"href":"https:\/\/www.skinbooster.sk\/pl\/wp-json\/wp\/v2\/pages"}],"about":[{"href":"https:\/\/www.skinbooster.sk\/pl\/wp-json\/wp\/v2\/types\/page"}],"author":[{"embeddable":true,"href":"https:\/\/www.skinbooster.sk\/pl\/wp-json\/wp\/v2\/users\/2"}],"replies":[{"embeddable":true,"href":"https:\/\/www.skinbooster.sk\/pl\/wp-json\/wp\/v2\/comments?post=240"}],"version-history":[{"count":21,"href":"https:\/\/www.skinbooster.sk\/pl\/wp-json\/wp\/v2\/pages\/240\/revisions"}],"predecessor-version":[{"id":1881,"href":"https:\/\/www.skinbooster.sk\/pl\/wp-json\/wp\/v2\/pages\/240\/revisions\/1881"}],"wp:featuredmedia":[{"embeddable":true,"href":"https:\/\/www.skinbooster.sk\/pl\/wp-json\/wp\/v2\/media\/761"}],"wp:attachment":[{"href":"https:\/\/www.skinbooster.sk\/pl\/wp-json\/wp\/v2\/media?parent=240"}],"curies":[{"name":"wp","href":"https:\/\/api.w.org\/{rel}","templated":true}]}}