{"id":143,"date":"2018-06-27T07:57:06","date_gmt":"2018-06-27T05:57:06","guid":{"rendered":"https:\/\/www.skinbooster.sk\/?page_id=143"},"modified":"2023-07-21T07:12:08","modified_gmt":"2023-07-21T05:12:08","slug":"kontakt","status":"publish","type":"page","link":"https:\/\/www.skinbooster.sk\/pl\/kontakt\/","title":{"rendered":"Nasz kontakt"},"content":{"rendered":"<\/div><\/div><\/div><!-- close content main div --><\/div><\/div><div id='av_section_1' class='avia-section main_color avia-section-large avia-no-border-styling avia-bg-style-scroll   av-minimum-height av-minimum-height-75 container_wrap sidebar_right' style = 'background-image: '  ><div class='container' ><div class='template-page content  av-content-small alpha units'><div class='post-entry post-entry-type-page post-entry-143'><div class='entry-content-wrapper clearfix'>\n<div style='padding-bottom:10px; ' class='av-special-heading av-special-heading-h3'><h3 class='av-special-heading-tag'  itemprop=\"headline\"  >Nasz kontakt<\/h3><div class='special-heading-border'><div class='special-heading-inner-border' ><\/div><\/div><\/div>\n<div style=' margin-top:30px; margin-bottom:30px;'  class='hr hr-custom hr-center hr-icon-no'><span class='hr-inner   inner-border-av-border-thin' style=' width:50px; border-color:#ffffff;' ><span class='hr-inner-style'><\/span><\/span><\/div>\n<div class=\"flex_column av_one_half  flex_column_div av-zero-column-padding first\" style='border-radius:0px; '><section class=\"av_textblock_section\"  itemscope=\"itemscope\" itemtype=\"https:\/\/schema.org\/CreativeWork\" ><div class='avia_textblock'   itemprop=\"text\" ><div class=\"av-special-heading av-special-heading-h2 blockquote modern-quote avia-builder-el-2 el_before_av_textblock avia-builder-el-first\">\n<h2 class=\"av-special-heading-tag\"><\/h2>\n<\/div>\n<section class=\"av_textblock_section\">\n<div class=\"avia_textblock\">\n<h4 dir=\"ltr\">KOMPAVA SPOL. S R. O.<\/h4>\n<p dir=\"ltr\"><strong>Pie\u0161\u0165ansk\u00e1 1202\/44<\/strong><br \/>\n<strong>915 01\u00a0Nov\u00e9 Mesto nad V\u00e1hom<\/strong><br \/>\n<strong>Slovensk\u00e1 republika<\/strong><\/p>\n<p>I\u010cO: 36293296<br \/>\nDI\u010c: 2020181724<br \/>\nI\u010c DPH: SK2020181724<\/p>\n<p>Sp\u00f3\u0142ka jest zarejestrowana w Rejestrze Handlowym S\u0105du Rejonowego w Trenczynie I, sekcja: z o.o., wprowadzenie nr .: 10030\/R.<\/p>\n<h4><a href=\"\/pl\/www.kompava.pl\/\" target=\"_blank\" rel=\"noopener\">www.kompava.pl<\/a><\/h4>\n<p>Mail: <a href=\"mailto:a.zbrzezny@kompava.pl\">sklep@kompava.pl<\/a><br \/>\nTel.: +48 882 418 076<\/p>\n<div class=\"contact__inner\">\n<div class=\"contact__inner\"><\/div>\n<\/div>\n<\/div>\n<\/section>\n<\/div><\/section><\/div><div class=\"flex_column av_one_half  flex_column_div av-zero-column-padding\" style='border-radius:0px; '><form action=\"https:\/\/www.skinbooster.sk\/pl\/kontakt\/\" method=\"post\"  class=\"avia_ajax_form av-form-labels-visible\" data-avia-form-id=\"1\" data-avia-redirect='' data-trp-original-action=\"https:\/\/www.skinbooster.sk\/pl\/kontakt\/\"><fieldset><h3>Ch\u0119tnie s\u0142u\u017cymy rad\u0105<\/h3><p class='first_form  form_element form_fullwidth' id='element_avia_1_1'><label for=\"avia_1_1\">E-Mail <abbr class=\"required\" title=\"required\">*<\/abbr><\/label> <input name=\"avia_1_1\" class=\"text_input is_email\" type=\"text\" id=\"avia_1_1\" value=\"\" \/><\/p><p class='first_form  form_element form_fullwidth' id='element_avia_2_1'>\t <label for=\"avia_2_1\" class=\"textare_label hidden textare_label_avia_2_1\">Wiadomo\u015b\u0107 tekstowa <abbr class=\"required\" title=\"required\">*<\/abbr><\/label>\t <textarea  name=\"avia_2_1\" class=\"text_area is_empty\" cols=\"40\" rows=\"7\" id=\"avia_2_1\" ><\/textarea><\/p><p class=\"hidden\"><input type=\"text\" name=\"avia_3_1\" class=\"hidden\" id=\"avia_3_1\" value=\"\" \/><\/p><p class='av_form_privacy_check av_contact_privacy_check first_form  form_element form_fullwidth' id='element_avia_4_1'>    <input  name=\"avia_4_1\" class=\"input_checkbox is_empty\" type=\"checkbox\" id=\"avia_4_1\" value=\"true\"\/><label class=\"input_checkbox_label\" for=\"avia_4_1\">Wyra\u017cam zgod\u0119 na przetwarzanie moich danych osobowych i zapozna\u0142em si\u0119 z <a href='https:\/\/www.skinbooster.sk\/pl\/zasady-ochrany-osobnych-udajov\/'>Polityk\u0105 prywatno\u015bci<\/a> <abbr class=\"required\" title=\"required\">*<\/abbr><\/label><\/p><p class=\"form_element\"><input type=\"hidden\" value=\"1\" name=\"avia_generated_form1\" \/><input type=\"submit\" value=\"Wys\u0142a\u0107\" class=\"button\"  data-sending-label=\"Trwa wysy\u0142anie...\"\/><\/p><\/fieldset><input type=\"hidden\" name=\"trp-form-language\" value=\"pl\"\/><\/form><div id=\"ajaxresponse_1\" class=\"ajaxresponse ajaxresponse_1 hidden\"><\/div><\/div><\/div><\/div><\/div><!-- close content main div --><\/div><\/div><div id='after_section_1' class='main_color av_default_container_wrap container_wrap sidebar_right'   ><div class='container' ><div class='template-page content  av-content-small alpha units'><div class='post-entry post-entry-type-page post-entry-143'><div class='entry-content-wrapper clearfix'><div class=\"flex_column av_one_full  flex_column_div av-zero-column-padding first\" style='border-radius:0px; '><div class='avia-image-container  av-styling-    avia-align-center'  itemprop=\"ImageObject\" itemscope=\"itemscope\" itemtype=\"https:\/\/schema.org\/ImageObject\"  ><div class='avia-image-container-inner'><div class='avia-image-overlay-wrap'><img class='avia_image' src='https:\/\/www.skinbooster.sk\/wp-content\/uploads\/2018\/07\/formula.png' alt='Anti Age formula - Kontakt' title='Anti Age formula - Kontakt' height=\"141\"width=\"1020\"  itemprop=\"thumbnailUrl\"  \/><\/div><\/div><\/div><\/div><\/p>","protected":false},"excerpt":{"rendered":"","protected":false},"author":2,"featured_media":620,"parent":0,"menu_order":0,"comment_status":"closed","ping_status":"closed","template":"","meta":{"footnotes":""},"class_list":["post-143","page","type-page","status-publish","has-post-thumbnail","hentry"],"yoast_head":"<!-- This site is optimized with the Yoast SEO plugin v26.0 - https:\/\/yoast.com\/wordpress\/plugins\/seo\/ -->\n<title>Kontakt - SkinBooster Anti Age Formula - Kompava spol. s r. o.<\/title>\n<meta name=\"description\" content=\"Ak aj vy op\u00e4\u0165 t\u00fa\u017eite po svie\u017eej a vypnutej poko\u017eke, hust\u00fdch vlasoch, siln\u00fdch nechtoch a potrebujete viac inform\u00e1ci\u00ed vyu\u017eite n\u00e1\u0161 kontakt. Kompava\" \/>\n<meta name=\"robots\" content=\"index, follow, max-snippet:-1, max-image-preview:large, max-video-preview:-1\" \/>\n<link rel=\"canonical\" href=\"https:\/\/www.skinbooster.sk\/pl\/kontakt\/\" \/>\n<meta property=\"og:locale\" content=\"pl_PL\" \/>\n<meta property=\"og:type\" content=\"article\" \/>\n<meta property=\"og:title\" content=\"Kontakt - SkinBooster Anti Age Formula - Kompava spol. s r. o.\" \/>\n<meta property=\"og:description\" content=\"Ak aj vy op\u00e4\u0165 t\u00fa\u017eite po svie\u017eej a vypnutej poko\u017eke, hust\u00fdch vlasoch, siln\u00fdch nechtoch a potrebujete viac inform\u00e1ci\u00ed vyu\u017eite n\u00e1\u0161 kontakt. Kompava\" \/>\n<meta property=\"og:url\" content=\"https:\/\/www.skinbooster.sk\/pl\/kontakt\/\" \/>\n<meta property=\"og:site_name\" content=\"SkinBooster\" \/>\n<meta property=\"article:publisher\" content=\"https:\/\/www.facebook.com\/Kompava\/\" \/>\n<meta property=\"article:modified_time\" content=\"2023-07-21T05:12:08+00:00\" \/>\n<meta property=\"og:image\" content=\"https:\/\/www.skinbooster.sk\/wp-content\/uploads\/2018\/07\/formula.png\" \/>\n\t<meta property=\"og:image:width\" content=\"1020\" \/>\n\t<meta property=\"og:image:height\" content=\"141\" \/>\n\t<meta property=\"og:image:type\" content=\"image\/png\" \/>\n<meta name=\"twitter:card\" content=\"summary_large_image\" \/>\n<meta name=\"twitter:label1\" content=\"Szacowany czas czytania\" \/>\n\t<meta name=\"twitter:data1\" content=\"3 minuty\" \/>\n<script type=\"application\/ld+json\" class=\"yoast-schema-graph\">{\"@context\":\"https:\/\/schema.org\",\"@graph\":[{\"@type\":\"WebPage\",\"@id\":\"https:\/\/www.skinbooster.sk\/kontakt\/\",\"url\":\"https:\/\/www.skinbooster.sk\/kontakt\/\",\"name\":\"Kontakt - SkinBooster Anti Age Formula - Kompava spol. s r. o.\",\"isPartOf\":{\"@id\":\"https:\/\/www.skinbooster.sk\/#website\"},\"primaryImageOfPage\":{\"@id\":\"https:\/\/www.skinbooster.sk\/kontakt\/#primaryimage\"},\"image\":{\"@id\":\"https:\/\/www.skinbooster.sk\/kontakt\/#primaryimage\"},\"thumbnailUrl\":\"https:\/\/www.skinbooster.sk\/wp-content\/uploads\/2018\/07\/formula.png\",\"datePublished\":\"2018-06-27T05:57:06+00:00\",\"dateModified\":\"2023-07-21T05:12:08+00:00\",\"description\":\"Ak aj vy op\u00e4\u0165 t\u00fa\u017eite po svie\u017eej a vypnutej poko\u017eke, hust\u00fdch vlasoch, siln\u00fdch nechtoch a potrebujete viac inform\u00e1ci\u00ed vyu\u017eite n\u00e1\u0161 kontakt. Kompava\",\"breadcrumb\":{\"@id\":\"https:\/\/www.skinbooster.sk\/kontakt\/#breadcrumb\"},\"inLanguage\":\"pl-PL\",\"potentialAction\":[{\"@type\":\"ReadAction\",\"target\":[\"https:\/\/www.skinbooster.sk\/kontakt\/\"]}]},{\"@type\":\"ImageObject\",\"inLanguage\":\"pl-PL\",\"@id\":\"https:\/\/www.skinbooster.sk\/kontakt\/#primaryimage\",\"url\":\"https:\/\/www.skinbooster.sk\/wp-content\/uploads\/2018\/07\/formula.png\",\"contentUrl\":\"https:\/\/www.skinbooster.sk\/wp-content\/uploads\/2018\/07\/formula.png\",\"width\":1020,\"height\":141,\"caption\":\"Anti Age formula - Kontakt\"},{\"@type\":\"BreadcrumbList\",\"@id\":\"https:\/\/www.skinbooster.sk\/kontakt\/#breadcrumb\",\"itemListElement\":[{\"@type\":\"ListItem\",\"position\":1,\"name\":\"Home\",\"item\":\"https:\/\/www.skinbooster.sk\/sk\/\"},{\"@type\":\"ListItem\",\"position\":2,\"name\":\"Kontakt\"}]},{\"@type\":\"WebSite\",\"@id\":\"https:\/\/www.skinbooster.sk\/#website\",\"url\":\"https:\/\/www.skinbooster.sk\/\",\"name\":\"SkinBooster\",\"description\":\"Anti Age Formula\",\"potentialAction\":[{\"@type\":\"SearchAction\",\"target\":{\"@type\":\"EntryPoint\",\"urlTemplate\":\"https:\/\/www.skinbooster.sk\/?s={search_term_string}\"},\"query-input\":{\"@type\":\"PropertyValueSpecification\",\"valueRequired\":true,\"valueName\":\"search_term_string\"}}],\"inLanguage\":\"pl-PL\"}]}<\/script>\n<!-- \/ Yoast SEO plugin. -->","yoast_head_json":{"title":"Kontakt - SkinBooster Anti Age Formula - Kompava spol. s r. o.","description":"Ak aj vy op\u00e4\u0165 t\u00fa\u017eite po svie\u017eej a vypnutej poko\u017eke, hust\u00fdch vlasoch, siln\u00fdch nechtoch a potrebujete viac inform\u00e1ci\u00ed vyu\u017eite n\u00e1\u0161 kontakt. Kompava","robots":{"index":"index","follow":"follow","max-snippet":"max-snippet:-1","max-image-preview":"max-image-preview:large","max-video-preview":"max-video-preview:-1"},"canonical":"https:\/\/www.skinbooster.sk\/pl\/kontakt\/","og_locale":"pl_PL","og_type":"article","og_title":"Kontakt - SkinBooster Anti Age Formula - Kompava spol. s r. o.","og_description":"Ak aj vy op\u00e4\u0165 t\u00fa\u017eite po svie\u017eej a vypnutej poko\u017eke, hust\u00fdch vlasoch, siln\u00fdch nechtoch a potrebujete viac inform\u00e1ci\u00ed vyu\u017eite n\u00e1\u0161 kontakt. Kompava","og_url":"https:\/\/www.skinbooster.sk\/pl\/kontakt\/","og_site_name":"SkinBooster","article_publisher":"https:\/\/www.facebook.com\/Kompava\/","article_modified_time":"2023-07-21T05:12:08+00:00","og_image":[{"width":1020,"height":141,"url":"https:\/\/www.skinbooster.sk\/wp-content\/uploads\/2018\/07\/formula.png","type":"image\/png"}],"twitter_card":"summary_large_image","twitter_misc":{"Szacowany czas czytania":"3 minuty"},"schema":{"@context":"https:\/\/schema.org","@graph":[{"@type":"WebPage","@id":"https:\/\/www.skinbooster.sk\/kontakt\/","url":"https:\/\/www.skinbooster.sk\/kontakt\/","name":"Kontakt - SkinBooster Anti Age Formula - Kompava spol. s r. o.","isPartOf":{"@id":"https:\/\/www.skinbooster.sk\/#website"},"primaryImageOfPage":{"@id":"https:\/\/www.skinbooster.sk\/kontakt\/#primaryimage"},"image":{"@id":"https:\/\/www.skinbooster.sk\/kontakt\/#primaryimage"},"thumbnailUrl":"https:\/\/www.skinbooster.sk\/wp-content\/uploads\/2018\/07\/formula.png","datePublished":"2018-06-27T05:57:06+00:00","dateModified":"2023-07-21T05:12:08+00:00","description":"Ak aj vy op\u00e4\u0165 t\u00fa\u017eite po svie\u017eej a vypnutej poko\u017eke, hust\u00fdch vlasoch, siln\u00fdch nechtoch a potrebujete viac inform\u00e1ci\u00ed vyu\u017eite n\u00e1\u0161 kontakt. Kompava","breadcrumb":{"@id":"https:\/\/www.skinbooster.sk\/kontakt\/#breadcrumb"},"inLanguage":"pl-PL","potentialAction":[{"@type":"ReadAction","target":["https:\/\/www.skinbooster.sk\/kontakt\/"]}]},{"@type":"ImageObject","inLanguage":"pl-PL","@id":"https:\/\/www.skinbooster.sk\/kontakt\/#primaryimage","url":"https:\/\/www.skinbooster.sk\/wp-content\/uploads\/2018\/07\/formula.png","contentUrl":"https:\/\/www.skinbooster.sk\/wp-content\/uploads\/2018\/07\/formula.png","width":1020,"height":141,"caption":"Anti Age formula - Kontakt"},{"@type":"BreadcrumbList","@id":"https:\/\/www.skinbooster.sk\/kontakt\/#breadcrumb","itemListElement":[{"@type":"ListItem","position":1,"name":"Home","item":"https:\/\/www.skinbooster.sk\/sk\/"},{"@type":"ListItem","position":2,"name":"Kontakt"}]},{"@type":"WebSite","@id":"https:\/\/www.skinbooster.sk\/#website","url":"https:\/\/www.skinbooster.sk\/","name":"SkinBooster","description":"Anti Age Formula","potentialAction":[{"@type":"SearchAction","target":{"@type":"EntryPoint","urlTemplate":"https:\/\/www.skinbooster.sk\/?s={search_term_string}"},"query-input":{"@type":"PropertyValueSpecification","valueRequired":true,"valueName":"search_term_string"}}],"inLanguage":"pl-PL"}]}},"_links":{"self":[{"href":"https:\/\/www.skinbooster.sk\/pl\/wp-json\/wp\/v2\/pages\/143","targetHints":{"allow":["GET"]}}],"collection":[{"href":"https:\/\/www.skinbooster.sk\/pl\/wp-json\/wp\/v2\/pages"}],"about":[{"href":"https:\/\/www.skinbooster.sk\/pl\/wp-json\/wp\/v2\/types\/page"}],"author":[{"embeddable":true,"href":"https:\/\/www.skinbooster.sk\/pl\/wp-json\/wp\/v2\/users\/2"}],"replies":[{"embeddable":true,"href":"https:\/\/www.skinbooster.sk\/pl\/wp-json\/wp\/v2\/comments?post=143"}],"version-history":[{"count":47,"href":"https:\/\/www.skinbooster.sk\/pl\/wp-json\/wp\/v2\/pages\/143\/revisions"}],"predecessor-version":[{"id":1923,"href":"https:\/\/www.skinbooster.sk\/pl\/wp-json\/wp\/v2\/pages\/143\/revisions\/1923"}],"wp:featuredmedia":[{"embeddable":true,"href":"https:\/\/www.skinbooster.sk\/pl\/wp-json\/wp\/v2\/media\/620"}],"wp:attachment":[{"href":"https:\/\/www.skinbooster.sk\/pl\/wp-json\/wp\/v2\/media?parent=143"}],"curies":[{"name":"wp","href":"https:\/\/api.w.org\/{rel}","templated":true}]}}