{"id":118,"date":"2018-06-26T15:35:51","date_gmt":"2018-06-26T13:35:51","guid":{"rendered":"https:\/\/www.skinbooster.sk\/?page_id=118"},"modified":"2020-12-10T10:38:35","modified_gmt":"2020-12-10T09:38:35","slug":"diagnostika-pleti","status":"publish","type":"page","link":"https:\/\/www.skinbooster.sk\/pl\/diagnostika-pleti\/","title":{"rendered":"Diagnoza sk\u00f3ry"},"content":{"rendered":"<\/div><\/div><\/div><!-- close content main div --><\/div><\/div><div id='av_section_1' class='avia-section main_color avia-section-default avia-no-border-styling avia-bg-style-scroll   container_wrap sidebar_right' style = 'background-image: '  ><div class='container' ><div class='template-page content  av-content-small alpha units'><div class='post-entry post-entry-type-page post-entry-118'><div class='entry-content-wrapper clearfix'>\n<div style='padding-bottom:10px; ' class='av-special-heading av-special-heading-h3'><h3 class='av-special-heading-tag'  itemprop=\"headline\"  >Diagnostyka kosmetyczna sk\u00f3ry<\/h3><div class='special-heading-border'><div class='special-heading-inner-border' ><\/div><\/div><\/div>\n<div class=\"flex_column av_two_third  flex_column_div av-zero-column-padding first\" style='border-radius:0px; '><section class=\"av_textblock_section\"  itemscope=\"itemscope\" itemtype=\"https:\/\/schema.org\/CreativeWork\" ><div class='avia_textblock'   itemprop=\"text\" ><p><a href=\"https:\/\/www.kompava.sk\">Firma Kompava<\/a> oferuje <strong>instrumentalne badanie sk\u00f3ry<\/strong>. Diagnoza sk\u00f3ry pozwala oceni\u0107 stan zdrowotno\u015bci sk\u00f3ry oraz post\u0119p\u00f3w leczenia dermatologicznego. Za pomoc\u0105 urz\u0105dzenia diagnostycznego, kt\u00f3re przyczepia si\u0119 do sk\u00f3ry, przeszkolony specjalista okre\u015bli kilka parametr\u00f3w, na podstawie kt\u00f3rych okre\u015bli <strong>stan <a href=\"\/pl\/koza\/\">nask\u00f3rek<\/a> i <a href=\"\/pl\/vlasy\/\">w\u0142os\u00f3w<\/a><\/strong>.<\/p>\n<p>Za pomoc\u0105 urz\u0105dzenia diagnostycznego mo\u017cemy okre\u015bli\u0107:<\/p>\n<ul>\n<li><strong>Nawil\u017cenie sk\u00f3ry<\/strong> \u2013 <a href=\"\/pl\/plet\/\">sk\u00f3ry<\/a>, kt\u00f3ra jest dobrze nawli\u017cona najlepiej broni si\u0119 przed negatywnym wp\u0142ywem \u015brodowiska i zapobiega powstawaniu zmarszczek<\/li>\n<li><strong>\u0141\u00f3j sk\u00f3rny<\/strong> \u2013 optymalna ilo\u015b\u0107 \u0142oju sk\u00f3rnego zapewnia ochron\u0119 przed utrat\u0105 wody i wysuszeniem<\/li>\n<li><strong>Elastyczno\u015b\u0107 sk\u00f3ry<\/strong> \u2013 wystarczaj\u0105ca elastyczno\u015b\u0107 sk\u00f3ry sprawia, \u017ce zmarszczki nie powstaj\u0105, a je\u015bli ju\u017c si\u0119 pojawi\u0105, s\u0105 mniej widoczne<\/li>\n<li><strong>Pory<\/strong> \u2013 liczba por\u00f3w<\/li>\n<li><strong>Plamy<\/strong> \u2013 liczba plam (plam starczych)<\/li>\n<li><strong>Zmarszczki<\/strong> \u2013 ilo\u015b\u0107 zmarszczek, ich g\u0142\u0119boko\u015b\u0107 oraz czy ten stan jest odpowiedni dla Twojego wieku<\/li>\n<li><strong>Stan w\u0142os\u00f3w<\/strong> \u2013 grubo\u015b\u0107 w\u0142os\u00f3w<\/li>\n<li><strong>Struktura w\u0142osa<\/strong> \u2013 stopie\u0144 porowato\u015bci w\u0142osa<\/li>\n<li><strong>\u0141upie\u017c<\/strong> \u2013 \u0142uszczenie si\u0119 sk\u00f3ry g\u0142owy<\/li>\n<\/ul>\n<p>Na podstawie tej analizy dok\u0142adnie wiesz, w jakim stadium znajduje si\u0119 sk\u00f3ra i w\u0142osy. Pomo\u017cemy Ci u\u0142o\u017cy\u0107 plan \u017cywieniowy, kt\u00f3ry poprawi stan Twojej sk\u00f3ry, w\u0142os\u00f3w i paznokci.<\/p>\n<\/div><\/section><\/div><div class=\"flex_column av_one_third  flex_column_div av-zero-column-padding\" style='border-radius:0px; '><div class='avia-image-container  av-styling-    avia-align-center'  itemprop=\"ImageObject\" itemscope=\"itemscope\" itemtype=\"https:\/\/schema.org\/ImageObject\"  ><div class='avia-image-container-inner'><div class='avia-image-overlay-wrap'><img class='avia_image' src='https:\/\/www.skinbooster.sk\/wp-content\/uploads\/2018\/07\/diagnosti-pleti-841x1030.jpg' alt='diagnostika pleti' title='diagnostyka sk\u00f3ry' height=\"1030\"width=\"841\"  itemprop=\"thumbnailUrl\"  \/><\/div><\/div><\/div><\/div><div class='avia-button-wrap avia-button-center'><a href='https:\/\/www.kompava.pl\/skinboosterr'  class='avia-button   avia-icon_select-yes-left-icon avia-color-theme-color avia-size-x-large avia-position-center'  target=\"_blank\"   ><span class='avia_button_icon avia_button_icon_left' aria-hidden='true' data-av_icon='\ue859' data-av_iconfont='entypo-fontello'><\/span><span class='avia_iconbox_title' >Kupi\u0107 SkinBooster<\/span><\/a><\/div>\n<\/div><\/div><\/div><!-- close content main div --><\/div><\/div><div id='after_section_1' class='main_color av_default_container_wrap container_wrap sidebar_right'   ><div class='container' ><div class='template-page content  av-content-small alpha units'><div class='post-entry post-entry-type-page post-entry-118'><div class='entry-content-wrapper clearfix'>","protected":false},"excerpt":{"rendered":"","protected":false},"author":2,"featured_media":571,"parent":0,"menu_order":0,"comment_status":"closed","ping_status":"closed","template":"","meta":{"footnotes":""},"class_list":["post-118","page","type-page","status-publish","has-post-thumbnail","hentry"],"yoast_head":"<!-- This site is optimized with the Yoast SEO plugin v26.0 - https:\/\/yoast.com\/wordpress\/plugins\/seo\/ -->\n<title>Diagnostika pleti - SkinBooster Anti Age Formula - Kompava spol. s r. o.<\/title>\n<meta name=\"description\" content=\"Diagnostika pleti od spolo\u010dnosti Kompava, dok\u00e1\u017ee ur\u010di\u0165 Hydrat\u00e1ciu a maz na pleti, Elasticitu poko\u017eky, P\u00f3ry, \u0160kvrny, Vr\u00e1sky, Pevnos\u0165 a vlasov, Lupiny\" \/>\n<meta name=\"robots\" content=\"index, follow, max-snippet:-1, max-image-preview:large, max-video-preview:-1\" \/>\n<link rel=\"canonical\" href=\"https:\/\/www.skinbooster.sk\/pl\/diagnostika-pleti\/\" \/>\n<meta property=\"og:locale\" content=\"pl_PL\" \/>\n<meta property=\"og:type\" content=\"article\" \/>\n<meta property=\"og:title\" content=\"Diagnostika pleti - SkinBooster Anti Age Formula - Kompava spol. s r. o.\" \/>\n<meta property=\"og:description\" content=\"Diagnostika pleti od spolo\u010dnosti Kompava, dok\u00e1\u017ee ur\u010di\u0165 Hydrat\u00e1ciu a maz na pleti, Elasticitu poko\u017eky, P\u00f3ry, \u0160kvrny, Vr\u00e1sky, Pevnos\u0165 a vlasov, Lupiny\" \/>\n<meta property=\"og:url\" content=\"https:\/\/www.skinbooster.sk\/pl\/diagnostika-pleti\/\" \/>\n<meta property=\"og:site_name\" content=\"SkinBooster\" \/>\n<meta property=\"article:publisher\" content=\"https:\/\/www.facebook.com\/Kompava\/\" \/>\n<meta property=\"article:modified_time\" content=\"2020-12-10T09:38:35+00:00\" \/>\n<meta property=\"og:image\" content=\"https:\/\/www.skinbooster.sk\/wp-content\/uploads\/2018\/07\/diagnosti-pleti.jpg\" \/>\n\t<meta property=\"og:image:width\" content=\"1446\" \/>\n\t<meta property=\"og:image:height\" content=\"1772\" \/>\n\t<meta property=\"og:image:type\" content=\"image\/jpeg\" \/>\n<meta name=\"twitter:card\" content=\"summary_large_image\" \/>\n<meta name=\"twitter:label1\" content=\"Szacowany czas czytania\" \/>\n\t<meta name=\"twitter:data1\" content=\"4 minuty\" \/>\n<script type=\"application\/ld+json\" class=\"yoast-schema-graph\">{\"@context\":\"https:\/\/schema.org\",\"@graph\":[{\"@type\":\"WebPage\",\"@id\":\"https:\/\/www.skinbooster.sk\/diagnostika-pleti\/\",\"url\":\"https:\/\/www.skinbooster.sk\/diagnostika-pleti\/\",\"name\":\"Diagnostika pleti - SkinBooster Anti Age Formula - Kompava spol. s r. o.\",\"isPartOf\":{\"@id\":\"https:\/\/www.skinbooster.sk\/#website\"},\"primaryImageOfPage\":{\"@id\":\"https:\/\/www.skinbooster.sk\/diagnostika-pleti\/#primaryimage\"},\"image\":{\"@id\":\"https:\/\/www.skinbooster.sk\/diagnostika-pleti\/#primaryimage\"},\"thumbnailUrl\":\"https:\/\/www.skinbooster.sk\/wp-content\/uploads\/2018\/07\/diagnosti-pleti.jpg\",\"datePublished\":\"2018-06-26T13:35:51+00:00\",\"dateModified\":\"2020-12-10T09:38:35+00:00\",\"description\":\"Diagnostika pleti od spolo\u010dnosti Kompava, dok\u00e1\u017ee ur\u010di\u0165 Hydrat\u00e1ciu a maz na pleti, Elasticitu poko\u017eky, P\u00f3ry, \u0160kvrny, Vr\u00e1sky, Pevnos\u0165 a vlasov, Lupiny\",\"breadcrumb\":{\"@id\":\"https:\/\/www.skinbooster.sk\/diagnostika-pleti\/#breadcrumb\"},\"inLanguage\":\"pl-PL\",\"potentialAction\":[{\"@type\":\"ReadAction\",\"target\":[\"https:\/\/www.skinbooster.sk\/diagnostika-pleti\/\"]}]},{\"@type\":\"ImageObject\",\"inLanguage\":\"pl-PL\",\"@id\":\"https:\/\/www.skinbooster.sk\/diagnostika-pleti\/#primaryimage\",\"url\":\"https:\/\/www.skinbooster.sk\/wp-content\/uploads\/2018\/07\/diagnosti-pleti.jpg\",\"contentUrl\":\"https:\/\/www.skinbooster.sk\/wp-content\/uploads\/2018\/07\/diagnosti-pleti.jpg\",\"width\":1446,\"height\":1772,\"caption\":\"diagnostika pleti\"},{\"@type\":\"BreadcrumbList\",\"@id\":\"https:\/\/www.skinbooster.sk\/diagnostika-pleti\/#breadcrumb\",\"itemListElement\":[{\"@type\":\"ListItem\",\"position\":1,\"name\":\"Home\",\"item\":\"https:\/\/www.skinbooster.sk\/sk\/\"},{\"@type\":\"ListItem\",\"position\":2,\"name\":\"Diagnostika pleti\"}]},{\"@type\":\"WebSite\",\"@id\":\"https:\/\/www.skinbooster.sk\/#website\",\"url\":\"https:\/\/www.skinbooster.sk\/\",\"name\":\"SkinBooster\",\"description\":\"Anti Age Formula\",\"potentialAction\":[{\"@type\":\"SearchAction\",\"target\":{\"@type\":\"EntryPoint\",\"urlTemplate\":\"https:\/\/www.skinbooster.sk\/?s={search_term_string}\"},\"query-input\":{\"@type\":\"PropertyValueSpecification\",\"valueRequired\":true,\"valueName\":\"search_term_string\"}}],\"inLanguage\":\"pl-PL\"}]}<\/script>\n<!-- \/ Yoast SEO plugin. -->","yoast_head_json":{"title":"Diagnostika pleti - SkinBooster Anti Age Formula - Kompava spol. s r. o.","description":"Diagnostika pleti od spolo\u010dnosti Kompava, dok\u00e1\u017ee ur\u010di\u0165 Hydrat\u00e1ciu a maz na pleti, Elasticitu poko\u017eky, P\u00f3ry, \u0160kvrny, Vr\u00e1sky, Pevnos\u0165 a vlasov, Lupiny","robots":{"index":"index","follow":"follow","max-snippet":"max-snippet:-1","max-image-preview":"max-image-preview:large","max-video-preview":"max-video-preview:-1"},"canonical":"https:\/\/www.skinbooster.sk\/pl\/diagnostika-pleti\/","og_locale":"pl_PL","og_type":"article","og_title":"Diagnostika pleti - SkinBooster Anti Age Formula - Kompava spol. s r. o.","og_description":"Diagnostika pleti od spolo\u010dnosti Kompava, dok\u00e1\u017ee ur\u010di\u0165 Hydrat\u00e1ciu a maz na pleti, Elasticitu poko\u017eky, P\u00f3ry, \u0160kvrny, Vr\u00e1sky, Pevnos\u0165 a vlasov, Lupiny","og_url":"https:\/\/www.skinbooster.sk\/pl\/diagnostika-pleti\/","og_site_name":"SkinBooster","article_publisher":"https:\/\/www.facebook.com\/Kompava\/","article_modified_time":"2020-12-10T09:38:35+00:00","og_image":[{"width":1446,"height":1772,"url":"https:\/\/www.skinbooster.sk\/wp-content\/uploads\/2018\/07\/diagnosti-pleti.jpg","type":"image\/jpeg"}],"twitter_card":"summary_large_image","twitter_misc":{"Szacowany czas czytania":"4 minuty"},"schema":{"@context":"https:\/\/schema.org","@graph":[{"@type":"WebPage","@id":"https:\/\/www.skinbooster.sk\/diagnostika-pleti\/","url":"https:\/\/www.skinbooster.sk\/diagnostika-pleti\/","name":"Diagnostika pleti - SkinBooster Anti Age Formula - Kompava spol. s r. o.","isPartOf":{"@id":"https:\/\/www.skinbooster.sk\/#website"},"primaryImageOfPage":{"@id":"https:\/\/www.skinbooster.sk\/diagnostika-pleti\/#primaryimage"},"image":{"@id":"https:\/\/www.skinbooster.sk\/diagnostika-pleti\/#primaryimage"},"thumbnailUrl":"https:\/\/www.skinbooster.sk\/wp-content\/uploads\/2018\/07\/diagnosti-pleti.jpg","datePublished":"2018-06-26T13:35:51+00:00","dateModified":"2020-12-10T09:38:35+00:00","description":"Diagnostika pleti od spolo\u010dnosti Kompava, dok\u00e1\u017ee ur\u010di\u0165 Hydrat\u00e1ciu a maz na pleti, Elasticitu poko\u017eky, P\u00f3ry, \u0160kvrny, Vr\u00e1sky, Pevnos\u0165 a vlasov, Lupiny","breadcrumb":{"@id":"https:\/\/www.skinbooster.sk\/diagnostika-pleti\/#breadcrumb"},"inLanguage":"pl-PL","potentialAction":[{"@type":"ReadAction","target":["https:\/\/www.skinbooster.sk\/diagnostika-pleti\/"]}]},{"@type":"ImageObject","inLanguage":"pl-PL","@id":"https:\/\/www.skinbooster.sk\/diagnostika-pleti\/#primaryimage","url":"https:\/\/www.skinbooster.sk\/wp-content\/uploads\/2018\/07\/diagnosti-pleti.jpg","contentUrl":"https:\/\/www.skinbooster.sk\/wp-content\/uploads\/2018\/07\/diagnosti-pleti.jpg","width":1446,"height":1772,"caption":"diagnostika pleti"},{"@type":"BreadcrumbList","@id":"https:\/\/www.skinbooster.sk\/diagnostika-pleti\/#breadcrumb","itemListElement":[{"@type":"ListItem","position":1,"name":"Home","item":"https:\/\/www.skinbooster.sk\/sk\/"},{"@type":"ListItem","position":2,"name":"Diagnostika pleti"}]},{"@type":"WebSite","@id":"https:\/\/www.skinbooster.sk\/#website","url":"https:\/\/www.skinbooster.sk\/","name":"SkinBooster","description":"Anti Age Formula","potentialAction":[{"@type":"SearchAction","target":{"@type":"EntryPoint","urlTemplate":"https:\/\/www.skinbooster.sk\/?s={search_term_string}"},"query-input":{"@type":"PropertyValueSpecification","valueRequired":true,"valueName":"search_term_string"}}],"inLanguage":"pl-PL"}]}},"_links":{"self":[{"href":"https:\/\/www.skinbooster.sk\/pl\/wp-json\/wp\/v2\/pages\/118","targetHints":{"allow":["GET"]}}],"collection":[{"href":"https:\/\/www.skinbooster.sk\/pl\/wp-json\/wp\/v2\/pages"}],"about":[{"href":"https:\/\/www.skinbooster.sk\/pl\/wp-json\/wp\/v2\/types\/page"}],"author":[{"embeddable":true,"href":"https:\/\/www.skinbooster.sk\/pl\/wp-json\/wp\/v2\/users\/2"}],"replies":[{"embeddable":true,"href":"https:\/\/www.skinbooster.sk\/pl\/wp-json\/wp\/v2\/comments?post=118"}],"version-history":[{"count":19,"href":"https:\/\/www.skinbooster.sk\/pl\/wp-json\/wp\/v2\/pages\/118\/revisions"}],"predecessor-version":[{"id":1885,"href":"https:\/\/www.skinbooster.sk\/pl\/wp-json\/wp\/v2\/pages\/118\/revisions\/1885"}],"wp:featuredmedia":[{"embeddable":true,"href":"https:\/\/www.skinbooster.sk\/pl\/wp-json\/wp\/v2\/media\/571"}],"wp:attachment":[{"href":"https:\/\/www.skinbooster.sk\/pl\/wp-json\/wp\/v2\/media?parent=118"}],"curies":[{"name":"wp","href":"https:\/\/api.w.org\/{rel}","templated":true}]}}