{"id":105,"date":"2018-06-26T15:32:53","date_gmt":"2018-06-26T13:32:53","guid":{"rendered":"https:\/\/www.skinbooster.sk\/?page_id=105"},"modified":"2019-11-19T13:22:30","modified_gmt":"2019-11-19T12:22:30","slug":"plet","status":"publish","type":"page","link":"https:\/\/www.skinbooster.sk\/pl\/plet\/","title":{"rendered":"Cera"},"content":{"rendered":"<div style='padding-bottom:10px; ' class='av-special-heading av-special-heading-h3'><h3 class='av-special-heading-tag'  itemprop=\"headline\"  >Cera<\/h3><div class='special-heading-border'><div class='special-heading-inner-border' ><\/div><\/div><\/div>\n<section class=\"av_textblock_section\"  itemscope=\"itemscope\" itemtype=\"https:\/\/schema.org\/CreativeWork\" ><div class='avia_textblock'   itemprop=\"text\" ><p><strong>SkinBooster<\/strong> zawiera dwa rodzaje peptyd\u00f3w kolagenowych (Verisol, Fortigel). Przeprowadzone badania potwierdzi\u0142y korzystny efekt suplementacji na stan sk\u00f3ry, w\u0142os\u00f3w i paznokci. Zapobiegaj\u0105<strong> pog\u0142\u0119bianiu zmarszczek<\/strong> a powsta\u0142e zmarszczki <strong>s\u0105 mniej widoczne<\/strong>. Zapobiega powstawaniu bruzd czy zmian owalu twarzy. Zwi\u0119ksza <strong>elastyczno\u015b\u0107 sk\u00f3ry<\/strong> ju\u017c w ci\u0105gu 4 tygodni stosowania. Zwi\u0119ksza <strong>nawil\u017cenie sk\u00f3ry<\/strong> dzi\u0119ki elastynie, r\u00f3wnie\u017c wysokiej jako\u015bci, kt\u00f3ra wi\u0105\u017ce kolagen z <strong>kwasem hialuronowym<\/strong> i zatrzymuje do 1000 razy wi\u0119cej wody ni\u017c sama wa\u017cy. Jej zadaniem jest nawil\u017cenie w\u0142\u00f3kien elastyny \u200b\u200bi kolagenu, aby nie wysusza\u0142y si\u0119 i nie ulega\u0142y zniszczeniu. Razem tworz\u0105 tzw. macierz zewn\u0105trzkom\u00f3rkow\u0105, kt\u00f3ra odgrywa kluczow\u0105 rol\u0119 w nawodnieniu tkanek i zapewnia <strong>NAWIL\u017bENIE<\/strong>, <strong>ELASTYCZNO\u015a\u0106<\/strong> i doskonale <strong>G\u0141ADK\u0104 SK\u00d3R\u0118 BEZ ZMARSZCZEK.<\/strong><\/p>\n<h4><\/h4>\n<\/div><\/section>\n<section class=\"av_textblock_section\"  itemscope=\"itemscope\" itemtype=\"https:\/\/schema.org\/CreativeWork\" ><div class='avia_textblock'   itemprop=\"text\" ><h4>SkinBooster i jego wp\u0142yw na sk\u00f3r\u0119:<\/h4>\n<\/div><\/section>\n<div class=\"flex_column av_one_half  flex_column_div av-zero-column-padding first\" style='border-radius:0px; '><section class=\"av_textblock_section\"  itemscope=\"itemscope\" itemtype=\"https:\/\/schema.org\/CreativeWork\" ><div class='avia_textblock'   itemprop=\"text\" ><ul>\n<li><strong>Niweluje zmarszczki<\/strong><\/li>\n<li>Zapobiega <strong>pog\u0142\u0119bianiu si\u0119<\/strong> zmarszczek<\/li>\n<li>Zapobiega <strong>powstawaniu nowych zmarszczek<\/strong> w ka\u017cdym wieku<\/li>\n<li>Nadaje sk\u00f3rze elastyczno\u015bci, wyr\u00f3wnuje koloryt<\/li>\n<li><strong>Odm\u0142adza kom\u00f3rki sk\u00f3ry<\/strong> i przywraca sk\u00f3rze m\u0142odszy wygl\u0105d<\/li>\n<\/ul>\n<\/div><\/section><\/div>\n<div class=\"flex_column av_one_half  flex_column_div av-zero-column-padding\" style='border-radius:0px; '><section class=\"av_textblock_section\"  itemscope=\"itemscope\" itemtype=\"https:\/\/schema.org\/CreativeWork\" ><div class='avia_textblock'   itemprop=\"text\" ><ul>\n<li>Zapewnia <strong>nawil\u017cenie sk\u00f3ry <\/strong>od wewn\u0105trz<\/li>\n<li><strong>Chroni sk\u00f3r\u0119<\/strong> przed zewn\u0119trznym i wewn\u0119trznym negatywnym dzia\u0142aniem wolnych rodnik\u00f3w<\/li>\n<li>Redukuje <strong>oznaki starzenia si\u0119 sk\u00f3ry<\/strong> oraz zmniejsza intensywno\u015b\u0107 plam pigmentacyjnych<\/li>\n<li>Nadaje sk\u00f3rze pi\u0119kny, <strong>m\u0142odzie\u0144czy wygl\u0105d<\/strong><\/li>\n<li>Dzi\u0119ki selenowi przyczynia si\u0119 do\u00a0<strong>ochrony kom\u00f3rek<\/strong> przed stresem oksydacyjnym<\/li>\n<\/ul>\n<\/div><\/section><\/div>\n<div class=\"flex_column av_one_third  flex_column_div av-zero-column-padding first\" style='border-radius:0px; '><div class='avia-image-container  av-styling-    avia-align-center'  itemprop=\"ImageObject\" itemscope=\"itemscope\" itemtype=\"https:\/\/schema.org\/ImageObject\"  ><div class='avia-image-container-inner'><div class='avia-image-overlay-wrap'><img class='avia_image' src='https:\/\/www.skinbooster.sk\/wp-content\/uploads\/2018\/07\/027-300x300.png' alt='Ple\u0165' title='Cera' height=\"300\"width=\"300\"  itemprop=\"thumbnailUrl\"  \/><\/div><\/div><\/div><\/div>\n<div class=\"flex_column av_two_third  flex_column_div av-zero-column-padding\" style='border-radius:0px; '><p><section class=\"av_textblock_section\"  itemscope=\"itemscope\" itemtype=\"https:\/\/schema.org\/CreativeWork\" ><div class='avia_textblock'   itemprop=\"text\" ><p><strong>Sk\u00f3ra<\/strong> jest najwi\u0119kszym organem ludzkiego organizmu. Pokrywa ca\u0142\u0105,  zewn\u0119trzn\u0105 powierzchni\u0119 cia\u0142a. Jest to <strong>najwi\u0119kszy narz\u0105d<\/strong>. Jego powierzchnia waha si\u0119 w zale\u017cno\u015bci od budowy cia\u0142a i wieku, oko\u0142o 1,5-2 m<sup>2<\/sup> natomiast waga wynosi od 3,5 do 4,5 kilogram\u00f3w, czyli 14% masy cia\u0142a (u noworodka oko\u0142o 0,25 m<sup>2<\/sup>). \u00a0<a href=\"\/pl\/koza\/\">Sk\u00f3ra<\/a> jest niezale\u017cnym organem i jest po\u0142\u0105czona z narz\u0105dami wewn\u0119trznymi poprzez w\u0142\u00f3kna nerwowe, naczynia krwiono\u015bne i limfatyczne. Wraz z innymi strukturami sk\u00f3ry, takimi jak w\u0142osy, paznokcie, pot i gruczo\u0142y \u0142ojowe, sk\u00f3ra tworzy genetycznie zdeterminowany fenotyp cz\u0142owieka.<\/p>\n<h4><\/h4>\n<\/div><\/section><br \/>\n<section class=\"av_textblock_section\"  itemscope=\"itemscope\" itemtype=\"https:\/\/schema.org\/CreativeWork\" ><div class='avia_textblock'   itemprop=\"text\" ><h5>Budowa sk\u00f3ry<\/h5>\n<p><strong>Sk\u00f3ra (cutis) sk\u0142ada si\u0119 z trzech warstw: <\/strong><\/p>\n<ul>\n<li><strong>nask\u00f3rek<\/strong> (epidermis), warstwa zewn\u0119trzna pe\u0142ni\u0105ca funkcj\u0119 ochronn\u0105 i rozrodcz\u0105<\/li>\n<li><strong>sk\u00f3ra w\u0142a\u015bciwa<\/strong> (dermis), warstwa \u015brodkowa, zawiera receptory, naczynia krwiono\u015bne, nerwy<\/li>\n<li><strong>tkanka podsk\u00f3rna<\/strong> (subcutis), kt\u00f3ra s\u0142u\u017cy jako ochronna \"poduszka\" i magazyn sk\u0142adnik\u00f3w od\u017cywczych, izoluje przed nag\u0142ymi zmianami temperatury<\/li>\n<\/ul>\n<\/div><\/section><\/p><\/div>\n<div  class='hr hr-default'><span class='hr-inner' ><span class='hr-inner-style'><\/span><\/span><\/div>\n<section class=\"av_textblock_section\"  itemscope=\"itemscope\" itemtype=\"https:\/\/schema.org\/CreativeWork\" ><div class='avia_textblock'   itemprop=\"text\" ><h3 style=\"text-align: center;\">SkinBooster dzia\u0142a w ka\u017cdej z warstw w inny spos\u00f3b<\/h3>\n<\/div><\/section>\n<div class=\"flex_column av_one_third  flex_column_div av-zero-column-padding first\" style='border-radius:0px; '><article class=\"iconbox iconbox_top main_color\"  itemscope=\"itemscope\" itemtype=\"https:\/\/schema.org\/CreativeWork\" ><div class=\"iconbox_content\"><header class=\"entry-content-header\"><div class=\"iconbox_icon heading-color\" aria-hidden='true' data-av_icon='\ue8bd' data-av_iconfont='entypo-fontello'  ><\/div><h3 class='iconbox_content_title'  itemprop=\"headline\"  >W zewn\u0119trznej warstwie sk\u00f3ry<\/h3><\/header><div class='iconbox_content_container'  itemprop=\"text\"  ><p><strong>Zwi\u0119ksza nawil\u017cenie<\/strong> <strong>sk\u00f3ry (epidermis) i<\/strong> zapobiega przeznask\u00f3rkowej utracie wody. Dzi\u0119ki ograniczeniu przeznask\u00f3rkowej utraty wody z nask\u00f3rka (TEWL Transepidermal Water Loss), zwi\u0119kszy si\u0119 naturalna bariera ochronna sk\u00f3ry. Utrzymywanie prawid\u0142owej struktury sk\u00f3ry, <strong>szczeg\u00f3lnie w delikatnych okolicach nara\u017conych na powstawanie zmarszczek,<\/strong> pozwala op\u00f3\u017ani\u0107 proces ich powstawania.<\/p>\n<\/div><\/div><footer class=\"entry-footer\"><\/footer><\/article><\/div>\n<div class=\"flex_column av_one_third  flex_column_div av-zero-column-padding\" style='border-radius:0px; '><article class=\"iconbox iconbox_top main_color\"  itemscope=\"itemscope\" itemtype=\"https:\/\/schema.org\/CreativeWork\" ><div class=\"iconbox_content\"><header class=\"entry-content-header\"><div class=\"iconbox_icon heading-color\" aria-hidden='true' data-av_icon='\ue8be' data-av_iconfont='entypo-fontello'  ><\/div><h3 class='iconbox_content_title'  itemprop=\"headline\"  >W \u015brodkowej warstwie sk\u00f3ry<\/h3><\/header><div class='iconbox_content_container'  itemprop=\"text\"  ><p><strong>W warstwie sk\u00f3ry w\u0142a\u015bciwej (dermis)<\/strong> wspomaga powstawanie <strong>w\u0142\u00f3kien kolagenu<\/strong> i\u00a0<strong>elastyny<\/strong> oraz zapobiega ich niszczeniu. Kolagen i elastyna zapewniaj\u0105 wytrzyma\u0142o\u015b\u0107 i elastyczno\u015b\u0107 w \u015brodkowej warstwie sk\u00f3ry. Uzupe\u0142niaj\u0105c te substancje od wewn\u0105trz, SkinBooster wspomaga naturalne tworzenie w\u0142asnych sk\u0142adnik\u00f3w, takich jak kolagen i elastyna, zwi\u0119kszaj\u0105c tym samym ich dzia\u0142anie na sk\u00f3r\u0119 od wewn\u0105trz.<\/p>\n<\/div><\/div><footer class=\"entry-footer\"><\/footer><\/article><\/div>\n<div class=\"flex_column av_one_third  flex_column_div av-zero-column-padding\" style='border-radius:0px; '><article class=\"iconbox iconbox_top main_color\"  itemscope=\"itemscope\" itemtype=\"https:\/\/schema.org\/CreativeWork\" ><div class=\"iconbox_content\"><header class=\"entry-content-header\"><div class=\"iconbox_icon heading-color\" aria-hidden='true' data-av_icon='\ue8bf' data-av_iconfont='entypo-fontello'  ><\/div><h3 class='iconbox_content_title'  itemprop=\"headline\"  >w tkance podsk\u00f3rnej<\/h3><\/header><div class='iconbox_content_container'  itemprop=\"text\"  ><p><strong>W tkance sk\u00f3rnej (subcutis),<\/strong> kt\u00f3ry magazynuje energi\u0119, dzia\u0142a jak amortyzator i tworzy izolacj\u0119 cia\u0142a. <strong>SkinBooster<\/strong> oddzia\u0142uje na <strong>w\u0142\u00f3kna kolagenowe<\/strong>, utrzymuje razem kom\u00f3rki t\u0142uszczowe. Je\u015bli struktura w\u0142\u00f3kien kolagenowych jest uszkodzona z powodu braku peptyd\u00f3w kolagenowych, nadmiernie rozro\u015bni\u0119te kom\u00f3rki t\u0142uszczowe naciskaj\u0105 na w\u0142\u00f3kna kolagenowe powoduj\u0105c ich deformacj\u0119. Sk\u00f3ra zaczyna si\u0119 marszczy\u0107, co mo\u017ce by\u0107 postrzegane jako <strong>tworzenie w\u0142\u00f3kien kolagenowych.<\/strong><\/p>\n<\/div><\/div><footer class=\"entry-footer\"><\/footer><\/article><\/div>\n<div class=\"flex_column av_one_half  flex_column_div av-zero-column-padding first\" style='border-radius:0px; '><section class=\"av_textblock_section\"  itemscope=\"itemscope\" itemtype=\"https:\/\/schema.org\/CreativeWork\" ><div class='avia_textblock'   itemprop=\"text\" ><h4>M\u0142oda sk\u00f3ra<\/h4>\n<\/div><\/section><br \/>\n<div class='avia-image-container  av-styling-    avia-align-center'  itemprop=\"ImageObject\" itemscope=\"itemscope\" itemtype=\"https:\/\/schema.org\/ImageObject\"  ><div class='avia-image-container-inner'><div class='avia-image-overlay-wrap'><a href='https:\/\/www.skinbooster.sk\/wp-content\/uploads\/2018\/07\/mlada_koza2.png' class='avia_image'   target=\"_blank\" ><img class='avia_image' src='https:\/\/www.skinbooster.sk\/wp-content\/uploads\/2018\/07\/mlada_koza2.png' alt='Mlad\u00e1 ko\u017ea - Ple\u0165' title='M\u0142oda sk\u00f3ra - Cera'  itemprop=\"thumbnailUrl\"  \/><\/a><\/div><\/div><\/div><\/p><\/div>\n<div class=\"flex_column av_one_half  flex_column_div av-zero-column-padding\" style='border-radius:0px; '><section class=\"av_textblock_section\"  itemscope=\"itemscope\" itemtype=\"https:\/\/schema.org\/CreativeWork\" ><div class='avia_textblock'   itemprop=\"text\" ><h4>Stara sk\u00f3ra<\/h4>\n<\/div><\/section><br \/>\n<div class='avia-image-container  av-styling-    avia-align-center'  itemprop=\"ImageObject\" itemscope=\"itemscope\" itemtype=\"https:\/\/schema.org\/ImageObject\"  ><div class='avia-image-container-inner'><div class='avia-image-overlay-wrap'><a href='https:\/\/www.skinbooster.sk\/wp-content\/uploads\/2018\/07\/stara-koza.png' class='avia_image'  ><img class='avia_image' src='https:\/\/www.skinbooster.sk\/wp-content\/uploads\/2018\/07\/stara-koza.png' alt='Star\u00e1 ko\u017ea - Ple\u0165' title='Stara sk\u00f3ra - Cera'  itemprop=\"thumbnailUrl\"  \/><\/a><\/div><\/div><\/div><\/p><\/div>\n<div  class='hr hr-default'><span class='hr-inner' ><span class='hr-inner-style'><\/span><\/span><\/div>\n<div class='avia-button-wrap avia-button-center'><a href='https:\/\/www.kompava.pl\/skinboosterr'  class='avia-button   avia-icon_select-yes-left-icon avia-color-theme-color avia-size-x-large avia-position-center'   ><span class='avia_button_icon avia_button_icon_left' aria-hidden='true' data-av_icon='\ue859' data-av_iconfont='entypo-fontello'><\/span><span class='avia_iconbox_title' >Zam\u00f3wi\u0107<\/span><\/a><\/div>\n<div  class='hr hr-default'><span class='hr-inner' ><span class='hr-inner-style'><\/span><\/span><\/div>\n<section class=\"av_textblock_section\"  itemscope=\"itemscope\" itemtype=\"https:\/\/schema.org\/CreativeWork\" ><div class='avia_textblock'   itemprop=\"text\" ><h4>\u201eSK\u00d3RA wygl\u0105da m\u0142odo, jest NAWIL\u017bONA, BEZ ZMARSZCZEK\u201d<\/h4>\n<h4>PO PROSTU NIESAMOWITE<\/h4>\n<\/div><\/section>","protected":false},"excerpt":{"rendered":"","protected":false},"author":2,"featured_media":632,"parent":0,"menu_order":0,"comment_status":"closed","ping_status":"closed","template":"","meta":{"footnotes":""},"class_list":["post-105","page","type-page","status-publish","has-post-thumbnail","hentry"],"yoast_head":"<!-- This site is optimized with the Yoast SEO plugin v26.0 - https:\/\/yoast.com\/wordpress\/plugins\/seo\/ -->\n<title>Ple\u0165 - SkinBooster Anti Age Formula - Kompava spol. s r. o.<\/title>\n<meta name=\"description\" content=\"Viete \u010di je d\u00f4le\u017eite pre Va\u0161u ple\u0165? Pozrite sa, z \u010doho sa sklad\u00e1 ko\u017ea \u013eudsk\u00e9ho tela a ako p\u00f4sob\u00ed na jej jednotliv\u00e9 \u010dasti SkinBooster\" \/>\n<meta name=\"robots\" content=\"index, follow, max-snippet:-1, max-image-preview:large, max-video-preview:-1\" \/>\n<link rel=\"canonical\" href=\"https:\/\/www.skinbooster.sk\/pl\/plet\/\" \/>\n<meta property=\"og:locale\" content=\"pl_PL\" \/>\n<meta property=\"og:type\" content=\"article\" \/>\n<meta property=\"og:title\" content=\"Ple\u0165 - SkinBooster Anti Age Formula - Kompava spol. s r. o.\" \/>\n<meta property=\"og:description\" content=\"Viete \u010di je d\u00f4le\u017eite pre Va\u0161u ple\u0165? Pozrite sa, z \u010doho sa sklad\u00e1 ko\u017ea \u013eudsk\u00e9ho tela a ako p\u00f4sob\u00ed na jej jednotliv\u00e9 \u010dasti SkinBooster\" \/>\n<meta property=\"og:url\" content=\"https:\/\/www.skinbooster.sk\/pl\/plet\/\" \/>\n<meta property=\"og:site_name\" content=\"SkinBooster\" \/>\n<meta property=\"article:publisher\" content=\"https:\/\/www.facebook.com\/Kompava\/\" \/>\n<meta property=\"article:modified_time\" content=\"2019-11-19T12:22:30+00:00\" \/>\n<meta property=\"og:image\" content=\"https:\/\/www.skinbooster.sk\/wp-content\/uploads\/2018\/07\/stara-koza.png\" \/>\n\t<meta property=\"og:image:width\" content=\"734\" \/>\n\t<meta property=\"og:image:height\" content=\"514\" \/>\n\t<meta property=\"og:image:type\" content=\"image\/png\" \/>\n<meta name=\"twitter:card\" content=\"summary_large_image\" \/>\n<meta name=\"twitter:label1\" content=\"Szacowany czas czytania\" \/>\n\t<meta name=\"twitter:data1\" content=\"12 minut\" \/>\n<script type=\"application\/ld+json\" class=\"yoast-schema-graph\">{\"@context\":\"https:\/\/schema.org\",\"@graph\":[{\"@type\":\"WebPage\",\"@id\":\"https:\/\/www.skinbooster.sk\/sk\/plet\/\",\"url\":\"https:\/\/www.skinbooster.sk\/sk\/plet\/\",\"name\":\"Ple\u0165 - SkinBooster Anti Age Formula - Kompava spol. s r. o.\",\"isPartOf\":{\"@id\":\"https:\/\/www.skinbooster.sk\/#website\"},\"primaryImageOfPage\":{\"@id\":\"https:\/\/www.skinbooster.sk\/sk\/plet\/#primaryimage\"},\"image\":{\"@id\":\"https:\/\/www.skinbooster.sk\/sk\/plet\/#primaryimage\"},\"thumbnailUrl\":\"https:\/\/www.skinbooster.sk\/wp-content\/uploads\/2018\/07\/stara-koza.png\",\"datePublished\":\"2018-06-26T13:32:53+00:00\",\"dateModified\":\"2019-11-19T12:22:30+00:00\",\"description\":\"Viete \u010di je d\u00f4le\u017eite pre Va\u0161u ple\u0165? Pozrite sa, z \u010doho sa sklad\u00e1 ko\u017ea \u013eudsk\u00e9ho tela a ako p\u00f4sob\u00ed na jej jednotliv\u00e9 \u010dasti SkinBooster\",\"breadcrumb\":{\"@id\":\"https:\/\/www.skinbooster.sk\/sk\/plet\/#breadcrumb\"},\"inLanguage\":\"pl-PL\",\"potentialAction\":[{\"@type\":\"ReadAction\",\"target\":[\"https:\/\/www.skinbooster.sk\/sk\/plet\/\"]}]},{\"@type\":\"ImageObject\",\"inLanguage\":\"pl-PL\",\"@id\":\"https:\/\/www.skinbooster.sk\/sk\/plet\/#primaryimage\",\"url\":\"https:\/\/www.skinbooster.sk\/wp-content\/uploads\/2018\/07\/stara-koza.png\",\"contentUrl\":\"https:\/\/www.skinbooster.sk\/wp-content\/uploads\/2018\/07\/stara-koza.png\",\"width\":734,\"height\":514,\"caption\":\"Star\u00e1 ko\u017ea - Ple\u0165\"},{\"@type\":\"BreadcrumbList\",\"@id\":\"https:\/\/www.skinbooster.sk\/sk\/plet\/#breadcrumb\",\"itemListElement\":[{\"@type\":\"ListItem\",\"position\":1,\"name\":\"Home\",\"item\":\"https:\/\/www.skinbooster.sk\/sk\/\"},{\"@type\":\"ListItem\",\"position\":2,\"name\":\"Ple\u0165\"}]},{\"@type\":\"WebSite\",\"@id\":\"https:\/\/www.skinbooster.sk\/#website\",\"url\":\"https:\/\/www.skinbooster.sk\/\",\"name\":\"SkinBooster\",\"description\":\"Anti Age Formula\",\"potentialAction\":[{\"@type\":\"SearchAction\",\"target\":{\"@type\":\"EntryPoint\",\"urlTemplate\":\"https:\/\/www.skinbooster.sk\/?s={search_term_string}\"},\"query-input\":{\"@type\":\"PropertyValueSpecification\",\"valueRequired\":true,\"valueName\":\"search_term_string\"}}],\"inLanguage\":\"pl-PL\"}]}<\/script>\n<!-- \/ Yoast SEO plugin. -->","yoast_head_json":{"title":"Ple\u0165 - SkinBooster Anti Age Formula - Kompava spol. s r. o.","description":"Viete \u010di je d\u00f4le\u017eite pre Va\u0161u ple\u0165? Pozrite sa, z \u010doho sa sklad\u00e1 ko\u017ea \u013eudsk\u00e9ho tela a ako p\u00f4sob\u00ed na jej jednotliv\u00e9 \u010dasti SkinBooster","robots":{"index":"index","follow":"follow","max-snippet":"max-snippet:-1","max-image-preview":"max-image-preview:large","max-video-preview":"max-video-preview:-1"},"canonical":"https:\/\/www.skinbooster.sk\/pl\/plet\/","og_locale":"pl_PL","og_type":"article","og_title":"Ple\u0165 - SkinBooster Anti Age Formula - Kompava spol. s r. o.","og_description":"Viete \u010di je d\u00f4le\u017eite pre Va\u0161u ple\u0165? Pozrite sa, z \u010doho sa sklad\u00e1 ko\u017ea \u013eudsk\u00e9ho tela a ako p\u00f4sob\u00ed na jej jednotliv\u00e9 \u010dasti SkinBooster","og_url":"https:\/\/www.skinbooster.sk\/pl\/plet\/","og_site_name":"SkinBooster","article_publisher":"https:\/\/www.facebook.com\/Kompava\/","article_modified_time":"2019-11-19T12:22:30+00:00","og_image":[{"width":734,"height":514,"url":"https:\/\/www.skinbooster.sk\/wp-content\/uploads\/2018\/07\/stara-koza.png","type":"image\/png"}],"twitter_card":"summary_large_image","twitter_misc":{"Szacowany czas czytania":"12 minut"},"schema":{"@context":"https:\/\/schema.org","@graph":[{"@type":"WebPage","@id":"https:\/\/www.skinbooster.sk\/sk\/plet\/","url":"https:\/\/www.skinbooster.sk\/sk\/plet\/","name":"Ple\u0165 - SkinBooster Anti Age Formula - Kompava spol. s r. o.","isPartOf":{"@id":"https:\/\/www.skinbooster.sk\/#website"},"primaryImageOfPage":{"@id":"https:\/\/www.skinbooster.sk\/sk\/plet\/#primaryimage"},"image":{"@id":"https:\/\/www.skinbooster.sk\/sk\/plet\/#primaryimage"},"thumbnailUrl":"https:\/\/www.skinbooster.sk\/wp-content\/uploads\/2018\/07\/stara-koza.png","datePublished":"2018-06-26T13:32:53+00:00","dateModified":"2019-11-19T12:22:30+00:00","description":"Viete \u010di je d\u00f4le\u017eite pre Va\u0161u ple\u0165? Pozrite sa, z \u010doho sa sklad\u00e1 ko\u017ea \u013eudsk\u00e9ho tela a ako p\u00f4sob\u00ed na jej jednotliv\u00e9 \u010dasti SkinBooster","breadcrumb":{"@id":"https:\/\/www.skinbooster.sk\/sk\/plet\/#breadcrumb"},"inLanguage":"pl-PL","potentialAction":[{"@type":"ReadAction","target":["https:\/\/www.skinbooster.sk\/sk\/plet\/"]}]},{"@type":"ImageObject","inLanguage":"pl-PL","@id":"https:\/\/www.skinbooster.sk\/sk\/plet\/#primaryimage","url":"https:\/\/www.skinbooster.sk\/wp-content\/uploads\/2018\/07\/stara-koza.png","contentUrl":"https:\/\/www.skinbooster.sk\/wp-content\/uploads\/2018\/07\/stara-koza.png","width":734,"height":514,"caption":"Star\u00e1 ko\u017ea - Ple\u0165"},{"@type":"BreadcrumbList","@id":"https:\/\/www.skinbooster.sk\/sk\/plet\/#breadcrumb","itemListElement":[{"@type":"ListItem","position":1,"name":"Home","item":"https:\/\/www.skinbooster.sk\/sk\/"},{"@type":"ListItem","position":2,"name":"Ple\u0165"}]},{"@type":"WebSite","@id":"https:\/\/www.skinbooster.sk\/#website","url":"https:\/\/www.skinbooster.sk\/","name":"SkinBooster","description":"Anti Age Formula","potentialAction":[{"@type":"SearchAction","target":{"@type":"EntryPoint","urlTemplate":"https:\/\/www.skinbooster.sk\/?s={search_term_string}"},"query-input":{"@type":"PropertyValueSpecification","valueRequired":true,"valueName":"search_term_string"}}],"inLanguage":"pl-PL"}]}},"_links":{"self":[{"href":"https:\/\/www.skinbooster.sk\/pl\/wp-json\/wp\/v2\/pages\/105","targetHints":{"allow":["GET"]}}],"collection":[{"href":"https:\/\/www.skinbooster.sk\/pl\/wp-json\/wp\/v2\/pages"}],"about":[{"href":"https:\/\/www.skinbooster.sk\/pl\/wp-json\/wp\/v2\/types\/page"}],"author":[{"embeddable":true,"href":"https:\/\/www.skinbooster.sk\/pl\/wp-json\/wp\/v2\/users\/2"}],"replies":[{"embeddable":true,"href":"https:\/\/www.skinbooster.sk\/pl\/wp-json\/wp\/v2\/comments?post=105"}],"version-history":[{"count":107,"href":"https:\/\/www.skinbooster.sk\/pl\/wp-json\/wp\/v2\/pages\/105\/revisions"}],"predecessor-version":[{"id":1741,"href":"https:\/\/www.skinbooster.sk\/pl\/wp-json\/wp\/v2\/pages\/105\/revisions\/1741"}],"wp:featuredmedia":[{"embeddable":true,"href":"https:\/\/www.skinbooster.sk\/pl\/wp-json\/wp\/v2\/media\/632"}],"wp:attachment":[{"href":"https:\/\/www.skinbooster.sk\/pl\/wp-json\/wp\/v2\/media?parent=105"}],"curies":[{"name":"wp","href":"https:\/\/api.w.org\/{rel}","templated":true}]}}