{"id":102,"date":"2018-06-26T15:32:48","date_gmt":"2018-06-26T13:32:48","guid":{"rendered":"https:\/\/www.skinbooster.sk\/?page_id=102"},"modified":"2019-11-19T13:22:10","modified_gmt":"2019-11-19T12:22:10","slug":"nechty","status":"publish","type":"page","link":"https:\/\/www.skinbooster.sk\/pl\/nechty\/","title":{"rendered":"Paznokcie"},"content":{"rendered":"<\/div><\/div><\/div><!-- close content main div --><\/div><\/div><div id='av_section_1' class='avia-section main_color avia-section-default avia-no-border-styling avia-bg-style-scroll   container_wrap sidebar_right' style = 'background-image: '  ><div class='container' ><div class='template-page content  av-content-small alpha units'><div class='post-entry post-entry-type-page post-entry-102'><div class='entry-content-wrapper clearfix'>\n<div style='padding-bottom:10px; ' class='av-special-heading av-special-heading-h3'><h3 class='av-special-heading-tag'  itemprop=\"headline\"  >Paznokcie<\/h3><div class='special-heading-border'><div class='special-heading-inner-border' ><\/div><\/div><\/div>\n<div class=\"flex_column av_two_third  flex_column_div av-zero-column-padding first\" style='border-radius:0px; '><section class=\"av_textblock_section\"  itemscope=\"itemscope\" itemtype=\"https:\/\/schema.org\/CreativeWork\" ><div class='avia_textblock'   itemprop=\"text\" ><h6><\/h6>\n<p><strong>Paznokie\u0107<\/strong> (\u0142ac. unguis) rogowa os\u0142ona ostatniego cz\u0142onu palca naczelnych. <strong>Paznokcie<\/strong>, podobnie jak <a href=\"\/pl\/vlasy\/\">w\u0142os\u00f3w<\/a> wzbogacone s\u0105 <strong>keratyn\u0105<\/strong>, kt\u00f3ra nadaje <strong>si\u0142\u0119 i g\u0142adko\u015b\u0107<\/strong> oraz chroni przed \u0142amliwo\u015bci\u0105. W zale\u017cno\u015bci od w\u0142a\u015bciwej piel\u0119gnacji paznokie\u0107 mo\u017ce urosn\u0105\u0107 o oko\u0142o milimetr w ci\u0105gu 10-15 dni, ale zaniedbana piel\u0119gnacja spowoduje, \u017ce paznokie\u0107 przestanie rosn\u0105\u0107.<\/p>\n<p><strong><em>Macierz<\/em><\/strong>, to miejsce, w kt\u00f3rym wzrasta paznokie\u0107 i jest pokryty p\u0142ytk\u0105 paznokciow\u0105, to w\u0142a\u015bnie w niej powstaj\u0105 <strong><em>nowe kom\u00f3rki<\/em><\/strong>, umo\u017cliwiaj\u0105ce dalszy wzrost paznokcia. G\u00f3rna cz\u0119\u015b\u0107 paznokcia to <em>ob\u0142\u0105czek<\/em>, kt\u00f3ry jest przykryty <strong><em>obr\u0105bkiem nask\u00f3rkowym.<\/em><\/strong> U nasady znajduje si\u0119 <strong><em>p\u00f3\u0142ksi\u0119\u017cyc (lunula),<\/em><\/strong> zawieraj\u0105cy p\u0119cherzyki powietrza, jasnor\u00f3\u017cowego koloru. Wolny brzeg paznokcia to cz\u0119\u015b\u0107 paznokcia wychodz\u0105cy poza<em> <strong>opuszek palca,<\/strong> jest bardzo wra\u017cliwy <\/em>i cz\u0119sto lekko wzniesiony nad pozosta\u0142\u0105 cz\u0119\u015b\u0107 blaszki paznokciowej.<\/p>\n<p><strong>Naturalna posta\u0107 keratyny<\/strong> zawarta w rewolucyjnym koktajlu <strong>SkinBooster <\/strong>zapewnia przyswajanie wszystkich wa\u017cnych aminokwas\u00f3w zawieraj\u0105cych <strong>siark\u0119<\/strong>, niezb\u0119dnych do wzrostu <strong>zdrowych i mocnych paznokci<\/strong>.<\/p>\n<p><strong>\u00a0<\/strong><\/p>\n<h5>SkinBooster i jego wp\u0142yw na paznokcie:<\/h5>\n<ul>\n<li>Zmniejsza tendencj\u0119 do <strong>rozdwajania si\u0119 i \u0142amania paznokci<\/strong><\/li>\n<li>Dostarcza paznokciom wszystkich cennych substancji od\u017cywczych, <strong>przyspiesza wzrost paznokci<\/strong><\/li>\n<li>Poprawia <strong>jako\u015b\u0107 paznokci<\/strong> (znika wg\u0142\u0119bienie w p\u0142ytce)<\/li>\n<li>Usuwa \u017c\u00f3\u0142\u0107 z paznokci<\/li>\n<li>Nadaje paznokciom <strong>naturalny po\u0142ysk<\/strong> i\u00a0<strong>zdrowy<\/strong> wygl\u0105d<\/li>\n<\/ul>\n<p><strong>\u00a0<\/strong><\/p>\n<h4>\"PAZNOKCIE S\u0104 MOCNE, TWARDE I BARDZIEJ B\u0141YSZCZ\u0104CE\"<\/h4>\n<h4><\/h4>\n<h4>po prostu wspaniale<\/h4>\n<\/div><\/section><\/div><div class=\"flex_column av_one_third  flex_column_div av-zero-column-padding\" style='border-radius:0px; '><p><div class='avia-image-container  av-styling-    avia-align-center'  itemprop=\"ImageObject\" itemscope=\"itemscope\" itemtype=\"https:\/\/schema.org\/ImageObject\"  ><div class='avia-image-container-inner'><div class='avia-image-overlay-wrap'><a href='https:\/\/www.skinbooster.sk\/wp-content\/uploads\/2018\/07\/necht.jpg' class='avia_image'   target=\"_blank\" ><img class='avia_image' src='https:\/\/www.skinbooster.sk\/wp-content\/uploads\/2018\/07\/necht.jpg' alt='Nechty' title='Paznokcie'  itemprop=\"thumbnailUrl\"  \/><\/a><\/div><\/div><\/div><br \/>\n<div class='avia-button-wrap avia-button-center'><a href='http:\/\/kompava.sk\/p\/skinbooster'  class='avia-button   avia-icon_select-yes-left-icon avia-color-theme-color avia-size-large avia-position-center'  target=\"_blank\"   ><span class='avia_button_icon avia_button_icon_left' aria-hidden='true' data-av_icon='\ue859' data-av_iconfont='entypo-fontello'><\/span><span class='avia_iconbox_title' >Zam\u00f3wi\u0107<\/span><\/a><\/div><\/p><\/div><\/div><\/div><\/div><!-- close content main div --><\/div><\/div><div id='after_section_1' class='main_color av_default_container_wrap container_wrap sidebar_right'   ><div class='container' ><div class='template-page content  av-content-small alpha units'><div class='post-entry post-entry-type-page post-entry-102'><div class='entry-content-wrapper clearfix'>","protected":false},"excerpt":{"rendered":"","protected":false},"author":2,"featured_media":696,"parent":0,"menu_order":0,"comment_status":"closed","ping_status":"closed","template":"","meta":{"footnotes":""},"class_list":["post-102","page","type-page","status-publish","has-post-thumbnail","hentry"],"yoast_head":"<!-- This site is optimized with the Yoast SEO plugin v26.0 - https:\/\/yoast.com\/wordpress\/plugins\/seo\/ -->\n<title>Nechty - SkinBooster Anti Age Formula - Kompava spol. s r. o.<\/title>\n<meta name=\"description\" content=\"Nechty o V\u00e1s prezradia viac, ako by ste si mysleli, a to na z\u00e1klade diagnostiky nechta, z ktorej mo\u017eno zisti\u0165 V\u00e1\u0161 aktu\u00e1lny zdravotn\u00fd stav.\" \/>\n<meta name=\"robots\" content=\"index, follow, max-snippet:-1, max-image-preview:large, max-video-preview:-1\" \/>\n<link rel=\"canonical\" href=\"https:\/\/www.skinbooster.sk\/pl\/nechty\/\" \/>\n<meta property=\"og:locale\" content=\"pl_PL\" \/>\n<meta property=\"og:type\" content=\"article\" \/>\n<meta property=\"og:title\" content=\"Nechty - SkinBooster Anti Age Formula - Kompava spol. s r. o.\" \/>\n<meta property=\"og:description\" content=\"Nechty o V\u00e1s prezradia viac, ako by ste si mysleli, a to na z\u00e1klade diagnostiky nechta, z ktorej mo\u017eno zisti\u0165 V\u00e1\u0161 aktu\u00e1lny zdravotn\u00fd stav.\" \/>\n<meta property=\"og:url\" content=\"https:\/\/www.skinbooster.sk\/pl\/nechty\/\" \/>\n<meta property=\"og:site_name\" content=\"SkinBooster\" \/>\n<meta property=\"article:publisher\" content=\"https:\/\/www.facebook.com\/Kompava\/\" \/>\n<meta property=\"article:modified_time\" content=\"2019-11-19T12:22:10+00:00\" \/>\n<meta property=\"og:image\" content=\"https:\/\/www.skinbooster.sk\/wp-content\/uploads\/2018\/07\/necht.jpg\" \/>\n\t<meta property=\"og:image:width\" content=\"614\" \/>\n\t<meta property=\"og:image:height\" content=\"614\" \/>\n\t<meta property=\"og:image:type\" content=\"image\/jpeg\" \/>\n<meta name=\"twitter:card\" content=\"summary_large_image\" \/>\n<meta name=\"twitter:label1\" content=\"Szacowany czas czytania\" \/>\n\t<meta name=\"twitter:data1\" content=\"4 minuty\" \/>\n<script type=\"application\/ld+json\" class=\"yoast-schema-graph\">{\"@context\":\"https:\/\/schema.org\",\"@graph\":[{\"@type\":\"WebPage\",\"@id\":\"https:\/\/www.skinbooster.sk\/nechty\/\",\"url\":\"https:\/\/www.skinbooster.sk\/nechty\/\",\"name\":\"Nechty - SkinBooster Anti Age Formula - Kompava spol. s r. o.\",\"isPartOf\":{\"@id\":\"https:\/\/www.skinbooster.sk\/#website\"},\"primaryImageOfPage\":{\"@id\":\"https:\/\/www.skinbooster.sk\/nechty\/#primaryimage\"},\"image\":{\"@id\":\"https:\/\/www.skinbooster.sk\/nechty\/#primaryimage\"},\"thumbnailUrl\":\"https:\/\/www.skinbooster.sk\/wp-content\/uploads\/2018\/07\/necht.jpg\",\"datePublished\":\"2018-06-26T13:32:48+00:00\",\"dateModified\":\"2019-11-19T12:22:10+00:00\",\"description\":\"Nechty o V\u00e1s prezradia viac, ako by ste si mysleli, a to na z\u00e1klade diagnostiky nechta, z ktorej mo\u017eno zisti\u0165 V\u00e1\u0161 aktu\u00e1lny zdravotn\u00fd stav.\",\"breadcrumb\":{\"@id\":\"https:\/\/www.skinbooster.sk\/nechty\/#breadcrumb\"},\"inLanguage\":\"pl-PL\",\"potentialAction\":[{\"@type\":\"ReadAction\",\"target\":[\"https:\/\/www.skinbooster.sk\/nechty\/\"]}]},{\"@type\":\"ImageObject\",\"inLanguage\":\"pl-PL\",\"@id\":\"https:\/\/www.skinbooster.sk\/nechty\/#primaryimage\",\"url\":\"https:\/\/www.skinbooster.sk\/wp-content\/uploads\/2018\/07\/necht.jpg\",\"contentUrl\":\"https:\/\/www.skinbooster.sk\/wp-content\/uploads\/2018\/07\/necht.jpg\",\"width\":614,\"height\":614,\"caption\":\"Nechty\"},{\"@type\":\"BreadcrumbList\",\"@id\":\"https:\/\/www.skinbooster.sk\/nechty\/#breadcrumb\",\"itemListElement\":[{\"@type\":\"ListItem\",\"position\":1,\"name\":\"Home\",\"item\":\"https:\/\/www.skinbooster.sk\/sk\/\"},{\"@type\":\"ListItem\",\"position\":2,\"name\":\"Nechty\"}]},{\"@type\":\"WebSite\",\"@id\":\"https:\/\/www.skinbooster.sk\/#website\",\"url\":\"https:\/\/www.skinbooster.sk\/\",\"name\":\"SkinBooster\",\"description\":\"Anti Age Formula\",\"potentialAction\":[{\"@type\":\"SearchAction\",\"target\":{\"@type\":\"EntryPoint\",\"urlTemplate\":\"https:\/\/www.skinbooster.sk\/?s={search_term_string}\"},\"query-input\":{\"@type\":\"PropertyValueSpecification\",\"valueRequired\":true,\"valueName\":\"search_term_string\"}}],\"inLanguage\":\"pl-PL\"}]}<\/script>\n<!-- \/ Yoast SEO plugin. -->","yoast_head_json":{"title":"Nechty - SkinBooster Anti Age Formula - Kompava spol. s r. o.","description":"Nechty o V\u00e1s prezradia viac, ako by ste si mysleli, a to na z\u00e1klade diagnostiky nechta, z ktorej mo\u017eno zisti\u0165 V\u00e1\u0161 aktu\u00e1lny zdravotn\u00fd stav.","robots":{"index":"index","follow":"follow","max-snippet":"max-snippet:-1","max-image-preview":"max-image-preview:large","max-video-preview":"max-video-preview:-1"},"canonical":"https:\/\/www.skinbooster.sk\/pl\/nechty\/","og_locale":"pl_PL","og_type":"article","og_title":"Nechty - SkinBooster Anti Age Formula - Kompava spol. s r. o.","og_description":"Nechty o V\u00e1s prezradia viac, ako by ste si mysleli, a to na z\u00e1klade diagnostiky nechta, z ktorej mo\u017eno zisti\u0165 V\u00e1\u0161 aktu\u00e1lny zdravotn\u00fd stav.","og_url":"https:\/\/www.skinbooster.sk\/pl\/nechty\/","og_site_name":"SkinBooster","article_publisher":"https:\/\/www.facebook.com\/Kompava\/","article_modified_time":"2019-11-19T12:22:10+00:00","og_image":[{"width":614,"height":614,"url":"https:\/\/www.skinbooster.sk\/wp-content\/uploads\/2018\/07\/necht.jpg","type":"image\/jpeg"}],"twitter_card":"summary_large_image","twitter_misc":{"Szacowany czas czytania":"4 minuty"},"schema":{"@context":"https:\/\/schema.org","@graph":[{"@type":"WebPage","@id":"https:\/\/www.skinbooster.sk\/nechty\/","url":"https:\/\/www.skinbooster.sk\/nechty\/","name":"Nechty - SkinBooster Anti Age Formula - Kompava spol. s r. o.","isPartOf":{"@id":"https:\/\/www.skinbooster.sk\/#website"},"primaryImageOfPage":{"@id":"https:\/\/www.skinbooster.sk\/nechty\/#primaryimage"},"image":{"@id":"https:\/\/www.skinbooster.sk\/nechty\/#primaryimage"},"thumbnailUrl":"https:\/\/www.skinbooster.sk\/wp-content\/uploads\/2018\/07\/necht.jpg","datePublished":"2018-06-26T13:32:48+00:00","dateModified":"2019-11-19T12:22:10+00:00","description":"Nechty o V\u00e1s prezradia viac, ako by ste si mysleli, a to na z\u00e1klade diagnostiky nechta, z ktorej mo\u017eno zisti\u0165 V\u00e1\u0161 aktu\u00e1lny zdravotn\u00fd stav.","breadcrumb":{"@id":"https:\/\/www.skinbooster.sk\/nechty\/#breadcrumb"},"inLanguage":"pl-PL","potentialAction":[{"@type":"ReadAction","target":["https:\/\/www.skinbooster.sk\/nechty\/"]}]},{"@type":"ImageObject","inLanguage":"pl-PL","@id":"https:\/\/www.skinbooster.sk\/nechty\/#primaryimage","url":"https:\/\/www.skinbooster.sk\/wp-content\/uploads\/2018\/07\/necht.jpg","contentUrl":"https:\/\/www.skinbooster.sk\/wp-content\/uploads\/2018\/07\/necht.jpg","width":614,"height":614,"caption":"Nechty"},{"@type":"BreadcrumbList","@id":"https:\/\/www.skinbooster.sk\/nechty\/#breadcrumb","itemListElement":[{"@type":"ListItem","position":1,"name":"Home","item":"https:\/\/www.skinbooster.sk\/sk\/"},{"@type":"ListItem","position":2,"name":"Nechty"}]},{"@type":"WebSite","@id":"https:\/\/www.skinbooster.sk\/#website","url":"https:\/\/www.skinbooster.sk\/","name":"SkinBooster","description":"Anti Age Formula","potentialAction":[{"@type":"SearchAction","target":{"@type":"EntryPoint","urlTemplate":"https:\/\/www.skinbooster.sk\/?s={search_term_string}"},"query-input":{"@type":"PropertyValueSpecification","valueRequired":true,"valueName":"search_term_string"}}],"inLanguage":"pl-PL"}]}},"_links":{"self":[{"href":"https:\/\/www.skinbooster.sk\/pl\/wp-json\/wp\/v2\/pages\/102","targetHints":{"allow":["GET"]}}],"collection":[{"href":"https:\/\/www.skinbooster.sk\/pl\/wp-json\/wp\/v2\/pages"}],"about":[{"href":"https:\/\/www.skinbooster.sk\/pl\/wp-json\/wp\/v2\/types\/page"}],"author":[{"embeddable":true,"href":"https:\/\/www.skinbooster.sk\/pl\/wp-json\/wp\/v2\/users\/2"}],"replies":[{"embeddable":true,"href":"https:\/\/www.skinbooster.sk\/pl\/wp-json\/wp\/v2\/comments?post=102"}],"version-history":[{"count":23,"href":"https:\/\/www.skinbooster.sk\/pl\/wp-json\/wp\/v2\/pages\/102\/revisions"}],"predecessor-version":[{"id":1739,"href":"https:\/\/www.skinbooster.sk\/pl\/wp-json\/wp\/v2\/pages\/102\/revisions\/1739"}],"wp:featuredmedia":[{"embeddable":true,"href":"https:\/\/www.skinbooster.sk\/pl\/wp-json\/wp\/v2\/media\/696"}],"wp:attachment":[{"href":"https:\/\/www.skinbooster.sk\/pl\/wp-json\/wp\/v2\/media?parent=102"}],"curies":[{"name":"wp","href":"https:\/\/api.w.org\/{rel}","templated":true}]}}